{"id":20472,"date":"2016-01-28T20:01:39","date_gmt":"2016-01-29T00:01:39","guid":{"rendered":"http:\/\/www.www.jetcraft.com\/de\/company\/"},"modified":"2025-07-03T15:48:00","modified_gmt":"2025-07-03T19:48:00","slug":"das-unternehmen","status":"publish","type":"page","link":"https:\/\/www.jetcraft.com\/de\/das-unternehmen\/","title":{"rendered":"Das Unternehmen"},"content":{"rendered":"<p>Auf einem komplexen Markt brauchen Sie einen Partner, dem Sie vertrauen k\u00f6nnen. Menschen, auf die Sie sich verlassen k\u00f6nnen.<\/p>\n<p>Wir sind mehr als nur Broker \u2013 wir sind weltweit agierende Berater mit un\u00fcbertroffener internationaler Reichweite und lokalen Kenntnissen. Unsere vielf\u00e4ltigen Erfahrungen mit einer Vielzahl von Marken und Modellen spiegeln wider, dass unsere Loyalit\u00e4t nicht einer bestimmten Jetmarke gilt, sondern klar und deutlich unseren Kunden.<\/p>\n<p>Dank unserer einzigartigen Mischung aus Transaktionsdaten und firmeneigenen Tools, die unsere erfahrenen Analysten in branchenf\u00fchrende Marktinformationen umwandeln, ist unser gesamtes Unternehmen darauf ausgerichtet, genau den richtigen K\u00e4ufer f\u00fcr Ihr Flugzeug zu finden. Und genau den richtigen Jet, wenn es an der Zeit f\u00fcr ein Upgrade ist. Niemand kann dies so gut und schnell wie wir.<\/p>\n<p>Ihre Transaktionsanforderungen m\u00f6gen noch so spezifisch sein: Wir haben die L\u00f6sungen implementiert und sind finanziell stark genug aufgestellt, um Ihr Flugzeug in Zahlung zu nehmen. Seit fast 60 Jahren treibt uns die gleiche unaufhaltsame Einstellung voran, und unsere Standards pr\u00e4gen die Branche noch heute.<\/p>\n","protected":false},"excerpt":{"rendered":"<p>Auf einem komplexen Markt brauchen Sie einen Partner, dem Sie vertrauen k\u00f6nnen. Menschen, auf die Sie sich verlassen k\u00f6nnen. Wir sind mehr als nur Broker \u2013 wir sind weltweit agierende Berater mit un\u00fcbertroffener internationaler Reichweite und lokalen Kenntnissen. Unsere vielf\u00e4ltigen Erfahrungen mit einer Vielzahl von Marken und Modellen spiegeln wider, dass unsere Loyalit\u00e4t nicht einer&#8230;<\/p>\n","protected":false},"author":1,"featured_media":0,"parent":0,"menu_order":0,"comment_status":"closed","ping_status":"closed","template":"template-company-new.php","meta":{"_acf_changed":false,"inline_featured_image":false,"footnotes":""},"class_list":["post-20472","page","type-page","status-publish","hentry"],"acf":[],"yoast_head":"<!-- This site is optimized with the Yoast SEO plugin v27.1.1 - https:\/\/yoast.com\/product\/yoast-seo-wordpress\/ -->\n<title>Flugzeug-Dienstleistungen | F\u00fchrungsteam | Unternehmensgeschichte | Jetcraft<\/title>\n<meta name=\"description\" content=\"Erfahren Sie mehr \u00fcber die \u00fcber 50-j\u00e4hrige Geschichte von Jetcraft, \u00fcber unsere einzigartige Methode, Flugzeuge zu kaufen oder zu verkaufen, und lernen Sie unser F\u00fchrungsteam kennen.\" \/>\n<meta name=\"robots\" content=\"index, follow, max-snippet:-1, max-image-preview:large, max-video-preview:-1\" \/>\n<link rel=\"canonical\" href=\"https:\/\/www.jetcraft.com\/de\/das-unternehmen\/\" \/>\n<meta property=\"og:locale\" content=\"de_DE\" \/>\n<meta property=\"og:type\" content=\"article\" \/>\n<meta property=\"og:title\" content=\"Flugzeug-Dienstleistungen | F\u00fchrungsteam | Unternehmensgeschichte | Jetcraft\" \/>\n<meta property=\"og:description\" content=\"Erfahren Sie mehr \u00fcber die \u00fcber 50-j\u00e4hrige Geschichte von Jetcraft, \u00fcber unsere einzigartige Methode, Flugzeuge zu kaufen oder zu verkaufen, und lernen Sie unser F\u00fchrungsteam kennen.\" \/>\n<meta property=\"og:url\" content=\"https:\/\/www.jetcraft.com\/de\/das-unternehmen\/\" \/>\n<meta property=\"og:site_name\" content=\"Jetcraft\" \/>\n<meta property=\"article:modified_time\" content=\"2025-07-03T19:48:00+00:00\" \/>\n<meta name=\"twitter:card\" content=\"summary_large_image\" \/>\n<meta name=\"twitter:label1\" content=\"Est. reading time\" \/>\n\t<meta name=\"twitter:data1\" content=\"1 Minute\" \/>\n<script type=\"application\/ld+json\" class=\"yoast-schema-graph\">{\"@context\":\"https:\/\/schema.org\",\"@graph\":[{\"@type\":\"WebPage\",\"@id\":\"https:\/\/www.jetcraft.com\/de\/das-unternehmen\/\",\"url\":\"https:\/\/www.jetcraft.com\/de\/das-unternehmen\/\",\"name\":\"Flugzeug-Dienstleistungen | F\u00fchrungsteam | Unternehmensgeschichte | Jetcraft\",\"isPartOf\":{\"@id\":\"https:\/\/www.jetcraft.com\/de\/#website\"},\"datePublished\":\"2016-01-29T00:01:39+00:00\",\"dateModified\":\"2025-07-03T19:48:00+00:00\",\"description\":\"Erfahren Sie mehr \u00fcber die \u00fcber 50-j\u00e4hrige Geschichte von Jetcraft, \u00fcber unsere einzigartige Methode, Flugzeuge zu kaufen oder zu verkaufen, und lernen Sie unser F\u00fchrungsteam kennen.\",\"inLanguage\":\"de-DE\",\"potentialAction\":[{\"@type\":\"ReadAction\",\"target\":[\"https:\/\/www.jetcraft.com\/de\/das-unternehmen\/\"]}]},{\"@type\":\"WebSite\",\"@id\":\"https:\/\/www.jetcraft.com\/de\/#website\",\"url\":\"https:\/\/www.jetcraft.com\/de\/\",\"name\":\"Jetcraft\",\"description\":\"The Original Cloud-Based Network\",\"publisher\":{\"@id\":\"https:\/\/www.jetcraft.com\/de\/#organization\"},\"potentialAction\":[{\"@type\":\"SearchAction\",\"target\":{\"@type\":\"EntryPoint\",\"urlTemplate\":\"https:\/\/www.jetcraft.com\/de\/?s={search_term_string}\"},\"query-input\":{\"@type\":\"PropertyValueSpecification\",\"valueRequired\":true,\"valueName\":\"search_term_string\"}}],\"inLanguage\":\"de-DE\"},{\"@type\":\"Organization\",\"@id\":\"https:\/\/www.jetcraft.com\/de\/#organization\",\"name\":\"Jetcraft\",\"url\":\"https:\/\/www.jetcraft.com\/de\/\",\"logo\":{\"@type\":\"ImageObject\",\"inLanguage\":\"de-DE\",\"@id\":\"https:\/\/www.jetcraft.com\/de\/#\/schema\/logo\/image\/\",\"url\":\"https:\/\/www.jetcraft.com\/wp-content\/uploads\/2026\/02\/jetcraft-2022-logo.png\",\"contentUrl\":\"https:\/\/www.jetcraft.com\/wp-content\/uploads\/2026\/02\/jetcraft-2022-logo.png\",\"width\":514,\"height\":86,\"caption\":\"Jetcraft\"},\"image\":{\"@id\":\"https:\/\/www.jetcraft.com\/de\/#\/schema\/logo\/image\/\"}}]}<\/script>\n<!-- \/ Yoast SEO plugin. -->","yoast_head_json":{"title":"Flugzeug-Dienstleistungen | F\u00fchrungsteam | Unternehmensgeschichte | Jetcraft","description":"Erfahren Sie mehr \u00fcber die \u00fcber 50-j\u00e4hrige Geschichte von Jetcraft, \u00fcber unsere einzigartige Methode, Flugzeuge zu kaufen oder zu verkaufen, und lernen Sie unser F\u00fchrungsteam kennen.","robots":{"index":"index","follow":"follow","max-snippet":"max-snippet:-1","max-image-preview":"max-image-preview:large","max-video-preview":"max-video-preview:-1"},"canonical":"https:\/\/www.jetcraft.com\/de\/das-unternehmen\/","og_locale":"de_DE","og_type":"article","og_title":"Flugzeug-Dienstleistungen | F\u00fchrungsteam | Unternehmensgeschichte | Jetcraft","og_description":"Erfahren Sie mehr \u00fcber die \u00fcber 50-j\u00e4hrige Geschichte von Jetcraft, \u00fcber unsere einzigartige Methode, Flugzeuge zu kaufen oder zu verkaufen, und lernen Sie unser F\u00fchrungsteam kennen.","og_url":"https:\/\/www.jetcraft.com\/de\/das-unternehmen\/","og_site_name":"Jetcraft","article_modified_time":"2025-07-03T19:48:00+00:00","twitter_card":"summary_large_image","twitter_misc":{"Est. reading time":"1 Minute"},"schema":{"@context":"https:\/\/schema.org","@graph":[{"@type":"WebPage","@id":"https:\/\/www.jetcraft.com\/de\/das-unternehmen\/","url":"https:\/\/www.jetcraft.com\/de\/das-unternehmen\/","name":"Flugzeug-Dienstleistungen | F\u00fchrungsteam | Unternehmensgeschichte | Jetcraft","isPartOf":{"@id":"https:\/\/www.jetcraft.com\/de\/#website"},"datePublished":"2016-01-29T00:01:39+00:00","dateModified":"2025-07-03T19:48:00+00:00","description":"Erfahren Sie mehr \u00fcber die \u00fcber 50-j\u00e4hrige Geschichte von Jetcraft, \u00fcber unsere einzigartige Methode, Flugzeuge zu kaufen oder zu verkaufen, und lernen Sie unser F\u00fchrungsteam kennen.","inLanguage":"de-DE","potentialAction":[{"@type":"ReadAction","target":["https:\/\/www.jetcraft.com\/de\/das-unternehmen\/"]}]},{"@type":"WebSite","@id":"https:\/\/www.jetcraft.com\/de\/#website","url":"https:\/\/www.jetcraft.com\/de\/","name":"Jetcraft","description":"The Original Cloud-Based Network","publisher":{"@id":"https:\/\/www.jetcraft.com\/de\/#organization"},"potentialAction":[{"@type":"SearchAction","target":{"@type":"EntryPoint","urlTemplate":"https:\/\/www.jetcraft.com\/de\/?s={search_term_string}"},"query-input":{"@type":"PropertyValueSpecification","valueRequired":true,"valueName":"search_term_string"}}],"inLanguage":"de-DE"},{"@type":"Organization","@id":"https:\/\/www.jetcraft.com\/de\/#organization","name":"Jetcraft","url":"https:\/\/www.jetcraft.com\/de\/","logo":{"@type":"ImageObject","inLanguage":"de-DE","@id":"https:\/\/www.jetcraft.com\/de\/#\/schema\/logo\/image\/","url":"https:\/\/www.jetcraft.com\/wp-content\/uploads\/2026\/02\/jetcraft-2022-logo.png","contentUrl":"https:\/\/www.jetcraft.com\/wp-content\/uploads\/2026\/02\/jetcraft-2022-logo.png","width":514,"height":86,"caption":"Jetcraft"},"image":{"@id":"https:\/\/www.jetcraft.com\/de\/#\/schema\/logo\/image\/"}}]}},"_links":{"self":[{"href":"https:\/\/www.jetcraft.com\/de\/wp-json\/wp\/v2\/pages\/20472","targetHints":{"allow":["GET"]}}],"collection":[{"href":"https:\/\/www.jetcraft.com\/de\/wp-json\/wp\/v2\/pages"}],"about":[{"href":"https:\/\/www.jetcraft.com\/de\/wp-json\/wp\/v2\/types\/page"}],"author":[{"embeddable":true,"href":"https:\/\/www.jetcraft.com\/de\/wp-json\/wp\/v2\/users\/1"}],"replies":[{"embeddable":true,"href":"https:\/\/www.jetcraft.com\/de\/wp-json\/wp\/v2\/comments?post=20472"}],"version-history":[{"count":0,"href":"https:\/\/www.jetcraft.com\/de\/wp-json\/wp\/v2\/pages\/20472\/revisions"}],"wp:attachment":[{"href":"https:\/\/www.jetcraft.com\/de\/wp-json\/wp\/v2\/media?parent=20472"}],"curies":[{"name":"wp","href":"https:\/\/api.w.org\/{rel}","templated":true}]}}