{"id":20478,"date":"2016-02-18T20:32:42","date_gmt":"2016-02-19T00:32:42","guid":{"rendered":"http:\/\/www.www.jetcraft.com\/de\/buying-an-aircraft\/"},"modified":"2024-01-30T14:31:07","modified_gmt":"2024-01-30T18:31:07","slug":"ein-flugzeug-kaufen","status":"publish","type":"page","link":"https:\/\/www.jetcraft.com\/de\/das-unternehmen\/ein-flugzeug-kaufen\/","title":{"rendered":"Ein Flugzeug kaufen"},"content":{"rendered":"","protected":false},"excerpt":{"rendered":"","protected":false},"author":1,"featured_media":0,"parent":20472,"menu_order":0,"comment_status":"closed","ping_status":"closed","template":"template-ownership-buying.php","meta":{"_acf_changed":false,"inline_featured_image":false,"footnotes":""},"class_list":["post-20478","page","type-page","status-publish","hentry"],"acf":[],"yoast_head":"<!-- This site is optimized with the Yoast SEO plugin v27.1.1 - https:\/\/yoast.com\/product\/yoast-seo-wordpress\/ -->\n<title>Ein Flugzeug kaufen | Was am besten zu Ihren Bed\u00fcrfnissen passt | Jetcraft<\/title>\n<meta name=\"description\" content=\"Die Experten von Jetcraft sind darauf spezialisiert, Ihnen dabei zu helfen, dass Sie das f\u00fcr Sie perfekte Flugzeug finden und kaufen. Erfahren Sie mehr dar\u00fcber, was Sie von uns und dem Eigent\u00fcmerprozess erwarten d\u00fcrfen.\" \/>\n<meta name=\"robots\" content=\"index, follow, max-snippet:-1, max-image-preview:large, max-video-preview:-1\" \/>\n<link rel=\"canonical\" href=\"https:\/\/www.jetcraft.com\/de\/das-unternehmen\/ein-flugzeug-kaufen\/\" \/>\n<meta property=\"og:locale\" content=\"de_DE\" \/>\n<meta property=\"og:type\" content=\"article\" \/>\n<meta property=\"og:title\" content=\"Ein Flugzeug kaufen | Was am besten zu Ihren Bed\u00fcrfnissen passt | Jetcraft\" \/>\n<meta property=\"og:description\" content=\"Die Experten von Jetcraft sind darauf spezialisiert, Ihnen dabei zu helfen, dass Sie das f\u00fcr Sie perfekte Flugzeug finden und kaufen. Erfahren Sie mehr dar\u00fcber, was Sie von uns und dem Eigent\u00fcmerprozess erwarten d\u00fcrfen.\" \/>\n<meta property=\"og:url\" content=\"https:\/\/www.jetcraft.com\/de\/das-unternehmen\/ein-flugzeug-kaufen\/\" \/>\n<meta property=\"og:site_name\" content=\"Jetcraft\" \/>\n<meta property=\"article:modified_time\" content=\"2024-01-30T18:31:07+00:00\" \/>\n<meta name=\"twitter:card\" content=\"summary_large_image\" \/>\n<script type=\"application\/ld+json\" class=\"yoast-schema-graph\">{\"@context\":\"https:\/\/schema.org\",\"@graph\":[{\"@type\":\"WebPage\",\"@id\":\"https:\/\/www.jetcraft.com\/de\/das-unternehmen\/ein-flugzeug-kaufen\/\",\"url\":\"https:\/\/www.jetcraft.com\/de\/das-unternehmen\/ein-flugzeug-kaufen\/\",\"name\":\"Ein Flugzeug kaufen | Was am besten zu Ihren Bed\u00fcrfnissen passt | Jetcraft\",\"isPartOf\":{\"@id\":\"https:\/\/www.jetcraft.com\/de\/#website\"},\"datePublished\":\"2016-02-19T00:32:42+00:00\",\"dateModified\":\"2024-01-30T18:31:07+00:00\",\"description\":\"Die Experten von Jetcraft sind darauf spezialisiert, Ihnen dabei zu helfen, dass Sie das f\u00fcr Sie perfekte Flugzeug finden und kaufen. Erfahren Sie mehr dar\u00fcber, was Sie von uns und dem Eigent\u00fcmerprozess erwarten d\u00fcrfen.\",\"breadcrumb\":{\"@id\":\"https:\/\/www.jetcraft.com\/de\/das-unternehmen\/ein-flugzeug-kaufen\/#breadcrumb\"},\"inLanguage\":\"de-DE\",\"potentialAction\":[{\"@type\":\"ReadAction\",\"target\":[\"https:\/\/www.jetcraft.com\/de\/das-unternehmen\/ein-flugzeug-kaufen\/\"]}]},{\"@type\":\"BreadcrumbList\",\"@id\":\"https:\/\/www.jetcraft.com\/de\/das-unternehmen\/ein-flugzeug-kaufen\/#breadcrumb\",\"itemListElement\":[{\"@type\":\"ListItem\",\"position\":1,\"name\":\"Das Unternehmen\",\"item\":\"https:\/\/www.jetcraft.com\/de\/das-unternehmen\/\"},{\"@type\":\"ListItem\",\"position\":2,\"name\":\"Ein Flugzeug kaufen\"}]},{\"@type\":\"WebSite\",\"@id\":\"https:\/\/www.jetcraft.com\/de\/#website\",\"url\":\"https:\/\/www.jetcraft.com\/de\/\",\"name\":\"Jetcraft\",\"description\":\"The Original Cloud-Based Network\",\"publisher\":{\"@id\":\"https:\/\/www.jetcraft.com\/de\/#organization\"},\"potentialAction\":[{\"@type\":\"SearchAction\",\"target\":{\"@type\":\"EntryPoint\",\"urlTemplate\":\"https:\/\/www.jetcraft.com\/de\/?s={search_term_string}\"},\"query-input\":{\"@type\":\"PropertyValueSpecification\",\"valueRequired\":true,\"valueName\":\"search_term_string\"}}],\"inLanguage\":\"de-DE\"},{\"@type\":\"Organization\",\"@id\":\"https:\/\/www.jetcraft.com\/de\/#organization\",\"name\":\"Jetcraft\",\"url\":\"https:\/\/www.jetcraft.com\/de\/\",\"logo\":{\"@type\":\"ImageObject\",\"inLanguage\":\"de-DE\",\"@id\":\"https:\/\/www.jetcraft.com\/de\/#\/schema\/logo\/image\/\",\"url\":\"https:\/\/www.jetcraft.com\/wp-content\/uploads\/2026\/02\/jetcraft-2022-logo.png\",\"contentUrl\":\"https:\/\/www.jetcraft.com\/wp-content\/uploads\/2026\/02\/jetcraft-2022-logo.png\",\"width\":514,\"height\":86,\"caption\":\"Jetcraft\"},\"image\":{\"@id\":\"https:\/\/www.jetcraft.com\/de\/#\/schema\/logo\/image\/\"}}]}<\/script>\n<!-- \/ Yoast SEO plugin. -->","yoast_head_json":{"title":"Ein Flugzeug kaufen | Was am besten zu Ihren Bed\u00fcrfnissen passt | Jetcraft","description":"Die Experten von Jetcraft sind darauf spezialisiert, Ihnen dabei zu helfen, dass Sie das f\u00fcr Sie perfekte Flugzeug finden und kaufen. Erfahren Sie mehr dar\u00fcber, was Sie von uns und dem Eigent\u00fcmerprozess erwarten d\u00fcrfen.","robots":{"index":"index","follow":"follow","max-snippet":"max-snippet:-1","max-image-preview":"max-image-preview:large","max-video-preview":"max-video-preview:-1"},"canonical":"https:\/\/www.jetcraft.com\/de\/das-unternehmen\/ein-flugzeug-kaufen\/","og_locale":"de_DE","og_type":"article","og_title":"Ein Flugzeug kaufen | Was am besten zu Ihren Bed\u00fcrfnissen passt | Jetcraft","og_description":"Die Experten von Jetcraft sind darauf spezialisiert, Ihnen dabei zu helfen, dass Sie das f\u00fcr Sie perfekte Flugzeug finden und kaufen. Erfahren Sie mehr dar\u00fcber, was Sie von uns und dem Eigent\u00fcmerprozess erwarten d\u00fcrfen.","og_url":"https:\/\/www.jetcraft.com\/de\/das-unternehmen\/ein-flugzeug-kaufen\/","og_site_name":"Jetcraft","article_modified_time":"2024-01-30T18:31:07+00:00","twitter_card":"summary_large_image","schema":{"@context":"https:\/\/schema.org","@graph":[{"@type":"WebPage","@id":"https:\/\/www.jetcraft.com\/de\/das-unternehmen\/ein-flugzeug-kaufen\/","url":"https:\/\/www.jetcraft.com\/de\/das-unternehmen\/ein-flugzeug-kaufen\/","name":"Ein Flugzeug kaufen | Was am besten zu Ihren Bed\u00fcrfnissen passt | Jetcraft","isPartOf":{"@id":"https:\/\/www.jetcraft.com\/de\/#website"},"datePublished":"2016-02-19T00:32:42+00:00","dateModified":"2024-01-30T18:31:07+00:00","description":"Die Experten von Jetcraft sind darauf spezialisiert, Ihnen dabei zu helfen, dass Sie das f\u00fcr Sie perfekte Flugzeug finden und kaufen. Erfahren Sie mehr dar\u00fcber, was Sie von uns und dem Eigent\u00fcmerprozess erwarten d\u00fcrfen.","breadcrumb":{"@id":"https:\/\/www.jetcraft.com\/de\/das-unternehmen\/ein-flugzeug-kaufen\/#breadcrumb"},"inLanguage":"de-DE","potentialAction":[{"@type":"ReadAction","target":["https:\/\/www.jetcraft.com\/de\/das-unternehmen\/ein-flugzeug-kaufen\/"]}]},{"@type":"BreadcrumbList","@id":"https:\/\/www.jetcraft.com\/de\/das-unternehmen\/ein-flugzeug-kaufen\/#breadcrumb","itemListElement":[{"@type":"ListItem","position":1,"name":"Das Unternehmen","item":"https:\/\/www.jetcraft.com\/de\/das-unternehmen\/"},{"@type":"ListItem","position":2,"name":"Ein Flugzeug kaufen"}]},{"@type":"WebSite","@id":"https:\/\/www.jetcraft.com\/de\/#website","url":"https:\/\/www.jetcraft.com\/de\/","name":"Jetcraft","description":"The Original Cloud-Based Network","publisher":{"@id":"https:\/\/www.jetcraft.com\/de\/#organization"},"potentialAction":[{"@type":"SearchAction","target":{"@type":"EntryPoint","urlTemplate":"https:\/\/www.jetcraft.com\/de\/?s={search_term_string}"},"query-input":{"@type":"PropertyValueSpecification","valueRequired":true,"valueName":"search_term_string"}}],"inLanguage":"de-DE"},{"@type":"Organization","@id":"https:\/\/www.jetcraft.com\/de\/#organization","name":"Jetcraft","url":"https:\/\/www.jetcraft.com\/de\/","logo":{"@type":"ImageObject","inLanguage":"de-DE","@id":"https:\/\/www.jetcraft.com\/de\/#\/schema\/logo\/image\/","url":"https:\/\/www.jetcraft.com\/wp-content\/uploads\/2026\/02\/jetcraft-2022-logo.png","contentUrl":"https:\/\/www.jetcraft.com\/wp-content\/uploads\/2026\/02\/jetcraft-2022-logo.png","width":514,"height":86,"caption":"Jetcraft"},"image":{"@id":"https:\/\/www.jetcraft.com\/de\/#\/schema\/logo\/image\/"}}]}},"_links":{"self":[{"href":"https:\/\/www.jetcraft.com\/de\/wp-json\/wp\/v2\/pages\/20478","targetHints":{"allow":["GET"]}}],"collection":[{"href":"https:\/\/www.jetcraft.com\/de\/wp-json\/wp\/v2\/pages"}],"about":[{"href":"https:\/\/www.jetcraft.com\/de\/wp-json\/wp\/v2\/types\/page"}],"author":[{"embeddable":true,"href":"https:\/\/www.jetcraft.com\/de\/wp-json\/wp\/v2\/users\/1"}],"replies":[{"embeddable":true,"href":"https:\/\/www.jetcraft.com\/de\/wp-json\/wp\/v2\/comments?post=20478"}],"version-history":[{"count":0,"href":"https:\/\/www.jetcraft.com\/de\/wp-json\/wp\/v2\/pages\/20478\/revisions"}],"up":[{"embeddable":true,"href":"https:\/\/www.jetcraft.com\/de\/wp-json\/wp\/v2\/pages\/20472"}],"wp:attachment":[{"href":"https:\/\/www.jetcraft.com\/de\/wp-json\/wp\/v2\/media?parent=20478"}],"curies":[{"name":"wp","href":"https:\/\/api.w.org\/{rel}","templated":true}]}}