{"id":20488,"date":"2016-02-18T20:33:46","date_gmt":"2016-02-19T00:33:46","guid":{"rendered":"http:\/\/www.www.jetcraft.com\/de\/das-unternehmen\/careers\/"},"modified":"2017-12-14T09:50:09","modified_gmt":"2017-12-14T13:50:09","slug":"karriere","status":"publish","type":"page","link":"https:\/\/www.jetcraft.com\/de\/das-unternehmen\/karriere\/","title":{"rendered":"Karriere"},"content":{"rendered":"<p><span data-sheets-value=\"{&quot;1&quot;:2,&quot;2&quot;:&quot;Suchen Sie eine T\\u00e4tigkeit im Kreise der Besten und Intelligentesten der Branche? Suchen Sie nicht weiter \\u2013 Jetcraft ist Ihr Anflugziel.&quot;}\" data-sheets-userformat=\"{&quot;2&quot;:7099,&quot;3&quot;:[null,0],&quot;4&quot;:[null,2,16777215],&quot;6&quot;:{&quot;1&quot;:[{&quot;1&quot;:2,&quot;2&quot;:0,&quot;5&quot;:[null,2,11184810]},{&quot;1&quot;:0,&quot;2&quot;:0,&quot;3&quot;:3},{&quot;1&quot;:1,&quot;2&quot;:0,&quot;4&quot;:1}]},&quot;7&quot;:{&quot;1&quot;:[{&quot;1&quot;:2,&quot;2&quot;:0,&quot;5&quot;:[null,2,0]},{&quot;1&quot;:0,&quot;2&quot;:0,&quot;3&quot;:3},{&quot;1&quot;:1,&quot;2&quot;:0,&quot;4&quot;:1}]},&quot;8&quot;:{&quot;1&quot;:[{&quot;1&quot;:2,&quot;2&quot;:0,&quot;5&quot;:[null,2,0]},{&quot;1&quot;:0,&quot;2&quot;:0,&quot;3&quot;:3},{&quot;1&quot;:1,&quot;2&quot;:0,&quot;4&quot;:1}]},&quot;10&quot;:2,&quot;11&quot;:4,&quot;12&quot;:0,&quot;14&quot;:[null,2,0],&quot;15&quot;:&quot;Arial&quot;}\">Suchen Sie eine T\u00e4tigkeit im Kreise der Besten und Intelligentesten der Branche? Suchen Sie nicht weiter \u2013 Jetcraft ist Ihr Anflugziel.<\/span><\/p>\n<p><span data-sheets-value=\"{&quot;1&quot;:2,&quot;2&quot;:&quot;Wenn Sie Teil des Jetcraft-Teams werden, arbeiten Sie mit talentierten, gleichgesinnten Probleml\\u00f6sern zusammen. Sie werden Verbindungen in alle Welt aufbauen und langfristige Beziehungen schmieden, die Ihren Horizont erweitern. Und Sie arbeiten gemeinsam mit Kollegen, um f\\u00fcr Kunden Erfahrungen der Extraklasse erschaffen.&quot;}\" data-sheets-userformat=\"{&quot;2&quot;:7091,&quot;3&quot;:[null,0],&quot;4&quot;:[null,2,16777215],&quot;7&quot;:{&quot;1&quot;:[{&quot;1&quot;:2,&quot;2&quot;:0,&quot;5&quot;:[null,2,0]},{&quot;1&quot;:0,&quot;2&quot;:0,&quot;3&quot;:3},{&quot;1&quot;:1,&quot;2&quot;:0,&quot;4&quot;:1}]},&quot;8&quot;:{&quot;1&quot;:[{&quot;1&quot;:2,&quot;2&quot;:0,&quot;5&quot;:[null,2,0]},{&quot;1&quot;:0,&quot;2&quot;:0,&quot;3&quot;:3},{&quot;1&quot;:1,&quot;2&quot;:0,&quot;4&quot;:1}]},&quot;10&quot;:2,&quot;11&quot;:4,&quot;12&quot;:0,&quot;14&quot;:[null,2,0],&quot;15&quot;:&quot;Arial&quot;}\">Wenn Sie Teil des Jetcraft-Teams werden, arbeiten Sie mit talentierten, gleichgesinnten Probleml\u00f6sern zusammen. Sie werden Verbindungen in alle Welt aufbauen und langfristige Beziehungen schmieden, die Ihren Horizont erweitern. Und Sie arbeiten gemeinsam mit Kollegen, um f\u00fcr Kunden Erfahrungen der Extraklasse erschaffen.<\/span><\/p>\n","protected":false},"excerpt":{"rendered":"<p>Suchen Sie eine T\u00e4tigkeit im Kreise der Besten und Intelligentesten der Branche? Suchen Sie nicht weiter \u2013 Jetcraft ist Ihr Anflugziel. Wenn Sie Teil des Jetcraft-Teams werden, arbeiten Sie mit talentierten, gleichgesinnten Probleml\u00f6sern zusammen. Sie werden Verbindungen in alle Welt aufbauen und langfristige Beziehungen schmieden, die Ihren Horizont erweitern. Und Sie arbeiten gemeinsam mit Kollegen,&#8230;<\/p>\n","protected":false},"author":1,"featured_media":0,"parent":20472,"menu_order":0,"comment_status":"closed","ping_status":"closed","template":"template-careers.php","meta":{"_acf_changed":false,"inline_featured_image":false,"footnotes":""},"class_list":["post-20488","page","type-page","status-publish","hentry"],"acf":[],"yoast_head":"<!-- This site is optimized with the Yoast SEO plugin v27.1.1 - https:\/\/yoast.com\/product\/yoast-seo-wordpress\/ -->\n<title>Karrierechancen | Kommen Sie ins Jetcraft-Team<\/title>\n<meta name=\"description\" content=\"Jetcraft ist ein Team aus talentierten Probleml\u00f6sern, die sich darauf konzentrieren, ein au\u00dferordentliches Kundenerlebnis zu kreieren. Kommen Sie zu den besten und kl\u00fcgsten K\u00f6pfen der Luftfahrtbranche.\" \/>\n<meta name=\"robots\" content=\"index, follow, max-snippet:-1, max-image-preview:large, max-video-preview:-1\" \/>\n<link rel=\"canonical\" href=\"https:\/\/www.jetcraft.com\/de\/das-unternehmen\/karriere\/\" \/>\n<meta property=\"og:locale\" content=\"de_DE\" \/>\n<meta property=\"og:type\" content=\"article\" \/>\n<meta property=\"og:title\" content=\"Karrierechancen | Kommen Sie ins Jetcraft-Team\" \/>\n<meta property=\"og:description\" content=\"Jetcraft ist ein Team aus talentierten Probleml\u00f6sern, die sich darauf konzentrieren, ein au\u00dferordentliches Kundenerlebnis zu kreieren. Kommen Sie zu den besten und kl\u00fcgsten K\u00f6pfen der Luftfahrtbranche.\" \/>\n<meta property=\"og:url\" content=\"https:\/\/www.jetcraft.com\/de\/das-unternehmen\/karriere\/\" \/>\n<meta property=\"og:site_name\" content=\"Jetcraft\" \/>\n<meta property=\"article:modified_time\" content=\"2017-12-14T13:50:09+00:00\" \/>\n<meta name=\"twitter:card\" content=\"summary_large_image\" \/>\n<script type=\"application\/ld+json\" class=\"yoast-schema-graph\">{\"@context\":\"https:\/\/schema.org\",\"@graph\":[{\"@type\":\"WebPage\",\"@id\":\"https:\/\/www.jetcraft.com\/de\/das-unternehmen\/karriere\/\",\"url\":\"https:\/\/www.jetcraft.com\/de\/das-unternehmen\/karriere\/\",\"name\":\"Karrierechancen | Kommen Sie ins Jetcraft-Team\",\"isPartOf\":{\"@id\":\"https:\/\/www.jetcraft.com\/de\/#website\"},\"datePublished\":\"2016-02-19T00:33:46+00:00\",\"dateModified\":\"2017-12-14T13:50:09+00:00\",\"description\":\"Jetcraft ist ein Team aus talentierten Probleml\u00f6sern, die sich darauf konzentrieren, ein au\u00dferordentliches Kundenerlebnis zu kreieren. Kommen Sie zu den besten und kl\u00fcgsten K\u00f6pfen der Luftfahrtbranche.\",\"breadcrumb\":{\"@id\":\"https:\/\/www.jetcraft.com\/de\/das-unternehmen\/karriere\/#breadcrumb\"},\"inLanguage\":\"de-DE\",\"potentialAction\":[{\"@type\":\"ReadAction\",\"target\":[\"https:\/\/www.jetcraft.com\/de\/das-unternehmen\/karriere\/\"]}]},{\"@type\":\"BreadcrumbList\",\"@id\":\"https:\/\/www.jetcraft.com\/de\/das-unternehmen\/karriere\/#breadcrumb\",\"itemListElement\":[{\"@type\":\"ListItem\",\"position\":1,\"name\":\"Das Unternehmen\",\"item\":\"https:\/\/www.jetcraft.com\/de\/das-unternehmen\/\"},{\"@type\":\"ListItem\",\"position\":2,\"name\":\"Karriere\"}]},{\"@type\":\"WebSite\",\"@id\":\"https:\/\/www.jetcraft.com\/de\/#website\",\"url\":\"https:\/\/www.jetcraft.com\/de\/\",\"name\":\"Jetcraft\",\"description\":\"The Original Cloud-Based Network\",\"publisher\":{\"@id\":\"https:\/\/www.jetcraft.com\/de\/#organization\"},\"potentialAction\":[{\"@type\":\"SearchAction\",\"target\":{\"@type\":\"EntryPoint\",\"urlTemplate\":\"https:\/\/www.jetcraft.com\/de\/?s={search_term_string}\"},\"query-input\":{\"@type\":\"PropertyValueSpecification\",\"valueRequired\":true,\"valueName\":\"search_term_string\"}}],\"inLanguage\":\"de-DE\"},{\"@type\":\"Organization\",\"@id\":\"https:\/\/www.jetcraft.com\/de\/#organization\",\"name\":\"Jetcraft\",\"url\":\"https:\/\/www.jetcraft.com\/de\/\",\"logo\":{\"@type\":\"ImageObject\",\"inLanguage\":\"de-DE\",\"@id\":\"https:\/\/www.jetcraft.com\/de\/#\/schema\/logo\/image\/\",\"url\":\"https:\/\/www.jetcraft.com\/wp-content\/uploads\/2026\/02\/jetcraft-2022-logo.png\",\"contentUrl\":\"https:\/\/www.jetcraft.com\/wp-content\/uploads\/2026\/02\/jetcraft-2022-logo.png\",\"width\":514,\"height\":86,\"caption\":\"Jetcraft\"},\"image\":{\"@id\":\"https:\/\/www.jetcraft.com\/de\/#\/schema\/logo\/image\/\"}}]}<\/script>\n<!-- \/ Yoast SEO plugin. -->","yoast_head_json":{"title":"Karrierechancen | Kommen Sie ins Jetcraft-Team","description":"Jetcraft ist ein Team aus talentierten Probleml\u00f6sern, die sich darauf konzentrieren, ein au\u00dferordentliches Kundenerlebnis zu kreieren. Kommen Sie zu den besten und kl\u00fcgsten K\u00f6pfen der Luftfahrtbranche.","robots":{"index":"index","follow":"follow","max-snippet":"max-snippet:-1","max-image-preview":"max-image-preview:large","max-video-preview":"max-video-preview:-1"},"canonical":"https:\/\/www.jetcraft.com\/de\/das-unternehmen\/karriere\/","og_locale":"de_DE","og_type":"article","og_title":"Karrierechancen | Kommen Sie ins Jetcraft-Team","og_description":"Jetcraft ist ein Team aus talentierten Probleml\u00f6sern, die sich darauf konzentrieren, ein au\u00dferordentliches Kundenerlebnis zu kreieren. Kommen Sie zu den besten und kl\u00fcgsten K\u00f6pfen der Luftfahrtbranche.","og_url":"https:\/\/www.jetcraft.com\/de\/das-unternehmen\/karriere\/","og_site_name":"Jetcraft","article_modified_time":"2017-12-14T13:50:09+00:00","twitter_card":"summary_large_image","schema":{"@context":"https:\/\/schema.org","@graph":[{"@type":"WebPage","@id":"https:\/\/www.jetcraft.com\/de\/das-unternehmen\/karriere\/","url":"https:\/\/www.jetcraft.com\/de\/das-unternehmen\/karriere\/","name":"Karrierechancen | Kommen Sie ins Jetcraft-Team","isPartOf":{"@id":"https:\/\/www.jetcraft.com\/de\/#website"},"datePublished":"2016-02-19T00:33:46+00:00","dateModified":"2017-12-14T13:50:09+00:00","description":"Jetcraft ist ein Team aus talentierten Probleml\u00f6sern, die sich darauf konzentrieren, ein au\u00dferordentliches Kundenerlebnis zu kreieren. Kommen Sie zu den besten und kl\u00fcgsten K\u00f6pfen der Luftfahrtbranche.","breadcrumb":{"@id":"https:\/\/www.jetcraft.com\/de\/das-unternehmen\/karriere\/#breadcrumb"},"inLanguage":"de-DE","potentialAction":[{"@type":"ReadAction","target":["https:\/\/www.jetcraft.com\/de\/das-unternehmen\/karriere\/"]}]},{"@type":"BreadcrumbList","@id":"https:\/\/www.jetcraft.com\/de\/das-unternehmen\/karriere\/#breadcrumb","itemListElement":[{"@type":"ListItem","position":1,"name":"Das Unternehmen","item":"https:\/\/www.jetcraft.com\/de\/das-unternehmen\/"},{"@type":"ListItem","position":2,"name":"Karriere"}]},{"@type":"WebSite","@id":"https:\/\/www.jetcraft.com\/de\/#website","url":"https:\/\/www.jetcraft.com\/de\/","name":"Jetcraft","description":"The Original Cloud-Based Network","publisher":{"@id":"https:\/\/www.jetcraft.com\/de\/#organization"},"potentialAction":[{"@type":"SearchAction","target":{"@type":"EntryPoint","urlTemplate":"https:\/\/www.jetcraft.com\/de\/?s={search_term_string}"},"query-input":{"@type":"PropertyValueSpecification","valueRequired":true,"valueName":"search_term_string"}}],"inLanguage":"de-DE"},{"@type":"Organization","@id":"https:\/\/www.jetcraft.com\/de\/#organization","name":"Jetcraft","url":"https:\/\/www.jetcraft.com\/de\/","logo":{"@type":"ImageObject","inLanguage":"de-DE","@id":"https:\/\/www.jetcraft.com\/de\/#\/schema\/logo\/image\/","url":"https:\/\/www.jetcraft.com\/wp-content\/uploads\/2026\/02\/jetcraft-2022-logo.png","contentUrl":"https:\/\/www.jetcraft.com\/wp-content\/uploads\/2026\/02\/jetcraft-2022-logo.png","width":514,"height":86,"caption":"Jetcraft"},"image":{"@id":"https:\/\/www.jetcraft.com\/de\/#\/schema\/logo\/image\/"}}]}},"_links":{"self":[{"href":"https:\/\/www.jetcraft.com\/de\/wp-json\/wp\/v2\/pages\/20488","targetHints":{"allow":["GET"]}}],"collection":[{"href":"https:\/\/www.jetcraft.com\/de\/wp-json\/wp\/v2\/pages"}],"about":[{"href":"https:\/\/www.jetcraft.com\/de\/wp-json\/wp\/v2\/types\/page"}],"author":[{"embeddable":true,"href":"https:\/\/www.jetcraft.com\/de\/wp-json\/wp\/v2\/users\/1"}],"replies":[{"embeddable":true,"href":"https:\/\/www.jetcraft.com\/de\/wp-json\/wp\/v2\/comments?post=20488"}],"version-history":[{"count":0,"href":"https:\/\/www.jetcraft.com\/de\/wp-json\/wp\/v2\/pages\/20488\/revisions"}],"up":[{"embeddable":true,"href":"https:\/\/www.jetcraft.com\/de\/wp-json\/wp\/v2\/pages\/20472"}],"wp:attachment":[{"href":"https:\/\/www.jetcraft.com\/de\/wp-json\/wp\/v2\/media?parent=20488"}],"curies":[{"name":"wp","href":"https:\/\/api.w.org\/{rel}","templated":true}]}}