{"id":20491,"date":"2016-02-18T20:33:53","date_gmt":"2016-02-19T00:33:53","guid":{"rendered":"http:\/\/www.www.jetcraft.com\/de\/das-unternehmen\/privacy\/"},"modified":"2018-06-06T10:45:08","modified_gmt":"2018-06-06T14:45:08","slug":"datenschutz","status":"publish","type":"page","link":"https:\/\/www.jetcraft.com\/de\/das-unternehmen\/datenschutz\/","title":{"rendered":"Datenschutzerkl\u00e4rung"},"content":{"rendered":"<p><strong>Unser Bekenntnis Zum Datenschutz<\/strong><br \/>\nIhre Privatsph\u00e4re ist uns wichtig. Um sie besser zu sch\u00fctzen, erl\u00e4utern wir in der vorliegenden Erkl\u00e4rung unseren Umgang mit Online-Informationen sowie Ihre Wahlm\u00f6glichkeiten, was die Erhebung und Verwendung Ihrer Daten angeht.<\/p>\n<p><strong>Welche Daten wir erheben<\/strong><br \/>\nDiese Erkl\u00e4rung gilt f\u00fcr alle Informationen, die auf der Jetcraft-Webseite gesammelt oder angegeben werden. Auf manchen Seiten k\u00f6nnen Sie Anfragen stellen und sich registrieren, damit Sie Material bekommen. Die erfassten pers\u00f6nlichen Daten umfassen Name, Titel, Firma, Adresse, E-Mail-Adresse, Telefonnummer, Faxnummer und den angefragten Flugzeugtyp.<\/p>\n<p><strong>Wie wir diese Daten verwenden<\/strong><br \/>\nWir verwenden die Angaben, die Sie anl\u00e4sslich einer Anfrage \u00fcber sich selbst machen, nur, um Ihnen die angeforderten Informationen zuzusenden. Wir teilen diese Angaben nicht mit Dritten.<br \/>\nF\u00fcr die Beantwortung von E-Mails, die bei uns eingehen, verwenden wir Ihre E-Mail-Adresse als R\u00fccksendeadresse. Dabei werden die Adressen mit unseren vertraglichen E-Mail-Anbietern geteilt, aber nicht f\u00fcr andere Zwecke verwendet und auch nicht mit anderen Au\u00dfenstehenden geteilt.<\/p>\n<p>Sie k\u00f6nnen sich auf unserer Webseite registrieren, wenn Sie Updates zu unseren neuen Produkten und Dienstleistungen erhalten wollen. Die Angaben, die Sie auf unserer Webseite machen, werden nur dann f\u00fcr diesen Zweck verwendet, wenn Sie das Registrierungsformular ausf\u00fcllen. Sie k\u00f6nnen sich jederzeit gegen eine Teilnahme an unseren E-Mail-Mitteilungen entscheiden. Wir respektieren Ihre Bitte, zuk\u00fcnftig keine E-Mails von uns zu erhalten. Durch die geltende EU-Datenschutzgrundverordnung (DSGVO) ist Jetcraft verpflichtet, Ihre personenbezogenen Daten zu sch\u00fctzen. Sie k\u00f6nnen Ihre Daten unter <a href=\"https:\/\/www.jetcraft.com\/preferences\/\" target=\"_blank\">https:\/\/www.jetcraft.com\/preferences\/<\/a> \u00e4ndern oder vollst\u00e4ndig abmelden.<\/p>\n<p>Und schlie\u00dflich verwenden oder \u00fcbermitteln wir Angaben, die uns online zur Verf\u00fcgung gestellt wurden und die eine pers\u00f6nliche Identifizierung erlauben, niemals auf andere als die oben genannten Arten, ohne Ihnen die M\u00f6glichkeit zu geben, sich dagegen zu entscheiden oder auf andere Weise solche anderen Verwendungen zu untersagen. <\/p>\n<p><strong>Unser Bekenntnis zur Datensicherheit<\/strong><br \/>\nUm unbefugte Zugriffe zu verhindern, die Richtigkeit der Daten aufrechtzuerhalten und die korrekte Verwendung der Informationen zu gew\u00e4hrleisten, haben wir geeignete physische, elektronische und organisatorische Verfahren eingerichtet, welche die von uns erhobenen Online-Informationen sichern und sch\u00fctzen.<\/p>\n<p><strong>Cookie-Richtlinien<\/strong><br \/>\nCookies sind sehr kleine Textdateien, die beim Besuch mancher Webseiten auf Ihrem Computer gespeichert werden. Indem Sie unsere Webseite besuchen, erkl\u00e4ren Sie sich mit dem Platzieren und Auslesen von Cookies auf Ihrem Ger\u00e4t einverstanden. Mithilfe Ihrer Browsereinstellungen k\u00f6nnen Sie die Verwendung von Cookies jederzeit einschr\u00e4nken oder gar blockieren. Bereits auf Ihrem Computer gespeicherte Cookies k\u00f6nnen Sie deaktivieren, was allerdings die einwandfreie Funktion unserer Webseite einschr\u00e4nken kann. Die von uns verwendeten Cookies sind Functionality-Cookies, die Ihren Computer identifizieren, um Ihnen ein auf Sie zugeschnittenes Online-Erlebnis zu bieten. Wir setzen diese Cookies ein, um 1) die von Ihnen eingesehenen Angebote zu speichern und Ihnen entsprechende Angebote zu machen, und 2) die von ihnen als \u201efavorite\u201c markierten Angebote zu speichern. Diese Information benutzen wir als Referenz f\u00fcr Ihre weiteren Besuche Ihrer beliebtesten Seiten.<\/p>\n<p>Drittparteien (z. B. Webseiten-Analytics- oder Formularabgabe-Dienstleister) k\u00f6nnen Performance-Cookies einsetzen, um uns f\u00fcr Verbesserungszwecke \u00fcber die Nutzung der Webseite zu informieren. Es ist m\u00f6glich, dass wir diese Art von Dienstleistungen von Drittparteien in Anspruch nehmen, einschlie\u00dflich Website Analytics und Formulardetails.<\/p>\n<p><strong>Online-Sendungsverfolgung<\/strong><br \/>\nMomentan akzeptieren wir keine von Browsern gesendeten \u201eDo not track\u201c-Anfragen oder andere Blockierungsmechanismen. Vielmehr setzen wir die Software einer Drittpartei ein, um Benutzerverhalten zu verfolgen, das uns dar\u00fcber Aufschluss gibt, wie wir unsere Webseite f\u00fcr unsere Kunden relevanter und leichter nutzbar machen k\u00f6nnen. Bitte lesen Sie unsere Cookie-Richtlinien im vorherigen Abschnitt.<\/p>\n<p><strong>Links<\/strong><br \/>\nDiese Webseite kann Links zu anderen Webseiten enthalten. Bitte beachten Sie, dass Jetcraft f\u00fcr die Datenschutzrichtlinien anderer Webseiten nicht verantwortlich ist.<\/p>\n<p><strong>Unser Bekenntnis zum Schutz der Privatsph\u00e4re von Kindern<\/strong><br \/>\nDiese Webseite ist nicht daf\u00fcr gedacht oder gestaltet, Kinder unter 13 Jahren anzulocken. Wir erheben und speichern keine pers\u00f6nlich identifizierbaren Daten von Personen, von denen wir wissen, dass sie j\u00fcnger als 13 Jahre sind.<\/p>\n<p><strong>So kontaktieren Sie uns:<\/strong><br \/>\nSollten Sie weitere Fragen oder Bedenken hinsichtlich dieser Datenschutzrichtlinien haben, rufen Sie uns unter der Telefonnummer +1 919 941 8400 an.<\/p>\n","protected":false},"excerpt":{"rendered":"<p>Unser Bekenntnis Zum Datenschutz Ihre Privatsph\u00e4re ist uns wichtig. Um sie besser zu sch\u00fctzen, erl\u00e4utern wir in der vorliegenden Erkl\u00e4rung unseren Umgang mit Online-Informationen sowie Ihre Wahlm\u00f6glichkeiten, was die Erhebung und Verwendung Ihrer Daten angeht. Welche Daten wir erheben Diese Erkl\u00e4rung gilt f\u00fcr alle Informationen, die auf der Jetcraft-Webseite gesammelt oder angegeben werden. Auf manchen&#8230;<\/p>\n","protected":false},"author":1,"featured_media":0,"parent":20472,"menu_order":0,"comment_status":"closed","ping_status":"closed","template":"","meta":{"_acf_changed":false,"inline_featured_image":false,"footnotes":""},"class_list":["post-20491","page","type-page","status-publish","hentry"],"acf":[],"yoast_head":"<!-- This site is optimized with the Yoast SEO plugin v27.1.1 - https:\/\/yoast.com\/product\/yoast-seo-wordpress\/ -->\n<title>Unser Engagement f\u00fcr den Datenschutz | Datenschutzrichtlinien | Jetcraft<\/title>\n<meta name=\"description\" content=\"Jetcraft bem\u00fcht sich, Ihre Privatsph\u00e4re zu sch\u00fctzen. Wir verwenden die bei der Platzierung einer Flugzeuganfrage \u00fcbermittelten Informationen nur, um Ihnen das zuzusenden, was Sie angefordert haben.\" \/>\n<meta name=\"robots\" content=\"index, follow, max-snippet:-1, max-image-preview:large, max-video-preview:-1\" \/>\n<link rel=\"canonical\" href=\"https:\/\/www.jetcraft.com\/de\/das-unternehmen\/datenschutz\/\" \/>\n<meta property=\"og:locale\" content=\"de_DE\" \/>\n<meta property=\"og:type\" content=\"article\" \/>\n<meta property=\"og:title\" content=\"Unser Engagement f\u00fcr den Datenschutz | Datenschutzrichtlinien | Jetcraft\" \/>\n<meta property=\"og:description\" content=\"Jetcraft bem\u00fcht sich, Ihre Privatsph\u00e4re zu sch\u00fctzen. Wir verwenden die bei der Platzierung einer Flugzeuganfrage \u00fcbermittelten Informationen nur, um Ihnen das zuzusenden, was Sie angefordert haben.\" \/>\n<meta property=\"og:url\" content=\"https:\/\/www.jetcraft.com\/de\/das-unternehmen\/datenschutz\/\" \/>\n<meta property=\"og:site_name\" content=\"Jetcraft\" \/>\n<meta property=\"article:modified_time\" content=\"2018-06-06T14:45:08+00:00\" \/>\n<meta name=\"twitter:card\" content=\"summary_large_image\" \/>\n<meta name=\"twitter:label1\" content=\"Est. reading time\" \/>\n\t<meta name=\"twitter:data1\" content=\"3 Minuten\" \/>\n<script type=\"application\/ld+json\" class=\"yoast-schema-graph\">{\"@context\":\"https:\/\/schema.org\",\"@graph\":[{\"@type\":\"WebPage\",\"@id\":\"https:\/\/www.jetcraft.com\/de\/das-unternehmen\/datenschutz\/\",\"url\":\"https:\/\/www.jetcraft.com\/de\/das-unternehmen\/datenschutz\/\",\"name\":\"Unser Engagement f\u00fcr den Datenschutz | Datenschutzrichtlinien | Jetcraft\",\"isPartOf\":{\"@id\":\"https:\/\/www.jetcraft.com\/de\/#website\"},\"datePublished\":\"2016-02-19T00:33:53+00:00\",\"dateModified\":\"2018-06-06T14:45:08+00:00\",\"description\":\"Jetcraft bem\u00fcht sich, Ihre Privatsph\u00e4re zu sch\u00fctzen. Wir verwenden die bei der Platzierung einer Flugzeuganfrage \u00fcbermittelten Informationen nur, um Ihnen das zuzusenden, was Sie angefordert haben.\",\"breadcrumb\":{\"@id\":\"https:\/\/www.jetcraft.com\/de\/das-unternehmen\/datenschutz\/#breadcrumb\"},\"inLanguage\":\"de-DE\",\"potentialAction\":[{\"@type\":\"ReadAction\",\"target\":[\"https:\/\/www.jetcraft.com\/de\/das-unternehmen\/datenschutz\/\"]}]},{\"@type\":\"BreadcrumbList\",\"@id\":\"https:\/\/www.jetcraft.com\/de\/das-unternehmen\/datenschutz\/#breadcrumb\",\"itemListElement\":[{\"@type\":\"ListItem\",\"position\":1,\"name\":\"Das Unternehmen\",\"item\":\"https:\/\/www.jetcraft.com\/de\/das-unternehmen\/\"},{\"@type\":\"ListItem\",\"position\":2,\"name\":\"Datenschutzerkl\u00e4rung\"}]},{\"@type\":\"WebSite\",\"@id\":\"https:\/\/www.jetcraft.com\/de\/#website\",\"url\":\"https:\/\/www.jetcraft.com\/de\/\",\"name\":\"Jetcraft\",\"description\":\"The Original Cloud-Based Network\",\"publisher\":{\"@id\":\"https:\/\/www.jetcraft.com\/de\/#organization\"},\"potentialAction\":[{\"@type\":\"SearchAction\",\"target\":{\"@type\":\"EntryPoint\",\"urlTemplate\":\"https:\/\/www.jetcraft.com\/de\/?s={search_term_string}\"},\"query-input\":{\"@type\":\"PropertyValueSpecification\",\"valueRequired\":true,\"valueName\":\"search_term_string\"}}],\"inLanguage\":\"de-DE\"},{\"@type\":\"Organization\",\"@id\":\"https:\/\/www.jetcraft.com\/de\/#organization\",\"name\":\"Jetcraft\",\"url\":\"https:\/\/www.jetcraft.com\/de\/\",\"logo\":{\"@type\":\"ImageObject\",\"inLanguage\":\"de-DE\",\"@id\":\"https:\/\/www.jetcraft.com\/de\/#\/schema\/logo\/image\/\",\"url\":\"https:\/\/www.jetcraft.com\/wp-content\/uploads\/2026\/02\/jetcraft-2022-logo.png\",\"contentUrl\":\"https:\/\/www.jetcraft.com\/wp-content\/uploads\/2026\/02\/jetcraft-2022-logo.png\",\"width\":514,\"height\":86,\"caption\":\"Jetcraft\"},\"image\":{\"@id\":\"https:\/\/www.jetcraft.com\/de\/#\/schema\/logo\/image\/\"}}]}<\/script>\n<!-- \/ Yoast SEO plugin. -->","yoast_head_json":{"title":"Unser Engagement f\u00fcr den Datenschutz | Datenschutzrichtlinien | Jetcraft","description":"Jetcraft bem\u00fcht sich, Ihre Privatsph\u00e4re zu sch\u00fctzen. Wir verwenden die bei der Platzierung einer Flugzeuganfrage \u00fcbermittelten Informationen nur, um Ihnen das zuzusenden, was Sie angefordert haben.","robots":{"index":"index","follow":"follow","max-snippet":"max-snippet:-1","max-image-preview":"max-image-preview:large","max-video-preview":"max-video-preview:-1"},"canonical":"https:\/\/www.jetcraft.com\/de\/das-unternehmen\/datenschutz\/","og_locale":"de_DE","og_type":"article","og_title":"Unser Engagement f\u00fcr den Datenschutz | Datenschutzrichtlinien | Jetcraft","og_description":"Jetcraft bem\u00fcht sich, Ihre Privatsph\u00e4re zu sch\u00fctzen. Wir verwenden die bei der Platzierung einer Flugzeuganfrage \u00fcbermittelten Informationen nur, um Ihnen das zuzusenden, was Sie angefordert haben.","og_url":"https:\/\/www.jetcraft.com\/de\/das-unternehmen\/datenschutz\/","og_site_name":"Jetcraft","article_modified_time":"2018-06-06T14:45:08+00:00","twitter_card":"summary_large_image","twitter_misc":{"Est. reading time":"3 Minuten"},"schema":{"@context":"https:\/\/schema.org","@graph":[{"@type":"WebPage","@id":"https:\/\/www.jetcraft.com\/de\/das-unternehmen\/datenschutz\/","url":"https:\/\/www.jetcraft.com\/de\/das-unternehmen\/datenschutz\/","name":"Unser Engagement f\u00fcr den Datenschutz | Datenschutzrichtlinien | Jetcraft","isPartOf":{"@id":"https:\/\/www.jetcraft.com\/de\/#website"},"datePublished":"2016-02-19T00:33:53+00:00","dateModified":"2018-06-06T14:45:08+00:00","description":"Jetcraft bem\u00fcht sich, Ihre Privatsph\u00e4re zu sch\u00fctzen. Wir verwenden die bei der Platzierung einer Flugzeuganfrage \u00fcbermittelten Informationen nur, um Ihnen das zuzusenden, was Sie angefordert haben.","breadcrumb":{"@id":"https:\/\/www.jetcraft.com\/de\/das-unternehmen\/datenschutz\/#breadcrumb"},"inLanguage":"de-DE","potentialAction":[{"@type":"ReadAction","target":["https:\/\/www.jetcraft.com\/de\/das-unternehmen\/datenschutz\/"]}]},{"@type":"BreadcrumbList","@id":"https:\/\/www.jetcraft.com\/de\/das-unternehmen\/datenschutz\/#breadcrumb","itemListElement":[{"@type":"ListItem","position":1,"name":"Das Unternehmen","item":"https:\/\/www.jetcraft.com\/de\/das-unternehmen\/"},{"@type":"ListItem","position":2,"name":"Datenschutzerkl\u00e4rung"}]},{"@type":"WebSite","@id":"https:\/\/www.jetcraft.com\/de\/#website","url":"https:\/\/www.jetcraft.com\/de\/","name":"Jetcraft","description":"The Original Cloud-Based Network","publisher":{"@id":"https:\/\/www.jetcraft.com\/de\/#organization"},"potentialAction":[{"@type":"SearchAction","target":{"@type":"EntryPoint","urlTemplate":"https:\/\/www.jetcraft.com\/de\/?s={search_term_string}"},"query-input":{"@type":"PropertyValueSpecification","valueRequired":true,"valueName":"search_term_string"}}],"inLanguage":"de-DE"},{"@type":"Organization","@id":"https:\/\/www.jetcraft.com\/de\/#organization","name":"Jetcraft","url":"https:\/\/www.jetcraft.com\/de\/","logo":{"@type":"ImageObject","inLanguage":"de-DE","@id":"https:\/\/www.jetcraft.com\/de\/#\/schema\/logo\/image\/","url":"https:\/\/www.jetcraft.com\/wp-content\/uploads\/2026\/02\/jetcraft-2022-logo.png","contentUrl":"https:\/\/www.jetcraft.com\/wp-content\/uploads\/2026\/02\/jetcraft-2022-logo.png","width":514,"height":86,"caption":"Jetcraft"},"image":{"@id":"https:\/\/www.jetcraft.com\/de\/#\/schema\/logo\/image\/"}}]}},"_links":{"self":[{"href":"https:\/\/www.jetcraft.com\/de\/wp-json\/wp\/v2\/pages\/20491","targetHints":{"allow":["GET"]}}],"collection":[{"href":"https:\/\/www.jetcraft.com\/de\/wp-json\/wp\/v2\/pages"}],"about":[{"href":"https:\/\/www.jetcraft.com\/de\/wp-json\/wp\/v2\/types\/page"}],"author":[{"embeddable":true,"href":"https:\/\/www.jetcraft.com\/de\/wp-json\/wp\/v2\/users\/1"}],"replies":[{"embeddable":true,"href":"https:\/\/www.jetcraft.com\/de\/wp-json\/wp\/v2\/comments?post=20491"}],"version-history":[{"count":0,"href":"https:\/\/www.jetcraft.com\/de\/wp-json\/wp\/v2\/pages\/20491\/revisions"}],"up":[{"embeddable":true,"href":"https:\/\/www.jetcraft.com\/de\/wp-json\/wp\/v2\/pages\/20472"}],"wp:attachment":[{"href":"https:\/\/www.jetcraft.com\/de\/wp-json\/wp\/v2\/media?parent=20491"}],"curies":[{"name":"wp","href":"https:\/\/api.w.org\/{rel}","templated":true}]}}