{"id":20500,"date":"2016-02-18T20:34:00","date_gmt":"2016-02-19T00:34:00","guid":{"rendered":"http:\/\/www.www.jetcraft.com\/de\/das-unternehmen\/legal\/"},"modified":"2025-05-22T15:36:12","modified_gmt":"2025-05-22T19:36:12","slug":"unsere-agbs","status":"publish","type":"page","link":"https:\/\/www.jetcraft.com\/de\/das-unternehmen\/unsere-agbs\/","title":{"rendered":"Allgemeine Gesch\u00e4ftsbedingungen"},"content":{"rendered":"<p>Diese Webseite wird von der Jetcraft Corporation (im Folgenden \u201eJetcraft\u201c) bereitgestellt und unterliegt den nun folgenden Allgemeinen Nutzungsbedingungen (im Folgenden \u201eNutzungsbedingungen\u201c oder \u201eVereinbarung\u201c genannt). Sie sollten diese Nutzungsbedingungen unbedingt lesen, denn sie stellen eine bindende Vereinbarung dar, welche die Nutzung der Webseite durch Sie regelt. Auch wenn Sie \u201eLesezeichen\u201c f\u00fcr bestimmte Teile der Webseite setzen und dadurch die Vereinbarung \u00fcberspringen, sind Sie bei Ihrer Nutzung der Webseite trotzdem an die Allgemeinen Nutzungsbedingungen gebunden. Jetcraft beh\u00e4lt sich das Recht vor, die Allgemeinen Nutzungsbedingungen jederzeit ohne vorherige Ank\u00fcndigung zu aktualisieren oder zu \u00e4ndern. Indem Sie die Jetcraft-Webseite nach einer solchen \u00c4nderung nutzen, stimmen Sie den ge\u00e4nderten Nutzungsbedingungen uneingeschr\u00e4nkt zu. Wenn Sie nicht an diese Vereinbarung gebunden sein wollen, nachdem Sie sie gelesen haben, verlassen Sie bitte die Webseite. Wenn Sie auf der Webseite bleiben oder sp\u00e4ter zur\u00fcckkehren, stimmen Sie dadurch den Nutzungsbedingungen zu.<\/p>\n<p><strong>Urheberrechte und Warenzeichen<\/strong><br \/>\nAlle Inhalte auf dieser Webseite, beispielsweise Text, Grafiken, Logos, Icons, Bilder und Audioclips, sind Eigentum von Jetcraft oder seiner Inhalts-Lieferanten und sind durch das US-amerikanische und das internationale Urheberrecht gesch\u00fctzt. Die Zusammenstellung aller Inhalte auf dieser Webseite ist das ausschlie\u00dfliche Eigentum von Jetcraft und durch das US-amerikanische sowie das internationale Urheberrecht gesch\u00fctzt. Alle Warenzeichen, die auf dieser Webseite verwendet werden oder auf die dort Bezug genommen wird, sind Eigentum ihrer jeweiligen Inhaber. Alle nicht ausdr\u00fccklich gew\u00e4hrten Rechte sind vorbehalten. Jetcraft\u00ae ist eine registrierte Marke der Jetcraft Corporation.<\/p>\n<p><strong>Lizenz<\/strong><br \/>\nSie erhalten hiermit eine nicht exklusive Lizenz, das Material auf dieser Webseite (im Folgenden \u201eContent\u201c) ausschlie\u00dflich zu gesetzlich zul\u00e4ssigen Zwecken zu nutzen, solange Sie mit der Webseite verbunden sind. Au\u00dferdem erhalten Sie eine Lizenz, jeglichen auf der Webseite ver\u00f6ffentlichten Content auszudrucken, jedoch nur f\u00fcr Ihren pers\u00f6nlichen Gebrauch. Die elektronische Wiedergabe, Bearbeitung, Verteilung, Auff\u00fchrung oder Vorf\u00fchrung ist abgesehen von dem Umfang, der f\u00fcr den begrenzten Zweck der Durchsicht des Materials erforderlich ist, untersagt. Die \u00c4nderung oder L\u00f6schung von Copyright-Vermerken ist verboten. Die Verwendung unserer Warenzeichen als Metatags auf anderen Webseiten ist streng verboten. Ohne unsere ausdr\u00fcckliche schriftliche Genehmigung d\u00fcrfen Sie weder die Webseite in Frames noch Content der Webseite \u00fcber Hotlinks einbetten. Sie k\u00f6nnen diese Genehmigung beantragen, indem Sie uns unter +1 919-941-8400 anrufen. Sie erkl\u00e4ren, dass Sie diese Webseite nicht nutzen, um Content hochzuladen, zu posten, per E-Mail zu versenden, zu \u00fcbertragen oder auf andere Weise zur Verf\u00fcgung zu stellen, der Patentrechten, Markenrechten, Gesch\u00e4ftsgeheimnissen, Urheberrechten oder sonstigen Eigentumsrechten von Jetcraft oder sonstigen juristischen oder nat\u00fcrlichen Personen unterliegt.<\/p>\n<p><strong>Links<\/strong><br \/>\nEs besteht zwar die M\u00f6glichkeit, Links oder andere Verbindungen von dieser Webseite auf andere Webseiten herzustellen, jedoch erfolgen solche Verkn\u00fcpfungen auf eigene Gefahr. Indem Jetcraft ein Link von dieser Webseite zu anderen Webseiten bereitstellt, unterst\u00fctzt es keinesfalls den Content oder die Ereignisse, die aus der anderen Webseiten hervorgehen, und \u00fcbernimmt daf\u00fcr keinerlei Haftung.<\/p>\n<p><strong>Haftungsbeschr\u00e4nkung<\/strong><br \/>\nSie erkennen ausdr\u00fccklich an, dass Jetcraft in keiner Weise f\u00fcr unmittelbare, mittelbare, zuf\u00e4llige, besondere, folgenschwere, exemplarische oder strafrechtliche Verluste oder Sch\u00e4den haftbar gemacht werden kann, unter anderem, aber nicht nur, f\u00fcr Sch\u00e4den durch entgangene Einnahmen oder Gewinne aufgrund der Nutzung beziehungsweise im Zusammenhang mit der Nutzung von Content, der auf dieser Webseite enthalten ist oder auf den von dieser Webseite aus per Link zugegriffen wurde, der kopiert, angezeigt oder genutzt wurde \u2013 auch dann nicht, wenn Jetcraft auf die M\u00f6glichkeit solcher Verluste oder Sch\u00e4den aufmerksam gemacht wurde, und ungeachtet der Frage, ob der geltend gemachte Anspruch auf Vertragsbruch, Garantieverletzung, Fahrl\u00e4ssigkeit oder sonstigen Vergehen, Kausalhaftung oder anderen Haftungsgr\u00fcnden beruht.<\/p>\n<p>Das Recht mancher Staaten verbietet den Ausschluss bestimmter Garantien oder die Einschr\u00e4nkung oder den Ausschluss der Haftung f\u00fcr zuf\u00e4llige oder folgenschwere Sch\u00e4den. Daher kann es sein, dass einige der IM VORSTEHENDEN ABSATZ ENTHALTENEN Einschr\u00e4nkungen f\u00fcr Sie nicht gelten.<\/p>\n<p><strong>Haftungsausschluss\/Gew\u00e4hr<\/strong><br \/>\nSie erkennen ausdr\u00fccklich an, dass die Nutzung dieser Webseite auf Ihre eigene Gefahr erfolgt. Alle Materialien und Dienstleistungen auf dieser Webseite werden \u201ewie besehen\u201c bereitgestellt, ohne jegliche Gew\u00e4hr. Der auf dieser Webseite ver\u00f6ffentlichte Content kann Ungenauigkeiten und Druckfehler enthalten. Jetcraft \u00fcbernimmt keine Gew\u00e4hrleistung und lehnt im vollen gesetzlich zugelassenen Ausma\u00df jegliche ausdr\u00fcckliche oder stillschweigende Garantie ab, unter anderem, aber nicht nur, Garantien der Gebrauchstauglichkeit und Eignung f\u00fcr einen bestimmten Zweck, bez\u00fcglich der Angemessenheit der Information, der Richtigkeit, Zuverl\u00e4ssigkeit, Vollst\u00e4ndigkeit oder Aktualit\u00e4t des Contents, von Text, Grafiken, Links oder sonstigen auf der Webseite enthaltenen Dingen oder der Ergebnisse, die aus dem Zugriff und der Nutzung dieser Webseite und\/oder des darin enthaltenen Contents resultieren. Jetcraft \u00fcbernimmt keine Gew\u00e4hr daf\u00fcr, dass die Webseite oder darin enthaltene Funktionen ununterbrochen oder fehlerlos laufen, dass M\u00e4ngel behoben werden oder dass die Webseite virenfrei oder frei von anderen sch\u00e4dlichen Bestandteilen ist.<\/p>\n<p><strong>Schadenersatzanspr\u00fcche<\/strong><br \/>\nIndem Sie diese Webseite nutzen, erkennen Sie an, dass Sie im h\u00f6chsten gesetzlich zul\u00e4ssigen Umfang Jetcraft und seine Tochtergesellschaften, Konzerngesellschaften, F\u00fchrungskr\u00e4fte, Bevollm\u00e4chtigten und Angestellten bez\u00fcglich aller Aufwendungen (einschlie\u00dflich Anwaltskosten) und Sch\u00e4den entsch\u00e4digen und schadlos halten werden, die sich aus Ihrer Nutzung oder Ihrem Missbrauch dieser Webseite ergeben. Darunter fallen uneingeschr\u00e4nkt jegliche auf Tatsachenbehauptungen beruhende Schadenersatzanspr\u00fcche, die \u2013 sollten sich die Behauptungen bewahrheiten \u2013 einen Versto\u00df Ihrerseits gegen die vorliegenden Allgemeinen Nutzungsbedingungen darstellen w\u00fcrden.<\/p>\n<p><strong>\u00c4nderung und Beendigung<\/strong><br \/>\nSie erkennen an, dass wir die Bedingungen der vorliegenden Vereinbarung ausschlie\u00dflich nach eigenem Ermessen ohne vorherige Ank\u00fcndigung \u00e4ndern oder die Webseite einstellen k\u00f6nnen und dass Ihr Zugangsrecht zu der Webseite stets an Ihre Einhaltung der zum betreffenden Zeitpunkt geltenden Fassung der Allgemeinen Nutzungsbedingungen gebunden ist.<\/p>\n<p><strong>Datenschutzerkl\u00e4rung<\/strong><br \/>\nWenn Sie Informationen \u00fcber die Datenschutzrichtlinien von Jetcraft m\u00f6chten, lesen Sie bitte unsere Datenschutzerkl\u00e4rung unter <a href=\"https:\/\/www.jetcraft.com\/de\/das-unternehmen\/datenschutz\/\">www.jetcraft.com\/de\/das-unternehmen\/datenschutz\/<\/a>.<\/p>\n<p><strong>Gerichtsstand<\/strong><br \/>\nF\u00fcr die vorliegende Vereinbarung und Ihre Nutzung der Webseite gilt das Recht des US-Bundesstaats North Carolina. Indem Sie die Webseite nutzen, erkennen Sie an, dass f\u00fcr Streitigkeiten, die sich aus dieser Vereinbarung oder Ihrer Nutzung der Webseite ergeben, ausschlie\u00dflich das Landesgericht (State Court) oder das Bundesgericht (Federal Court) in Raleigh im Bundesstaat North Carolina zust\u00e4ndig ist; und Sie verzichten damit darauf, den Gerichtsstand aufgrund von \u201eforum non conveniens\u201c oder aus anderen Gr\u00fcnden anzufechten. Jetcraft \u00fcbernimmt keine Gew\u00e4hr daf\u00fcr, dass die Webseite (einschlie\u00dflich Content oder Dienstleistungen, die darauf oder dadurch bereitgestellt werden) f\u00fcr Orte au\u00dferhalb der Vereinigten Staaten geeignet oder an solchen Orten verf\u00fcgbar ist. Die Nutzung dieser Webseite in Territorien, in denen sie ungesetzlich ist, ist verboten. Die Nutzung au\u00dferhalb der Vereinigten Staaten von Amerika erfolgt auf eigene Gefahr und f\u00fcr die Einhaltung aller \u00f6rtlichen Gesetze sind Sie selbst verantwortlich.<\/p>\n<p><strong>Allgemeines<\/strong><br \/>\nSoweit hier nicht anders angegeben, stellt die vorliegende Vereinbarung die vollst\u00e4ndige Vereinbarung zwischen Ihnen und Jetcraft bez\u00fcglich der Webseite dar und tritt an die Stelle aller fr\u00fcheren oder gleichzeitigen Mitteilungen oder Vereinbarungen zwischen Ihnen und Jetcraft. Wenn Jetcraft gegen einen Versto\u00df Ihrerseits oder Dritter gegen die Vereinbarung keine Schritte unternimmt, stellt dies keinen Verzicht dar und schr\u00e4nkt Jetcrafts Rechte bez\u00fcglich eines solchen Versto\u00dfes oder etwaiger sp\u00e4terer Verst\u00f6\u00dfe nicht ein. Sollte eine Bestimmung der vorliegenden Allgemeinen Nutzungsbedingungen ung\u00fcltig oder nicht vollstreckbar sein, soll der betreffende Passus im Einklang mit dem geltenden Recht so ausgelegt werden, dass er der urspr\u00fcnglichen Absicht der Parteien m\u00f6glichst nahe kommt. Die Wirksamkeit aller anderen Bestimmungen der vorliegenden Allgemeinen Nutzungsbedingungen bleibt davon vollkommen unber\u00fchrt.<\/p>\n<p><strong>Flugzeug-Spezifikationen<\/strong><br \/>\nSpezifikationen und\/oder Beschreibungen werden lediglich als einleitende Informationen angeboten und bilden keine Grundlage f\u00fcr Zusicherungen oder Gew\u00e4hrleistungen. Die \u00dcberpr\u00fcfung solcher Angaben obliegt der alleinigen Verantwortung des K\u00e4ufers. Flugzeuge k\u00f6nnen ohne vorherige Ank\u00fcndigung zwischenverkauft, vermietet und\/oder vom Markt genommen werden.<\/p>\n<h1>Steuerdokumente<\/h1>\n<p><a href=\"https:\/\/www.jetcraft.com\/wp-content\/uploads\/2025\/05\/TAX-STRATEGY-Jetcraft-Global-UK-FY25-003.pdf\" target=\"_blank\" rel=\"noopener noreferrer\">Klicken Sie hier,<\/a> um die Steuerstrategie von Jetcraft Global (UK) Limited, der Muttergesellschaft der Jetcraft Group, anzuzeigen.<\/p>\n<p>Copyright \u00a9 2026 Jetcraft Corporation. Alle Rechte vorbehalten.<\/p>\n","protected":false},"excerpt":{"rendered":"<p>Diese Webseite wird von der Jetcraft Corporation (im Folgenden \u201eJetcraft\u201c) bereitgestellt und unterliegt den nun folgenden Allgemeinen Nutzungsbedingungen (im Folgenden \u201eNutzungsbedingungen\u201c oder \u201eVereinbarung\u201c genannt). Sie sollten diese Nutzungsbedingungen unbedingt lesen, denn sie stellen eine bindende Vereinbarung dar, welche die Nutzung der Webseite durch Sie regelt. Auch wenn Sie \u201eLesezeichen\u201c f\u00fcr bestimmte Teile der Webseite setzen&#8230;<\/p>\n","protected":false},"author":1,"featured_media":0,"parent":20472,"menu_order":0,"comment_status":"closed","ping_status":"closed","template":"","meta":{"_acf_changed":false,"inline_featured_image":false,"footnotes":""},"class_list":["post-20500","page","type-page","status-publish","hentry"],"acf":[],"yoast_head":"<!-- This site is optimized with the Yoast SEO plugin v27.1.1 - https:\/\/yoast.com\/product\/yoast-seo-wordpress\/ -->\n<title>Allgemeine Gesch\u00e4ftsbedingungen | Jetcraft<\/title>\n<meta name=\"description\" content=\"F\u00fcr weitere Informationen \u00fcber Urheberrechte, Schutzmarken und Lizenzen von Jetcraft sowie \u00fcber Haftung und Haftungsausschluss lesen Sie bitte unsere Allgemeinen Gesch\u00e4ftsbedingungen.\" \/>\n<meta name=\"robots\" content=\"index, follow, max-snippet:-1, max-image-preview:large, max-video-preview:-1\" \/>\n<link rel=\"canonical\" href=\"https:\/\/www.jetcraft.com\/de\/das-unternehmen\/unsere-agbs\/\" \/>\n<meta property=\"og:locale\" content=\"de_DE\" \/>\n<meta property=\"og:type\" content=\"article\" \/>\n<meta property=\"og:title\" content=\"Allgemeine Gesch\u00e4ftsbedingungen | Jetcraft\" \/>\n<meta property=\"og:description\" content=\"F\u00fcr weitere Informationen \u00fcber Urheberrechte, Schutzmarken und Lizenzen von Jetcraft sowie \u00fcber Haftung und Haftungsausschluss lesen Sie bitte unsere Allgemeinen Gesch\u00e4ftsbedingungen.\" \/>\n<meta property=\"og:url\" content=\"https:\/\/www.jetcraft.com\/de\/das-unternehmen\/unsere-agbs\/\" \/>\n<meta property=\"og:site_name\" content=\"Jetcraft\" \/>\n<meta property=\"article:modified_time\" content=\"2025-05-22T19:36:12+00:00\" \/>\n<meta name=\"twitter:card\" content=\"summary_large_image\" \/>\n<meta name=\"twitter:label1\" content=\"Est. reading time\" \/>\n\t<meta name=\"twitter:data1\" content=\"6 Minuten\" \/>\n<script type=\"application\/ld+json\" class=\"yoast-schema-graph\">{\"@context\":\"https:\/\/schema.org\",\"@graph\":[{\"@type\":\"WebPage\",\"@id\":\"https:\/\/www.jetcraft.com\/de\/das-unternehmen\/unsere-agbs\/\",\"url\":\"https:\/\/www.jetcraft.com\/de\/das-unternehmen\/unsere-agbs\/\",\"name\":\"Allgemeine Gesch\u00e4ftsbedingungen | Jetcraft\",\"isPartOf\":{\"@id\":\"https:\/\/www.jetcraft.com\/de\/#website\"},\"datePublished\":\"2016-02-19T00:34:00+00:00\",\"dateModified\":\"2025-05-22T19:36:12+00:00\",\"description\":\"F\u00fcr weitere Informationen \u00fcber Urheberrechte, Schutzmarken und Lizenzen von Jetcraft sowie \u00fcber Haftung und Haftungsausschluss lesen Sie bitte unsere Allgemeinen Gesch\u00e4ftsbedingungen.\",\"breadcrumb\":{\"@id\":\"https:\/\/www.jetcraft.com\/de\/das-unternehmen\/unsere-agbs\/#breadcrumb\"},\"inLanguage\":\"de-DE\",\"potentialAction\":[{\"@type\":\"ReadAction\",\"target\":[\"https:\/\/www.jetcraft.com\/de\/das-unternehmen\/unsere-agbs\/\"]}]},{\"@type\":\"BreadcrumbList\",\"@id\":\"https:\/\/www.jetcraft.com\/de\/das-unternehmen\/unsere-agbs\/#breadcrumb\",\"itemListElement\":[{\"@type\":\"ListItem\",\"position\":1,\"name\":\"Das Unternehmen\",\"item\":\"https:\/\/www.jetcraft.com\/de\/das-unternehmen\/\"},{\"@type\":\"ListItem\",\"position\":2,\"name\":\"Allgemeine Gesch\u00e4ftsbedingungen\"}]},{\"@type\":\"WebSite\",\"@id\":\"https:\/\/www.jetcraft.com\/de\/#website\",\"url\":\"https:\/\/www.jetcraft.com\/de\/\",\"name\":\"Jetcraft\",\"description\":\"The Original Cloud-Based Network\",\"publisher\":{\"@id\":\"https:\/\/www.jetcraft.com\/de\/#organization\"},\"potentialAction\":[{\"@type\":\"SearchAction\",\"target\":{\"@type\":\"EntryPoint\",\"urlTemplate\":\"https:\/\/www.jetcraft.com\/de\/?s={search_term_string}\"},\"query-input\":{\"@type\":\"PropertyValueSpecification\",\"valueRequired\":true,\"valueName\":\"search_term_string\"}}],\"inLanguage\":\"de-DE\"},{\"@type\":\"Organization\",\"@id\":\"https:\/\/www.jetcraft.com\/de\/#organization\",\"name\":\"Jetcraft\",\"url\":\"https:\/\/www.jetcraft.com\/de\/\",\"logo\":{\"@type\":\"ImageObject\",\"inLanguage\":\"de-DE\",\"@id\":\"https:\/\/www.jetcraft.com\/de\/#\/schema\/logo\/image\/\",\"url\":\"https:\/\/www.jetcraft.com\/wp-content\/uploads\/2026\/02\/jetcraft-2022-logo.png\",\"contentUrl\":\"https:\/\/www.jetcraft.com\/wp-content\/uploads\/2026\/02\/jetcraft-2022-logo.png\",\"width\":514,\"height\":86,\"caption\":\"Jetcraft\"},\"image\":{\"@id\":\"https:\/\/www.jetcraft.com\/de\/#\/schema\/logo\/image\/\"}}]}<\/script>\n<!-- \/ Yoast SEO plugin. -->","yoast_head_json":{"title":"Allgemeine Gesch\u00e4ftsbedingungen | Jetcraft","description":"F\u00fcr weitere Informationen \u00fcber Urheberrechte, Schutzmarken und Lizenzen von Jetcraft sowie \u00fcber Haftung und Haftungsausschluss lesen Sie bitte unsere Allgemeinen Gesch\u00e4ftsbedingungen.","robots":{"index":"index","follow":"follow","max-snippet":"max-snippet:-1","max-image-preview":"max-image-preview:large","max-video-preview":"max-video-preview:-1"},"canonical":"https:\/\/www.jetcraft.com\/de\/das-unternehmen\/unsere-agbs\/","og_locale":"de_DE","og_type":"article","og_title":"Allgemeine Gesch\u00e4ftsbedingungen | Jetcraft","og_description":"F\u00fcr weitere Informationen \u00fcber Urheberrechte, Schutzmarken und Lizenzen von Jetcraft sowie \u00fcber Haftung und Haftungsausschluss lesen Sie bitte unsere Allgemeinen Gesch\u00e4ftsbedingungen.","og_url":"https:\/\/www.jetcraft.com\/de\/das-unternehmen\/unsere-agbs\/","og_site_name":"Jetcraft","article_modified_time":"2025-05-22T19:36:12+00:00","twitter_card":"summary_large_image","twitter_misc":{"Est. reading time":"6 Minuten"},"schema":{"@context":"https:\/\/schema.org","@graph":[{"@type":"WebPage","@id":"https:\/\/www.jetcraft.com\/de\/das-unternehmen\/unsere-agbs\/","url":"https:\/\/www.jetcraft.com\/de\/das-unternehmen\/unsere-agbs\/","name":"Allgemeine Gesch\u00e4ftsbedingungen | Jetcraft","isPartOf":{"@id":"https:\/\/www.jetcraft.com\/de\/#website"},"datePublished":"2016-02-19T00:34:00+00:00","dateModified":"2025-05-22T19:36:12+00:00","description":"F\u00fcr weitere Informationen \u00fcber Urheberrechte, Schutzmarken und Lizenzen von Jetcraft sowie \u00fcber Haftung und Haftungsausschluss lesen Sie bitte unsere Allgemeinen Gesch\u00e4ftsbedingungen.","breadcrumb":{"@id":"https:\/\/www.jetcraft.com\/de\/das-unternehmen\/unsere-agbs\/#breadcrumb"},"inLanguage":"de-DE","potentialAction":[{"@type":"ReadAction","target":["https:\/\/www.jetcraft.com\/de\/das-unternehmen\/unsere-agbs\/"]}]},{"@type":"BreadcrumbList","@id":"https:\/\/www.jetcraft.com\/de\/das-unternehmen\/unsere-agbs\/#breadcrumb","itemListElement":[{"@type":"ListItem","position":1,"name":"Das Unternehmen","item":"https:\/\/www.jetcraft.com\/de\/das-unternehmen\/"},{"@type":"ListItem","position":2,"name":"Allgemeine Gesch\u00e4ftsbedingungen"}]},{"@type":"WebSite","@id":"https:\/\/www.jetcraft.com\/de\/#website","url":"https:\/\/www.jetcraft.com\/de\/","name":"Jetcraft","description":"The Original Cloud-Based Network","publisher":{"@id":"https:\/\/www.jetcraft.com\/de\/#organization"},"potentialAction":[{"@type":"SearchAction","target":{"@type":"EntryPoint","urlTemplate":"https:\/\/www.jetcraft.com\/de\/?s={search_term_string}"},"query-input":{"@type":"PropertyValueSpecification","valueRequired":true,"valueName":"search_term_string"}}],"inLanguage":"de-DE"},{"@type":"Organization","@id":"https:\/\/www.jetcraft.com\/de\/#organization","name":"Jetcraft","url":"https:\/\/www.jetcraft.com\/de\/","logo":{"@type":"ImageObject","inLanguage":"de-DE","@id":"https:\/\/www.jetcraft.com\/de\/#\/schema\/logo\/image\/","url":"https:\/\/www.jetcraft.com\/wp-content\/uploads\/2026\/02\/jetcraft-2022-logo.png","contentUrl":"https:\/\/www.jetcraft.com\/wp-content\/uploads\/2026\/02\/jetcraft-2022-logo.png","width":514,"height":86,"caption":"Jetcraft"},"image":{"@id":"https:\/\/www.jetcraft.com\/de\/#\/schema\/logo\/image\/"}}]}},"_links":{"self":[{"href":"https:\/\/www.jetcraft.com\/de\/wp-json\/wp\/v2\/pages\/20500","targetHints":{"allow":["GET"]}}],"collection":[{"href":"https:\/\/www.jetcraft.com\/de\/wp-json\/wp\/v2\/pages"}],"about":[{"href":"https:\/\/www.jetcraft.com\/de\/wp-json\/wp\/v2\/types\/page"}],"author":[{"embeddable":true,"href":"https:\/\/www.jetcraft.com\/de\/wp-json\/wp\/v2\/users\/1"}],"replies":[{"embeddable":true,"href":"https:\/\/www.jetcraft.com\/de\/wp-json\/wp\/v2\/comments?post=20500"}],"version-history":[{"count":0,"href":"https:\/\/www.jetcraft.com\/de\/wp-json\/wp\/v2\/pages\/20500\/revisions"}],"up":[{"embeddable":true,"href":"https:\/\/www.jetcraft.com\/de\/wp-json\/wp\/v2\/pages\/20472"}],"wp:attachment":[{"href":"https:\/\/www.jetcraft.com\/de\/wp-json\/wp\/v2\/media?parent=20500"}],"curies":[{"name":"wp","href":"https:\/\/api.w.org\/{rel}","templated":true}]}}