{"id":60226,"date":"2021-10-20T13:14:43","date_gmt":"2021-10-20T17:14:43","guid":{"rendered":"https:\/\/www.www.jetcraft.com\/?page_id=60226"},"modified":"2026-01-22T16:17:08","modified_gmt":"2026-01-22T20:17:08","slug":"verkehrsflugzeuge","status":"publish","type":"page","link":"https:\/\/www.jetcraft.com\/de\/inventar\/verkehrsflugzeuge\/","title":{"rendered":"Verkehrsflugzeuge"},"content":{"rendered":"<p>Jetcraft Commercial ist die Verkehrsflugzeug-Sparte von Jetcraft. Sie bietet Kunden beim Kauf, Verkauf, beim Leasing und bei der Vermarktung von Flugzeugen den gewohnten, renommierten Standard. Dank eines beispiellosen Netzwerks von Vertriebsteams und Marketingmanagern an allen gro\u00dfen M\u00e4rkten der Welt ist Jetcraft ein geschickter und schneller Partner f\u00fcr den Verkauf und das Leasing von Verkehrsflugzeugen. Jetcraft ist auf einzigartige Weise in der Lage, den Wert, die Auswahl und die Flexibilit\u00e4t zu bieten, die die weltbesten Unternehmen fordern.<\/p>\n","protected":false},"excerpt":{"rendered":"<p>Jetcraft Commercial ist die Verkehrsflugzeug-Sparte von Jetcraft. Sie bietet Kunden beim Kauf, Verkauf, beim Leasing und bei der Vermarktung von Flugzeugen den gewohnten, renommierten Standard. Dank eines beispiellosen Netzwerks von Vertriebsteams und Marketingmanagern an allen gro\u00dfen M\u00e4rkten der Welt ist Jetcraft ein geschickter und schneller Partner f\u00fcr den Verkauf und das Leasing von Verkehrsflugzeugen. Jetcraft&#8230;<\/p>\n","protected":false},"author":1,"featured_media":0,"parent":20468,"menu_order":0,"comment_status":"closed","ping_status":"closed","template":"template-inventory-commercial-copy.php","meta":{"_acf_changed":false,"inline_featured_image":false,"footnotes":""},"class_list":["post-60226","page","type-page","status-publish","hentry"],"acf":[],"yoast_head":"<!-- This site is optimized with the Yoast SEO plugin v27.1.1 - https:\/\/yoast.com\/product\/yoast-seo-wordpress\/ -->\n<title>Verkauf, Leasing und Marketing Gesch\u00e4ftsflugzeuge | Jetcraft<\/title>\n<meta name=\"description\" content=\"Sie suchen ein Gesch\u00e4ftsflugzeug? Das spezielle Jetcraft Commercial Team bietet einzigartige Dienstleistungen bei Kauf, Verkauf, Vermietung oder Vermarktung eines Airliners.\" \/>\n<meta name=\"robots\" content=\"index, follow, max-snippet:-1, max-image-preview:large, max-video-preview:-1\" \/>\n<link rel=\"canonical\" href=\"https:\/\/www.jetcraft.com\/de\/inventar\/verkehrsflugzeuge\/\" \/>\n<meta property=\"og:locale\" content=\"de_DE\" \/>\n<meta property=\"og:type\" content=\"article\" \/>\n<meta property=\"og:title\" content=\"Verkauf, Leasing und Marketing Gesch\u00e4ftsflugzeuge | Jetcraft\" \/>\n<meta property=\"og:description\" content=\"Sie suchen ein Gesch\u00e4ftsflugzeug? Das spezielle Jetcraft Commercial Team bietet einzigartige Dienstleistungen bei Kauf, Verkauf, Vermietung oder Vermarktung eines Airliners.\" \/>\n<meta property=\"og:url\" content=\"https:\/\/www.jetcraft.com\/de\/inventar\/verkehrsflugzeuge\/\" \/>\n<meta property=\"og:site_name\" content=\"Jetcraft\" \/>\n<meta property=\"article:modified_time\" content=\"2026-01-22T20:17:08+00:00\" \/>\n<meta name=\"twitter:card\" content=\"summary_large_image\" \/>\n<meta name=\"twitter:label1\" content=\"Est. reading time\" \/>\n\t<meta name=\"twitter:data1\" content=\"1 Minute\" \/>\n<script type=\"application\/ld+json\" class=\"yoast-schema-graph\">{\"@context\":\"https:\/\/schema.org\",\"@graph\":[{\"@type\":\"WebPage\",\"@id\":\"https:\/\/www.jetcraft.com\/de\/inventar\/verkehrsflugzeuge\/\",\"url\":\"https:\/\/www.jetcraft.com\/de\/inventar\/verkehrsflugzeuge\/\",\"name\":\"Verkauf, Leasing und Marketing Gesch\u00e4ftsflugzeuge | Jetcraft\",\"isPartOf\":{\"@id\":\"https:\/\/www.jetcraft.com\/de\/#website\"},\"datePublished\":\"2021-10-20T17:14:43+00:00\",\"dateModified\":\"2026-01-22T20:17:08+00:00\",\"description\":\"Sie suchen ein Gesch\u00e4ftsflugzeug? Das spezielle Jetcraft Commercial Team bietet einzigartige Dienstleistungen bei Kauf, Verkauf, Vermietung oder Vermarktung eines Airliners.\",\"breadcrumb\":{\"@id\":\"https:\/\/www.jetcraft.com\/de\/inventar\/verkehrsflugzeuge\/#breadcrumb\"},\"inLanguage\":\"de-DE\",\"potentialAction\":[{\"@type\":\"ReadAction\",\"target\":[\"https:\/\/www.jetcraft.com\/de\/inventar\/verkehrsflugzeuge\/\"]}]},{\"@type\":\"BreadcrumbList\",\"@id\":\"https:\/\/www.jetcraft.com\/de\/inventar\/verkehrsflugzeuge\/#breadcrumb\",\"itemListElement\":[{\"@type\":\"ListItem\",\"position\":1,\"name\":\"Inventar\",\"item\":\"https:\/\/www.jetcraft.com\/de\/inventar\/\"},{\"@type\":\"ListItem\",\"position\":2,\"name\":\"Verkehrsflugzeuge\"}]},{\"@type\":\"WebSite\",\"@id\":\"https:\/\/www.jetcraft.com\/de\/#website\",\"url\":\"https:\/\/www.jetcraft.com\/de\/\",\"name\":\"Jetcraft\",\"description\":\"The Original Cloud-Based Network\",\"publisher\":{\"@id\":\"https:\/\/www.jetcraft.com\/de\/#organization\"},\"potentialAction\":[{\"@type\":\"SearchAction\",\"target\":{\"@type\":\"EntryPoint\",\"urlTemplate\":\"https:\/\/www.jetcraft.com\/de\/?s={search_term_string}\"},\"query-input\":{\"@type\":\"PropertyValueSpecification\",\"valueRequired\":true,\"valueName\":\"search_term_string\"}}],\"inLanguage\":\"de-DE\"},{\"@type\":\"Organization\",\"@id\":\"https:\/\/www.jetcraft.com\/de\/#organization\",\"name\":\"Jetcraft\",\"url\":\"https:\/\/www.jetcraft.com\/de\/\",\"logo\":{\"@type\":\"ImageObject\",\"inLanguage\":\"de-DE\",\"@id\":\"https:\/\/www.jetcraft.com\/de\/#\/schema\/logo\/image\/\",\"url\":\"https:\/\/www.jetcraft.com\/wp-content\/uploads\/2026\/02\/jetcraft-2022-logo.png\",\"contentUrl\":\"https:\/\/www.jetcraft.com\/wp-content\/uploads\/2026\/02\/jetcraft-2022-logo.png\",\"width\":514,\"height\":86,\"caption\":\"Jetcraft\"},\"image\":{\"@id\":\"https:\/\/www.jetcraft.com\/de\/#\/schema\/logo\/image\/\"}}]}<\/script>\n<!-- \/ Yoast SEO plugin. -->","yoast_head_json":{"title":"Verkauf, Leasing und Marketing Gesch\u00e4ftsflugzeuge | Jetcraft","description":"Sie suchen ein Gesch\u00e4ftsflugzeug? Das spezielle Jetcraft Commercial Team bietet einzigartige Dienstleistungen bei Kauf, Verkauf, Vermietung oder Vermarktung eines Airliners.","robots":{"index":"index","follow":"follow","max-snippet":"max-snippet:-1","max-image-preview":"max-image-preview:large","max-video-preview":"max-video-preview:-1"},"canonical":"https:\/\/www.jetcraft.com\/de\/inventar\/verkehrsflugzeuge\/","og_locale":"de_DE","og_type":"article","og_title":"Verkauf, Leasing und Marketing Gesch\u00e4ftsflugzeuge | Jetcraft","og_description":"Sie suchen ein Gesch\u00e4ftsflugzeug? Das spezielle Jetcraft Commercial Team bietet einzigartige Dienstleistungen bei Kauf, Verkauf, Vermietung oder Vermarktung eines Airliners.","og_url":"https:\/\/www.jetcraft.com\/de\/inventar\/verkehrsflugzeuge\/","og_site_name":"Jetcraft","article_modified_time":"2026-01-22T20:17:08+00:00","twitter_card":"summary_large_image","twitter_misc":{"Est. reading time":"1 Minute"},"schema":{"@context":"https:\/\/schema.org","@graph":[{"@type":"WebPage","@id":"https:\/\/www.jetcraft.com\/de\/inventar\/verkehrsflugzeuge\/","url":"https:\/\/www.jetcraft.com\/de\/inventar\/verkehrsflugzeuge\/","name":"Verkauf, Leasing und Marketing Gesch\u00e4ftsflugzeuge | Jetcraft","isPartOf":{"@id":"https:\/\/www.jetcraft.com\/de\/#website"},"datePublished":"2021-10-20T17:14:43+00:00","dateModified":"2026-01-22T20:17:08+00:00","description":"Sie suchen ein Gesch\u00e4ftsflugzeug? Das spezielle Jetcraft Commercial Team bietet einzigartige Dienstleistungen bei Kauf, Verkauf, Vermietung oder Vermarktung eines Airliners.","breadcrumb":{"@id":"https:\/\/www.jetcraft.com\/de\/inventar\/verkehrsflugzeuge\/#breadcrumb"},"inLanguage":"de-DE","potentialAction":[{"@type":"ReadAction","target":["https:\/\/www.jetcraft.com\/de\/inventar\/verkehrsflugzeuge\/"]}]},{"@type":"BreadcrumbList","@id":"https:\/\/www.jetcraft.com\/de\/inventar\/verkehrsflugzeuge\/#breadcrumb","itemListElement":[{"@type":"ListItem","position":1,"name":"Inventar","item":"https:\/\/www.jetcraft.com\/de\/inventar\/"},{"@type":"ListItem","position":2,"name":"Verkehrsflugzeuge"}]},{"@type":"WebSite","@id":"https:\/\/www.jetcraft.com\/de\/#website","url":"https:\/\/www.jetcraft.com\/de\/","name":"Jetcraft","description":"The Original Cloud-Based Network","publisher":{"@id":"https:\/\/www.jetcraft.com\/de\/#organization"},"potentialAction":[{"@type":"SearchAction","target":{"@type":"EntryPoint","urlTemplate":"https:\/\/www.jetcraft.com\/de\/?s={search_term_string}"},"query-input":{"@type":"PropertyValueSpecification","valueRequired":true,"valueName":"search_term_string"}}],"inLanguage":"de-DE"},{"@type":"Organization","@id":"https:\/\/www.jetcraft.com\/de\/#organization","name":"Jetcraft","url":"https:\/\/www.jetcraft.com\/de\/","logo":{"@type":"ImageObject","inLanguage":"de-DE","@id":"https:\/\/www.jetcraft.com\/de\/#\/schema\/logo\/image\/","url":"https:\/\/www.jetcraft.com\/wp-content\/uploads\/2026\/02\/jetcraft-2022-logo.png","contentUrl":"https:\/\/www.jetcraft.com\/wp-content\/uploads\/2026\/02\/jetcraft-2022-logo.png","width":514,"height":86,"caption":"Jetcraft"},"image":{"@id":"https:\/\/www.jetcraft.com\/de\/#\/schema\/logo\/image\/"}}]}},"_links":{"self":[{"href":"https:\/\/www.jetcraft.com\/de\/wp-json\/wp\/v2\/pages\/60226","targetHints":{"allow":["GET"]}}],"collection":[{"href":"https:\/\/www.jetcraft.com\/de\/wp-json\/wp\/v2\/pages"}],"about":[{"href":"https:\/\/www.jetcraft.com\/de\/wp-json\/wp\/v2\/types\/page"}],"author":[{"embeddable":true,"href":"https:\/\/www.jetcraft.com\/de\/wp-json\/wp\/v2\/users\/1"}],"replies":[{"embeddable":true,"href":"https:\/\/www.jetcraft.com\/de\/wp-json\/wp\/v2\/comments?post=60226"}],"version-history":[{"count":0,"href":"https:\/\/www.jetcraft.com\/de\/wp-json\/wp\/v2\/pages\/60226\/revisions"}],"up":[{"embeddable":true,"href":"https:\/\/www.jetcraft.com\/de\/wp-json\/wp\/v2\/pages\/20468"}],"wp:attachment":[{"href":"https:\/\/www.jetcraft.com\/de\/wp-json\/wp\/v2\/media?parent=60226"}],"curies":[{"name":"wp","href":"https:\/\/api.w.org\/{rel}","templated":true}]}}