{"id":77466,"date":"2023-03-09T07:10:17","date_gmt":"2023-03-09T11:10:17","guid":{"rendered":"https:\/\/www.jetcraft.com\/?page_id=77466"},"modified":"2023-03-24T00:29:58","modified_gmt":"2023-03-24T04:29:58","slug":"vorhersage-bleiben-sie-in-verbindung","status":"publish","type":"page","link":"https:\/\/www.jetcraft.com\/de\/vorhersage-bleiben-sie-in-verbindung\/","title":{"rendered":"Vorhersage Bleiben sie in verbindung"},"content":{"rendered":"<p>Unsere Marktprognose f\u00fcr gebrauchte Gesch\u00e4ftsflugzeuge f\u00fcr 2023 erscheint in K\u00fcrze. Melden Sie sich an und geh\u00f6ren Sie zu den Ersten, die unsere branchenweit f\u00fchrenden Einblicke sowie weitere aufregende Neuigkeiten und monatliche Jetstream-\u00dcbersichten, besondere Inventarank\u00fcndigungen und exklusive Einladungen erhalten.<\/p>\n<p>Klicken Sie hier, um sich den \u00fcber 5.000 Abonnenten unserer Mailingliste anzuschlie\u00dfen.<\/p>\n","protected":false},"excerpt":{"rendered":"<p>Unsere Marktprognose f\u00fcr gebrauchte Gesch\u00e4ftsflugzeuge f\u00fcr 2023 erscheint in K\u00fcrze. Melden Sie sich an und geh\u00f6ren Sie zu den Ersten, die unsere branchenweit f\u00fchrenden Einblicke sowie weitere aufregende Neuigkeiten und monatliche Jetstream-\u00dcbersichten, besondere Inventarank\u00fcndigungen und exklusive Einladungen erhalten. Klicken Sie hier, um sich den \u00fcber 5.000 Abonnenten unserer Mailingliste anzuschlie\u00dfen.<\/p>\n","protected":false},"author":1,"featured_media":0,"parent":0,"menu_order":0,"comment_status":"closed","ping_status":"closed","template":"template-subscribe.php","meta":{"_acf_changed":false,"inline_featured_image":false,"footnotes":""},"class_list":["post-77466","page","type-page","status-publish","hentry"],"acf":[],"yoast_head":"<!-- This site is optimized with the Yoast SEO plugin v27.1.1 - https:\/\/yoast.com\/product\/yoast-seo-wordpress\/ -->\n<title>Vorhersage Bleiben sie in verbindung | Jetcraft<\/title>\n<meta name=\"robots\" content=\"index, follow, max-snippet:-1, max-image-preview:large, max-video-preview:-1\" \/>\n<link rel=\"canonical\" href=\"https:\/\/www.jetcraft.com\/de\/vorhersage-bleiben-sie-in-verbindung\/\" \/>\n<meta property=\"og:locale\" content=\"de_DE\" \/>\n<meta property=\"og:type\" content=\"article\" \/>\n<meta property=\"og:title\" content=\"Vorhersage Bleiben sie in verbindung | Jetcraft\" \/>\n<meta property=\"og:description\" content=\"Unsere Marktprognose f\u00fcr gebrauchte Gesch\u00e4ftsflugzeuge f\u00fcr 2023 erscheint in K\u00fcrze. Melden Sie sich an und geh\u00f6ren Sie zu den Ersten, die unsere branchenweit f\u00fchrenden Einblicke sowie weitere aufregende Neuigkeiten und monatliche Jetstream-\u00dcbersichten, besondere Inventarank\u00fcndigungen und exklusive Einladungen erhalten. Klicken Sie hier, um sich den \u00fcber 5.000 Abonnenten unserer Mailingliste anzuschlie\u00dfen.\" \/>\n<meta property=\"og:url\" content=\"https:\/\/www.jetcraft.com\/de\/vorhersage-bleiben-sie-in-verbindung\/\" \/>\n<meta property=\"og:site_name\" content=\"Jetcraft\" \/>\n<meta property=\"article:modified_time\" content=\"2023-03-24T04:29:58+00:00\" \/>\n<meta name=\"twitter:card\" content=\"summary_large_image\" \/>\n<script type=\"application\/ld+json\" class=\"yoast-schema-graph\">{\"@context\":\"https:\/\/schema.org\",\"@graph\":[{\"@type\":\"WebPage\",\"@id\":\"https:\/\/www.jetcraft.com\/de\/vorhersage-bleiben-sie-in-verbindung\/\",\"url\":\"https:\/\/www.jetcraft.com\/de\/vorhersage-bleiben-sie-in-verbindung\/\",\"name\":\"Vorhersage Bleiben sie in verbindung | Jetcraft\",\"isPartOf\":{\"@id\":\"https:\/\/www.jetcraft.com\/de\/#website\"},\"datePublished\":\"2023-03-09T11:10:17+00:00\",\"dateModified\":\"2023-03-24T04:29:58+00:00\",\"inLanguage\":\"de-DE\",\"potentialAction\":[{\"@type\":\"ReadAction\",\"target\":[\"https:\/\/www.jetcraft.com\/de\/vorhersage-bleiben-sie-in-verbindung\/\"]}]},{\"@type\":\"WebSite\",\"@id\":\"https:\/\/www.jetcraft.com\/de\/#website\",\"url\":\"https:\/\/www.jetcraft.com\/de\/\",\"name\":\"Jetcraft\",\"description\":\"The Original Cloud-Based Network\",\"publisher\":{\"@id\":\"https:\/\/www.jetcraft.com\/de\/#organization\"},\"potentialAction\":[{\"@type\":\"SearchAction\",\"target\":{\"@type\":\"EntryPoint\",\"urlTemplate\":\"https:\/\/www.jetcraft.com\/de\/?s={search_term_string}\"},\"query-input\":{\"@type\":\"PropertyValueSpecification\",\"valueRequired\":true,\"valueName\":\"search_term_string\"}}],\"inLanguage\":\"de-DE\"},{\"@type\":\"Organization\",\"@id\":\"https:\/\/www.jetcraft.com\/de\/#organization\",\"name\":\"Jetcraft\",\"url\":\"https:\/\/www.jetcraft.com\/de\/\",\"logo\":{\"@type\":\"ImageObject\",\"inLanguage\":\"de-DE\",\"@id\":\"https:\/\/www.jetcraft.com\/de\/#\/schema\/logo\/image\/\",\"url\":\"https:\/\/www.jetcraft.com\/wp-content\/uploads\/2026\/02\/jetcraft-2022-logo.png\",\"contentUrl\":\"https:\/\/www.jetcraft.com\/wp-content\/uploads\/2026\/02\/jetcraft-2022-logo.png\",\"width\":514,\"height\":86,\"caption\":\"Jetcraft\"},\"image\":{\"@id\":\"https:\/\/www.jetcraft.com\/de\/#\/schema\/logo\/image\/\"}}]}<\/script>\n<!-- \/ Yoast SEO plugin. -->","yoast_head_json":{"title":"Vorhersage Bleiben sie in verbindung | Jetcraft","robots":{"index":"index","follow":"follow","max-snippet":"max-snippet:-1","max-image-preview":"max-image-preview:large","max-video-preview":"max-video-preview:-1"},"canonical":"https:\/\/www.jetcraft.com\/de\/vorhersage-bleiben-sie-in-verbindung\/","og_locale":"de_DE","og_type":"article","og_title":"Vorhersage Bleiben sie in verbindung | Jetcraft","og_description":"Unsere Marktprognose f\u00fcr gebrauchte Gesch\u00e4ftsflugzeuge f\u00fcr 2023 erscheint in K\u00fcrze. Melden Sie sich an und geh\u00f6ren Sie zu den Ersten, die unsere branchenweit f\u00fchrenden Einblicke sowie weitere aufregende Neuigkeiten und monatliche Jetstream-\u00dcbersichten, besondere Inventarank\u00fcndigungen und exklusive Einladungen erhalten. Klicken Sie hier, um sich den \u00fcber 5.000 Abonnenten unserer Mailingliste anzuschlie\u00dfen.","og_url":"https:\/\/www.jetcraft.com\/de\/vorhersage-bleiben-sie-in-verbindung\/","og_site_name":"Jetcraft","article_modified_time":"2023-03-24T04:29:58+00:00","twitter_card":"summary_large_image","schema":{"@context":"https:\/\/schema.org","@graph":[{"@type":"WebPage","@id":"https:\/\/www.jetcraft.com\/de\/vorhersage-bleiben-sie-in-verbindung\/","url":"https:\/\/www.jetcraft.com\/de\/vorhersage-bleiben-sie-in-verbindung\/","name":"Vorhersage Bleiben sie in verbindung | Jetcraft","isPartOf":{"@id":"https:\/\/www.jetcraft.com\/de\/#website"},"datePublished":"2023-03-09T11:10:17+00:00","dateModified":"2023-03-24T04:29:58+00:00","inLanguage":"de-DE","potentialAction":[{"@type":"ReadAction","target":["https:\/\/www.jetcraft.com\/de\/vorhersage-bleiben-sie-in-verbindung\/"]}]},{"@type":"WebSite","@id":"https:\/\/www.jetcraft.com\/de\/#website","url":"https:\/\/www.jetcraft.com\/de\/","name":"Jetcraft","description":"The Original Cloud-Based Network","publisher":{"@id":"https:\/\/www.jetcraft.com\/de\/#organization"},"potentialAction":[{"@type":"SearchAction","target":{"@type":"EntryPoint","urlTemplate":"https:\/\/www.jetcraft.com\/de\/?s={search_term_string}"},"query-input":{"@type":"PropertyValueSpecification","valueRequired":true,"valueName":"search_term_string"}}],"inLanguage":"de-DE"},{"@type":"Organization","@id":"https:\/\/www.jetcraft.com\/de\/#organization","name":"Jetcraft","url":"https:\/\/www.jetcraft.com\/de\/","logo":{"@type":"ImageObject","inLanguage":"de-DE","@id":"https:\/\/www.jetcraft.com\/de\/#\/schema\/logo\/image\/","url":"https:\/\/www.jetcraft.com\/wp-content\/uploads\/2026\/02\/jetcraft-2022-logo.png","contentUrl":"https:\/\/www.jetcraft.com\/wp-content\/uploads\/2026\/02\/jetcraft-2022-logo.png","width":514,"height":86,"caption":"Jetcraft"},"image":{"@id":"https:\/\/www.jetcraft.com\/de\/#\/schema\/logo\/image\/"}}]}},"_links":{"self":[{"href":"https:\/\/www.jetcraft.com\/de\/wp-json\/wp\/v2\/pages\/77466","targetHints":{"allow":["GET"]}}],"collection":[{"href":"https:\/\/www.jetcraft.com\/de\/wp-json\/wp\/v2\/pages"}],"about":[{"href":"https:\/\/www.jetcraft.com\/de\/wp-json\/wp\/v2\/types\/page"}],"author":[{"embeddable":true,"href":"https:\/\/www.jetcraft.com\/de\/wp-json\/wp\/v2\/users\/1"}],"replies":[{"embeddable":true,"href":"https:\/\/www.jetcraft.com\/de\/wp-json\/wp\/v2\/comments?post=77466"}],"version-history":[{"count":0,"href":"https:\/\/www.jetcraft.com\/de\/wp-json\/wp\/v2\/pages\/77466\/revisions"}],"wp:attachment":[{"href":"https:\/\/www.jetcraft.com\/de\/wp-json\/wp\/v2\/media?parent=77466"}],"curies":[{"name":"wp","href":"https:\/\/api.w.org\/{rel}","templated":true}]}}