{"id":97951,"date":"2024-05-22T17:24:20","date_gmt":"2024-05-22T21:24:20","guid":{"rendered":"https:\/\/www.jetcraft.com\/?page_id=97951"},"modified":"2024-05-29T15:42:19","modified_gmt":"2024-05-29T19:42:19","slug":"landingpage-prognose","status":"publish","type":"page","link":"https:\/\/www.jetcraft.com\/de\/landingpage-prognose\/","title":{"rendered":"Landingpage Prognose 2024"},"content":{"rendered":"","protected":false},"excerpt":{"rendered":"","protected":false},"author":1,"featured_media":0,"parent":0,"menu_order":0,"comment_status":"closed","ping_status":"closed","template":"page-forecast-landing-2023-pardot.php","meta":{"_acf_changed":false,"inline_featured_image":false,"footnotes":""},"class_list":["post-97951","page","type-page","status-publish","hentry"],"acf":[],"yoast_head":"<!-- This site is optimized with the Yoast SEO plugin v27.1.1 - https:\/\/yoast.com\/product\/yoast-seo-wordpress\/ -->\n<title>Landingpage Prognose 2024 | Jetcraft<\/title>\n<meta name=\"description\" content=\"Unsere j\u00e4hrliche Bewertung des Marktes f\u00fcr gebrauchte Gesch\u00e4ftsflugzeuge ist ab sofort erh\u00e4ltlich. Sie bietet einen vollst\u00e4ndigen \u00dcberblick \u00fcber die Anzahl und den Wert der Transaktionen in den n\u00e4chsten f\u00fcnf Jahren sowie \u00fcber das K\u00e4uferverhalten, das sich darauf auswirken wird.\" \/>\n<meta name=\"robots\" content=\"index, follow, max-snippet:-1, max-image-preview:large, max-video-preview:-1\" \/>\n<link rel=\"canonical\" href=\"https:\/\/www.jetcraft.com\/de\/landingpage-prognose\/\" \/>\n<meta property=\"og:locale\" content=\"de_DE\" \/>\n<meta property=\"og:type\" content=\"article\" \/>\n<meta property=\"og:title\" content=\"Landingpage Prognose 2024 | Jetcraft\" \/>\n<meta property=\"og:description\" content=\"Unsere j\u00e4hrliche Bewertung des Marktes f\u00fcr gebrauchte Gesch\u00e4ftsflugzeuge ist ab sofort erh\u00e4ltlich. Sie bietet einen vollst\u00e4ndigen \u00dcberblick \u00fcber die Anzahl und den Wert der Transaktionen in den n\u00e4chsten f\u00fcnf Jahren sowie \u00fcber das K\u00e4uferverhalten, das sich darauf auswirken wird.\" \/>\n<meta property=\"og:url\" content=\"https:\/\/www.jetcraft.com\/de\/landingpage-prognose\/\" \/>\n<meta property=\"og:site_name\" content=\"Jetcraft\" \/>\n<meta property=\"article:modified_time\" content=\"2024-05-29T19:42:19+00:00\" \/>\n<meta name=\"twitter:card\" content=\"summary_large_image\" \/>\n<script type=\"application\/ld+json\" class=\"yoast-schema-graph\">{\"@context\":\"https:\/\/schema.org\",\"@graph\":[{\"@type\":\"WebPage\",\"@id\":\"https:\/\/www.jetcraft.com\/de\/landingpage-prognose\/\",\"url\":\"https:\/\/www.jetcraft.com\/de\/landingpage-prognose\/\",\"name\":\"Landingpage Prognose 2024 | Jetcraft\",\"isPartOf\":{\"@id\":\"https:\/\/www.jetcraft.com\/de\/#website\"},\"datePublished\":\"2024-05-22T21:24:20+00:00\",\"dateModified\":\"2024-05-29T19:42:19+00:00\",\"description\":\"Unsere j\u00e4hrliche Bewertung des Marktes f\u00fcr gebrauchte Gesch\u00e4ftsflugzeuge ist ab sofort erh\u00e4ltlich. Sie bietet einen vollst\u00e4ndigen \u00dcberblick \u00fcber die Anzahl und den Wert der Transaktionen in den n\u00e4chsten f\u00fcnf Jahren sowie \u00fcber das K\u00e4uferverhalten, das sich darauf auswirken wird.\",\"inLanguage\":\"de-DE\",\"potentialAction\":[{\"@type\":\"ReadAction\",\"target\":[\"https:\/\/www.jetcraft.com\/de\/landingpage-prognose\/\"]}]},{\"@type\":\"WebSite\",\"@id\":\"https:\/\/www.jetcraft.com\/de\/#website\",\"url\":\"https:\/\/www.jetcraft.com\/de\/\",\"name\":\"Jetcraft\",\"description\":\"The Original Cloud-Based Network\",\"publisher\":{\"@id\":\"https:\/\/www.jetcraft.com\/de\/#organization\"},\"potentialAction\":[{\"@type\":\"SearchAction\",\"target\":{\"@type\":\"EntryPoint\",\"urlTemplate\":\"https:\/\/www.jetcraft.com\/de\/?s={search_term_string}\"},\"query-input\":{\"@type\":\"PropertyValueSpecification\",\"valueRequired\":true,\"valueName\":\"search_term_string\"}}],\"inLanguage\":\"de-DE\"},{\"@type\":\"Organization\",\"@id\":\"https:\/\/www.jetcraft.com\/de\/#organization\",\"name\":\"Jetcraft\",\"url\":\"https:\/\/www.jetcraft.com\/de\/\",\"logo\":{\"@type\":\"ImageObject\",\"inLanguage\":\"de-DE\",\"@id\":\"https:\/\/www.jetcraft.com\/de\/#\/schema\/logo\/image\/\",\"url\":\"https:\/\/www.jetcraft.com\/wp-content\/uploads\/2026\/02\/jetcraft-2022-logo.png\",\"contentUrl\":\"https:\/\/www.jetcraft.com\/wp-content\/uploads\/2026\/02\/jetcraft-2022-logo.png\",\"width\":514,\"height\":86,\"caption\":\"Jetcraft\"},\"image\":{\"@id\":\"https:\/\/www.jetcraft.com\/de\/#\/schema\/logo\/image\/\"}}]}<\/script>\n<!-- \/ Yoast SEO plugin. -->","yoast_head_json":{"title":"Landingpage Prognose 2024 | Jetcraft","description":"Unsere j\u00e4hrliche Bewertung des Marktes f\u00fcr gebrauchte Gesch\u00e4ftsflugzeuge ist ab sofort erh\u00e4ltlich. Sie bietet einen vollst\u00e4ndigen \u00dcberblick \u00fcber die Anzahl und den Wert der Transaktionen in den n\u00e4chsten f\u00fcnf Jahren sowie \u00fcber das K\u00e4uferverhalten, das sich darauf auswirken wird.","robots":{"index":"index","follow":"follow","max-snippet":"max-snippet:-1","max-image-preview":"max-image-preview:large","max-video-preview":"max-video-preview:-1"},"canonical":"https:\/\/www.jetcraft.com\/de\/landingpage-prognose\/","og_locale":"de_DE","og_type":"article","og_title":"Landingpage Prognose 2024 | Jetcraft","og_description":"Unsere j\u00e4hrliche Bewertung des Marktes f\u00fcr gebrauchte Gesch\u00e4ftsflugzeuge ist ab sofort erh\u00e4ltlich. Sie bietet einen vollst\u00e4ndigen \u00dcberblick \u00fcber die Anzahl und den Wert der Transaktionen in den n\u00e4chsten f\u00fcnf Jahren sowie \u00fcber das K\u00e4uferverhalten, das sich darauf auswirken wird.","og_url":"https:\/\/www.jetcraft.com\/de\/landingpage-prognose\/","og_site_name":"Jetcraft","article_modified_time":"2024-05-29T19:42:19+00:00","twitter_card":"summary_large_image","schema":{"@context":"https:\/\/schema.org","@graph":[{"@type":"WebPage","@id":"https:\/\/www.jetcraft.com\/de\/landingpage-prognose\/","url":"https:\/\/www.jetcraft.com\/de\/landingpage-prognose\/","name":"Landingpage Prognose 2024 | Jetcraft","isPartOf":{"@id":"https:\/\/www.jetcraft.com\/de\/#website"},"datePublished":"2024-05-22T21:24:20+00:00","dateModified":"2024-05-29T19:42:19+00:00","description":"Unsere j\u00e4hrliche Bewertung des Marktes f\u00fcr gebrauchte Gesch\u00e4ftsflugzeuge ist ab sofort erh\u00e4ltlich. Sie bietet einen vollst\u00e4ndigen \u00dcberblick \u00fcber die Anzahl und den Wert der Transaktionen in den n\u00e4chsten f\u00fcnf Jahren sowie \u00fcber das K\u00e4uferverhalten, das sich darauf auswirken wird.","inLanguage":"de-DE","potentialAction":[{"@type":"ReadAction","target":["https:\/\/www.jetcraft.com\/de\/landingpage-prognose\/"]}]},{"@type":"WebSite","@id":"https:\/\/www.jetcraft.com\/de\/#website","url":"https:\/\/www.jetcraft.com\/de\/","name":"Jetcraft","description":"The Original Cloud-Based Network","publisher":{"@id":"https:\/\/www.jetcraft.com\/de\/#organization"},"potentialAction":[{"@type":"SearchAction","target":{"@type":"EntryPoint","urlTemplate":"https:\/\/www.jetcraft.com\/de\/?s={search_term_string}"},"query-input":{"@type":"PropertyValueSpecification","valueRequired":true,"valueName":"search_term_string"}}],"inLanguage":"de-DE"},{"@type":"Organization","@id":"https:\/\/www.jetcraft.com\/de\/#organization","name":"Jetcraft","url":"https:\/\/www.jetcraft.com\/de\/","logo":{"@type":"ImageObject","inLanguage":"de-DE","@id":"https:\/\/www.jetcraft.com\/de\/#\/schema\/logo\/image\/","url":"https:\/\/www.jetcraft.com\/wp-content\/uploads\/2026\/02\/jetcraft-2022-logo.png","contentUrl":"https:\/\/www.jetcraft.com\/wp-content\/uploads\/2026\/02\/jetcraft-2022-logo.png","width":514,"height":86,"caption":"Jetcraft"},"image":{"@id":"https:\/\/www.jetcraft.com\/de\/#\/schema\/logo\/image\/"}}]}},"_links":{"self":[{"href":"https:\/\/www.jetcraft.com\/de\/wp-json\/wp\/v2\/pages\/97951","targetHints":{"allow":["GET"]}}],"collection":[{"href":"https:\/\/www.jetcraft.com\/de\/wp-json\/wp\/v2\/pages"}],"about":[{"href":"https:\/\/www.jetcraft.com\/de\/wp-json\/wp\/v2\/types\/page"}],"author":[{"embeddable":true,"href":"https:\/\/www.jetcraft.com\/de\/wp-json\/wp\/v2\/users\/1"}],"replies":[{"embeddable":true,"href":"https:\/\/www.jetcraft.com\/de\/wp-json\/wp\/v2\/comments?post=97951"}],"version-history":[{"count":0,"href":"https:\/\/www.jetcraft.com\/de\/wp-json\/wp\/v2\/pages\/97951\/revisions"}],"wp:attachment":[{"href":"https:\/\/www.jetcraft.com\/de\/wp-json\/wp\/v2\/media?parent=97951"}],"curies":[{"name":"wp","href":"https:\/\/api.w.org\/{rel}","templated":true}]}}