{"id":110079,"date":"2025-02-21T13:58:38","date_gmt":"2025-02-21T17:58:38","guid":{"rendered":"https:\/\/www.jetcraft.com\/?page_id=110079"},"modified":"2025-03-20T10:49:22","modified_gmt":"2025-03-20T14:49:22","slug":"informe-de-mercado-2025","status":"publish","type":"page","link":"https:\/\/www.jetcraft.com\/es\/informe-de-mercado-2025\/","title":{"rendered":"Informe de mercado 2025"},"content":{"rendered":"","protected":false},"excerpt":{"rendered":"","protected":false},"author":1,"featured_media":0,"parent":0,"menu_order":0,"comment_status":"closed","ping_status":"closed","template":"page-forecast-landing-2025-pardot.php","meta":{"_acf_changed":false,"inline_featured_image":false,"footnotes":""},"class_list":["post-110079","page","type-page","status-publish","hentry"],"acf":[],"yoast_head":"<!-- This site is optimized with the Yoast SEO plugin v27.1.1 - https:\/\/yoast.com\/product\/yoast-seo-wordpress\/ -->\n<title>Informe de mercado 2025 | Jetcraft<\/title>\n<meta name=\"description\" content=\"Ya est\u00e1 disponible nuestra evaluaci\u00f3n anual del mercado de aviones corporativos usados, que ofrece una revisi\u00f3n completa del n\u00famero de transacciones en los pr\u00f3ximos cinco a\u00f1os y su valor asociado, as\u00ed como los comportamientos de los compradores que influir\u00e1n en ellas.\" \/>\n<meta name=\"robots\" content=\"index, follow, max-snippet:-1, max-image-preview:large, max-video-preview:-1\" \/>\n<link rel=\"canonical\" href=\"https:\/\/www.jetcraft.com\/es\/informe-de-mercado-2025\/\" \/>\n<meta property=\"og:locale\" content=\"es_ES\" \/>\n<meta property=\"og:type\" content=\"article\" \/>\n<meta property=\"og:title\" content=\"Informe de mercado 2025 | Jetcraft\" \/>\n<meta property=\"og:description\" content=\"Ya est\u00e1 disponible nuestra evaluaci\u00f3n anual del mercado de aviones corporativos usados, que ofrece una revisi\u00f3n completa del n\u00famero de transacciones en los pr\u00f3ximos cinco a\u00f1os y su valor asociado, as\u00ed como los comportamientos de los compradores que influir\u00e1n en ellas.\" \/>\n<meta property=\"og:url\" content=\"https:\/\/www.jetcraft.com\/es\/informe-de-mercado-2025\/\" \/>\n<meta property=\"og:site_name\" content=\"Jetcraft\" \/>\n<meta property=\"article:modified_time\" content=\"2025-03-20T14:49:22+00:00\" \/>\n<meta name=\"twitter:card\" content=\"summary_large_image\" \/>\n<script type=\"application\/ld+json\" class=\"yoast-schema-graph\">{\"@context\":\"https:\/\/schema.org\",\"@graph\":[{\"@type\":\"WebPage\",\"@id\":\"https:\/\/www.jetcraft.com\/es\/informe-de-mercado-2025\/\",\"url\":\"https:\/\/www.jetcraft.com\/es\/informe-de-mercado-2025\/\",\"name\":\"Informe de mercado 2025 | Jetcraft\",\"isPartOf\":{\"@id\":\"https:\/\/www.jetcraft.com\/es\/#website\"},\"datePublished\":\"2025-02-21T17:58:38+00:00\",\"dateModified\":\"2025-03-20T14:49:22+00:00\",\"description\":\"Ya est\u00e1 disponible nuestra evaluaci\u00f3n anual del mercado de aviones corporativos usados, que ofrece una revisi\u00f3n completa del n\u00famero de transacciones en los pr\u00f3ximos cinco a\u00f1os y su valor asociado, as\u00ed como los comportamientos de los compradores que influir\u00e1n en ellas.\",\"inLanguage\":\"es\",\"potentialAction\":[{\"@type\":\"ReadAction\",\"target\":[\"https:\/\/www.jetcraft.com\/es\/informe-de-mercado-2025\/\"]}]},{\"@type\":\"WebSite\",\"@id\":\"https:\/\/www.jetcraft.com\/es\/#website\",\"url\":\"https:\/\/www.jetcraft.com\/es\/\",\"name\":\"Jetcraft\",\"description\":\"The Original Cloud-Based Network\",\"publisher\":{\"@id\":\"https:\/\/www.jetcraft.com\/es\/#organization\"},\"potentialAction\":[{\"@type\":\"SearchAction\",\"target\":{\"@type\":\"EntryPoint\",\"urlTemplate\":\"https:\/\/www.jetcraft.com\/es\/?s={search_term_string}\"},\"query-input\":{\"@type\":\"PropertyValueSpecification\",\"valueRequired\":true,\"valueName\":\"search_term_string\"}}],\"inLanguage\":\"es\"},{\"@type\":\"Organization\",\"@id\":\"https:\/\/www.jetcraft.com\/es\/#organization\",\"name\":\"Jetcraft\",\"url\":\"https:\/\/www.jetcraft.com\/es\/\",\"logo\":{\"@type\":\"ImageObject\",\"inLanguage\":\"es\",\"@id\":\"https:\/\/www.jetcraft.com\/es\/#\/schema\/logo\/image\/\",\"url\":\"https:\/\/www.jetcraft.com\/wp-content\/uploads\/2026\/02\/jetcraft-2022-logo.png\",\"contentUrl\":\"https:\/\/www.jetcraft.com\/wp-content\/uploads\/2026\/02\/jetcraft-2022-logo.png\",\"width\":514,\"height\":86,\"caption\":\"Jetcraft\"},\"image\":{\"@id\":\"https:\/\/www.jetcraft.com\/es\/#\/schema\/logo\/image\/\"}}]}<\/script>\n<!-- \/ Yoast SEO plugin. -->","yoast_head_json":{"title":"Informe de mercado 2025 | Jetcraft","description":"Ya est\u00e1 disponible nuestra evaluaci\u00f3n anual del mercado de aviones corporativos usados, que ofrece una revisi\u00f3n completa del n\u00famero de transacciones en los pr\u00f3ximos cinco a\u00f1os y su valor asociado, as\u00ed como los comportamientos de los compradores que influir\u00e1n en ellas.","robots":{"index":"index","follow":"follow","max-snippet":"max-snippet:-1","max-image-preview":"max-image-preview:large","max-video-preview":"max-video-preview:-1"},"canonical":"https:\/\/www.jetcraft.com\/es\/informe-de-mercado-2025\/","og_locale":"es_ES","og_type":"article","og_title":"Informe de mercado 2025 | Jetcraft","og_description":"Ya est\u00e1 disponible nuestra evaluaci\u00f3n anual del mercado de aviones corporativos usados, que ofrece una revisi\u00f3n completa del n\u00famero de transacciones en los pr\u00f3ximos cinco a\u00f1os y su valor asociado, as\u00ed como los comportamientos de los compradores que influir\u00e1n en ellas.","og_url":"https:\/\/www.jetcraft.com\/es\/informe-de-mercado-2025\/","og_site_name":"Jetcraft","article_modified_time":"2025-03-20T14:49:22+00:00","twitter_card":"summary_large_image","schema":{"@context":"https:\/\/schema.org","@graph":[{"@type":"WebPage","@id":"https:\/\/www.jetcraft.com\/es\/informe-de-mercado-2025\/","url":"https:\/\/www.jetcraft.com\/es\/informe-de-mercado-2025\/","name":"Informe de mercado 2025 | Jetcraft","isPartOf":{"@id":"https:\/\/www.jetcraft.com\/es\/#website"},"datePublished":"2025-02-21T17:58:38+00:00","dateModified":"2025-03-20T14:49:22+00:00","description":"Ya est\u00e1 disponible nuestra evaluaci\u00f3n anual del mercado de aviones corporativos usados, que ofrece una revisi\u00f3n completa del n\u00famero de transacciones en los pr\u00f3ximos cinco a\u00f1os y su valor asociado, as\u00ed como los comportamientos de los compradores que influir\u00e1n en ellas.","inLanguage":"es","potentialAction":[{"@type":"ReadAction","target":["https:\/\/www.jetcraft.com\/es\/informe-de-mercado-2025\/"]}]},{"@type":"WebSite","@id":"https:\/\/www.jetcraft.com\/es\/#website","url":"https:\/\/www.jetcraft.com\/es\/","name":"Jetcraft","description":"The Original Cloud-Based Network","publisher":{"@id":"https:\/\/www.jetcraft.com\/es\/#organization"},"potentialAction":[{"@type":"SearchAction","target":{"@type":"EntryPoint","urlTemplate":"https:\/\/www.jetcraft.com\/es\/?s={search_term_string}"},"query-input":{"@type":"PropertyValueSpecification","valueRequired":true,"valueName":"search_term_string"}}],"inLanguage":"es"},{"@type":"Organization","@id":"https:\/\/www.jetcraft.com\/es\/#organization","name":"Jetcraft","url":"https:\/\/www.jetcraft.com\/es\/","logo":{"@type":"ImageObject","inLanguage":"es","@id":"https:\/\/www.jetcraft.com\/es\/#\/schema\/logo\/image\/","url":"https:\/\/www.jetcraft.com\/wp-content\/uploads\/2026\/02\/jetcraft-2022-logo.png","contentUrl":"https:\/\/www.jetcraft.com\/wp-content\/uploads\/2026\/02\/jetcraft-2022-logo.png","width":514,"height":86,"caption":"Jetcraft"},"image":{"@id":"https:\/\/www.jetcraft.com\/es\/#\/schema\/logo\/image\/"}}]}},"_links":{"self":[{"href":"https:\/\/www.jetcraft.com\/es\/wp-json\/wp\/v2\/pages\/110079","targetHints":{"allow":["GET"]}}],"collection":[{"href":"https:\/\/www.jetcraft.com\/es\/wp-json\/wp\/v2\/pages"}],"about":[{"href":"https:\/\/www.jetcraft.com\/es\/wp-json\/wp\/v2\/types\/page"}],"author":[{"embeddable":true,"href":"https:\/\/www.jetcraft.com\/es\/wp-json\/wp\/v2\/users\/1"}],"replies":[{"embeddable":true,"href":"https:\/\/www.jetcraft.com\/es\/wp-json\/wp\/v2\/comments?post=110079"}],"version-history":[{"count":0,"href":"https:\/\/www.jetcraft.com\/es\/wp-json\/wp\/v2\/pages\/110079\/revisions"}],"wp:attachment":[{"href":"https:\/\/www.jetcraft.com\/es\/wp-json\/wp\/v2\/media?parent=110079"}],"curies":[{"name":"wp","href":"https:\/\/api.w.org\/{rel}","templated":true}]}}