{"id":20762,"date":"2016-01-28T20:01:39","date_gmt":"2016-01-29T00:01:39","guid":{"rendered":"http:\/\/www.www.jetcraft.com\/es\/company\/"},"modified":"2025-07-03T15:51:29","modified_gmt":"2025-07-03T19:51:29","slug":"empresa","status":"publish","type":"page","link":"https:\/\/www.jetcraft.com\/es\/empresa\/","title":{"rendered":"Empresa"},"content":{"rendered":"<p>En un mercado complejo, necesita un socio en el que confiar. Personas con las que contar.<\/p>\n<p>M\u00e1s que agentes, somos asesores internacionales que ofrecen un alcance global sin igual y un conocimiento local incomparable. Nuestra diversa experiencia con una amplia gama de marcas y modelos significa que nuestra lealtad no es a una marca de avi\u00f3n en particular, es de forma muy espec\u00edfica a nuestros clientes.<\/p>\n<p>Respaldada por nuestra combinaci\u00f3n \u00fanica de datos transaccionales y herramientas patentadas que nuestros analistas expertos convierten en inteligencia de mercado l\u00edder del sector, toda nuestra empresa est\u00e1 orientada a encontrar el comprador adecuado para su aeronave. Y el avi\u00f3n adecuado cuando sea hora de cambiar. Nadie lo hace tan bien, nadie lo hace tan r\u00e1pido.<\/p>\n<p>E independientemente de lo complejas que sean las necesidades de su transacci\u00f3n, contamos con las soluciones necesarias, incluyendo la capacidad financiera para poner en venta su aeronave. La misma actitud imparable lleva casi 60\u00a0a\u00f1os siendo nuestra motivaci\u00f3n y estableciendo est\u00e1ndares que siguen definiendo el sector hoy en d\u00eda.<\/p>\n","protected":false},"excerpt":{"rendered":"<p>En un mercado complejo, necesita un socio en el que confiar. Personas con las que contar. M\u00e1s que agentes, somos asesores internacionales que ofrecen un alcance global sin igual y un conocimiento local incomparable. Nuestra diversa experiencia con una amplia gama de marcas y modelos significa que nuestra lealtad no es a una marca de&#8230;<\/p>\n","protected":false},"author":1,"featured_media":0,"parent":0,"menu_order":0,"comment_status":"closed","ping_status":"closed","template":"template-company-new.php","meta":{"_acf_changed":false,"inline_featured_image":false,"footnotes":""},"class_list":["post-20762","page","type-page","status-publish","hentry"],"acf":[],"yoast_head":"<!-- This site is optimized with the Yoast SEO plugin v27.1.1 - https:\/\/yoast.com\/product\/yoast-seo-wordpress\/ -->\n<title>Servicios para aeronaves | Equipo ejecutivo | Historia de la compa\u00f1\u00eda | Jetcraft<\/title>\n<meta name=\"description\" content=\"Lea m\u00e1s sobre los m\u00e1s de cincuenta a\u00f1os de historia de Jetcraft, nuestro enfoque \u00fanico a la hora de comprar o vender una aeronave y conozca a nuestro equipo ejecutivo.\" \/>\n<meta name=\"robots\" content=\"index, follow, max-snippet:-1, max-image-preview:large, max-video-preview:-1\" \/>\n<link rel=\"canonical\" href=\"https:\/\/www.jetcraft.com\/es\/empresa\/\" \/>\n<meta property=\"og:locale\" content=\"es_ES\" \/>\n<meta property=\"og:type\" content=\"article\" \/>\n<meta property=\"og:title\" content=\"Servicios para aeronaves | Equipo ejecutivo | Historia de la compa\u00f1\u00eda | Jetcraft\" \/>\n<meta property=\"og:description\" content=\"Lea m\u00e1s sobre los m\u00e1s de cincuenta a\u00f1os de historia de Jetcraft, nuestro enfoque \u00fanico a la hora de comprar o vender una aeronave y conozca a nuestro equipo ejecutivo.\" \/>\n<meta property=\"og:url\" content=\"https:\/\/www.jetcraft.com\/es\/empresa\/\" \/>\n<meta property=\"og:site_name\" content=\"Jetcraft\" \/>\n<meta property=\"article:modified_time\" content=\"2025-07-03T19:51:29+00:00\" \/>\n<meta name=\"twitter:card\" content=\"summary_large_image\" \/>\n<meta name=\"twitter:label1\" content=\"Est. reading time\" \/>\n\t<meta name=\"twitter:data1\" content=\"1 minuto\" \/>\n<script type=\"application\/ld+json\" class=\"yoast-schema-graph\">{\"@context\":\"https:\/\/schema.org\",\"@graph\":[{\"@type\":\"WebPage\",\"@id\":\"https:\/\/www.jetcraft.com\/es\/empresa\/\",\"url\":\"https:\/\/www.jetcraft.com\/es\/empresa\/\",\"name\":\"Servicios para aeronaves | Equipo ejecutivo | Historia de la compa\u00f1\u00eda | Jetcraft\",\"isPartOf\":{\"@id\":\"https:\/\/www.jetcraft.com\/es\/#website\"},\"datePublished\":\"2016-01-29T00:01:39+00:00\",\"dateModified\":\"2025-07-03T19:51:29+00:00\",\"description\":\"Lea m\u00e1s sobre los m\u00e1s de cincuenta a\u00f1os de historia de Jetcraft, nuestro enfoque \u00fanico a la hora de comprar o vender una aeronave y conozca a nuestro equipo ejecutivo.\",\"inLanguage\":\"es\",\"potentialAction\":[{\"@type\":\"ReadAction\",\"target\":[\"https:\/\/www.jetcraft.com\/es\/empresa\/\"]}]},{\"@type\":\"WebSite\",\"@id\":\"https:\/\/www.jetcraft.com\/es\/#website\",\"url\":\"https:\/\/www.jetcraft.com\/es\/\",\"name\":\"Jetcraft\",\"description\":\"The Original Cloud-Based Network\",\"publisher\":{\"@id\":\"https:\/\/www.jetcraft.com\/es\/#organization\"},\"potentialAction\":[{\"@type\":\"SearchAction\",\"target\":{\"@type\":\"EntryPoint\",\"urlTemplate\":\"https:\/\/www.jetcraft.com\/es\/?s={search_term_string}\"},\"query-input\":{\"@type\":\"PropertyValueSpecification\",\"valueRequired\":true,\"valueName\":\"search_term_string\"}}],\"inLanguage\":\"es\"},{\"@type\":\"Organization\",\"@id\":\"https:\/\/www.jetcraft.com\/es\/#organization\",\"name\":\"Jetcraft\",\"url\":\"https:\/\/www.jetcraft.com\/es\/\",\"logo\":{\"@type\":\"ImageObject\",\"inLanguage\":\"es\",\"@id\":\"https:\/\/www.jetcraft.com\/es\/#\/schema\/logo\/image\/\",\"url\":\"https:\/\/www.jetcraft.com\/wp-content\/uploads\/2026\/02\/jetcraft-2022-logo.png\",\"contentUrl\":\"https:\/\/www.jetcraft.com\/wp-content\/uploads\/2026\/02\/jetcraft-2022-logo.png\",\"width\":514,\"height\":86,\"caption\":\"Jetcraft\"},\"image\":{\"@id\":\"https:\/\/www.jetcraft.com\/es\/#\/schema\/logo\/image\/\"}}]}<\/script>\n<!-- \/ Yoast SEO plugin. -->","yoast_head_json":{"title":"Servicios para aeronaves | Equipo ejecutivo | Historia de la compa\u00f1\u00eda | Jetcraft","description":"Lea m\u00e1s sobre los m\u00e1s de cincuenta a\u00f1os de historia de Jetcraft, nuestro enfoque \u00fanico a la hora de comprar o vender una aeronave y conozca a nuestro equipo ejecutivo.","robots":{"index":"index","follow":"follow","max-snippet":"max-snippet:-1","max-image-preview":"max-image-preview:large","max-video-preview":"max-video-preview:-1"},"canonical":"https:\/\/www.jetcraft.com\/es\/empresa\/","og_locale":"es_ES","og_type":"article","og_title":"Servicios para aeronaves | Equipo ejecutivo | Historia de la compa\u00f1\u00eda | Jetcraft","og_description":"Lea m\u00e1s sobre los m\u00e1s de cincuenta a\u00f1os de historia de Jetcraft, nuestro enfoque \u00fanico a la hora de comprar o vender una aeronave y conozca a nuestro equipo ejecutivo.","og_url":"https:\/\/www.jetcraft.com\/es\/empresa\/","og_site_name":"Jetcraft","article_modified_time":"2025-07-03T19:51:29+00:00","twitter_card":"summary_large_image","twitter_misc":{"Est. reading time":"1 minuto"},"schema":{"@context":"https:\/\/schema.org","@graph":[{"@type":"WebPage","@id":"https:\/\/www.jetcraft.com\/es\/empresa\/","url":"https:\/\/www.jetcraft.com\/es\/empresa\/","name":"Servicios para aeronaves | Equipo ejecutivo | Historia de la compa\u00f1\u00eda | Jetcraft","isPartOf":{"@id":"https:\/\/www.jetcraft.com\/es\/#website"},"datePublished":"2016-01-29T00:01:39+00:00","dateModified":"2025-07-03T19:51:29+00:00","description":"Lea m\u00e1s sobre los m\u00e1s de cincuenta a\u00f1os de historia de Jetcraft, nuestro enfoque \u00fanico a la hora de comprar o vender una aeronave y conozca a nuestro equipo ejecutivo.","inLanguage":"es","potentialAction":[{"@type":"ReadAction","target":["https:\/\/www.jetcraft.com\/es\/empresa\/"]}]},{"@type":"WebSite","@id":"https:\/\/www.jetcraft.com\/es\/#website","url":"https:\/\/www.jetcraft.com\/es\/","name":"Jetcraft","description":"The Original Cloud-Based Network","publisher":{"@id":"https:\/\/www.jetcraft.com\/es\/#organization"},"potentialAction":[{"@type":"SearchAction","target":{"@type":"EntryPoint","urlTemplate":"https:\/\/www.jetcraft.com\/es\/?s={search_term_string}"},"query-input":{"@type":"PropertyValueSpecification","valueRequired":true,"valueName":"search_term_string"}}],"inLanguage":"es"},{"@type":"Organization","@id":"https:\/\/www.jetcraft.com\/es\/#organization","name":"Jetcraft","url":"https:\/\/www.jetcraft.com\/es\/","logo":{"@type":"ImageObject","inLanguage":"es","@id":"https:\/\/www.jetcraft.com\/es\/#\/schema\/logo\/image\/","url":"https:\/\/www.jetcraft.com\/wp-content\/uploads\/2026\/02\/jetcraft-2022-logo.png","contentUrl":"https:\/\/www.jetcraft.com\/wp-content\/uploads\/2026\/02\/jetcraft-2022-logo.png","width":514,"height":86,"caption":"Jetcraft"},"image":{"@id":"https:\/\/www.jetcraft.com\/es\/#\/schema\/logo\/image\/"}}]}},"_links":{"self":[{"href":"https:\/\/www.jetcraft.com\/es\/wp-json\/wp\/v2\/pages\/20762","targetHints":{"allow":["GET"]}}],"collection":[{"href":"https:\/\/www.jetcraft.com\/es\/wp-json\/wp\/v2\/pages"}],"about":[{"href":"https:\/\/www.jetcraft.com\/es\/wp-json\/wp\/v2\/types\/page"}],"author":[{"embeddable":true,"href":"https:\/\/www.jetcraft.com\/es\/wp-json\/wp\/v2\/users\/1"}],"replies":[{"embeddable":true,"href":"https:\/\/www.jetcraft.com\/es\/wp-json\/wp\/v2\/comments?post=20762"}],"version-history":[{"count":0,"href":"https:\/\/www.jetcraft.com\/es\/wp-json\/wp\/v2\/pages\/20762\/revisions"}],"wp:attachment":[{"href":"https:\/\/www.jetcraft.com\/es\/wp-json\/wp\/v2\/media?parent=20762"}],"curies":[{"name":"wp","href":"https:\/\/api.w.org\/{rel}","templated":true}]}}