{"id":20768,"date":"2016-02-18T20:33:46","date_gmt":"2016-02-19T00:33:46","guid":{"rendered":"http:\/\/www.www.jetcraft.com\/es\/empresa\/careers\/"},"modified":"2017-12-14T09:52:23","modified_gmt":"2017-12-14T13:52:23","slug":"trabajos","status":"publish","type":"page","link":"https:\/\/www.jetcraft.com\/es\/empresa\/trabajos\/","title":{"rendered":"Trabajos"},"content":{"rendered":"<p>\u00bfEst\u00e1 buscando un trabajo que le ponga en contacto con los mejores y m\u00e1s brillantes profesionales de la industria? En Jetcraft lo ha encontrado.<\/p>\n<p>Al unirse al equipo de Jetcraft, trabajar\u00e1 con expertos en resoluci\u00f3n de problemas llenos de talento y con mentalidades similares a la suya. Conectar\u00e1 con gente de todo el mundo. Crear\u00e1 relaciones duraderas que ampliar\u00e1n sus horizontes. Y adem\u00e1s, trabajar\u00e1 con compa\u00f1eros para crear una experiencia del cliente inigualable.<\/p>\n","protected":false},"excerpt":{"rendered":"<p>\u00bfEst\u00e1 buscando un trabajo que le ponga en contacto con los mejores y m\u00e1s brillantes profesionales de la industria? En Jetcraft lo ha encontrado. Al unirse al equipo de Jetcraft, trabajar\u00e1 con expertos en resoluci\u00f3n de problemas llenos de talento y con mentalidades similares a la suya. Conectar\u00e1 con gente de todo el mundo. Crear\u00e1&#8230;<\/p>\n","protected":false},"author":1,"featured_media":0,"parent":20762,"menu_order":0,"comment_status":"closed","ping_status":"closed","template":"template-careers.php","meta":{"_acf_changed":false,"inline_featured_image":false,"footnotes":""},"class_list":["post-20768","page","type-page","status-publish","hentry"],"acf":[],"yoast_head":"<!-- This site is optimized with the Yoast SEO plugin v27.5 - https:\/\/yoast.com\/product\/yoast-seo-wordpress\/ -->\n<title>Empleo | \u00danase al equipo de Jetcraft<\/title>\n<meta name=\"description\" content=\"Jetcraft es un equipo de personas con talento para resolver problemas, centrado en crear una experiencia excepcional para los clientes. Descubra la mejor y m\u00e1s brillante industria aeron\u00e1utica.\" \/>\n<meta name=\"robots\" content=\"index, follow, max-snippet:-1, max-image-preview:large, max-video-preview:-1\" \/>\n<link rel=\"canonical\" href=\"https:\/\/www.jetcraft.com\/es\/empresa\/trabajos\/\" \/>\n<meta property=\"og:locale\" content=\"es_ES\" \/>\n<meta property=\"og:type\" content=\"article\" \/>\n<meta property=\"og:title\" content=\"Empleo | \u00danase al equipo de Jetcraft\" \/>\n<meta property=\"og:description\" content=\"Jetcraft es un equipo de personas con talento para resolver problemas, centrado en crear una experiencia excepcional para los clientes. Descubra la mejor y m\u00e1s brillante industria aeron\u00e1utica.\" \/>\n<meta property=\"og:url\" content=\"https:\/\/www.jetcraft.com\/es\/empresa\/trabajos\/\" \/>\n<meta property=\"og:site_name\" content=\"Jetcraft\" \/>\n<meta property=\"article:modified_time\" content=\"2017-12-14T13:52:23+00:00\" \/>\n<meta name=\"twitter:card\" content=\"summary_large_image\" \/>\n<script type=\"application\/ld+json\" class=\"yoast-schema-graph\">{\"@context\":\"https:\\\/\\\/schema.org\",\"@graph\":[{\"@type\":\"WebPage\",\"@id\":\"https:\\\/\\\/www.jetcraft.com\\\/es\\\/empresa\\\/trabajos\\\/\",\"url\":\"https:\\\/\\\/www.jetcraft.com\\\/es\\\/empresa\\\/trabajos\\\/\",\"name\":\"Empleo | \u00danase al equipo de Jetcraft\",\"isPartOf\":{\"@id\":\"https:\\\/\\\/www.jetcraft.com\\\/es\\\/#website\"},\"datePublished\":\"2016-02-19T00:33:46+00:00\",\"dateModified\":\"2017-12-14T13:52:23+00:00\",\"description\":\"Jetcraft es un equipo de personas con talento para resolver problemas, centrado en crear una experiencia excepcional para los clientes. Descubra la mejor y m\u00e1s brillante industria aeron\u00e1utica.\",\"breadcrumb\":{\"@id\":\"https:\\\/\\\/www.jetcraft.com\\\/es\\\/empresa\\\/trabajos\\\/#breadcrumb\"},\"inLanguage\":\"es\",\"potentialAction\":[{\"@type\":\"ReadAction\",\"target\":[\"https:\\\/\\\/www.jetcraft.com\\\/es\\\/empresa\\\/trabajos\\\/\"]}]},{\"@type\":\"BreadcrumbList\",\"@id\":\"https:\\\/\\\/www.jetcraft.com\\\/es\\\/empresa\\\/trabajos\\\/#breadcrumb\",\"itemListElement\":[{\"@type\":\"ListItem\",\"position\":1,\"name\":\"Empresa\",\"item\":\"https:\\\/\\\/www.jetcraft.com\\\/es\\\/empresa\\\/\"},{\"@type\":\"ListItem\",\"position\":2,\"name\":\"Trabajos\"}]},{\"@type\":\"WebSite\",\"@id\":\"https:\\\/\\\/www.jetcraft.com\\\/es\\\/#website\",\"url\":\"https:\\\/\\\/www.jetcraft.com\\\/es\\\/\",\"name\":\"Jetcraft\",\"description\":\"The Original Cloud-Based Network\",\"publisher\":{\"@id\":\"https:\\\/\\\/www.jetcraft.com\\\/es\\\/#organization\"},\"potentialAction\":[{\"@type\":\"SearchAction\",\"target\":{\"@type\":\"EntryPoint\",\"urlTemplate\":\"https:\\\/\\\/www.jetcraft.com\\\/es\\\/?s={search_term_string}\"},\"query-input\":{\"@type\":\"PropertyValueSpecification\",\"valueRequired\":true,\"valueName\":\"search_term_string\"}}],\"inLanguage\":\"es\"},{\"@type\":\"Organization\",\"@id\":\"https:\\\/\\\/www.jetcraft.com\\\/es\\\/#organization\",\"name\":\"Jetcraft\",\"url\":\"https:\\\/\\\/www.jetcraft.com\\\/es\\\/\",\"logo\":{\"@type\":\"ImageObject\",\"inLanguage\":\"es\",\"@id\":\"https:\\\/\\\/www.jetcraft.com\\\/es\\\/#\\\/schema\\\/logo\\\/image\\\/\",\"url\":\"https:\\\/\\\/www.jetcraft.com\\\/wp-content\\\/uploads\\\/2026\\\/02\\\/jetcraft-2022-logo.png\",\"contentUrl\":\"https:\\\/\\\/www.jetcraft.com\\\/wp-content\\\/uploads\\\/2026\\\/02\\\/jetcraft-2022-logo.png\",\"width\":514,\"height\":86,\"caption\":\"Jetcraft\"},\"image\":{\"@id\":\"https:\\\/\\\/www.jetcraft.com\\\/es\\\/#\\\/schema\\\/logo\\\/image\\\/\"}}]}<\/script>\n<!-- \/ Yoast SEO plugin. -->","yoast_head_json":{"title":"Empleo | \u00danase al equipo de Jetcraft","description":"Jetcraft es un equipo de personas con talento para resolver problemas, centrado en crear una experiencia excepcional para los clientes. Descubra la mejor y m\u00e1s brillante industria aeron\u00e1utica.","robots":{"index":"index","follow":"follow","max-snippet":"max-snippet:-1","max-image-preview":"max-image-preview:large","max-video-preview":"max-video-preview:-1"},"canonical":"https:\/\/www.jetcraft.com\/es\/empresa\/trabajos\/","og_locale":"es_ES","og_type":"article","og_title":"Empleo | \u00danase al equipo de Jetcraft","og_description":"Jetcraft es un equipo de personas con talento para resolver problemas, centrado en crear una experiencia excepcional para los clientes. Descubra la mejor y m\u00e1s brillante industria aeron\u00e1utica.","og_url":"https:\/\/www.jetcraft.com\/es\/empresa\/trabajos\/","og_site_name":"Jetcraft","article_modified_time":"2017-12-14T13:52:23+00:00","twitter_card":"summary_large_image","schema":{"@context":"https:\/\/schema.org","@graph":[{"@type":"WebPage","@id":"https:\/\/www.jetcraft.com\/es\/empresa\/trabajos\/","url":"https:\/\/www.jetcraft.com\/es\/empresa\/trabajos\/","name":"Empleo | \u00danase al equipo de Jetcraft","isPartOf":{"@id":"https:\/\/www.jetcraft.com\/es\/#website"},"datePublished":"2016-02-19T00:33:46+00:00","dateModified":"2017-12-14T13:52:23+00:00","description":"Jetcraft es un equipo de personas con talento para resolver problemas, centrado en crear una experiencia excepcional para los clientes. Descubra la mejor y m\u00e1s brillante industria aeron\u00e1utica.","breadcrumb":{"@id":"https:\/\/www.jetcraft.com\/es\/empresa\/trabajos\/#breadcrumb"},"inLanguage":"es","potentialAction":[{"@type":"ReadAction","target":["https:\/\/www.jetcraft.com\/es\/empresa\/trabajos\/"]}]},{"@type":"BreadcrumbList","@id":"https:\/\/www.jetcraft.com\/es\/empresa\/trabajos\/#breadcrumb","itemListElement":[{"@type":"ListItem","position":1,"name":"Empresa","item":"https:\/\/www.jetcraft.com\/es\/empresa\/"},{"@type":"ListItem","position":2,"name":"Trabajos"}]},{"@type":"WebSite","@id":"https:\/\/www.jetcraft.com\/es\/#website","url":"https:\/\/www.jetcraft.com\/es\/","name":"Jetcraft","description":"The Original Cloud-Based Network","publisher":{"@id":"https:\/\/www.jetcraft.com\/es\/#organization"},"potentialAction":[{"@type":"SearchAction","target":{"@type":"EntryPoint","urlTemplate":"https:\/\/www.jetcraft.com\/es\/?s={search_term_string}"},"query-input":{"@type":"PropertyValueSpecification","valueRequired":true,"valueName":"search_term_string"}}],"inLanguage":"es"},{"@type":"Organization","@id":"https:\/\/www.jetcraft.com\/es\/#organization","name":"Jetcraft","url":"https:\/\/www.jetcraft.com\/es\/","logo":{"@type":"ImageObject","inLanguage":"es","@id":"https:\/\/www.jetcraft.com\/es\/#\/schema\/logo\/image\/","url":"https:\/\/www.jetcraft.com\/wp-content\/uploads\/2026\/02\/jetcraft-2022-logo.png","contentUrl":"https:\/\/www.jetcraft.com\/wp-content\/uploads\/2026\/02\/jetcraft-2022-logo.png","width":514,"height":86,"caption":"Jetcraft"},"image":{"@id":"https:\/\/www.jetcraft.com\/es\/#\/schema\/logo\/image\/"}}]}},"_links":{"self":[{"href":"https:\/\/www.jetcraft.com\/es\/wp-json\/wp\/v2\/pages\/20768","targetHints":{"allow":["GET"]}}],"collection":[{"href":"https:\/\/www.jetcraft.com\/es\/wp-json\/wp\/v2\/pages"}],"about":[{"href":"https:\/\/www.jetcraft.com\/es\/wp-json\/wp\/v2\/types\/page"}],"author":[{"embeddable":true,"href":"https:\/\/www.jetcraft.com\/es\/wp-json\/wp\/v2\/users\/1"}],"replies":[{"embeddable":true,"href":"https:\/\/www.jetcraft.com\/es\/wp-json\/wp\/v2\/comments?post=20768"}],"version-history":[{"count":0,"href":"https:\/\/www.jetcraft.com\/es\/wp-json\/wp\/v2\/pages\/20768\/revisions"}],"up":[{"embeddable":true,"href":"https:\/\/www.jetcraft.com\/es\/wp-json\/wp\/v2\/pages\/20762"}],"wp:attachment":[{"href":"https:\/\/www.jetcraft.com\/es\/wp-json\/wp\/v2\/media?parent=20768"}],"curies":[{"name":"wp","href":"https:\/\/api.w.org\/{rel}","templated":true}]}}