{"id":20778,"date":"2016-02-18T20:33:53","date_gmt":"2016-02-19T00:33:53","guid":{"rendered":"http:\/\/www.www.jetcraft.com\/es\/empresa\/privacy\/"},"modified":"2018-06-07T09:44:02","modified_gmt":"2018-06-07T13:44:02","slug":"privacidad","status":"publish","type":"page","link":"https:\/\/www.jetcraft.com\/es\/empresa\/privacidad\/","title":{"rendered":"Pol\u00edtica de privacidad"},"content":{"rendered":"<p><strong>Nuestro compromiso con la privacidad<\/strong><br \/>\nSu privacidad es muy importante para nosotros. Para ofrecerle una mejor protecci\u00f3n, le proporcionamos este aviso en el que detallamos nuestras pr\u00e1cticas de informaci\u00f3n en l\u00ednea y las elecciones que puede tomar sobre la manera en la que recopilamos y usamos su informaci\u00f3n.<\/p>\n<p><strong>La informaci\u00f3n que recopilamos<\/strong><br \/>\nEste aviso se aplica a toda la informaci\u00f3n recopilada o enviada al sitio web de Jetcraft. En algunas p\u00e1ginas, puede realizar solicitudes y registrarse para recibir materiales. Los tipos de informaci\u00f3n personal que estas p\u00e1ginas recogen son el nombre, t\u00edtulo, empresa, direcci\u00f3n, correo electr\u00f3nico, n\u00famero de tel\u00e9fono, n\u00famero de fax y aeronave de su inter\u00e9s.<\/p>\n<p><strong>C\u00f3mo usamos la informaci\u00f3n<\/strong><br \/>\nUtilizamos la informaci\u00f3n personal que usted proporciona \u00fanicamente para enviarle la informaci\u00f3n solicitada. No compartimos esta informaci\u00f3n con terceros.<\/p>\n<p>Utilizamos las direcciones de correo electr\u00f3nico de respuesta para responde a los correos que recibimos. Estas direcciones se comparten con nuestros vendedores de difusi\u00f3n, pero no se utilizan para ning\u00fan otro prop\u00f3sito, y no se comparten con terceros.<\/p>\n<p>Puede registrarse en nuestra p\u00e1gina web si desea recibir actualizaciones sobre nuestros nuevos productos y servicios. La informaci\u00f3n enviada a trav\u00e9s de nuestro sitio web no se utilizar\u00e1 a este efecto a menos que rellene el formulario de registro. Nuestra comunicaci\u00f3n por correo electr\u00f3nico contiene la opci\u00f3n para eliminar la suscripci\u00f3n. Respetamos todas las solicitudes de dejar de participar en comunicaci\u00f3n por correo electr\u00f3nico. Jetcraft est\u00e1 comprometido en proteger su informaci\u00f3n personal y cumple con la Normativa General de Protecci\u00f3n de Datos (GDPR). Para administrar sus preferencias de suscripci\u00f3n o eliminar completamente su suscripci\u00f3n visite el sitio <a href=\"https:\/\/www.jetcraft.com\/preferences\/\" target=\"_blank\">https:\/\/www.jetcraft.com\/preferences\/<\/a>.<\/p>\n<p>Finalmente, nunca compartimos ni utilizamos informaci\u00f3n personalmente identificable ofrecida en l\u00ednea por usted por medios distintos a los descritos m\u00e1s arriba, sin darle a su vez la oportunidad de eliminar la suscripci\u00f3n o prohibir usos no relacionados por otra v\u00eda.<\/p>\n<p><strong>Nuestro compromiso con la seguridad de datos<\/strong><br \/>\nPara prevenir accesos no autorizados, mantener la correcci\u00f3n de los datos, y asegurar el uso correcto de la informaci\u00f3n, hemos llevado a cabo medidas apropiadas f\u00edsicas, electr\u00f3nicas y de gesti\u00f3n para proteger y asegurar la informaci\u00f3n que recopilamos en l\u00ednea.<\/p>\n<p><strong>Pol\u00edtica de cookies<\/strong><br \/>\nLas cookies son archivos de texto muy peque\u00f1os que se almacenan en su ordenador cuando visita algunos sitios web. Al usar este sitio web, acepta autom\u00e1ticamente nuestro uso de cookies, as\u00ed como el almacenamiento y lectura de cookies en su dispositivo. Puede elegir restringir o bloquear las cookies cambiando los ajustes de su navegador en cualquier momento. Tambi\u00e9n puede inhabilitar las cookies ya almacenadas en su ordenador, pero entonces es posible que nuestro sitio web no funcione correctamente. Las dos cookies utilizadas por nosotros son cookies de funcionalidad, que utilizamos para identificar su ordenador y as\u00ed adaptar su experiencia de usuario en la p\u00e1gina web. Utilizamos estas cookies con los siguientes prop\u00f3sitos: 1) registrar y guardar los anuncios de aeronaves que haya visto, para que el sitio pueda sugerirle aeronaves similares, y 2) registrar y guardar la aeronave que haya marcado como \u00abfavorita\u00bb y despu\u00e9s usar esta cookie como referencia cuando visite nuestra p\u00e1gina de favoritos.<\/p>\n<p>Es posible que terceros (como servicios de an\u00e1lisis de sitios web o servicios de env\u00edo de formularios) usen cookies de rendimiento para informarnos de c\u00f3mo se ha usado el sitio web con el objetivo de ayudarnos a mejorar el sitio. Es posible que recibamos servicios de esos terceros, incluyendo an\u00e1lisis de sitios web y detalles de formulario.<\/p>\n<p><strong>Seguimiento en l\u00ednea<\/strong><br \/>\nEn la actualidad seguimos las solicitudes de No Seguir enviadas desde un navegador o de otros mecanismos de bloqueo. Utilizamos software de terceros para seguir el comportamiento de los usuarios, que nos informa sobre c\u00f3mo hacer el sitio web m\u00e1s relevante y f\u00e1cil de usar para nuestros clientes. Por favor, consulte nuestra Pol\u00edtica de cookies m\u00e1s arriba.<\/p>\n<p><strong>Enlaces<\/strong><br \/>\nEste sitio web puede contener enlaces a otros sitios. Por favor, tenga en cuenta que Jetcraft no se responsabiliza de las pr\u00e1cticas de privacidad de estos otros sitios.<\/p>\n<p><strong>Nuestro compromiso con la privacidad infantil<\/strong><br \/>\nEste sitio web no est\u00e1 dise\u00f1ado ni tiene el prop\u00f3sito de atraer a ni\u00f1os menores de 13 a\u00f1os. No recopilamos ni mantenemos datos personalmente identificables de ninguna persona que sepamos menor de 13 a\u00f1os.<\/p>\n<p><strong>C\u00f3mo contactar con nosotros<\/strong><br \/>\nSi tiene otras preguntas o dudas sobre nuestras pol\u00edticas de privacidad, llame al +1 919 941 8400.<\/p>\n","protected":false},"excerpt":{"rendered":"<p>Nuestro compromiso con la privacidad Su privacidad es muy importante para nosotros. Para ofrecerle una mejor protecci\u00f3n, le proporcionamos este aviso en el que detallamos nuestras pr\u00e1cticas de informaci\u00f3n en l\u00ednea y las elecciones que puede tomar sobre la manera en la que recopilamos y usamos su informaci\u00f3n. La informaci\u00f3n que recopilamos Este aviso se&#8230;<\/p>\n","protected":false},"author":1,"featured_media":0,"parent":20762,"menu_order":0,"comment_status":"closed","ping_status":"closed","template":"","meta":{"_acf_changed":false,"inline_featured_image":false,"footnotes":""},"class_list":["post-20778","page","type-page","status-publish","hentry"],"acf":[],"yoast_head":"<!-- This site is optimized with the Yoast SEO plugin v27.1.1 - https:\/\/yoast.com\/product\/yoast-seo-wordpress\/ -->\n<title>Nuestro compromiso con la privacidad | Pol\u00edtica de privacidad | Jetcraft<\/title>\n<meta name=\"description\" content=\"Jetcraft se compromete a mantener su privacidad. Solo utilizamos la informaci\u00f3n que nos da cuando investigamos una aeronave para enviarle lo que nos ha pedido.\" \/>\n<meta name=\"robots\" content=\"index, follow, max-snippet:-1, max-image-preview:large, max-video-preview:-1\" \/>\n<link rel=\"canonical\" href=\"https:\/\/www.jetcraft.com\/es\/empresa\/privacidad\/\" \/>\n<meta property=\"og:locale\" content=\"es_ES\" \/>\n<meta property=\"og:type\" content=\"article\" \/>\n<meta property=\"og:title\" content=\"Nuestro compromiso con la privacidad | Pol\u00edtica de privacidad | Jetcraft\" \/>\n<meta property=\"og:description\" content=\"Jetcraft se compromete a mantener su privacidad. Solo utilizamos la informaci\u00f3n que nos da cuando investigamos una aeronave para enviarle lo que nos ha pedido.\" \/>\n<meta property=\"og:url\" content=\"https:\/\/www.jetcraft.com\/es\/empresa\/privacidad\/\" \/>\n<meta property=\"og:site_name\" content=\"Jetcraft\" \/>\n<meta property=\"article:modified_time\" content=\"2018-06-07T13:44:02+00:00\" \/>\n<meta name=\"twitter:card\" content=\"summary_large_image\" \/>\n<meta name=\"twitter:label1\" content=\"Est. reading time\" \/>\n\t<meta name=\"twitter:data1\" content=\"4 minutos\" \/>\n<script type=\"application\/ld+json\" class=\"yoast-schema-graph\">{\"@context\":\"https:\/\/schema.org\",\"@graph\":[{\"@type\":\"WebPage\",\"@id\":\"https:\/\/www.jetcraft.com\/es\/empresa\/privacidad\/\",\"url\":\"https:\/\/www.jetcraft.com\/es\/empresa\/privacidad\/\",\"name\":\"Nuestro compromiso con la privacidad | Pol\u00edtica de privacidad | Jetcraft\",\"isPartOf\":{\"@id\":\"https:\/\/www.jetcraft.com\/es\/#website\"},\"datePublished\":\"2016-02-19T00:33:53+00:00\",\"dateModified\":\"2018-06-07T13:44:02+00:00\",\"description\":\"Jetcraft se compromete a mantener su privacidad. Solo utilizamos la informaci\u00f3n que nos da cuando investigamos una aeronave para enviarle lo que nos ha pedido.\",\"breadcrumb\":{\"@id\":\"https:\/\/www.jetcraft.com\/es\/empresa\/privacidad\/#breadcrumb\"},\"inLanguage\":\"es\",\"potentialAction\":[{\"@type\":\"ReadAction\",\"target\":[\"https:\/\/www.jetcraft.com\/es\/empresa\/privacidad\/\"]}]},{\"@type\":\"BreadcrumbList\",\"@id\":\"https:\/\/www.jetcraft.com\/es\/empresa\/privacidad\/#breadcrumb\",\"itemListElement\":[{\"@type\":\"ListItem\",\"position\":1,\"name\":\"Empresa\",\"item\":\"https:\/\/www.jetcraft.com\/es\/empresa\/\"},{\"@type\":\"ListItem\",\"position\":2,\"name\":\"Pol\u00edtica de privacidad\"}]},{\"@type\":\"WebSite\",\"@id\":\"https:\/\/www.jetcraft.com\/es\/#website\",\"url\":\"https:\/\/www.jetcraft.com\/es\/\",\"name\":\"Jetcraft\",\"description\":\"The Original Cloud-Based Network\",\"publisher\":{\"@id\":\"https:\/\/www.jetcraft.com\/es\/#organization\"},\"potentialAction\":[{\"@type\":\"SearchAction\",\"target\":{\"@type\":\"EntryPoint\",\"urlTemplate\":\"https:\/\/www.jetcraft.com\/es\/?s={search_term_string}\"},\"query-input\":{\"@type\":\"PropertyValueSpecification\",\"valueRequired\":true,\"valueName\":\"search_term_string\"}}],\"inLanguage\":\"es\"},{\"@type\":\"Organization\",\"@id\":\"https:\/\/www.jetcraft.com\/es\/#organization\",\"name\":\"Jetcraft\",\"url\":\"https:\/\/www.jetcraft.com\/es\/\",\"logo\":{\"@type\":\"ImageObject\",\"inLanguage\":\"es\",\"@id\":\"https:\/\/www.jetcraft.com\/es\/#\/schema\/logo\/image\/\",\"url\":\"https:\/\/www.jetcraft.com\/wp-content\/uploads\/2026\/02\/jetcraft-2022-logo.png\",\"contentUrl\":\"https:\/\/www.jetcraft.com\/wp-content\/uploads\/2026\/02\/jetcraft-2022-logo.png\",\"width\":514,\"height\":86,\"caption\":\"Jetcraft\"},\"image\":{\"@id\":\"https:\/\/www.jetcraft.com\/es\/#\/schema\/logo\/image\/\"}}]}<\/script>\n<!-- \/ Yoast SEO plugin. -->","yoast_head_json":{"title":"Nuestro compromiso con la privacidad | Pol\u00edtica de privacidad | Jetcraft","description":"Jetcraft se compromete a mantener su privacidad. Solo utilizamos la informaci\u00f3n que nos da cuando investigamos una aeronave para enviarle lo que nos ha pedido.","robots":{"index":"index","follow":"follow","max-snippet":"max-snippet:-1","max-image-preview":"max-image-preview:large","max-video-preview":"max-video-preview:-1"},"canonical":"https:\/\/www.jetcraft.com\/es\/empresa\/privacidad\/","og_locale":"es_ES","og_type":"article","og_title":"Nuestro compromiso con la privacidad | Pol\u00edtica de privacidad | Jetcraft","og_description":"Jetcraft se compromete a mantener su privacidad. Solo utilizamos la informaci\u00f3n que nos da cuando investigamos una aeronave para enviarle lo que nos ha pedido.","og_url":"https:\/\/www.jetcraft.com\/es\/empresa\/privacidad\/","og_site_name":"Jetcraft","article_modified_time":"2018-06-07T13:44:02+00:00","twitter_card":"summary_large_image","twitter_misc":{"Est. reading time":"4 minutos"},"schema":{"@context":"https:\/\/schema.org","@graph":[{"@type":"WebPage","@id":"https:\/\/www.jetcraft.com\/es\/empresa\/privacidad\/","url":"https:\/\/www.jetcraft.com\/es\/empresa\/privacidad\/","name":"Nuestro compromiso con la privacidad | Pol\u00edtica de privacidad | Jetcraft","isPartOf":{"@id":"https:\/\/www.jetcraft.com\/es\/#website"},"datePublished":"2016-02-19T00:33:53+00:00","dateModified":"2018-06-07T13:44:02+00:00","description":"Jetcraft se compromete a mantener su privacidad. Solo utilizamos la informaci\u00f3n que nos da cuando investigamos una aeronave para enviarle lo que nos ha pedido.","breadcrumb":{"@id":"https:\/\/www.jetcraft.com\/es\/empresa\/privacidad\/#breadcrumb"},"inLanguage":"es","potentialAction":[{"@type":"ReadAction","target":["https:\/\/www.jetcraft.com\/es\/empresa\/privacidad\/"]}]},{"@type":"BreadcrumbList","@id":"https:\/\/www.jetcraft.com\/es\/empresa\/privacidad\/#breadcrumb","itemListElement":[{"@type":"ListItem","position":1,"name":"Empresa","item":"https:\/\/www.jetcraft.com\/es\/empresa\/"},{"@type":"ListItem","position":2,"name":"Pol\u00edtica de privacidad"}]},{"@type":"WebSite","@id":"https:\/\/www.jetcraft.com\/es\/#website","url":"https:\/\/www.jetcraft.com\/es\/","name":"Jetcraft","description":"The Original Cloud-Based Network","publisher":{"@id":"https:\/\/www.jetcraft.com\/es\/#organization"},"potentialAction":[{"@type":"SearchAction","target":{"@type":"EntryPoint","urlTemplate":"https:\/\/www.jetcraft.com\/es\/?s={search_term_string}"},"query-input":{"@type":"PropertyValueSpecification","valueRequired":true,"valueName":"search_term_string"}}],"inLanguage":"es"},{"@type":"Organization","@id":"https:\/\/www.jetcraft.com\/es\/#organization","name":"Jetcraft","url":"https:\/\/www.jetcraft.com\/es\/","logo":{"@type":"ImageObject","inLanguage":"es","@id":"https:\/\/www.jetcraft.com\/es\/#\/schema\/logo\/image\/","url":"https:\/\/www.jetcraft.com\/wp-content\/uploads\/2026\/02\/jetcraft-2022-logo.png","contentUrl":"https:\/\/www.jetcraft.com\/wp-content\/uploads\/2026\/02\/jetcraft-2022-logo.png","width":514,"height":86,"caption":"Jetcraft"},"image":{"@id":"https:\/\/www.jetcraft.com\/es\/#\/schema\/logo\/image\/"}}]}},"_links":{"self":[{"href":"https:\/\/www.jetcraft.com\/es\/wp-json\/wp\/v2\/pages\/20778","targetHints":{"allow":["GET"]}}],"collection":[{"href":"https:\/\/www.jetcraft.com\/es\/wp-json\/wp\/v2\/pages"}],"about":[{"href":"https:\/\/www.jetcraft.com\/es\/wp-json\/wp\/v2\/types\/page"}],"author":[{"embeddable":true,"href":"https:\/\/www.jetcraft.com\/es\/wp-json\/wp\/v2\/users\/1"}],"replies":[{"embeddable":true,"href":"https:\/\/www.jetcraft.com\/es\/wp-json\/wp\/v2\/comments?post=20778"}],"version-history":[{"count":0,"href":"https:\/\/www.jetcraft.com\/es\/wp-json\/wp\/v2\/pages\/20778\/revisions"}],"up":[{"embeddable":true,"href":"https:\/\/www.jetcraft.com\/es\/wp-json\/wp\/v2\/pages\/20762"}],"wp:attachment":[{"href":"https:\/\/www.jetcraft.com\/es\/wp-json\/wp\/v2\/media?parent=20778"}],"curies":[{"name":"wp","href":"https:\/\/api.w.org\/{rel}","templated":true}]}}