{"id":20779,"date":"2016-02-18T20:34:00","date_gmt":"2016-02-19T00:34:00","guid":{"rendered":"http:\/\/www.www.jetcraft.com\/es\/empresa\/legal\/"},"modified":"2025-05-22T15:37:27","modified_gmt":"2025-05-22T19:37:27","slug":"legal","status":"publish","type":"page","link":"https:\/\/www.jetcraft.com\/es\/empresa\/legal\/","title":{"rendered":"T\u00e9rminos y condiciones de uso"},"content":{"rendered":"<p>Este sitio web es ofrecido por Jetcraft Corporation (en adelante, \u00abJetcraft\u00bb) bajo los siguientes T\u00e9rminos y Condiciones (en adelante, los \u00abT\u00e9rminos y Condiciones\u00bb o \u00abEl Acuerdo\u00bb). Le pedimos que revise estos T\u00e9rminos y Condiciones, que constituyen un acuerdo vinculante que condiciona su uso de este sitio web. Aunque usted podr\u00eda \u00abmarcar como favorito\u00bb una parte de este sitio web, sorteando de esta manera el Acuerdo, su uso del sitio web sigue manteni\u00e9ndole sujeto a los T\u00e9rminos y Condiciones. Jetcraft se reserva el derecho de actualizar o de modificar estos T\u00e9rminos y Condiciones en todo momento sin previo aviso. Su uso del sitio web de Jetcraft despu\u00e9s de un cambio como el descrito constituye un acuerdo incondicional por su parte de seguir y de mantenerse sujeto a los T\u00e9rminos y Condiciones cambiados. Si, despu\u00e9s de leerlo, no desea mantenerse sujeto a los t\u00e9rminos de este Acuerdo, por favor, abandone el sitio web. Sin embargo, si permanece en el sitio web o vuelve a este, acepta estar sujeto por los t\u00e9rminos de este acuerdo.<\/p>\n<p><strong>Copyrights y marcas registradas<\/strong><br \/>\nTodo el contenido incluido en este sitio web, como texto, gr\u00e1ficos, logos, iconos, im\u00e1genes o clips de audio, son la propiedad de Jetcraft o de sus proveedores de contenido, y se hallan protegidos por leyes de Copyright estadounidenses e internacionales. La compilaci\u00f3n de todo el contenido de este sitio web es propiedad exclusiva de Jetcraft, y est\u00e1 protegida por leyes de copyright estadounidenses e internacionales. Todas las marcas registradas usadas o mencionadas en este sitio web son propiedad respectiva de sus propietarios. Todos los derechos no expresados expl\u00edcitamente quedan por la presente reservados. Jetcraft\u00ae es una marca registrada de Jetcraft Corporation.<\/p>\n<p><strong>Licencia<\/strong><br \/>\nEl presente documento le otorga una licencia no exclusiva de uso, \u00fanicamente con fines legales, del material de este sitio web (a continuaci\u00f3n, \u00abContenido\u00bb) en conexi\u00f3n con este sitio web. Se le proporciona asimismo una licencia limitada de imprimir copias de cualquier Contenido publicado en este sitio web \u00fanicamente para su uso personal. Salvo en la medida necesaria para el prop\u00f3sito limitado de revisar el material de este sitio web, est\u00e1n prohibidas la reproducci\u00f3n electr\u00f3nica, adaptaci\u00f3n, distribuci\u00f3n, ejecuci\u00f3n o exhibici\u00f3n de este. Est\u00e1 prohibido realizar cambios o eliminar los avisos de copyright. El uso de cualquiera de nuestras marcas registradas como metaetiquetas est\u00e1 estrictamente prohibido. Est\u00e1 prohibido exhibir este sitio web o mediante marcos o mostrar parte del contenido mediante enlaces en l\u00ednea sin nuestro permiso previo por escrito, que puede solicitarse llamando al 919-941-8400. Usted se compromete a no utilizar este sitio web para cargar, publicar, enviar por correo electr\u00f3nico, transmitir o publicar de cualquier manera cualquier contenido que infrinja patentes, marcas, secretos comerciales, derechos de autor u otros derechos propietarios de Jetcraft o cualquier otra entidad o individuo.<\/p>\n<p><strong>Enlaces<\/strong><br \/>\nSi bien puede ser posible enlazar o conectar de cualquier otra manera este sitio web con otros sitios web, dicha conexi\u00f3n se realiza bajo su propio riesgo. Al enlazar desde este sitio web a otros sitios web, Jetcraft no respalda ni de ninguna manera se hace responsable del contenido que pueda ser publicado ni de eventos que puedan ocurrir en esos otros sitios web.<\/p>\n<p><strong>Limitaci\u00f3n de responsabilidad<\/strong><br \/>\nPor el presente documento, usted da su acuerdo a que Jetcraft no se haga responsable por cualquier da\u00f1o o p\u00e9rdida directos, indirectos, incidentales, especiales, consecuentes, ejemplares o punitivos, incluyendo entre otros p\u00e9rdidas y da\u00f1os por ingresos y beneficios perdidos, basados en o relacionados con el uso de cualquier contenido publicado en este sitio web o al que se haya accedido a trav\u00e9s de este sitio web o de sitios web enlazados a este, o con copias, publicaciones o uso de estas, incluso si Jetcraft ha sido notificado de la posibilidad de estas p\u00e9rdidas o da\u00f1os, sin importar si la demanda est\u00e1 basada en incumplimiento del contrato o garant\u00eda, negligencia u otro agravio, responsabilidad directa o cualquier otra teor\u00eda de la responsabilidad.<\/p>\n<p>Algunas jurisdicciones no permiten la exclusi\u00f3n de algunas garant\u00edas o la limitaci\u00f3n o exclusi\u00f3n de responsabilidad por da\u00f1os indirectos o consecuentes. De acuerdo con esto, es posible que algunas de las limitaciones CONTENIDAS EN EL P\u00c1RRAFO ANTERIOR no sean aplicables a su caso.<\/p>\n<p><strong>Renuncia de garant\u00edas<\/strong><br \/>\nUsted acepta expresamente que el uso de este sitio web es bajo su propio riesgo. Todos los materiales y servicios de este sitio web se ofrecen \u00abtal y como est\u00e1n\u00bb, sin ning\u00fan tipo de garant\u00eda. El Contenido publicado en este sitio web puede contener inexactitudes y errores tipogr\u00e1ficos. Jetcraft no realiza ninguna representaci\u00f3n y, en la medida permitida por la ley, renuncia a cualquier garant\u00eda, expresa o impl\u00edcita, incluyendo, sin limitarse a, las garant\u00edas de comerciabilidad y adecuaci\u00f3n para un prop\u00f3sito particular, en cuanto a la idoneidad de la informaci\u00f3n, la precisi\u00f3n, la fiabilidad, integridad o actualidad de los contenidos, textos, gr\u00e1ficos, enlaces u otros elementos contenidos en este sitio web, o los resultados obtenidos a partir del acceso y uso de este sitio web o de su Contenido. Jetcraft no garantiza que este sitio web o que cualquier funci\u00f3n contenida EN EL PRESENTE DOCUMENTO se presenten de manera ininterrumpida o desprovista de errores, que los defectos vayan a ser reparados, o que este sitio web est\u00e9 libre de virus o de componentes da\u00f1inos de cualquier tipo.<\/p>\n<p><strong>Indemnizaci\u00f3n<\/strong><br \/>\nAl usar este sitio web, en la medida en la que lo permita la ley, usted acepta indemnizar y mantener indemne a Jetcraft y sus empresas subsidiarias, afiliados, directores, agentes y empleados de cualquier tipo de responsabilidades, gastos (incluyendo costes de abogados) y da\u00f1os causados por reclamaciones resultantes de su uso o abuso de este sitio web, incluyendo, de manera no limitativa, reclamaciones sobre hechos que, si fueran ciertos, constituir\u00edan una violaci\u00f3n por su parte de estos T\u00e9rminos y Condiciones.<\/p>\n<p><strong>Modificaci\u00f3n y extinci\u00f3n<\/strong><br \/>\nUsted acepta que podemos, a nuestra entera discreci\u00f3n, modificar los T\u00e9rminos de este Acuerdo o discontinuar este sitio web sin previo aviso, y que su derecho de acceso a este sitio web es dependiente de manera continua de su cumplimiento de la versi\u00f3n actual de los presentes T\u00e9rminos y Condiciones.<\/p>\n<p><strong>Pol\u00edtica de privacidad<\/strong><br \/>\nPara saber m\u00e1s sobre las pol\u00edticas de protecci\u00f3n de datos de Jetcraft, consulte nuestra pol\u00edtica de privacidad en <a href=\"https:\/\/www.jetcraft.com\/es\/empresa\/privacidad\/\">www.www.jetcraft.com\/empresa\/privacidad\/<\/a>.<\/p>\n<p><strong>Jurisdicci\u00f3n<\/strong><br \/>\nEl presente Acuerdo, as\u00ed como su uso de este sitio web, se rigen por la ley estatal de Carolina del Norte. Al usar este sitio web, usted da su acuerdo de que cualquier disputa relativa al presente Acuerdo y su uso de este sitio web o derivada de estos pertenezca exclusivamente a la jurisdicci\u00f3n del tribunal estatal o federal de Raleigh, Carolina del Norte, y renuncia a cualquier reclamaci\u00f3n basada en forum non conveniens, as\u00ed como en cualquier otra objeci\u00f3n basada en el lugar de la susodicha acci\u00f3n. Jetcraft no asume que este sitio (incluyendo el contenido o los servicios ofrecidos en este o a trav\u00e9s de este) sean apropiados o est\u00e9n disponibles para lugares fuera de los Estados Unidos de Am\u00e9rica. Est\u00e1 prohibido hacer uso de este sitio web en territorios donde su uso sea ilegal. Su uso fuera de los Estados Unidos de Am\u00e9rica es a su cuenta y riesgo, y usted se responsabiliza del cumplimiento de todas las leyes locales.<\/p>\n<p><strong>General<\/strong><br \/>\nA menos que se especifique lo contrario expl\u00edcitamente en el presente documento, este Acuerdo representa la totalidad de su acuerdo entre usted y Jetcraft respecto a este sitio web, y sustituye cualquier otra comunicaci\u00f3n anterior o actual entre usted y Jetcraft relativa a este sitio web. La no acci\u00f3n de Jetcraft respecto a un incumplimiento de este acuerdo por parte de usted o de otros no constituye una exenci\u00f3n, y no limita los derechos de Jetcraft respecto a este incumplimiento o incumplimientos posteriores. Si se determina que cualquier disposici\u00f3n del Acuerdo sea considerada nula o no aplicable, dicha disposici\u00f3n debe reformarse solamente hasta donde sea necesario a fin de que refleje la legalidad aplicable, manteniendo, en la medida de lo posible, las intenciones originales de ambas partes, y el resto del Acuerdo permanecer\u00e1 en pleno vigor y efecto.<\/p>\n<p><strong>Especificaciones de la aeronave<\/strong><br \/>\nEstas especificaciones o descripciones se ofrecen \u00fanicamente como informaci\u00f3n introductoria, y no constituyen representaciones o garant\u00edas. La verificaci\u00f3n de las especificaciones es responsabilidad \u00fanica del comprador. Los aviones est\u00e1n sujetos a venta, alquiler o retirada del mercado previos sin previo aviso.<\/p>\n<h1>Documentos fiscales<\/h1>\n<p><a href=\"https:\/\/www.jetcraft.com\/wp-content\/uploads\/2025\/05\/TAX-STRATEGY-Jetcraft-Global-UK-FY25-003.pdf\" target=\"_blank\" rel=\"noopener noreferrer\">Haga clic aqu\u00ed<\/a> para ver la estrategia fiscal de Jetcraft Global (UK) Limited, la empresa matriz del Grupo Jetcraft.<\/p>\n<p>Copyright \u00a9 2026 Jetcraft Corporation. Todos los derechos reservados.<\/p>\n","protected":false},"excerpt":{"rendered":"<p>Este sitio web es ofrecido por Jetcraft Corporation (en adelante, \u00abJetcraft\u00bb) bajo los siguientes T\u00e9rminos y Condiciones (en adelante, los \u00abT\u00e9rminos y Condiciones\u00bb o \u00abEl Acuerdo\u00bb). Le pedimos que revise estos T\u00e9rminos y Condiciones, que constituyen un acuerdo vinculante que condiciona su uso de este sitio web. Aunque usted podr\u00eda \u00abmarcar como favorito\u00bb una parte&#8230;<\/p>\n","protected":false},"author":1,"featured_media":0,"parent":20762,"menu_order":0,"comment_status":"closed","ping_status":"closed","template":"","meta":{"_acf_changed":false,"inline_featured_image":false,"footnotes":""},"class_list":["post-20779","page","type-page","status-publish","hentry"],"acf":[],"yoast_head":"<!-- This site is optimized with the Yoast SEO plugin v27.5 - https:\/\/yoast.com\/product\/yoast-seo-wordpress\/ -->\n<title>T\u00e9rminos y condiciones de uso | Jetcraft<\/title>\n<meta name=\"description\" content=\"Para m\u00e1s informaci\u00f3n sobre los derechos y marcas registradas de Jetcraft, sus licencias, responsabilidades o avisos legales, consulte nuestros T\u00e9rminos y condiciones.\" \/>\n<meta name=\"robots\" content=\"index, follow, max-snippet:-1, max-image-preview:large, max-video-preview:-1\" \/>\n<link rel=\"canonical\" href=\"https:\/\/www.jetcraft.com\/es\/empresa\/legal\/\" \/>\n<meta property=\"og:locale\" content=\"es_ES\" \/>\n<meta property=\"og:type\" content=\"article\" \/>\n<meta property=\"og:title\" content=\"T\u00e9rminos y condiciones de uso | Jetcraft\" \/>\n<meta property=\"og:description\" content=\"Para m\u00e1s informaci\u00f3n sobre los derechos y marcas registradas de Jetcraft, sus licencias, responsabilidades o avisos legales, consulte nuestros T\u00e9rminos y condiciones.\" \/>\n<meta property=\"og:url\" content=\"https:\/\/www.jetcraft.com\/es\/empresa\/legal\/\" \/>\n<meta property=\"og:site_name\" content=\"Jetcraft\" \/>\n<meta property=\"article:modified_time\" content=\"2025-05-22T19:37:27+00:00\" \/>\n<meta name=\"twitter:card\" content=\"summary_large_image\" \/>\n<meta name=\"twitter:label1\" content=\"Est. reading time\" \/>\n\t<meta name=\"twitter:data1\" content=\"7 minutos\" \/>\n<script type=\"application\/ld+json\" class=\"yoast-schema-graph\">{\"@context\":\"https:\\\/\\\/schema.org\",\"@graph\":[{\"@type\":\"WebPage\",\"@id\":\"https:\\\/\\\/www.jetcraft.com\\\/es\\\/empresa\\\/legal\\\/\",\"url\":\"https:\\\/\\\/www.jetcraft.com\\\/es\\\/empresa\\\/legal\\\/\",\"name\":\"T\u00e9rminos y condiciones de uso | Jetcraft\",\"isPartOf\":{\"@id\":\"https:\\\/\\\/www.jetcraft.com\\\/es\\\/#website\"},\"datePublished\":\"2016-02-19T00:34:00+00:00\",\"dateModified\":\"2025-05-22T19:37:27+00:00\",\"description\":\"Para m\u00e1s informaci\u00f3n sobre los derechos y marcas registradas de Jetcraft, sus licencias, responsabilidades o avisos legales, consulte nuestros T\u00e9rminos y condiciones.\",\"breadcrumb\":{\"@id\":\"https:\\\/\\\/www.jetcraft.com\\\/es\\\/empresa\\\/legal\\\/#breadcrumb\"},\"inLanguage\":\"es\",\"potentialAction\":[{\"@type\":\"ReadAction\",\"target\":[\"https:\\\/\\\/www.jetcraft.com\\\/es\\\/empresa\\\/legal\\\/\"]}]},{\"@type\":\"BreadcrumbList\",\"@id\":\"https:\\\/\\\/www.jetcraft.com\\\/es\\\/empresa\\\/legal\\\/#breadcrumb\",\"itemListElement\":[{\"@type\":\"ListItem\",\"position\":1,\"name\":\"Empresa\",\"item\":\"https:\\\/\\\/www.jetcraft.com\\\/es\\\/empresa\\\/\"},{\"@type\":\"ListItem\",\"position\":2,\"name\":\"T\u00e9rminos y condiciones de uso\"}]},{\"@type\":\"WebSite\",\"@id\":\"https:\\\/\\\/www.jetcraft.com\\\/es\\\/#website\",\"url\":\"https:\\\/\\\/www.jetcraft.com\\\/es\\\/\",\"name\":\"Jetcraft\",\"description\":\"The Original Cloud-Based Network\",\"publisher\":{\"@id\":\"https:\\\/\\\/www.jetcraft.com\\\/es\\\/#organization\"},\"potentialAction\":[{\"@type\":\"SearchAction\",\"target\":{\"@type\":\"EntryPoint\",\"urlTemplate\":\"https:\\\/\\\/www.jetcraft.com\\\/es\\\/?s={search_term_string}\"},\"query-input\":{\"@type\":\"PropertyValueSpecification\",\"valueRequired\":true,\"valueName\":\"search_term_string\"}}],\"inLanguage\":\"es\"},{\"@type\":\"Organization\",\"@id\":\"https:\\\/\\\/www.jetcraft.com\\\/es\\\/#organization\",\"name\":\"Jetcraft\",\"url\":\"https:\\\/\\\/www.jetcraft.com\\\/es\\\/\",\"logo\":{\"@type\":\"ImageObject\",\"inLanguage\":\"es\",\"@id\":\"https:\\\/\\\/www.jetcraft.com\\\/es\\\/#\\\/schema\\\/logo\\\/image\\\/\",\"url\":\"https:\\\/\\\/www.jetcraft.com\\\/wp-content\\\/uploads\\\/2026\\\/02\\\/jetcraft-2022-logo.png\",\"contentUrl\":\"https:\\\/\\\/www.jetcraft.com\\\/wp-content\\\/uploads\\\/2026\\\/02\\\/jetcraft-2022-logo.png\",\"width\":514,\"height\":86,\"caption\":\"Jetcraft\"},\"image\":{\"@id\":\"https:\\\/\\\/www.jetcraft.com\\\/es\\\/#\\\/schema\\\/logo\\\/image\\\/\"}}]}<\/script>\n<!-- \/ Yoast SEO plugin. -->","yoast_head_json":{"title":"T\u00e9rminos y condiciones de uso | Jetcraft","description":"Para m\u00e1s informaci\u00f3n sobre los derechos y marcas registradas de Jetcraft, sus licencias, responsabilidades o avisos legales, consulte nuestros T\u00e9rminos y condiciones.","robots":{"index":"index","follow":"follow","max-snippet":"max-snippet:-1","max-image-preview":"max-image-preview:large","max-video-preview":"max-video-preview:-1"},"canonical":"https:\/\/www.jetcraft.com\/es\/empresa\/legal\/","og_locale":"es_ES","og_type":"article","og_title":"T\u00e9rminos y condiciones de uso | Jetcraft","og_description":"Para m\u00e1s informaci\u00f3n sobre los derechos y marcas registradas de Jetcraft, sus licencias, responsabilidades o avisos legales, consulte nuestros T\u00e9rminos y condiciones.","og_url":"https:\/\/www.jetcraft.com\/es\/empresa\/legal\/","og_site_name":"Jetcraft","article_modified_time":"2025-05-22T19:37:27+00:00","twitter_card":"summary_large_image","twitter_misc":{"Est. reading time":"7 minutos"},"schema":{"@context":"https:\/\/schema.org","@graph":[{"@type":"WebPage","@id":"https:\/\/www.jetcraft.com\/es\/empresa\/legal\/","url":"https:\/\/www.jetcraft.com\/es\/empresa\/legal\/","name":"T\u00e9rminos y condiciones de uso | Jetcraft","isPartOf":{"@id":"https:\/\/www.jetcraft.com\/es\/#website"},"datePublished":"2016-02-19T00:34:00+00:00","dateModified":"2025-05-22T19:37:27+00:00","description":"Para m\u00e1s informaci\u00f3n sobre los derechos y marcas registradas de Jetcraft, sus licencias, responsabilidades o avisos legales, consulte nuestros T\u00e9rminos y condiciones.","breadcrumb":{"@id":"https:\/\/www.jetcraft.com\/es\/empresa\/legal\/#breadcrumb"},"inLanguage":"es","potentialAction":[{"@type":"ReadAction","target":["https:\/\/www.jetcraft.com\/es\/empresa\/legal\/"]}]},{"@type":"BreadcrumbList","@id":"https:\/\/www.jetcraft.com\/es\/empresa\/legal\/#breadcrumb","itemListElement":[{"@type":"ListItem","position":1,"name":"Empresa","item":"https:\/\/www.jetcraft.com\/es\/empresa\/"},{"@type":"ListItem","position":2,"name":"T\u00e9rminos y condiciones de uso"}]},{"@type":"WebSite","@id":"https:\/\/www.jetcraft.com\/es\/#website","url":"https:\/\/www.jetcraft.com\/es\/","name":"Jetcraft","description":"The Original Cloud-Based Network","publisher":{"@id":"https:\/\/www.jetcraft.com\/es\/#organization"},"potentialAction":[{"@type":"SearchAction","target":{"@type":"EntryPoint","urlTemplate":"https:\/\/www.jetcraft.com\/es\/?s={search_term_string}"},"query-input":{"@type":"PropertyValueSpecification","valueRequired":true,"valueName":"search_term_string"}}],"inLanguage":"es"},{"@type":"Organization","@id":"https:\/\/www.jetcraft.com\/es\/#organization","name":"Jetcraft","url":"https:\/\/www.jetcraft.com\/es\/","logo":{"@type":"ImageObject","inLanguage":"es","@id":"https:\/\/www.jetcraft.com\/es\/#\/schema\/logo\/image\/","url":"https:\/\/www.jetcraft.com\/wp-content\/uploads\/2026\/02\/jetcraft-2022-logo.png","contentUrl":"https:\/\/www.jetcraft.com\/wp-content\/uploads\/2026\/02\/jetcraft-2022-logo.png","width":514,"height":86,"caption":"Jetcraft"},"image":{"@id":"https:\/\/www.jetcraft.com\/es\/#\/schema\/logo\/image\/"}}]}},"_links":{"self":[{"href":"https:\/\/www.jetcraft.com\/es\/wp-json\/wp\/v2\/pages\/20779","targetHints":{"allow":["GET"]}}],"collection":[{"href":"https:\/\/www.jetcraft.com\/es\/wp-json\/wp\/v2\/pages"}],"about":[{"href":"https:\/\/www.jetcraft.com\/es\/wp-json\/wp\/v2\/types\/page"}],"author":[{"embeddable":true,"href":"https:\/\/www.jetcraft.com\/es\/wp-json\/wp\/v2\/users\/1"}],"replies":[{"embeddable":true,"href":"https:\/\/www.jetcraft.com\/es\/wp-json\/wp\/v2\/comments?post=20779"}],"version-history":[{"count":0,"href":"https:\/\/www.jetcraft.com\/es\/wp-json\/wp\/v2\/pages\/20779\/revisions"}],"up":[{"embeddable":true,"href":"https:\/\/www.jetcraft.com\/es\/wp-json\/wp\/v2\/pages\/20762"}],"wp:attachment":[{"href":"https:\/\/www.jetcraft.com\/es\/wp-json\/wp\/v2\/media?parent=20779"}],"curies":[{"name":"wp","href":"https:\/\/api.w.org\/{rel}","templated":true}]}}