{"id":20798,"date":"2016-02-10T20:38:57","date_gmt":"2016-02-11T00:38:57","guid":{"rendered":"http:\/\/www.www.jetcraft.com\/es\/knowledge\/app\/"},"modified":"2017-11-09T12:07:51","modified_gmt":"2017-11-09T16:07:51","slug":"app","status":"publish","type":"page","link":"https:\/\/www.jetcraft.com\/es\/conocimiento\/app\/","title":{"rendered":"App Jetcraft"},"content":{"rendered":"","protected":false},"excerpt":{"rendered":"","protected":false},"author":1,"featured_media":0,"parent":20796,"menu_order":0,"comment_status":"closed","ping_status":"closed","template":"template-app.php","meta":{"_acf_changed":false,"inline_featured_image":false,"footnotes":""},"class_list":["post-20798","page","type-page","status-publish","hentry"],"acf":[],"yoast_head":"<!-- This site is optimized with the Yoast SEO plugin v27.1.1 - https:\/\/yoast.com\/product\/yoast-seo-wordpress\/ -->\n<title>La app Jetcraft | F\u00e1cil acceso en dispositivos m\u00f3viles | Mant\u00e9ngase al tanto<\/title>\n<meta name=\"description\" content=\"La app m\u00f3vil de Jetcraft es la forma m\u00e1s conveniente de consultar nuestro inventario, obtener actualizaciones sobre eventos, y de estar al d\u00eda de las \u00faltimas novedades.\" \/>\n<meta name=\"robots\" content=\"index, follow, max-snippet:-1, max-image-preview:large, max-video-preview:-1\" \/>\n<link rel=\"canonical\" href=\"https:\/\/www.jetcraft.com\/es\/conocimiento\/app\/\" \/>\n<meta property=\"og:locale\" content=\"es_ES\" \/>\n<meta property=\"og:type\" content=\"article\" \/>\n<meta property=\"og:title\" content=\"La app Jetcraft | F\u00e1cil acceso en dispositivos m\u00f3viles | Mant\u00e9ngase al tanto\" \/>\n<meta property=\"og:description\" content=\"La app m\u00f3vil de Jetcraft es la forma m\u00e1s conveniente de consultar nuestro inventario, obtener actualizaciones sobre eventos, y de estar al d\u00eda de las \u00faltimas novedades.\" \/>\n<meta property=\"og:url\" content=\"https:\/\/www.jetcraft.com\/es\/conocimiento\/app\/\" \/>\n<meta property=\"og:site_name\" content=\"Jetcraft\" \/>\n<meta property=\"article:modified_time\" content=\"2017-11-09T16:07:51+00:00\" \/>\n<meta name=\"twitter:card\" content=\"summary_large_image\" \/>\n<script type=\"application\/ld+json\" class=\"yoast-schema-graph\">{\"@context\":\"https:\/\/schema.org\",\"@graph\":[{\"@type\":\"WebPage\",\"@id\":\"https:\/\/www.jetcraft.com\/es\/conocimiento\/app\/\",\"url\":\"https:\/\/www.jetcraft.com\/es\/conocimiento\/app\/\",\"name\":\"La app Jetcraft | F\u00e1cil acceso en dispositivos m\u00f3viles | Mant\u00e9ngase al tanto\",\"isPartOf\":{\"@id\":\"https:\/\/www.jetcraft.com\/es\/#website\"},\"datePublished\":\"2016-02-11T00:38:57+00:00\",\"dateModified\":\"2017-11-09T16:07:51+00:00\",\"description\":\"La app m\u00f3vil de Jetcraft es la forma m\u00e1s conveniente de consultar nuestro inventario, obtener actualizaciones sobre eventos, y de estar al d\u00eda de las \u00faltimas novedades.\",\"breadcrumb\":{\"@id\":\"https:\/\/www.jetcraft.com\/es\/conocimiento\/app\/#breadcrumb\"},\"inLanguage\":\"es\",\"potentialAction\":[{\"@type\":\"ReadAction\",\"target\":[\"https:\/\/www.jetcraft.com\/es\/conocimiento\/app\/\"]}]},{\"@type\":\"BreadcrumbList\",\"@id\":\"https:\/\/www.jetcraft.com\/es\/conocimiento\/app\/#breadcrumb\",\"itemListElement\":[{\"@type\":\"ListItem\",\"position\":1,\"name\":\"Conocimiento\",\"item\":\"https:\/\/www.jetcraft.com\/es\/conocimiento\/\"},{\"@type\":\"ListItem\",\"position\":2,\"name\":\"App Jetcraft\"}]},{\"@type\":\"WebSite\",\"@id\":\"https:\/\/www.jetcraft.com\/es\/#website\",\"url\":\"https:\/\/www.jetcraft.com\/es\/\",\"name\":\"Jetcraft\",\"description\":\"The Original Cloud-Based Network\",\"publisher\":{\"@id\":\"https:\/\/www.jetcraft.com\/es\/#organization\"},\"potentialAction\":[{\"@type\":\"SearchAction\",\"target\":{\"@type\":\"EntryPoint\",\"urlTemplate\":\"https:\/\/www.jetcraft.com\/es\/?s={search_term_string}\"},\"query-input\":{\"@type\":\"PropertyValueSpecification\",\"valueRequired\":true,\"valueName\":\"search_term_string\"}}],\"inLanguage\":\"es\"},{\"@type\":\"Organization\",\"@id\":\"https:\/\/www.jetcraft.com\/es\/#organization\",\"name\":\"Jetcraft\",\"url\":\"https:\/\/www.jetcraft.com\/es\/\",\"logo\":{\"@type\":\"ImageObject\",\"inLanguage\":\"es\",\"@id\":\"https:\/\/www.jetcraft.com\/es\/#\/schema\/logo\/image\/\",\"url\":\"https:\/\/www.jetcraft.com\/wp-content\/uploads\/2026\/02\/jetcraft-2022-logo.png\",\"contentUrl\":\"https:\/\/www.jetcraft.com\/wp-content\/uploads\/2026\/02\/jetcraft-2022-logo.png\",\"width\":514,\"height\":86,\"caption\":\"Jetcraft\"},\"image\":{\"@id\":\"https:\/\/www.jetcraft.com\/es\/#\/schema\/logo\/image\/\"}}]}<\/script>\n<!-- \/ Yoast SEO plugin. -->","yoast_head_json":{"title":"La app Jetcraft | F\u00e1cil acceso en dispositivos m\u00f3viles | Mant\u00e9ngase al tanto","description":"La app m\u00f3vil de Jetcraft es la forma m\u00e1s conveniente de consultar nuestro inventario, obtener actualizaciones sobre eventos, y de estar al d\u00eda de las \u00faltimas novedades.","robots":{"index":"index","follow":"follow","max-snippet":"max-snippet:-1","max-image-preview":"max-image-preview:large","max-video-preview":"max-video-preview:-1"},"canonical":"https:\/\/www.jetcraft.com\/es\/conocimiento\/app\/","og_locale":"es_ES","og_type":"article","og_title":"La app Jetcraft | F\u00e1cil acceso en dispositivos m\u00f3viles | Mant\u00e9ngase al tanto","og_description":"La app m\u00f3vil de Jetcraft es la forma m\u00e1s conveniente de consultar nuestro inventario, obtener actualizaciones sobre eventos, y de estar al d\u00eda de las \u00faltimas novedades.","og_url":"https:\/\/www.jetcraft.com\/es\/conocimiento\/app\/","og_site_name":"Jetcraft","article_modified_time":"2017-11-09T16:07:51+00:00","twitter_card":"summary_large_image","schema":{"@context":"https:\/\/schema.org","@graph":[{"@type":"WebPage","@id":"https:\/\/www.jetcraft.com\/es\/conocimiento\/app\/","url":"https:\/\/www.jetcraft.com\/es\/conocimiento\/app\/","name":"La app Jetcraft | F\u00e1cil acceso en dispositivos m\u00f3viles | Mant\u00e9ngase al tanto","isPartOf":{"@id":"https:\/\/www.jetcraft.com\/es\/#website"},"datePublished":"2016-02-11T00:38:57+00:00","dateModified":"2017-11-09T16:07:51+00:00","description":"La app m\u00f3vil de Jetcraft es la forma m\u00e1s conveniente de consultar nuestro inventario, obtener actualizaciones sobre eventos, y de estar al d\u00eda de las \u00faltimas novedades.","breadcrumb":{"@id":"https:\/\/www.jetcraft.com\/es\/conocimiento\/app\/#breadcrumb"},"inLanguage":"es","potentialAction":[{"@type":"ReadAction","target":["https:\/\/www.jetcraft.com\/es\/conocimiento\/app\/"]}]},{"@type":"BreadcrumbList","@id":"https:\/\/www.jetcraft.com\/es\/conocimiento\/app\/#breadcrumb","itemListElement":[{"@type":"ListItem","position":1,"name":"Conocimiento","item":"https:\/\/www.jetcraft.com\/es\/conocimiento\/"},{"@type":"ListItem","position":2,"name":"App Jetcraft"}]},{"@type":"WebSite","@id":"https:\/\/www.jetcraft.com\/es\/#website","url":"https:\/\/www.jetcraft.com\/es\/","name":"Jetcraft","description":"The Original Cloud-Based Network","publisher":{"@id":"https:\/\/www.jetcraft.com\/es\/#organization"},"potentialAction":[{"@type":"SearchAction","target":{"@type":"EntryPoint","urlTemplate":"https:\/\/www.jetcraft.com\/es\/?s={search_term_string}"},"query-input":{"@type":"PropertyValueSpecification","valueRequired":true,"valueName":"search_term_string"}}],"inLanguage":"es"},{"@type":"Organization","@id":"https:\/\/www.jetcraft.com\/es\/#organization","name":"Jetcraft","url":"https:\/\/www.jetcraft.com\/es\/","logo":{"@type":"ImageObject","inLanguage":"es","@id":"https:\/\/www.jetcraft.com\/es\/#\/schema\/logo\/image\/","url":"https:\/\/www.jetcraft.com\/wp-content\/uploads\/2026\/02\/jetcraft-2022-logo.png","contentUrl":"https:\/\/www.jetcraft.com\/wp-content\/uploads\/2026\/02\/jetcraft-2022-logo.png","width":514,"height":86,"caption":"Jetcraft"},"image":{"@id":"https:\/\/www.jetcraft.com\/es\/#\/schema\/logo\/image\/"}}]}},"_links":{"self":[{"href":"https:\/\/www.jetcraft.com\/es\/wp-json\/wp\/v2\/pages\/20798","targetHints":{"allow":["GET"]}}],"collection":[{"href":"https:\/\/www.jetcraft.com\/es\/wp-json\/wp\/v2\/pages"}],"about":[{"href":"https:\/\/www.jetcraft.com\/es\/wp-json\/wp\/v2\/types\/page"}],"author":[{"embeddable":true,"href":"https:\/\/www.jetcraft.com\/es\/wp-json\/wp\/v2\/users\/1"}],"replies":[{"embeddable":true,"href":"https:\/\/www.jetcraft.com\/es\/wp-json\/wp\/v2\/comments?post=20798"}],"version-history":[{"count":0,"href":"https:\/\/www.jetcraft.com\/es\/wp-json\/wp\/v2\/pages\/20798\/revisions"}],"up":[{"embeddable":true,"href":"https:\/\/www.jetcraft.com\/es\/wp-json\/wp\/v2\/pages\/20796"}],"wp:attachment":[{"href":"https:\/\/www.jetcraft.com\/es\/wp-json\/wp\/v2\/media?parent=20798"}],"curies":[{"name":"wp","href":"https:\/\/api.w.org\/{rel}","templated":true}]}}