{"id":110080,"date":"2025-02-21T13:58:38","date_gmt":"2025-02-21T17:58:38","guid":{"rendered":"https:\/\/www.jetcraft.com\/?page_id=110080"},"modified":"2025-03-20T10:48:48","modified_gmt":"2025-03-20T14:48:48","slug":"rapport-de-marche-2025","status":"publish","type":"page","link":"https:\/\/www.jetcraft.com\/fr\/rapport-de-marche-2025\/","title":{"rendered":"Rapport de march\u00e9 2025"},"content":{"rendered":"","protected":false},"excerpt":{"rendered":"","protected":false},"author":1,"featured_media":0,"parent":0,"menu_order":0,"comment_status":"closed","ping_status":"closed","template":"page-forecast-landing-2025-pardot.php","meta":{"_acf_changed":false,"inline_featured_image":false,"footnotes":""},"class_list":["post-110080","page","type-page","status-publish","hentry"],"acf":[],"yoast_head":"<!-- This site is optimized with the Yoast SEO plugin v27.1.1 - https:\/\/yoast.com\/product\/yoast-seo-wordpress\/ -->\n<title>Rapport de march\u00e9 2025 | Jetcraft<\/title>\n<meta name=\"description\" content=\"Notre \u00e9valuation annuelle du march\u00e9 des jets d\u2019affaires d\u2019occasion est d\u00e9sormais disponible. Elle offre un aper\u00e7u complet du nombre de transactions pr\u00e9vues dans les cinq prochaines ann\u00e9es ainsi que leur valeur et les comportements des acheteurs qui les influenceront.\" \/>\n<meta name=\"robots\" content=\"index, follow, max-snippet:-1, max-image-preview:large, max-video-preview:-1\" \/>\n<link rel=\"canonical\" href=\"https:\/\/www.jetcraft.com\/fr\/rapport-de-marche-2025\/\" \/>\n<meta property=\"og:locale\" content=\"fr_FR\" \/>\n<meta property=\"og:type\" content=\"article\" \/>\n<meta property=\"og:title\" content=\"Rapport de march\u00e9 2025 | Jetcraft\" \/>\n<meta property=\"og:description\" content=\"Notre \u00e9valuation annuelle du march\u00e9 des jets d\u2019affaires d\u2019occasion est d\u00e9sormais disponible. Elle offre un aper\u00e7u complet du nombre de transactions pr\u00e9vues dans les cinq prochaines ann\u00e9es ainsi que leur valeur et les comportements des acheteurs qui les influenceront.\" \/>\n<meta property=\"og:url\" content=\"https:\/\/www.jetcraft.com\/fr\/rapport-de-marche-2025\/\" \/>\n<meta property=\"og:site_name\" content=\"Jetcraft\" \/>\n<meta property=\"article:modified_time\" content=\"2025-03-20T14:48:48+00:00\" \/>\n<meta name=\"twitter:card\" content=\"summary_large_image\" \/>\n<script type=\"application\/ld+json\" class=\"yoast-schema-graph\">{\"@context\":\"https:\/\/schema.org\",\"@graph\":[{\"@type\":\"WebPage\",\"@id\":\"https:\/\/www.jetcraft.com\/fr\/rapport-de-marche-2025\/\",\"url\":\"https:\/\/www.jetcraft.com\/fr\/rapport-de-marche-2025\/\",\"name\":\"Rapport de march\u00e9 2025 | Jetcraft\",\"isPartOf\":{\"@id\":\"https:\/\/www.jetcraft.com\/fr\/#website\"},\"datePublished\":\"2025-02-21T17:58:38+00:00\",\"dateModified\":\"2025-03-20T14:48:48+00:00\",\"description\":\"Notre \u00e9valuation annuelle du march\u00e9 des jets d\u2019affaires d\u2019occasion est d\u00e9sormais disponible. Elle offre un aper\u00e7u complet du nombre de transactions pr\u00e9vues dans les cinq prochaines ann\u00e9es ainsi que leur valeur et les comportements des acheteurs qui les influenceront.\",\"inLanguage\":\"fr-FR\",\"potentialAction\":[{\"@type\":\"ReadAction\",\"target\":[\"https:\/\/www.jetcraft.com\/fr\/rapport-de-marche-2025\/\"]}]},{\"@type\":\"WebSite\",\"@id\":\"https:\/\/www.jetcraft.com\/fr\/#website\",\"url\":\"https:\/\/www.jetcraft.com\/fr\/\",\"name\":\"Jetcraft\",\"description\":\"The Original Cloud-Based Network\",\"publisher\":{\"@id\":\"https:\/\/www.jetcraft.com\/fr\/#organization\"},\"potentialAction\":[{\"@type\":\"SearchAction\",\"target\":{\"@type\":\"EntryPoint\",\"urlTemplate\":\"https:\/\/www.jetcraft.com\/fr\/?s={search_term_string}\"},\"query-input\":{\"@type\":\"PropertyValueSpecification\",\"valueRequired\":true,\"valueName\":\"search_term_string\"}}],\"inLanguage\":\"fr-FR\"},{\"@type\":\"Organization\",\"@id\":\"https:\/\/www.jetcraft.com\/fr\/#organization\",\"name\":\"Jetcraft\",\"url\":\"https:\/\/www.jetcraft.com\/fr\/\",\"logo\":{\"@type\":\"ImageObject\",\"inLanguage\":\"fr-FR\",\"@id\":\"https:\/\/www.jetcraft.com\/fr\/#\/schema\/logo\/image\/\",\"url\":\"https:\/\/www.jetcraft.com\/wp-content\/uploads\/2026\/02\/jetcraft-2022-logo.png\",\"contentUrl\":\"https:\/\/www.jetcraft.com\/wp-content\/uploads\/2026\/02\/jetcraft-2022-logo.png\",\"width\":514,\"height\":86,\"caption\":\"Jetcraft\"},\"image\":{\"@id\":\"https:\/\/www.jetcraft.com\/fr\/#\/schema\/logo\/image\/\"}}]}<\/script>\n<!-- \/ Yoast SEO plugin. -->","yoast_head_json":{"title":"Rapport de march\u00e9 2025 | Jetcraft","description":"Notre \u00e9valuation annuelle du march\u00e9 des jets d\u2019affaires d\u2019occasion est d\u00e9sormais disponible. Elle offre un aper\u00e7u complet du nombre de transactions pr\u00e9vues dans les cinq prochaines ann\u00e9es ainsi que leur valeur et les comportements des acheteurs qui les influenceront.","robots":{"index":"index","follow":"follow","max-snippet":"max-snippet:-1","max-image-preview":"max-image-preview:large","max-video-preview":"max-video-preview:-1"},"canonical":"https:\/\/www.jetcraft.com\/fr\/rapport-de-marche-2025\/","og_locale":"fr_FR","og_type":"article","og_title":"Rapport de march\u00e9 2025 | Jetcraft","og_description":"Notre \u00e9valuation annuelle du march\u00e9 des jets d\u2019affaires d\u2019occasion est d\u00e9sormais disponible. Elle offre un aper\u00e7u complet du nombre de transactions pr\u00e9vues dans les cinq prochaines ann\u00e9es ainsi que leur valeur et les comportements des acheteurs qui les influenceront.","og_url":"https:\/\/www.jetcraft.com\/fr\/rapport-de-marche-2025\/","og_site_name":"Jetcraft","article_modified_time":"2025-03-20T14:48:48+00:00","twitter_card":"summary_large_image","schema":{"@context":"https:\/\/schema.org","@graph":[{"@type":"WebPage","@id":"https:\/\/www.jetcraft.com\/fr\/rapport-de-marche-2025\/","url":"https:\/\/www.jetcraft.com\/fr\/rapport-de-marche-2025\/","name":"Rapport de march\u00e9 2025 | Jetcraft","isPartOf":{"@id":"https:\/\/www.jetcraft.com\/fr\/#website"},"datePublished":"2025-02-21T17:58:38+00:00","dateModified":"2025-03-20T14:48:48+00:00","description":"Notre \u00e9valuation annuelle du march\u00e9 des jets d\u2019affaires d\u2019occasion est d\u00e9sormais disponible. Elle offre un aper\u00e7u complet du nombre de transactions pr\u00e9vues dans les cinq prochaines ann\u00e9es ainsi que leur valeur et les comportements des acheteurs qui les influenceront.","inLanguage":"fr-FR","potentialAction":[{"@type":"ReadAction","target":["https:\/\/www.jetcraft.com\/fr\/rapport-de-marche-2025\/"]}]},{"@type":"WebSite","@id":"https:\/\/www.jetcraft.com\/fr\/#website","url":"https:\/\/www.jetcraft.com\/fr\/","name":"Jetcraft","description":"The Original Cloud-Based Network","publisher":{"@id":"https:\/\/www.jetcraft.com\/fr\/#organization"},"potentialAction":[{"@type":"SearchAction","target":{"@type":"EntryPoint","urlTemplate":"https:\/\/www.jetcraft.com\/fr\/?s={search_term_string}"},"query-input":{"@type":"PropertyValueSpecification","valueRequired":true,"valueName":"search_term_string"}}],"inLanguage":"fr-FR"},{"@type":"Organization","@id":"https:\/\/www.jetcraft.com\/fr\/#organization","name":"Jetcraft","url":"https:\/\/www.jetcraft.com\/fr\/","logo":{"@type":"ImageObject","inLanguage":"fr-FR","@id":"https:\/\/www.jetcraft.com\/fr\/#\/schema\/logo\/image\/","url":"https:\/\/www.jetcraft.com\/wp-content\/uploads\/2026\/02\/jetcraft-2022-logo.png","contentUrl":"https:\/\/www.jetcraft.com\/wp-content\/uploads\/2026\/02\/jetcraft-2022-logo.png","width":514,"height":86,"caption":"Jetcraft"},"image":{"@id":"https:\/\/www.jetcraft.com\/fr\/#\/schema\/logo\/image\/"}}]}},"_links":{"self":[{"href":"https:\/\/www.jetcraft.com\/fr\/wp-json\/wp\/v2\/pages\/110080","targetHints":{"allow":["GET"]}}],"collection":[{"href":"https:\/\/www.jetcraft.com\/fr\/wp-json\/wp\/v2\/pages"}],"about":[{"href":"https:\/\/www.jetcraft.com\/fr\/wp-json\/wp\/v2\/types\/page"}],"author":[{"embeddable":true,"href":"https:\/\/www.jetcraft.com\/fr\/wp-json\/wp\/v2\/users\/1"}],"replies":[{"embeddable":true,"href":"https:\/\/www.jetcraft.com\/fr\/wp-json\/wp\/v2\/comments?post=110080"}],"version-history":[{"count":0,"href":"https:\/\/www.jetcraft.com\/fr\/wp-json\/wp\/v2\/pages\/110080\/revisions"}],"wp:attachment":[{"href":"https:\/\/www.jetcraft.com\/fr\/wp-json\/wp\/v2\/media?parent=110080"}],"curies":[{"name":"wp","href":"https:\/\/api.w.org\/{rel}","templated":true}]}}