{"id":20613,"date":"2016-01-28T20:01:39","date_gmt":"2016-01-29T00:01:39","guid":{"rendered":"http:\/\/www.www.jetcraft.com\/fr\/company\/"},"modified":"2025-07-03T15:47:13","modified_gmt":"2025-07-03T19:47:13","slug":"entreprise","status":"publish","type":"page","link":"https:\/\/www.jetcraft.com\/fr\/entreprise\/","title":{"rendered":"Entreprise"},"content":{"rendered":"<p>Dans un environnement commercial complexe, vous avez besoin d\u2019un partenaire en qui vous pouvez avoir confiance. Des collaborateurs sur lesquels vous pouvez compter.<\/p>\n<p>Au-del\u00e0 du courtage, nous offrons des services de conseil avec une port\u00e9e internationale in\u00e9gal\u00e9e et des contacts locaux incomparables. Notre exp\u00e9rience diversifi\u00e9e couvrant un large \u00e9ventail de marques et de mod\u00e8les t\u00e9moigne de notre engagement envers nos clients et non envers un constructeur de jet particulier.<\/p>\n<p>En nous appuyant sur notre combinaison unique de donn\u00e9es transactionnelles et d\u2019outils exclusifs que nos sp\u00e9cialistes transforment en informations commerciales de pointe, nous sommes parfaitement \u00e9quip\u00e9s pour trouver l\u2019acheteur id\u00e9al pour votre avion. Ainsi que le meilleur jet lorsque le moment est venu pour vous d\u2019en changer. Personne d\u2019autre ne vous propose un service aussi efficace et aussi rapide.<\/p>\n<p>Et quelle que soit la complexit\u00e9 de vos besoins en mati\u00e8re de transactions, nous disposons de toutes les solutions n\u00e9cessaires, notamment de la souplesse financi\u00e8re requise pour prendre votre avion en d\u00e9p\u00f4t. Depuis pr\u00e8s de 60\u00a0ans, nous sommes anim\u00e9s par la m\u00eame d\u00e9termination, instaurant des crit\u00e8res qui continuent de d\u00e9finir le secteur aujourd\u2019hui.<\/p>\n","protected":false},"excerpt":{"rendered":"<p>Dans un environnement commercial complexe, vous avez besoin d\u2019un partenaire en qui vous pouvez avoir confiance. Des collaborateurs sur lesquels vous pouvez compter. Au-del\u00e0 du courtage, nous offrons des services de conseil avec une port\u00e9e internationale in\u00e9gal\u00e9e et des contacts locaux incomparables. Notre exp\u00e9rience diversifi\u00e9e couvrant un large \u00e9ventail de marques et de mod\u00e8les t\u00e9moigne&#8230;<\/p>\n","protected":false},"author":1,"featured_media":0,"parent":0,"menu_order":0,"comment_status":"closed","ping_status":"closed","template":"template-company-new.php","meta":{"_acf_changed":false,"inline_featured_image":false,"footnotes":""},"class_list":["post-20613","page","type-page","status-publish","hentry"],"acf":[],"yoast_head":"<!-- This site is optimized with the Yoast SEO plugin v27.1.1 - https:\/\/yoast.com\/product\/yoast-seo-wordpress\/ -->\n<title>Services d\u2019aviation | \u00c9quipe de direction | Histoire de l\u2019entreprise | Jetcraft<\/title>\n<meta name=\"description\" content=\"Apprenez-en davantage sur l\u2019histoire de plus de 50 ans de Jetcraft, sur notre approche unique d\u2019achat et de vente d\u2019avions, et rencontrez notre \u00e9quipe de direction.\" \/>\n<meta name=\"robots\" content=\"index, follow, max-snippet:-1, max-image-preview:large, max-video-preview:-1\" \/>\n<link rel=\"canonical\" href=\"https:\/\/www.jetcraft.com\/fr\/entreprise\/\" \/>\n<meta property=\"og:locale\" content=\"fr_FR\" \/>\n<meta property=\"og:type\" content=\"article\" \/>\n<meta property=\"og:title\" content=\"Services d\u2019aviation | \u00c9quipe de direction | Histoire de l\u2019entreprise | Jetcraft\" \/>\n<meta property=\"og:description\" content=\"Apprenez-en davantage sur l\u2019histoire de plus de 50 ans de Jetcraft, sur notre approche unique d\u2019achat et de vente d\u2019avions, et rencontrez notre \u00e9quipe de direction.\" \/>\n<meta property=\"og:url\" content=\"https:\/\/www.jetcraft.com\/fr\/entreprise\/\" \/>\n<meta property=\"og:site_name\" content=\"Jetcraft\" \/>\n<meta property=\"article:modified_time\" content=\"2025-07-03T19:47:13+00:00\" \/>\n<meta name=\"twitter:card\" content=\"summary_large_image\" \/>\n<meta name=\"twitter:label1\" content=\"Est. reading time\" \/>\n\t<meta name=\"twitter:data1\" content=\"1 minute\" \/>\n<script type=\"application\/ld+json\" class=\"yoast-schema-graph\">{\"@context\":\"https:\/\/schema.org\",\"@graph\":[{\"@type\":\"WebPage\",\"@id\":\"https:\/\/www.jetcraft.com\/fr\/entreprise\/\",\"url\":\"https:\/\/www.jetcraft.com\/fr\/entreprise\/\",\"name\":\"Services d\u2019aviation | \u00c9quipe de direction | Histoire de l\u2019entreprise | Jetcraft\",\"isPartOf\":{\"@id\":\"https:\/\/www.jetcraft.com\/fr\/#website\"},\"datePublished\":\"2016-01-29T00:01:39+00:00\",\"dateModified\":\"2025-07-03T19:47:13+00:00\",\"description\":\"Apprenez-en davantage sur l\u2019histoire de plus de 50 ans de Jetcraft, sur notre approche unique d\u2019achat et de vente d\u2019avions, et rencontrez notre \u00e9quipe de direction.\",\"inLanguage\":\"fr-FR\",\"potentialAction\":[{\"@type\":\"ReadAction\",\"target\":[\"https:\/\/www.jetcraft.com\/fr\/entreprise\/\"]}]},{\"@type\":\"WebSite\",\"@id\":\"https:\/\/www.jetcraft.com\/fr\/#website\",\"url\":\"https:\/\/www.jetcraft.com\/fr\/\",\"name\":\"Jetcraft\",\"description\":\"The Original Cloud-Based Network\",\"publisher\":{\"@id\":\"https:\/\/www.jetcraft.com\/fr\/#organization\"},\"potentialAction\":[{\"@type\":\"SearchAction\",\"target\":{\"@type\":\"EntryPoint\",\"urlTemplate\":\"https:\/\/www.jetcraft.com\/fr\/?s={search_term_string}\"},\"query-input\":{\"@type\":\"PropertyValueSpecification\",\"valueRequired\":true,\"valueName\":\"search_term_string\"}}],\"inLanguage\":\"fr-FR\"},{\"@type\":\"Organization\",\"@id\":\"https:\/\/www.jetcraft.com\/fr\/#organization\",\"name\":\"Jetcraft\",\"url\":\"https:\/\/www.jetcraft.com\/fr\/\",\"logo\":{\"@type\":\"ImageObject\",\"inLanguage\":\"fr-FR\",\"@id\":\"https:\/\/www.jetcraft.com\/fr\/#\/schema\/logo\/image\/\",\"url\":\"https:\/\/www.jetcraft.com\/wp-content\/uploads\/2026\/02\/jetcraft-2022-logo.png\",\"contentUrl\":\"https:\/\/www.jetcraft.com\/wp-content\/uploads\/2026\/02\/jetcraft-2022-logo.png\",\"width\":514,\"height\":86,\"caption\":\"Jetcraft\"},\"image\":{\"@id\":\"https:\/\/www.jetcraft.com\/fr\/#\/schema\/logo\/image\/\"}}]}<\/script>\n<!-- \/ Yoast SEO plugin. -->","yoast_head_json":{"title":"Services d\u2019aviation | \u00c9quipe de direction | Histoire de l\u2019entreprise | Jetcraft","description":"Apprenez-en davantage sur l\u2019histoire de plus de 50 ans de Jetcraft, sur notre approche unique d\u2019achat et de vente d\u2019avions, et rencontrez notre \u00e9quipe de direction.","robots":{"index":"index","follow":"follow","max-snippet":"max-snippet:-1","max-image-preview":"max-image-preview:large","max-video-preview":"max-video-preview:-1"},"canonical":"https:\/\/www.jetcraft.com\/fr\/entreprise\/","og_locale":"fr_FR","og_type":"article","og_title":"Services d\u2019aviation | \u00c9quipe de direction | Histoire de l\u2019entreprise | Jetcraft","og_description":"Apprenez-en davantage sur l\u2019histoire de plus de 50 ans de Jetcraft, sur notre approche unique d\u2019achat et de vente d\u2019avions, et rencontrez notre \u00e9quipe de direction.","og_url":"https:\/\/www.jetcraft.com\/fr\/entreprise\/","og_site_name":"Jetcraft","article_modified_time":"2025-07-03T19:47:13+00:00","twitter_card":"summary_large_image","twitter_misc":{"Est. reading time":"1 minute"},"schema":{"@context":"https:\/\/schema.org","@graph":[{"@type":"WebPage","@id":"https:\/\/www.jetcraft.com\/fr\/entreprise\/","url":"https:\/\/www.jetcraft.com\/fr\/entreprise\/","name":"Services d\u2019aviation | \u00c9quipe de direction | Histoire de l\u2019entreprise | Jetcraft","isPartOf":{"@id":"https:\/\/www.jetcraft.com\/fr\/#website"},"datePublished":"2016-01-29T00:01:39+00:00","dateModified":"2025-07-03T19:47:13+00:00","description":"Apprenez-en davantage sur l\u2019histoire de plus de 50 ans de Jetcraft, sur notre approche unique d\u2019achat et de vente d\u2019avions, et rencontrez notre \u00e9quipe de direction.","inLanguage":"fr-FR","potentialAction":[{"@type":"ReadAction","target":["https:\/\/www.jetcraft.com\/fr\/entreprise\/"]}]},{"@type":"WebSite","@id":"https:\/\/www.jetcraft.com\/fr\/#website","url":"https:\/\/www.jetcraft.com\/fr\/","name":"Jetcraft","description":"The Original Cloud-Based Network","publisher":{"@id":"https:\/\/www.jetcraft.com\/fr\/#organization"},"potentialAction":[{"@type":"SearchAction","target":{"@type":"EntryPoint","urlTemplate":"https:\/\/www.jetcraft.com\/fr\/?s={search_term_string}"},"query-input":{"@type":"PropertyValueSpecification","valueRequired":true,"valueName":"search_term_string"}}],"inLanguage":"fr-FR"},{"@type":"Organization","@id":"https:\/\/www.jetcraft.com\/fr\/#organization","name":"Jetcraft","url":"https:\/\/www.jetcraft.com\/fr\/","logo":{"@type":"ImageObject","inLanguage":"fr-FR","@id":"https:\/\/www.jetcraft.com\/fr\/#\/schema\/logo\/image\/","url":"https:\/\/www.jetcraft.com\/wp-content\/uploads\/2026\/02\/jetcraft-2022-logo.png","contentUrl":"https:\/\/www.jetcraft.com\/wp-content\/uploads\/2026\/02\/jetcraft-2022-logo.png","width":514,"height":86,"caption":"Jetcraft"},"image":{"@id":"https:\/\/www.jetcraft.com\/fr\/#\/schema\/logo\/image\/"}}]}},"_links":{"self":[{"href":"https:\/\/www.jetcraft.com\/fr\/wp-json\/wp\/v2\/pages\/20613","targetHints":{"allow":["GET"]}}],"collection":[{"href":"https:\/\/www.jetcraft.com\/fr\/wp-json\/wp\/v2\/pages"}],"about":[{"href":"https:\/\/www.jetcraft.com\/fr\/wp-json\/wp\/v2\/types\/page"}],"author":[{"embeddable":true,"href":"https:\/\/www.jetcraft.com\/fr\/wp-json\/wp\/v2\/users\/1"}],"replies":[{"embeddable":true,"href":"https:\/\/www.jetcraft.com\/fr\/wp-json\/wp\/v2\/comments?post=20613"}],"version-history":[{"count":0,"href":"https:\/\/www.jetcraft.com\/fr\/wp-json\/wp\/v2\/pages\/20613\/revisions"}],"wp:attachment":[{"href":"https:\/\/www.jetcraft.com\/fr\/wp-json\/wp\/v2\/media?parent=20613"}],"curies":[{"name":"wp","href":"https:\/\/api.w.org\/{rel}","templated":true}]}}