{"id":20616,"date":"2016-02-18T20:33:46","date_gmt":"2016-02-19T00:33:46","guid":{"rendered":"http:\/\/www.www.jetcraft.com\/fr\/entreprise\/careers\/"},"modified":"2017-12-14T09:49:03","modified_gmt":"2017-12-14T13:49:03","slug":"carrieres","status":"publish","type":"page","link":"https:\/\/www.jetcraft.com\/fr\/entreprise\/carrieres\/","title":{"rendered":"Carri\u00e8res"},"content":{"rendered":"<p>Vous cherchez \u00e0 travailler aupr\u00e8s des meilleurs de l&rsquo;industrie ? Ne cherchez pas plus loin que chez Jetcraft.<\/p>\n<p>En rejoignant l&rsquo;\u00e9quipe de Jetcraft, vous collaborerez avec des personnes talentueuses travaillant ensemble pour r\u00e9soudre les probl\u00e8mes. Vous vous constituerez un r\u00e9seau international. Vous \u00e9tablirez des relations durables qui \u00e9largiront vos horizons, et travaillerez avec vos coll\u00e8gues afin de cr\u00e9er une exp\u00e9rience client in\u00e9gal\u00e9e.<\/p>\n","protected":false},"excerpt":{"rendered":"<p>Vous cherchez \u00e0 travailler aupr\u00e8s des meilleurs de l&rsquo;industrie ? Ne cherchez pas plus loin que chez Jetcraft. En rejoignant l&rsquo;\u00e9quipe de Jetcraft, vous collaborerez avec des personnes talentueuses travaillant ensemble pour r\u00e9soudre les probl\u00e8mes. Vous vous constituerez un r\u00e9seau international. Vous \u00e9tablirez des relations durables qui \u00e9largiront vos horizons, et travaillerez avec vos coll\u00e8gues&#8230;<\/p>\n","protected":false},"author":1,"featured_media":0,"parent":20613,"menu_order":0,"comment_status":"closed","ping_status":"closed","template":"template-careers.php","meta":{"_acf_changed":false,"inline_featured_image":false,"footnotes":""},"class_list":["post-20616","page","type-page","status-publish","hentry"],"acf":[],"yoast_head":"<!-- This site is optimized with the Yoast SEO plugin v27.1.1 - https:\/\/yoast.com\/product\/yoast-seo-wordpress\/ -->\n<title>Offres d\u2019emploi | Rejoignez l\u2019\u00e9quipe de Jetcraft<\/title>\n<meta name=\"description\" content=\"Jetcraft rassemble des personnes talentueuses, capables d\u2019apporter des solutions innovantes pour cr\u00e9er une exp\u00e9rience client exceptionnelle. Rejoignez les meilleurs de l\u2019industrie a\u00e9ronautique.\" \/>\n<meta name=\"robots\" content=\"index, follow, max-snippet:-1, max-image-preview:large, max-video-preview:-1\" \/>\n<link rel=\"canonical\" href=\"https:\/\/www.jetcraft.com\/fr\/entreprise\/carrieres\/\" \/>\n<meta property=\"og:locale\" content=\"fr_FR\" \/>\n<meta property=\"og:type\" content=\"article\" \/>\n<meta property=\"og:title\" content=\"Offres d\u2019emploi | Rejoignez l\u2019\u00e9quipe de Jetcraft\" \/>\n<meta property=\"og:description\" content=\"Jetcraft rassemble des personnes talentueuses, capables d\u2019apporter des solutions innovantes pour cr\u00e9er une exp\u00e9rience client exceptionnelle. Rejoignez les meilleurs de l\u2019industrie a\u00e9ronautique.\" \/>\n<meta property=\"og:url\" content=\"https:\/\/www.jetcraft.com\/fr\/entreprise\/carrieres\/\" \/>\n<meta property=\"og:site_name\" content=\"Jetcraft\" \/>\n<meta property=\"article:modified_time\" content=\"2017-12-14T13:49:03+00:00\" \/>\n<meta name=\"twitter:card\" content=\"summary_large_image\" \/>\n<script type=\"application\/ld+json\" class=\"yoast-schema-graph\">{\"@context\":\"https:\/\/schema.org\",\"@graph\":[{\"@type\":\"WebPage\",\"@id\":\"https:\/\/www.jetcraft.com\/fr\/entreprise\/carrieres\/\",\"url\":\"https:\/\/www.jetcraft.com\/fr\/entreprise\/carrieres\/\",\"name\":\"Offres d\u2019emploi | Rejoignez l\u2019\u00e9quipe de Jetcraft\",\"isPartOf\":{\"@id\":\"https:\/\/www.jetcraft.com\/fr\/#website\"},\"datePublished\":\"2016-02-19T00:33:46+00:00\",\"dateModified\":\"2017-12-14T13:49:03+00:00\",\"description\":\"Jetcraft rassemble des personnes talentueuses, capables d\u2019apporter des solutions innovantes pour cr\u00e9er une exp\u00e9rience client exceptionnelle. Rejoignez les meilleurs de l\u2019industrie a\u00e9ronautique.\",\"breadcrumb\":{\"@id\":\"https:\/\/www.jetcraft.com\/fr\/entreprise\/carrieres\/#breadcrumb\"},\"inLanguage\":\"fr-FR\",\"potentialAction\":[{\"@type\":\"ReadAction\",\"target\":[\"https:\/\/www.jetcraft.com\/fr\/entreprise\/carrieres\/\"]}]},{\"@type\":\"BreadcrumbList\",\"@id\":\"https:\/\/www.jetcraft.com\/fr\/entreprise\/carrieres\/#breadcrumb\",\"itemListElement\":[{\"@type\":\"ListItem\",\"position\":1,\"name\":\"Entreprise\",\"item\":\"https:\/\/www.jetcraft.com\/fr\/entreprise\/\"},{\"@type\":\"ListItem\",\"position\":2,\"name\":\"Carri\u00e8res\"}]},{\"@type\":\"WebSite\",\"@id\":\"https:\/\/www.jetcraft.com\/fr\/#website\",\"url\":\"https:\/\/www.jetcraft.com\/fr\/\",\"name\":\"Jetcraft\",\"description\":\"The Original Cloud-Based Network\",\"publisher\":{\"@id\":\"https:\/\/www.jetcraft.com\/fr\/#organization\"},\"potentialAction\":[{\"@type\":\"SearchAction\",\"target\":{\"@type\":\"EntryPoint\",\"urlTemplate\":\"https:\/\/www.jetcraft.com\/fr\/?s={search_term_string}\"},\"query-input\":{\"@type\":\"PropertyValueSpecification\",\"valueRequired\":true,\"valueName\":\"search_term_string\"}}],\"inLanguage\":\"fr-FR\"},{\"@type\":\"Organization\",\"@id\":\"https:\/\/www.jetcraft.com\/fr\/#organization\",\"name\":\"Jetcraft\",\"url\":\"https:\/\/www.jetcraft.com\/fr\/\",\"logo\":{\"@type\":\"ImageObject\",\"inLanguage\":\"fr-FR\",\"@id\":\"https:\/\/www.jetcraft.com\/fr\/#\/schema\/logo\/image\/\",\"url\":\"https:\/\/www.jetcraft.com\/wp-content\/uploads\/2026\/02\/jetcraft-2022-logo.png\",\"contentUrl\":\"https:\/\/www.jetcraft.com\/wp-content\/uploads\/2026\/02\/jetcraft-2022-logo.png\",\"width\":514,\"height\":86,\"caption\":\"Jetcraft\"},\"image\":{\"@id\":\"https:\/\/www.jetcraft.com\/fr\/#\/schema\/logo\/image\/\"}}]}<\/script>\n<!-- \/ Yoast SEO plugin. -->","yoast_head_json":{"title":"Offres d\u2019emploi | Rejoignez l\u2019\u00e9quipe de Jetcraft","description":"Jetcraft rassemble des personnes talentueuses, capables d\u2019apporter des solutions innovantes pour cr\u00e9er une exp\u00e9rience client exceptionnelle. Rejoignez les meilleurs de l\u2019industrie a\u00e9ronautique.","robots":{"index":"index","follow":"follow","max-snippet":"max-snippet:-1","max-image-preview":"max-image-preview:large","max-video-preview":"max-video-preview:-1"},"canonical":"https:\/\/www.jetcraft.com\/fr\/entreprise\/carrieres\/","og_locale":"fr_FR","og_type":"article","og_title":"Offres d\u2019emploi | Rejoignez l\u2019\u00e9quipe de Jetcraft","og_description":"Jetcraft rassemble des personnes talentueuses, capables d\u2019apporter des solutions innovantes pour cr\u00e9er une exp\u00e9rience client exceptionnelle. Rejoignez les meilleurs de l\u2019industrie a\u00e9ronautique.","og_url":"https:\/\/www.jetcraft.com\/fr\/entreprise\/carrieres\/","og_site_name":"Jetcraft","article_modified_time":"2017-12-14T13:49:03+00:00","twitter_card":"summary_large_image","schema":{"@context":"https:\/\/schema.org","@graph":[{"@type":"WebPage","@id":"https:\/\/www.jetcraft.com\/fr\/entreprise\/carrieres\/","url":"https:\/\/www.jetcraft.com\/fr\/entreprise\/carrieres\/","name":"Offres d\u2019emploi | Rejoignez l\u2019\u00e9quipe de Jetcraft","isPartOf":{"@id":"https:\/\/www.jetcraft.com\/fr\/#website"},"datePublished":"2016-02-19T00:33:46+00:00","dateModified":"2017-12-14T13:49:03+00:00","description":"Jetcraft rassemble des personnes talentueuses, capables d\u2019apporter des solutions innovantes pour cr\u00e9er une exp\u00e9rience client exceptionnelle. Rejoignez les meilleurs de l\u2019industrie a\u00e9ronautique.","breadcrumb":{"@id":"https:\/\/www.jetcraft.com\/fr\/entreprise\/carrieres\/#breadcrumb"},"inLanguage":"fr-FR","potentialAction":[{"@type":"ReadAction","target":["https:\/\/www.jetcraft.com\/fr\/entreprise\/carrieres\/"]}]},{"@type":"BreadcrumbList","@id":"https:\/\/www.jetcraft.com\/fr\/entreprise\/carrieres\/#breadcrumb","itemListElement":[{"@type":"ListItem","position":1,"name":"Entreprise","item":"https:\/\/www.jetcraft.com\/fr\/entreprise\/"},{"@type":"ListItem","position":2,"name":"Carri\u00e8res"}]},{"@type":"WebSite","@id":"https:\/\/www.jetcraft.com\/fr\/#website","url":"https:\/\/www.jetcraft.com\/fr\/","name":"Jetcraft","description":"The Original Cloud-Based Network","publisher":{"@id":"https:\/\/www.jetcraft.com\/fr\/#organization"},"potentialAction":[{"@type":"SearchAction","target":{"@type":"EntryPoint","urlTemplate":"https:\/\/www.jetcraft.com\/fr\/?s={search_term_string}"},"query-input":{"@type":"PropertyValueSpecification","valueRequired":true,"valueName":"search_term_string"}}],"inLanguage":"fr-FR"},{"@type":"Organization","@id":"https:\/\/www.jetcraft.com\/fr\/#organization","name":"Jetcraft","url":"https:\/\/www.jetcraft.com\/fr\/","logo":{"@type":"ImageObject","inLanguage":"fr-FR","@id":"https:\/\/www.jetcraft.com\/fr\/#\/schema\/logo\/image\/","url":"https:\/\/www.jetcraft.com\/wp-content\/uploads\/2026\/02\/jetcraft-2022-logo.png","contentUrl":"https:\/\/www.jetcraft.com\/wp-content\/uploads\/2026\/02\/jetcraft-2022-logo.png","width":514,"height":86,"caption":"Jetcraft"},"image":{"@id":"https:\/\/www.jetcraft.com\/fr\/#\/schema\/logo\/image\/"}}]}},"_links":{"self":[{"href":"https:\/\/www.jetcraft.com\/fr\/wp-json\/wp\/v2\/pages\/20616","targetHints":{"allow":["GET"]}}],"collection":[{"href":"https:\/\/www.jetcraft.com\/fr\/wp-json\/wp\/v2\/pages"}],"about":[{"href":"https:\/\/www.jetcraft.com\/fr\/wp-json\/wp\/v2\/types\/page"}],"author":[{"embeddable":true,"href":"https:\/\/www.jetcraft.com\/fr\/wp-json\/wp\/v2\/users\/1"}],"replies":[{"embeddable":true,"href":"https:\/\/www.jetcraft.com\/fr\/wp-json\/wp\/v2\/comments?post=20616"}],"version-history":[{"count":0,"href":"https:\/\/www.jetcraft.com\/fr\/wp-json\/wp\/v2\/pages\/20616\/revisions"}],"up":[{"embeddable":true,"href":"https:\/\/www.jetcraft.com\/fr\/wp-json\/wp\/v2\/pages\/20613"}],"wp:attachment":[{"href":"https:\/\/www.jetcraft.com\/fr\/wp-json\/wp\/v2\/media?parent=20616"}],"curies":[{"name":"wp","href":"https:\/\/api.w.org\/{rel}","templated":true}]}}