{"id":20621,"date":"2016-02-18T20:32:42","date_gmt":"2016-02-19T00:32:42","guid":{"rendered":"http:\/\/www.www.jetcraft.com\/fr\/entreprise\/ownership\/buying-an-aircraft\/"},"modified":"2024-01-30T14:30:41","modified_gmt":"2024-01-30T18:30:41","slug":"acheter-un-avion","status":"publish","type":"page","link":"https:\/\/www.jetcraft.com\/fr\/entreprise\/acheter-un-avion\/","title":{"rendered":"Acheter un avion"},"content":{"rendered":"","protected":false},"excerpt":{"rendered":"","protected":false},"author":1,"featured_media":0,"parent":20613,"menu_order":0,"comment_status":"closed","ping_status":"closed","template":"template-ownership-buying.php","meta":{"_acf_changed":false,"inline_featured_image":false,"footnotes":""},"class_list":["post-20621","page","type-page","status-publish","hentry"],"acf":[],"yoast_head":"<!-- This site is optimized with the Yoast SEO plugin v27.1.1 - https:\/\/yoast.com\/product\/yoast-seo-wordpress\/ -->\n<title>Acheter un avion | Acheter un jet priv\u00e9 | Jetcraft<\/title>\n<meta name=\"description\" content=\"Les experts de Jetcraft vous aident \u00e0 trouver et \u00e0 acheter votre avion id\u00e9al. Apprenez-en plus sur ce que nous pouvons vous offrir et sur le processus d\u2019acquisition.\" \/>\n<meta name=\"robots\" content=\"index, follow, max-snippet:-1, max-image-preview:large, max-video-preview:-1\" \/>\n<link rel=\"canonical\" href=\"https:\/\/www.jetcraft.com\/fr\/entreprise\/acheter-un-avion\/\" \/>\n<meta property=\"og:locale\" content=\"fr_FR\" \/>\n<meta property=\"og:type\" content=\"article\" \/>\n<meta property=\"og:title\" content=\"Acheter un avion | Acheter un jet priv\u00e9 | Jetcraft\" \/>\n<meta property=\"og:description\" content=\"Les experts de Jetcraft vous aident \u00e0 trouver et \u00e0 acheter votre avion id\u00e9al. Apprenez-en plus sur ce que nous pouvons vous offrir et sur le processus d\u2019acquisition.\" \/>\n<meta property=\"og:url\" content=\"https:\/\/www.jetcraft.com\/fr\/entreprise\/acheter-un-avion\/\" \/>\n<meta property=\"og:site_name\" content=\"Jetcraft\" \/>\n<meta property=\"article:modified_time\" content=\"2024-01-30T18:30:41+00:00\" \/>\n<meta name=\"twitter:card\" content=\"summary_large_image\" \/>\n<script type=\"application\/ld+json\" class=\"yoast-schema-graph\">{\"@context\":\"https:\/\/schema.org\",\"@graph\":[{\"@type\":\"WebPage\",\"@id\":\"https:\/\/www.jetcraft.com\/fr\/entreprise\/acheter-un-avion\/\",\"url\":\"https:\/\/www.jetcraft.com\/fr\/entreprise\/acheter-un-avion\/\",\"name\":\"Acheter un avion | Acheter un jet priv\u00e9 | Jetcraft\",\"isPartOf\":{\"@id\":\"https:\/\/www.jetcraft.com\/fr\/#website\"},\"datePublished\":\"2016-02-19T00:32:42+00:00\",\"dateModified\":\"2024-01-30T18:30:41+00:00\",\"description\":\"Les experts de Jetcraft vous aident \u00e0 trouver et \u00e0 acheter votre avion id\u00e9al. Apprenez-en plus sur ce que nous pouvons vous offrir et sur le processus d\u2019acquisition.\",\"breadcrumb\":{\"@id\":\"https:\/\/www.jetcraft.com\/fr\/entreprise\/acheter-un-avion\/#breadcrumb\"},\"inLanguage\":\"fr-FR\",\"potentialAction\":[{\"@type\":\"ReadAction\",\"target\":[\"https:\/\/www.jetcraft.com\/fr\/entreprise\/acheter-un-avion\/\"]}]},{\"@type\":\"BreadcrumbList\",\"@id\":\"https:\/\/www.jetcraft.com\/fr\/entreprise\/acheter-un-avion\/#breadcrumb\",\"itemListElement\":[{\"@type\":\"ListItem\",\"position\":1,\"name\":\"Entreprise\",\"item\":\"https:\/\/www.jetcraft.com\/fr\/entreprise\/\"},{\"@type\":\"ListItem\",\"position\":2,\"name\":\"Acheter un avion\"}]},{\"@type\":\"WebSite\",\"@id\":\"https:\/\/www.jetcraft.com\/fr\/#website\",\"url\":\"https:\/\/www.jetcraft.com\/fr\/\",\"name\":\"Jetcraft\",\"description\":\"The Original Cloud-Based Network\",\"publisher\":{\"@id\":\"https:\/\/www.jetcraft.com\/fr\/#organization\"},\"potentialAction\":[{\"@type\":\"SearchAction\",\"target\":{\"@type\":\"EntryPoint\",\"urlTemplate\":\"https:\/\/www.jetcraft.com\/fr\/?s={search_term_string}\"},\"query-input\":{\"@type\":\"PropertyValueSpecification\",\"valueRequired\":true,\"valueName\":\"search_term_string\"}}],\"inLanguage\":\"fr-FR\"},{\"@type\":\"Organization\",\"@id\":\"https:\/\/www.jetcraft.com\/fr\/#organization\",\"name\":\"Jetcraft\",\"url\":\"https:\/\/www.jetcraft.com\/fr\/\",\"logo\":{\"@type\":\"ImageObject\",\"inLanguage\":\"fr-FR\",\"@id\":\"https:\/\/www.jetcraft.com\/fr\/#\/schema\/logo\/image\/\",\"url\":\"https:\/\/www.jetcraft.com\/wp-content\/uploads\/2026\/02\/jetcraft-2022-logo.png\",\"contentUrl\":\"https:\/\/www.jetcraft.com\/wp-content\/uploads\/2026\/02\/jetcraft-2022-logo.png\",\"width\":514,\"height\":86,\"caption\":\"Jetcraft\"},\"image\":{\"@id\":\"https:\/\/www.jetcraft.com\/fr\/#\/schema\/logo\/image\/\"}}]}<\/script>\n<!-- \/ Yoast SEO plugin. -->","yoast_head_json":{"title":"Acheter un avion | Acheter un jet priv\u00e9 | Jetcraft","description":"Les experts de Jetcraft vous aident \u00e0 trouver et \u00e0 acheter votre avion id\u00e9al. Apprenez-en plus sur ce que nous pouvons vous offrir et sur le processus d\u2019acquisition.","robots":{"index":"index","follow":"follow","max-snippet":"max-snippet:-1","max-image-preview":"max-image-preview:large","max-video-preview":"max-video-preview:-1"},"canonical":"https:\/\/www.jetcraft.com\/fr\/entreprise\/acheter-un-avion\/","og_locale":"fr_FR","og_type":"article","og_title":"Acheter un avion | Acheter un jet priv\u00e9 | Jetcraft","og_description":"Les experts de Jetcraft vous aident \u00e0 trouver et \u00e0 acheter votre avion id\u00e9al. Apprenez-en plus sur ce que nous pouvons vous offrir et sur le processus d\u2019acquisition.","og_url":"https:\/\/www.jetcraft.com\/fr\/entreprise\/acheter-un-avion\/","og_site_name":"Jetcraft","article_modified_time":"2024-01-30T18:30:41+00:00","twitter_card":"summary_large_image","schema":{"@context":"https:\/\/schema.org","@graph":[{"@type":"WebPage","@id":"https:\/\/www.jetcraft.com\/fr\/entreprise\/acheter-un-avion\/","url":"https:\/\/www.jetcraft.com\/fr\/entreprise\/acheter-un-avion\/","name":"Acheter un avion | Acheter un jet priv\u00e9 | Jetcraft","isPartOf":{"@id":"https:\/\/www.jetcraft.com\/fr\/#website"},"datePublished":"2016-02-19T00:32:42+00:00","dateModified":"2024-01-30T18:30:41+00:00","description":"Les experts de Jetcraft vous aident \u00e0 trouver et \u00e0 acheter votre avion id\u00e9al. Apprenez-en plus sur ce que nous pouvons vous offrir et sur le processus d\u2019acquisition.","breadcrumb":{"@id":"https:\/\/www.jetcraft.com\/fr\/entreprise\/acheter-un-avion\/#breadcrumb"},"inLanguage":"fr-FR","potentialAction":[{"@type":"ReadAction","target":["https:\/\/www.jetcraft.com\/fr\/entreprise\/acheter-un-avion\/"]}]},{"@type":"BreadcrumbList","@id":"https:\/\/www.jetcraft.com\/fr\/entreprise\/acheter-un-avion\/#breadcrumb","itemListElement":[{"@type":"ListItem","position":1,"name":"Entreprise","item":"https:\/\/www.jetcraft.com\/fr\/entreprise\/"},{"@type":"ListItem","position":2,"name":"Acheter un avion"}]},{"@type":"WebSite","@id":"https:\/\/www.jetcraft.com\/fr\/#website","url":"https:\/\/www.jetcraft.com\/fr\/","name":"Jetcraft","description":"The Original Cloud-Based Network","publisher":{"@id":"https:\/\/www.jetcraft.com\/fr\/#organization"},"potentialAction":[{"@type":"SearchAction","target":{"@type":"EntryPoint","urlTemplate":"https:\/\/www.jetcraft.com\/fr\/?s={search_term_string}"},"query-input":{"@type":"PropertyValueSpecification","valueRequired":true,"valueName":"search_term_string"}}],"inLanguage":"fr-FR"},{"@type":"Organization","@id":"https:\/\/www.jetcraft.com\/fr\/#organization","name":"Jetcraft","url":"https:\/\/www.jetcraft.com\/fr\/","logo":{"@type":"ImageObject","inLanguage":"fr-FR","@id":"https:\/\/www.jetcraft.com\/fr\/#\/schema\/logo\/image\/","url":"https:\/\/www.jetcraft.com\/wp-content\/uploads\/2026\/02\/jetcraft-2022-logo.png","contentUrl":"https:\/\/www.jetcraft.com\/wp-content\/uploads\/2026\/02\/jetcraft-2022-logo.png","width":514,"height":86,"caption":"Jetcraft"},"image":{"@id":"https:\/\/www.jetcraft.com\/fr\/#\/schema\/logo\/image\/"}}]}},"_links":{"self":[{"href":"https:\/\/www.jetcraft.com\/fr\/wp-json\/wp\/v2\/pages\/20621","targetHints":{"allow":["GET"]}}],"collection":[{"href":"https:\/\/www.jetcraft.com\/fr\/wp-json\/wp\/v2\/pages"}],"about":[{"href":"https:\/\/www.jetcraft.com\/fr\/wp-json\/wp\/v2\/types\/page"}],"author":[{"embeddable":true,"href":"https:\/\/www.jetcraft.com\/fr\/wp-json\/wp\/v2\/users\/1"}],"replies":[{"embeddable":true,"href":"https:\/\/www.jetcraft.com\/fr\/wp-json\/wp\/v2\/comments?post=20621"}],"version-history":[{"count":0,"href":"https:\/\/www.jetcraft.com\/fr\/wp-json\/wp\/v2\/pages\/20621\/revisions"}],"up":[{"embeddable":true,"href":"https:\/\/www.jetcraft.com\/fr\/wp-json\/wp\/v2\/pages\/20613"}],"wp:attachment":[{"href":"https:\/\/www.jetcraft.com\/fr\/wp-json\/wp\/v2\/media?parent=20621"}],"curies":[{"name":"wp","href":"https:\/\/api.w.org\/{rel}","templated":true}]}}