{"id":20637,"date":"2016-02-18T20:33:53","date_gmt":"2016-02-19T00:33:53","guid":{"rendered":"http:\/\/www.www.jetcraft.com\/fr\/entreprise\/privacy\/"},"modified":"2018-06-06T11:12:02","modified_gmt":"2018-06-06T15:12:02","slug":"confidentialite","status":"publish","type":"page","link":"https:\/\/www.jetcraft.com\/fr\/entreprise\/confidentialite\/","title":{"rendered":"Politique de confidentialit\u00e9"},"content":{"rendered":"<p><strong>Notre engagement envers votre confidentialit\u00e9<\/strong><br \/>\nLa protection de votre vie priv\u00e9e nous est importante. Afin de mieux prot\u00e9ger vos renseignements, nous avons \u00e9tabli les mentions suivantes. Celles-ci vous permettront de comprendre nos pratiques li\u00e9es au traitement des donn\u00e9es en ligne, ainsi que vos options en mati\u00e8re de collecte et d&rsquo;utilisation de vos renseignements.<\/p>\n<p><strong>Les informations que nous recueillons<\/strong><br \/>\nLes pr\u00e9sentes mentions s&rsquo;appliquent \u00e0 toute information recueillie ou soumise au site Web de Jetcraft. Sur certaines pages, vous pouvez effectuer des demandes d&rsquo;informations suppl\u00e9mentaires ou vous inscrire pour recevoir de la documentation. Les types de renseignements recueillis par l&rsquo;interm\u00e9diaire de ces pages incluent votre nom, titre, soci\u00e9t\u00e9, adresse, courriel, num\u00e9ro de t\u00e9l\u00e9phone, num\u00e9ro de fax et l&rsquo;avion ayant suscit\u00e9 votre int\u00e9r\u00eat.<\/p>\n<p><strong>La fa\u00e7on dont nous utilisons les informations<\/strong><br \/>\nLorsque vous effectuez une demande d&rsquo;informations suppl\u00e9mentaires et que vous nous faites parvenir vos renseignements, nous n&rsquo;utilisons ceux-ci que dans le but de r\u00e9pondre \u00e0 votre demande. Nous ne partageons aucunement vos renseignements avec de tierces parties.<\/p>\n<p>Pour r\u00e9pondre \u00e0 vos demandes effectu\u00e9es par courriel, nous n&rsquo;utilisons que l&rsquo;adresse \u00e9lectronique utilis\u00e9e lors de l&rsquo;envoi de votre message initial. Cette adresse ne sera partag\u00e9e qu&rsquo;avec notre fournisseur de syst\u00e8me d&rsquo;envoi \u00e9lectronique. Elle ne sera pas utilis\u00e9e \u00e0 d&rsquo;autres fins et ne sera aucunement partag\u00e9e avec de tierces parties.<\/p>\n<p>Vous pouvez vous inscrire \u00e0 notre site internet afin de recevoir des informations sur nos nouveaux produits et services. Vous ne recevrez ces informations que si vous remplissez le formulaire destin\u00e9 \u00e0 cette fin. Vous pouvez choisir de vous d\u00e9sabonner de la liste de diffusion. Nous respectons toute demande de r\u00e9siliation de votre part. Jetcraft est engag\u00e9 \u00e0 la protection de vos donn\u00e9es personnelles et se conforme au R\u00e8glement g\u00e9n\u00e9ral de l&rsquo;UE sur la protection des donn\u00e9es (RGPD). Pour g\u00e9rer votre profil d\u2019inscription ou vous d\u00e9sabonner compl\u00e8tement, allez \u00e0 <a href=\"https:\/\/www.jetcraft.com\/preferences\/\" target=\"_blank\">https:\/\/www.jetcraft.com\/preferences\/<\/a>.<\/p>\n<p>Enfin, sauf pour les fins cit\u00e9es plus haut, nous n&rsquo;utiliserons jamais et ne partagerons jamais vos informations personnelles sans vous donner le choix de refuser ou d&rsquo;interdire le partage de vos renseignements.<\/p>\n<p><strong>Notre engagement envers la s\u00e9curit\u00e9 des donn\u00e9es recueillies<\/strong><br \/>\nPour pr\u00e9venir un acc\u00e8s non autoris\u00e9, pour pr\u00e9server l&rsquo;exactitude des donn\u00e9es et pour v\u00e9rifier la bonne utilisation des informations recueillies, nous avons mis en place les mesures physiques, \u00e9lectroniques et de gestion n\u00e9cessaires pour prot\u00e9ger toutes les informations recueillies par le biais de notre site Web.<\/p>\n<p><strong>Politique concernant les cookies<\/strong><br \/>\nLes cookies sont de petits fichiers texte qui sont stock\u00e9s sur votre ordinateur lorsque vous consultez certaines pages Web. En utilisant ce site Web, vous acceptez notre utilisation de cookies, y compris leur param\u00e9trage et leur lecture sur votre p\u00e9riph\u00e9rique. Vous pouvez choisir de restreindre ou de bloquer les cookies \u00e0 tout moment en modifiant les param\u00e8tres de votre navigateur. Vous pouvez d\u00e9sactiver des cookies d\u00e9j\u00e0 stock\u00e9s sur votre ordinateur. Toutefois, cela pourrait nuire au bon fonctionnement de notre site. Les deux types de cookies que nous utilisons sont des cookies de fonctionnement pour nous aider \u00e0 identifier votre ordinateur afin de personnaliser votre exp\u00e9rience utilisateur sur le site Web. Nous utilisons ces cookies pour 1) sauvegarder vos recherches d&rsquo;avions pour que le site puisse adapter ses suggestions, et 2) m\u00e9moriser les avions que vous avez enregistr\u00e9s comme favoris. Ledit cookie est ensuite r\u00e9f\u00e9renc\u00e9 lorsque vous consultez votre page de favoris.<\/p>\n<p>Des parties tierces (comme les services d&rsquo;analyse de site Web ou les services d&rsquo;envoi de formulaire) peuvent utiliser des cookies de performance afin de nous informer sur la mani\u00e8re dont le site est utilis\u00e9 et pour nous aider \u00e0 l&rsquo;am\u00e9liorer. Nous pouvons b\u00e9n\u00e9ficier des services de ces parties tierces, notamment des rapports d&rsquo;analyse de notre site Web et des donn\u00e9es de formulaires.<\/p>\n<p><strong>Suivi en ligne<\/strong><br \/>\nNous n&rsquo;acceptons actuellement pas les demandes \u00ab\u00a0Do Not Track\u00a0\u00bb envoy\u00e9es par les navigateurs ni aucun autre m\u00e9canisme de blocage. Nous utilisons en revanche un logiciel tiers pour suivre le comportement de l&rsquo;utilisateur afin de nous aider \u00e0 rendre notre site plus pertinent et plus pratique pour nos clients. Veuillez consulter notre Politique en mati\u00e8re de cookies ci-dessus.<\/p>\n<p><strong>Liens<\/strong><br \/>\nCe site Web peut contenir des liens vers d&rsquo;autres sites. Veuillez noter que Jetcraft n&rsquo;est aucunement responsable des politiques de confidentialit\u00e9 de ces autres sites.<\/p>\n<p><strong>Notre engagement envers la vie priv\u00e9e des enfants<\/strong><br \/>\nCe site Web n&rsquo;est pas con\u00e7u \u00e0 l&rsquo;intention des enfants de moins de 13 ans. Nous ne recueillons pas et ne conservons pas les informations obtenues de toute personne \u00e2g\u00e9e de moins de 13 ans.<\/p>\n<p><strong>Comment nous contacter<\/strong><br \/>\nPour toute question ou pr\u00e9occupation li\u00e9e \u00e0 notre politique de confidentialit\u00e9, n&rsquo;h\u00e9sitez pas \u00e0 nous contacter au +1 919 941 8400.<\/p>\n","protected":false},"excerpt":{"rendered":"<p>Notre engagement envers votre confidentialit\u00e9 La protection de votre vie priv\u00e9e nous est importante. Afin de mieux prot\u00e9ger vos renseignements, nous avons \u00e9tabli les mentions suivantes. Celles-ci vous permettront de comprendre nos pratiques li\u00e9es au traitement des donn\u00e9es en ligne, ainsi que vos options en mati\u00e8re de collecte et d&rsquo;utilisation de vos renseignements. Les informations&#8230;<\/p>\n","protected":false},"author":1,"featured_media":0,"parent":20613,"menu_order":0,"comment_status":"closed","ping_status":"closed","template":"","meta":{"_acf_changed":false,"inline_featured_image":false,"footnotes":""},"class_list":["post-20637","page","type-page","status-publish","hentry"],"acf":[],"yoast_head":"<!-- This site is optimized with the Yoast SEO plugin v27.1.1 - https:\/\/yoast.com\/product\/yoast-seo-wordpress\/ -->\n<title>Notre engagement envers votre confidentialit\u00e9 | Politique de confidentialit\u00e9 | Jetcraft<\/title>\n<meta name=\"description\" content=\"Jetcraft s\u2019engage \u00e0 prot\u00e9ger votre vie priv\u00e9e. Nous utilisons les renseignements fournis lors de votre demande d\u2019informations uniquement pour vous r\u00e9pondre.\" \/>\n<meta name=\"robots\" content=\"index, follow, max-snippet:-1, max-image-preview:large, max-video-preview:-1\" \/>\n<link rel=\"canonical\" href=\"https:\/\/www.jetcraft.com\/fr\/entreprise\/confidentialite\/\" \/>\n<meta property=\"og:locale\" content=\"fr_FR\" \/>\n<meta property=\"og:type\" content=\"article\" \/>\n<meta property=\"og:title\" content=\"Notre engagement envers votre confidentialit\u00e9 | Politique de confidentialit\u00e9 | Jetcraft\" \/>\n<meta property=\"og:description\" content=\"Jetcraft s\u2019engage \u00e0 prot\u00e9ger votre vie priv\u00e9e. Nous utilisons les renseignements fournis lors de votre demande d\u2019informations uniquement pour vous r\u00e9pondre.\" \/>\n<meta property=\"og:url\" content=\"https:\/\/www.jetcraft.com\/fr\/entreprise\/confidentialite\/\" \/>\n<meta property=\"og:site_name\" content=\"Jetcraft\" \/>\n<meta property=\"article:modified_time\" content=\"2018-06-06T15:12:02+00:00\" \/>\n<meta name=\"twitter:card\" content=\"summary_large_image\" \/>\n<meta name=\"twitter:label1\" content=\"Est. reading time\" \/>\n\t<meta name=\"twitter:data1\" content=\"4 minutes\" \/>\n<script type=\"application\/ld+json\" class=\"yoast-schema-graph\">{\"@context\":\"https:\/\/schema.org\",\"@graph\":[{\"@type\":\"WebPage\",\"@id\":\"https:\/\/www.jetcraft.com\/fr\/entreprise\/confidentialite\/\",\"url\":\"https:\/\/www.jetcraft.com\/fr\/entreprise\/confidentialite\/\",\"name\":\"Notre engagement envers votre confidentialit\u00e9 | Politique de confidentialit\u00e9 | Jetcraft\",\"isPartOf\":{\"@id\":\"https:\/\/www.jetcraft.com\/fr\/#website\"},\"datePublished\":\"2016-02-19T00:33:53+00:00\",\"dateModified\":\"2018-06-06T15:12:02+00:00\",\"description\":\"Jetcraft s\u2019engage \u00e0 prot\u00e9ger votre vie priv\u00e9e. Nous utilisons les renseignements fournis lors de votre demande d\u2019informations uniquement pour vous r\u00e9pondre.\",\"breadcrumb\":{\"@id\":\"https:\/\/www.jetcraft.com\/fr\/entreprise\/confidentialite\/#breadcrumb\"},\"inLanguage\":\"fr-FR\",\"potentialAction\":[{\"@type\":\"ReadAction\",\"target\":[\"https:\/\/www.jetcraft.com\/fr\/entreprise\/confidentialite\/\"]}]},{\"@type\":\"BreadcrumbList\",\"@id\":\"https:\/\/www.jetcraft.com\/fr\/entreprise\/confidentialite\/#breadcrumb\",\"itemListElement\":[{\"@type\":\"ListItem\",\"position\":1,\"name\":\"Entreprise\",\"item\":\"https:\/\/www.jetcraft.com\/fr\/entreprise\/\"},{\"@type\":\"ListItem\",\"position\":2,\"name\":\"Politique de confidentialit\u00e9\"}]},{\"@type\":\"WebSite\",\"@id\":\"https:\/\/www.jetcraft.com\/fr\/#website\",\"url\":\"https:\/\/www.jetcraft.com\/fr\/\",\"name\":\"Jetcraft\",\"description\":\"The Original Cloud-Based Network\",\"publisher\":{\"@id\":\"https:\/\/www.jetcraft.com\/fr\/#organization\"},\"potentialAction\":[{\"@type\":\"SearchAction\",\"target\":{\"@type\":\"EntryPoint\",\"urlTemplate\":\"https:\/\/www.jetcraft.com\/fr\/?s={search_term_string}\"},\"query-input\":{\"@type\":\"PropertyValueSpecification\",\"valueRequired\":true,\"valueName\":\"search_term_string\"}}],\"inLanguage\":\"fr-FR\"},{\"@type\":\"Organization\",\"@id\":\"https:\/\/www.jetcraft.com\/fr\/#organization\",\"name\":\"Jetcraft\",\"url\":\"https:\/\/www.jetcraft.com\/fr\/\",\"logo\":{\"@type\":\"ImageObject\",\"inLanguage\":\"fr-FR\",\"@id\":\"https:\/\/www.jetcraft.com\/fr\/#\/schema\/logo\/image\/\",\"url\":\"https:\/\/www.jetcraft.com\/wp-content\/uploads\/2026\/02\/jetcraft-2022-logo.png\",\"contentUrl\":\"https:\/\/www.jetcraft.com\/wp-content\/uploads\/2026\/02\/jetcraft-2022-logo.png\",\"width\":514,\"height\":86,\"caption\":\"Jetcraft\"},\"image\":{\"@id\":\"https:\/\/www.jetcraft.com\/fr\/#\/schema\/logo\/image\/\"}}]}<\/script>\n<!-- \/ Yoast SEO plugin. -->","yoast_head_json":{"title":"Notre engagement envers votre confidentialit\u00e9 | Politique de confidentialit\u00e9 | Jetcraft","description":"Jetcraft s\u2019engage \u00e0 prot\u00e9ger votre vie priv\u00e9e. Nous utilisons les renseignements fournis lors de votre demande d\u2019informations uniquement pour vous r\u00e9pondre.","robots":{"index":"index","follow":"follow","max-snippet":"max-snippet:-1","max-image-preview":"max-image-preview:large","max-video-preview":"max-video-preview:-1"},"canonical":"https:\/\/www.jetcraft.com\/fr\/entreprise\/confidentialite\/","og_locale":"fr_FR","og_type":"article","og_title":"Notre engagement envers votre confidentialit\u00e9 | Politique de confidentialit\u00e9 | Jetcraft","og_description":"Jetcraft s\u2019engage \u00e0 prot\u00e9ger votre vie priv\u00e9e. Nous utilisons les renseignements fournis lors de votre demande d\u2019informations uniquement pour vous r\u00e9pondre.","og_url":"https:\/\/www.jetcraft.com\/fr\/entreprise\/confidentialite\/","og_site_name":"Jetcraft","article_modified_time":"2018-06-06T15:12:02+00:00","twitter_card":"summary_large_image","twitter_misc":{"Est. reading time":"4 minutes"},"schema":{"@context":"https:\/\/schema.org","@graph":[{"@type":"WebPage","@id":"https:\/\/www.jetcraft.com\/fr\/entreprise\/confidentialite\/","url":"https:\/\/www.jetcraft.com\/fr\/entreprise\/confidentialite\/","name":"Notre engagement envers votre confidentialit\u00e9 | Politique de confidentialit\u00e9 | Jetcraft","isPartOf":{"@id":"https:\/\/www.jetcraft.com\/fr\/#website"},"datePublished":"2016-02-19T00:33:53+00:00","dateModified":"2018-06-06T15:12:02+00:00","description":"Jetcraft s\u2019engage \u00e0 prot\u00e9ger votre vie priv\u00e9e. Nous utilisons les renseignements fournis lors de votre demande d\u2019informations uniquement pour vous r\u00e9pondre.","breadcrumb":{"@id":"https:\/\/www.jetcraft.com\/fr\/entreprise\/confidentialite\/#breadcrumb"},"inLanguage":"fr-FR","potentialAction":[{"@type":"ReadAction","target":["https:\/\/www.jetcraft.com\/fr\/entreprise\/confidentialite\/"]}]},{"@type":"BreadcrumbList","@id":"https:\/\/www.jetcraft.com\/fr\/entreprise\/confidentialite\/#breadcrumb","itemListElement":[{"@type":"ListItem","position":1,"name":"Entreprise","item":"https:\/\/www.jetcraft.com\/fr\/entreprise\/"},{"@type":"ListItem","position":2,"name":"Politique de confidentialit\u00e9"}]},{"@type":"WebSite","@id":"https:\/\/www.jetcraft.com\/fr\/#website","url":"https:\/\/www.jetcraft.com\/fr\/","name":"Jetcraft","description":"The Original Cloud-Based Network","publisher":{"@id":"https:\/\/www.jetcraft.com\/fr\/#organization"},"potentialAction":[{"@type":"SearchAction","target":{"@type":"EntryPoint","urlTemplate":"https:\/\/www.jetcraft.com\/fr\/?s={search_term_string}"},"query-input":{"@type":"PropertyValueSpecification","valueRequired":true,"valueName":"search_term_string"}}],"inLanguage":"fr-FR"},{"@type":"Organization","@id":"https:\/\/www.jetcraft.com\/fr\/#organization","name":"Jetcraft","url":"https:\/\/www.jetcraft.com\/fr\/","logo":{"@type":"ImageObject","inLanguage":"fr-FR","@id":"https:\/\/www.jetcraft.com\/fr\/#\/schema\/logo\/image\/","url":"https:\/\/www.jetcraft.com\/wp-content\/uploads\/2026\/02\/jetcraft-2022-logo.png","contentUrl":"https:\/\/www.jetcraft.com\/wp-content\/uploads\/2026\/02\/jetcraft-2022-logo.png","width":514,"height":86,"caption":"Jetcraft"},"image":{"@id":"https:\/\/www.jetcraft.com\/fr\/#\/schema\/logo\/image\/"}}]}},"_links":{"self":[{"href":"https:\/\/www.jetcraft.com\/fr\/wp-json\/wp\/v2\/pages\/20637","targetHints":{"allow":["GET"]}}],"collection":[{"href":"https:\/\/www.jetcraft.com\/fr\/wp-json\/wp\/v2\/pages"}],"about":[{"href":"https:\/\/www.jetcraft.com\/fr\/wp-json\/wp\/v2\/types\/page"}],"author":[{"embeddable":true,"href":"https:\/\/www.jetcraft.com\/fr\/wp-json\/wp\/v2\/users\/1"}],"replies":[{"embeddable":true,"href":"https:\/\/www.jetcraft.com\/fr\/wp-json\/wp\/v2\/comments?post=20637"}],"version-history":[{"count":0,"href":"https:\/\/www.jetcraft.com\/fr\/wp-json\/wp\/v2\/pages\/20637\/revisions"}],"up":[{"embeddable":true,"href":"https:\/\/www.jetcraft.com\/fr\/wp-json\/wp\/v2\/pages\/20613"}],"wp:attachment":[{"href":"https:\/\/www.jetcraft.com\/fr\/wp-json\/wp\/v2\/media?parent=20637"}],"curies":[{"name":"wp","href":"https:\/\/api.w.org\/{rel}","templated":true}]}}