{"id":20641,"date":"2016-02-18T20:34:00","date_gmt":"2016-02-19T00:34:00","guid":{"rendered":"http:\/\/www.www.jetcraft.com\/fr\/entreprise\/legal\/"},"modified":"2025-05-22T15:35:36","modified_gmt":"2025-05-22T19:35:36","slug":"legal","status":"publish","type":"page","link":"https:\/\/www.jetcraft.com\/fr\/entreprise\/legal\/","title":{"rendered":"Conditions g\u00e9n\u00e9rales d&rsquo;utilisation"},"content":{"rendered":"<p>Ce site, fourni par Jetcraft Corporation (ci-apr\u00e8s, \u00ab Jetcraft \u00bb) est soumis aux Conditions g\u00e9n\u00e9rales d&rsquo;utilisation suivantes (ci-apr\u00e8s \u00ab Conditions g\u00e9n\u00e9rales \u00bb ou \u00ab Entente \u00bb). Veuillez lire attentivement les pr\u00e9sentes Conditions g\u00e9n\u00e9rales. Elles constituent un accord r\u00e9gissant votre utilisation de ce site Web. Bien que vous puissiez mettre en signet une partie sp\u00e9cifique du site et, par cons\u00e9quent, contourner cette Entente, votre utilisation du site demeure li\u00e9e par les pr\u00e9sentes Conditions g\u00e9n\u00e9rales d&rsquo;utilisation. Jetcraft se r\u00e9serve le droit de modifier ou de mettre \u00e0 jour ces Conditions g\u00e9n\u00e9rales \u00e0 tout moment et sans pr\u00e9avis. Votre utilisation du site Web et de ses fonctionnalit\u00e9s \u00e0 la suite de ces changements sera consid\u00e9r\u00e9e comme une acceptation inconditionnelle desdites Conditions g\u00e9n\u00e9rales modifi\u00e9es. Si vous n&rsquo;acceptez pas les pr\u00e9sentes Conditions g\u00e9n\u00e9rales, veuillez ne pas utiliser le site. Si vous poursuivez votre navigation sur le site, ou si vous y retournez, vous acceptez d&rsquo;\u00eatre li\u00e9(e) par cette Entente.<\/p>\n<p><strong>Marques de commerce et droits d&rsquo;auteur<\/strong><br \/>\nTous les contenus diffus\u00e9s sur ce site, tels que les textes, graphiques, logos, ic\u00f4nes, images et s\u00e9quences audios, demeurent la propri\u00e9t\u00e9 de Jetcraft ou de ses fournisseurs de contenu, et sont prot\u00e9g\u00e9s par les lois am\u00e9ricaines et internationales sur le droit d&rsquo;auteur. Toutes les marques de commerce figurant sur le pr\u00e9sent site Web sont la propri\u00e9t\u00e9 de leurs possesseurs respectifs. Tous les droits non express\u00e9ment accord\u00e9s aux pr\u00e9sentes sont r\u00e9serv\u00e9s. Jetcraft\u00ae est une marque d\u00e9pos\u00e9e de Jetcraft Corporation.<\/p>\n<p><strong>Licence<\/strong><br \/>\nIl vous est accord\u00e9 par la pr\u00e9sente une licence non exclusive d&rsquo;utilisation du contenu de ce site Web (ci-apr\u00e8s, \u00ab Contenu \u00bb), \u00e0 des fins l\u00e9gales seulement, pendant votre connexion sur le site. Il vous est \u00e9galement octroy\u00e9 une licence restreinte pour imprimer des copies du contenu publi\u00e9 sur ce site Web, pour usage personnel uniquement. Sauf pour v\u00e9rifier l&rsquo;exactitude du contenu diffus\u00e9 sur ce site Web, la reproduction \u00e9lectronique, l&rsquo;adaptation, la distribution, l&rsquo;exploitation et l&rsquo;affichage du contenu de ce site Web ne sont pas autoris\u00e9s. Toute modification ou suppression des mentions de droit d&rsquo;auteur est interdite. L&rsquo;utilisation de nos marques de commerce en tant que m\u00e9tabalise sur d&rsquo;autres sites Web est strictement interdite. Vous ne pouvez pas afficher ce site Web dans des cadres ou par le biais d&rsquo;un lien de retour au site sans notre autorisation pr\u00e9alable \u00e9crite, pouvant \u00eatre obtenue en nous contactant au +1 919-941-8400. Vous acceptez de ne pas utiliser ce site Web pour t\u00e9l\u00e9charger, afficher ou transf\u00e9rer tout contenu qui pourrait enfreindre toute marque de commerce ou tout brevet, secret de fabrication, droit d&rsquo;auteur ou droit de propri\u00e9t\u00e9 de Jetcraft ou de toute autre entit\u00e9 ou tout autre individu.<\/p>\n<p><strong>Liens<\/strong><br \/>\nLe pr\u00e9sent site comporte des liens qui permettent d&rsquo;acc\u00e9der \u00e0 des sites Web non g\u00e9r\u00e9s ou contr\u00f4l\u00e9s par Jetcraft. Si vous choisissez d&rsquo;\u00e9tablir cette connexion et de vous diriger vers ces sites, Jetcraft n&rsquo;est nullement responsable des risques ou des cons\u00e9quences qui en d\u00e9coulent. M\u00eame si le pr\u00e9sent site fournit des liens permettant d&rsquo;acc\u00e9der \u00e0 d&rsquo;autres sites Web, Jetcraft ne cautionne pas et n&rsquo;est pas responsable du contenu affich\u00e9 sur les autres sites Web ou des \u00e9v\u00e8nements qui en d\u00e9coulent.<\/p>\n<p><strong>Limitation de responsabilit\u00e9<\/strong><br \/>\nVous reconnaissez et acceptez express\u00e9ment que Jetcraft n&rsquo;est pas responsable des pertes et dommages directs, sp\u00e9ciaux, exemplaires et punitifs, et de toute r\u00e9percussion qui en d\u00e9coule, notamment les dommages pour perte de revenus ou de b\u00e9n\u00e9fices, pouvant \u00eatre caus\u00e9e par ou reli\u00e9e \u00e0 l&rsquo;utilisation ou \u00e0 l&rsquo;acc\u00e8s de ce site Web, de tout site Web reli\u00e9, ou \u00e0 la reproduction, l&rsquo;affichage ou l&rsquo;utilisation du site, m\u00eame si Jetcraft avait \u00e9t\u00e9 pr\u00e9venu de la possibilit\u00e9 de tels dommages ou d&rsquo;une telle perte de revenus ou de b\u00e9n\u00e9fices, et m\u00eame si la demande est li\u00e9e \u00e0 une rupture de contrat ou de garantie, \u00e0 la n\u00e9gligence ou autre forme de pr\u00e9judice, \u00e0 la responsabilit\u00e9 stricte ou \u00e0 d&rsquo;autres conclusions li\u00e9es \u00e0 la responsabilit\u00e9.<\/p>\n<p>Certaines l\u00e9gislations n&rsquo;autorisent pas l&rsquo;exclusion de garanties ou la limitation ou l&rsquo;exclusion de la responsabilit\u00e9 lors de dommages accidentels et de dommages avec r\u00e9percussions. Il est donc possible que certaines limitations PR\u00c9SENT\u00c9ES AU PARAGRAPHE PR\u00c9C\u00c9DENT ne s&rsquo;appliquent pas dans votre cas.<\/p>\n<p><strong>Exon\u00e9ration de garanties<\/strong><br \/>\nVous consentez express\u00e9ment \u00e0 ce que l&rsquo;utilisation de ce site Web soit \u00e0 vos propres risques. Les services, le contenu et les informations de ce site Web sont fournis \u00ab\u00a0tels quels\u00a0\u00bb et sans garantie quelconque. Le Contenu diffus\u00e9 sur ce site Web peut contenir des inexactitudes ou des erreurs typographiques. Jetcraft ne fait aucune d\u00e9claration et, dans la mesure autoris\u00e9e par la loi, exclut toute garantie explicite ou implicite (notamment les garanties de commercialisation et l&rsquo;adaptation \u00e0 une fin particuli\u00e8re) concernant la pertinence des informations, la pr\u00e9cision, la fiabilit\u00e9 ou l&rsquo;exhaustivit\u00e9 du contenu, des textes, des graphiques, des liens et autres \u00e9l\u00e9ments diffus\u00e9s sur le site Web, ou des r\u00e9sultats d\u00e9coulant de l&rsquo;accessibilit\u00e9 ou de l&rsquo;utilisation de site Web et du contenu mentionn\u00e9 plus haut. Jetcraft ne garantit pas que les fonctions figurant dans le contenu de son site Web seront sans interruption ou sans erreur, que les d\u00e9fauts seront corrig\u00e9s ou que ce site est exempt de virus ou autres composants d\u00e9fectueux.<\/p>\n<p><strong>Indemnisation<\/strong><br \/>\nEn utilisant ce site Web, dans toute la mesure autoris\u00e9e par la loi, vous acceptez d&rsquo;indemniser et de d\u00e9gager Jetcraft et ses filiales, soci\u00e9t\u00e9s affili\u00e9es, dirigeants, agents et employ\u00e9s de toute responsabilit\u00e9 en cas de d\u00e9penses (incluant les frais d&rsquo;avocats) et dommages caus\u00e9s par votre utilisation ou mauvaise utilisation du pr\u00e9sent site Web, notamment toute demande reposant sur des all\u00e9gations de faits qui, si elles se r\u00e9v\u00e8lent v\u00e9ridiques, constitueraient une violation des Conditions g\u00e9n\u00e9rales de votre part.<\/p>\n<p><strong>Modification et r\u00e9vocation<\/strong><br \/>\nVous acceptez que nous puissions modifier les termes de cette Entente ou que nous puissions interrompre ce site Web \u00e0 notre discr\u00e9tion, sans pr\u00e9avis, et que votre acc\u00e8s au site Web soit conditionn\u00e9 \u00e0 votre respect des Conditions g\u00e9n\u00e9rales alors en vigueur.<\/p>\n<p><strong>Politique de confidentialit\u00e9<\/strong><br \/>\nPour plus d&rsquo;informations concernant les politiques de confidentialit\u00e9 de Jetcraft, veuillez consulter notre politique de confidentialit\u00e9 disponible sur : <a href=\"https:\/\/www.jetcraft.com\/fr\/entreprise\/confidentialite\/\">www.www.jetcraft.com\/fr\/entreprise\/confidentialite\/<\/a>.<\/p>\n<p><strong>Comp\u00e9tence territoriale<\/strong><br \/>\nLa loi de l&rsquo;\u00c9tat de la Caroline du Nord r\u00e9git la pr\u00e9sente Entente et votre utilisation de ce site Web. En utilisant le pr\u00e9sent site Web, vous acceptez qu&rsquo;en cas de poursuite d\u00e9coulant de, ou en rapport avec, ces Conditions g\u00e9n\u00e9rales ou votre utilisation du site, la comp\u00e9tence incombe exclusivement aux tribunaux d&rsquo;\u00c9tat ou f\u00e9d\u00e9raux situ\u00e9s \u00e0 Raleigh, dans l&rsquo;\u00c9tat de la Caroline du Nord. Vous acceptez de renoncer \u00e0 toute objection fond\u00e9e sur la r\u00e8gle du \u00ab\u00a0forum non conveniens\u00a0\u00bb ou l&#8217;emplacement choisi. Jetcraft ne fait aucune d\u00e9claration quant au fait que le pr\u00e9sent site Web (y compris le contenu et les services mis \u00e0 disposition) puisse \u00eatre appropri\u00e9 pour ou disponible \u00e0 l&rsquo;ext\u00e9rieur des \u00c9tats-Unis. L&rsquo;utilisation de ce site Web dans des territoires qui l&rsquo;interdisent est strictement prohib\u00e9e. L&rsquo;utilisation du pr\u00e9sent site Web \u00e0 l&rsquo;ext\u00e9rieur des \u00c9tats-Unis est \u00e0 vos propres risques, et il vous incombe de respecter toutes les lois locales.<\/p>\n<p><strong>Remarques<\/strong><br \/>\nSauf disposition contraire des pr\u00e9sentes, cette Entente constitue l&rsquo;int\u00e9gralit\u00e9 de l&rsquo;accord conclu entre vous et Jetcraft en ce qui a trait au pr\u00e9sent site Web. Elle remplace toute communication ou entente ant\u00e9rieure ou simultan\u00e9e entre vous et Jetcraft concernant l&rsquo;utilisation de ce site Web. Tout d\u00e9faut d&rsquo;agir de Jetcraft envers une violation commise par vous ou par d&rsquo;autres ne saurait constituer une renonciation face aux droits d&rsquo;action de Jetcraft, m\u00eame face aux violations ult\u00e9rieures ou futures. Dans le cas o\u00f9 une disposition des pr\u00e9sentes Conditions g\u00e9n\u00e9rales viendrait \u00e0 perdre sa validit\u00e9 ou \u00eatre inapplicable, celle-ci devra \u00eatre interpr\u00e9t\u00e9e conform\u00e9ment \u00e0 la l\u00e9gislation en vigueur de fa\u00e7on \u00e0 refl\u00e9ter, autant que possible, les intentions initiales des parties. Le reste des Conditions g\u00e9n\u00e9rales demeurera effectif et en vigueur.<\/p>\n<p><strong>Caract\u00e9ristiques techniques des avions<\/strong><br \/>\nLes caract\u00e9ristiques techniques et les descriptions des appareils fournis servent uniquement de renseignements introductifs et ne sauraient constituer des d\u00e9clarations ou garanties. La v\u00e9rification des caract\u00e9ristiques techniques incombe exclusivement \u00e0 l&rsquo;acqu\u00e9reur. Tout appareil peut \u00eatre sujet \u00e0 une vente, une location, ou \u00e0 un retrait pr\u00e9alables du march\u00e9 sans pr\u00e9avis.<\/p>\n<h1>Documents fiscaux<\/h1>\n<p><a href=\"https:\/\/www.jetcraft.com\/wp-content\/uploads\/2025\/05\/TAX-STRATEGY-Jetcraft-Global-UK-FY25-003.pdf\" target=\"_blank\" rel=\"noopener noreferrer\">Cliquez ici<\/a> pour consulter la strat\u00e9gie fiscale de Jetcraft Global (UK) Limited, la soci\u00e9t\u00e9 m\u00e8re du groupe Jetcraft.<\/p>\n<p>Droits d&rsquo;auteur \u00a9 2026 Jetcraft Corporation. Tous droits r\u00e9serv\u00e9s.<\/p>\n","protected":false},"excerpt":{"rendered":"<p>Ce site, fourni par Jetcraft Corporation (ci-apr\u00e8s, \u00ab Jetcraft \u00bb) est soumis aux Conditions g\u00e9n\u00e9rales d&rsquo;utilisation suivantes (ci-apr\u00e8s \u00ab Conditions g\u00e9n\u00e9rales \u00bb ou \u00ab Entente \u00bb). Veuillez lire attentivement les pr\u00e9sentes Conditions g\u00e9n\u00e9rales. Elles constituent un accord r\u00e9gissant votre utilisation de ce site Web. Bien que vous puissiez mettre en signet une partie sp\u00e9cifique du&#8230;<\/p>\n","protected":false},"author":1,"featured_media":0,"parent":20613,"menu_order":0,"comment_status":"closed","ping_status":"closed","template":"","meta":{"_acf_changed":false,"inline_featured_image":false,"footnotes":""},"class_list":["post-20641","page","type-page","status-publish","hentry"],"acf":[],"yoast_head":"<!-- This site is optimized with the Yoast SEO plugin v27.1.1 - https:\/\/yoast.com\/product\/yoast-seo-wordpress\/ -->\n<title>Conditions g\u00e9n\u00e9rales d\u2019utilisation | Jetcraft<\/title>\n<meta name=\"description\" content=\"Pour plus de renseignements concernant les marques de commerce et droits d\u2019auteur, les licences, la responsabilit\u00e9 ou les limitations de Jetcraft, veuillez consulter nos Conditions g\u00e9n\u00e9rales.\" \/>\n<meta name=\"robots\" content=\"index, follow, max-snippet:-1, max-image-preview:large, max-video-preview:-1\" \/>\n<link rel=\"canonical\" href=\"https:\/\/www.jetcraft.com\/fr\/entreprise\/legal\/\" \/>\n<meta property=\"og:locale\" content=\"fr_FR\" \/>\n<meta property=\"og:type\" content=\"article\" \/>\n<meta property=\"og:title\" content=\"Conditions g\u00e9n\u00e9rales d\u2019utilisation | Jetcraft\" \/>\n<meta property=\"og:description\" content=\"Pour plus de renseignements concernant les marques de commerce et droits d\u2019auteur, les licences, la responsabilit\u00e9 ou les limitations de Jetcraft, veuillez consulter nos Conditions g\u00e9n\u00e9rales.\" \/>\n<meta property=\"og:url\" content=\"https:\/\/www.jetcraft.com\/fr\/entreprise\/legal\/\" \/>\n<meta property=\"og:site_name\" content=\"Jetcraft\" \/>\n<meta property=\"article:modified_time\" content=\"2025-05-22T19:35:36+00:00\" \/>\n<meta name=\"twitter:card\" content=\"summary_large_image\" \/>\n<meta name=\"twitter:label1\" content=\"Est. reading time\" \/>\n\t<meta name=\"twitter:data1\" content=\"6 minutes\" \/>\n<script type=\"application\/ld+json\" class=\"yoast-schema-graph\">{\"@context\":\"https:\/\/schema.org\",\"@graph\":[{\"@type\":\"WebPage\",\"@id\":\"https:\/\/www.jetcraft.com\/fr\/entreprise\/legal\/\",\"url\":\"https:\/\/www.jetcraft.com\/fr\/entreprise\/legal\/\",\"name\":\"Conditions g\u00e9n\u00e9rales d\u2019utilisation | Jetcraft\",\"isPartOf\":{\"@id\":\"https:\/\/www.jetcraft.com\/fr\/#website\"},\"datePublished\":\"2016-02-19T00:34:00+00:00\",\"dateModified\":\"2025-05-22T19:35:36+00:00\",\"description\":\"Pour plus de renseignements concernant les marques de commerce et droits d\u2019auteur, les licences, la responsabilit\u00e9 ou les limitations de Jetcraft, veuillez consulter nos Conditions g\u00e9n\u00e9rales.\",\"breadcrumb\":{\"@id\":\"https:\/\/www.jetcraft.com\/fr\/entreprise\/legal\/#breadcrumb\"},\"inLanguage\":\"fr-FR\",\"potentialAction\":[{\"@type\":\"ReadAction\",\"target\":[\"https:\/\/www.jetcraft.com\/fr\/entreprise\/legal\/\"]}]},{\"@type\":\"BreadcrumbList\",\"@id\":\"https:\/\/www.jetcraft.com\/fr\/entreprise\/legal\/#breadcrumb\",\"itemListElement\":[{\"@type\":\"ListItem\",\"position\":1,\"name\":\"Entreprise\",\"item\":\"https:\/\/www.jetcraft.com\/fr\/entreprise\/\"},{\"@type\":\"ListItem\",\"position\":2,\"name\":\"Conditions g\u00e9n\u00e9rales d&#8217;utilisation\"}]},{\"@type\":\"WebSite\",\"@id\":\"https:\/\/www.jetcraft.com\/fr\/#website\",\"url\":\"https:\/\/www.jetcraft.com\/fr\/\",\"name\":\"Jetcraft\",\"description\":\"The Original Cloud-Based Network\",\"publisher\":{\"@id\":\"https:\/\/www.jetcraft.com\/fr\/#organization\"},\"potentialAction\":[{\"@type\":\"SearchAction\",\"target\":{\"@type\":\"EntryPoint\",\"urlTemplate\":\"https:\/\/www.jetcraft.com\/fr\/?s={search_term_string}\"},\"query-input\":{\"@type\":\"PropertyValueSpecification\",\"valueRequired\":true,\"valueName\":\"search_term_string\"}}],\"inLanguage\":\"fr-FR\"},{\"@type\":\"Organization\",\"@id\":\"https:\/\/www.jetcraft.com\/fr\/#organization\",\"name\":\"Jetcraft\",\"url\":\"https:\/\/www.jetcraft.com\/fr\/\",\"logo\":{\"@type\":\"ImageObject\",\"inLanguage\":\"fr-FR\",\"@id\":\"https:\/\/www.jetcraft.com\/fr\/#\/schema\/logo\/image\/\",\"url\":\"https:\/\/www.jetcraft.com\/wp-content\/uploads\/2026\/02\/jetcraft-2022-logo.png\",\"contentUrl\":\"https:\/\/www.jetcraft.com\/wp-content\/uploads\/2026\/02\/jetcraft-2022-logo.png\",\"width\":514,\"height\":86,\"caption\":\"Jetcraft\"},\"image\":{\"@id\":\"https:\/\/www.jetcraft.com\/fr\/#\/schema\/logo\/image\/\"}}]}<\/script>\n<!-- \/ Yoast SEO plugin. -->","yoast_head_json":{"title":"Conditions g\u00e9n\u00e9rales d\u2019utilisation | Jetcraft","description":"Pour plus de renseignements concernant les marques de commerce et droits d\u2019auteur, les licences, la responsabilit\u00e9 ou les limitations de Jetcraft, veuillez consulter nos Conditions g\u00e9n\u00e9rales.","robots":{"index":"index","follow":"follow","max-snippet":"max-snippet:-1","max-image-preview":"max-image-preview:large","max-video-preview":"max-video-preview:-1"},"canonical":"https:\/\/www.jetcraft.com\/fr\/entreprise\/legal\/","og_locale":"fr_FR","og_type":"article","og_title":"Conditions g\u00e9n\u00e9rales d\u2019utilisation | Jetcraft","og_description":"Pour plus de renseignements concernant les marques de commerce et droits d\u2019auteur, les licences, la responsabilit\u00e9 ou les limitations de Jetcraft, veuillez consulter nos Conditions g\u00e9n\u00e9rales.","og_url":"https:\/\/www.jetcraft.com\/fr\/entreprise\/legal\/","og_site_name":"Jetcraft","article_modified_time":"2025-05-22T19:35:36+00:00","twitter_card":"summary_large_image","twitter_misc":{"Est. reading time":"6 minutes"},"schema":{"@context":"https:\/\/schema.org","@graph":[{"@type":"WebPage","@id":"https:\/\/www.jetcraft.com\/fr\/entreprise\/legal\/","url":"https:\/\/www.jetcraft.com\/fr\/entreprise\/legal\/","name":"Conditions g\u00e9n\u00e9rales d\u2019utilisation | Jetcraft","isPartOf":{"@id":"https:\/\/www.jetcraft.com\/fr\/#website"},"datePublished":"2016-02-19T00:34:00+00:00","dateModified":"2025-05-22T19:35:36+00:00","description":"Pour plus de renseignements concernant les marques de commerce et droits d\u2019auteur, les licences, la responsabilit\u00e9 ou les limitations de Jetcraft, veuillez consulter nos Conditions g\u00e9n\u00e9rales.","breadcrumb":{"@id":"https:\/\/www.jetcraft.com\/fr\/entreprise\/legal\/#breadcrumb"},"inLanguage":"fr-FR","potentialAction":[{"@type":"ReadAction","target":["https:\/\/www.jetcraft.com\/fr\/entreprise\/legal\/"]}]},{"@type":"BreadcrumbList","@id":"https:\/\/www.jetcraft.com\/fr\/entreprise\/legal\/#breadcrumb","itemListElement":[{"@type":"ListItem","position":1,"name":"Entreprise","item":"https:\/\/www.jetcraft.com\/fr\/entreprise\/"},{"@type":"ListItem","position":2,"name":"Conditions g\u00e9n\u00e9rales d&#8217;utilisation"}]},{"@type":"WebSite","@id":"https:\/\/www.jetcraft.com\/fr\/#website","url":"https:\/\/www.jetcraft.com\/fr\/","name":"Jetcraft","description":"The Original Cloud-Based Network","publisher":{"@id":"https:\/\/www.jetcraft.com\/fr\/#organization"},"potentialAction":[{"@type":"SearchAction","target":{"@type":"EntryPoint","urlTemplate":"https:\/\/www.jetcraft.com\/fr\/?s={search_term_string}"},"query-input":{"@type":"PropertyValueSpecification","valueRequired":true,"valueName":"search_term_string"}}],"inLanguage":"fr-FR"},{"@type":"Organization","@id":"https:\/\/www.jetcraft.com\/fr\/#organization","name":"Jetcraft","url":"https:\/\/www.jetcraft.com\/fr\/","logo":{"@type":"ImageObject","inLanguage":"fr-FR","@id":"https:\/\/www.jetcraft.com\/fr\/#\/schema\/logo\/image\/","url":"https:\/\/www.jetcraft.com\/wp-content\/uploads\/2026\/02\/jetcraft-2022-logo.png","contentUrl":"https:\/\/www.jetcraft.com\/wp-content\/uploads\/2026\/02\/jetcraft-2022-logo.png","width":514,"height":86,"caption":"Jetcraft"},"image":{"@id":"https:\/\/www.jetcraft.com\/fr\/#\/schema\/logo\/image\/"}}]}},"_links":{"self":[{"href":"https:\/\/www.jetcraft.com\/fr\/wp-json\/wp\/v2\/pages\/20641","targetHints":{"allow":["GET"]}}],"collection":[{"href":"https:\/\/www.jetcraft.com\/fr\/wp-json\/wp\/v2\/pages"}],"about":[{"href":"https:\/\/www.jetcraft.com\/fr\/wp-json\/wp\/v2\/types\/page"}],"author":[{"embeddable":true,"href":"https:\/\/www.jetcraft.com\/fr\/wp-json\/wp\/v2\/users\/1"}],"replies":[{"embeddable":true,"href":"https:\/\/www.jetcraft.com\/fr\/wp-json\/wp\/v2\/comments?post=20641"}],"version-history":[{"count":0,"href":"https:\/\/www.jetcraft.com\/fr\/wp-json\/wp\/v2\/pages\/20641\/revisions"}],"up":[{"embeddable":true,"href":"https:\/\/www.jetcraft.com\/fr\/wp-json\/wp\/v2\/pages\/20613"}],"wp:attachment":[{"href":"https:\/\/www.jetcraft.com\/fr\/wp-json\/wp\/v2\/media?parent=20641"}],"curies":[{"name":"wp","href":"https:\/\/api.w.org\/{rel}","templated":true}]}}