{"id":20645,"date":"2016-01-29T20:34:46","date_gmt":"2016-01-30T00:34:46","guid":{"rendered":"http:\/\/www.www.jetcraft.com\/fr\/contact\/"},"modified":"2019-07-23T15:12:35","modified_gmt":"2019-07-23T19:12:35","slug":"contactez-nous","status":"publish","type":"page","link":"https:\/\/www.jetcraft.com\/fr\/contactez-nous\/","title":{"rendered":"Contactez-nous"},"content":{"rendered":"<p>Notre personnel est \u00e9tabli dans divers endroits du monde. Ainsi, o\u00f9 que vous soyez, quelqu&rsquo;un sera ravi de s&rsquo;occuper de vous. Que vous cherchiez \u00e0 acheter, vendre ou simplement obtenir des conseils, nous sommes l\u00e0 pour vous aider.<\/p>\n","protected":false},"excerpt":{"rendered":"<p>Notre personnel est \u00e9tabli dans divers endroits du monde. Ainsi, o\u00f9 que vous soyez, quelqu&rsquo;un sera ravi de s&rsquo;occuper de vous. Que vous cherchiez \u00e0 acheter, vendre ou simplement obtenir des conseils, nous sommes l\u00e0 pour vous aider.<\/p>\n","protected":false},"author":1,"featured_media":0,"parent":0,"menu_order":0,"comment_status":"closed","ping_status":"closed","template":"template-contact.php","meta":{"_acf_changed":false,"inline_featured_image":false,"footnotes":""},"class_list":["post-20645","page","type-page","status-publish","hentry"],"acf":[],"yoast_head":"<!-- This site is optimized with the Yoast SEO plugin v27.1.1 - https:\/\/yoast.com\/product\/yoast-seo-wordpress\/ -->\n<title>Communiquez avec notre \u00e9quipe internationale | Contactez-nous | Jetcraft<\/title>\n<meta name=\"description\" content=\"Que vous souhaitiez acheter ou vendre un a\u00e9ronef, ou simplement obtenir des conseils, l\u2019\u00e9quipe de Jetcraft est l\u00e0 pour vous aider. Trouvez un repr\u00e9sentant de Jetcraft dans votre pays.\" \/>\n<meta name=\"robots\" content=\"index, follow, max-snippet:-1, max-image-preview:large, max-video-preview:-1\" \/>\n<link rel=\"canonical\" href=\"https:\/\/www.jetcraft.com\/fr\/contactez-nous\/\" \/>\n<meta property=\"og:locale\" content=\"fr_FR\" \/>\n<meta property=\"og:type\" content=\"article\" \/>\n<meta property=\"og:title\" content=\"Communiquez avec notre \u00e9quipe internationale | Contactez-nous | Jetcraft\" \/>\n<meta property=\"og:description\" content=\"Que vous souhaitiez acheter ou vendre un a\u00e9ronef, ou simplement obtenir des conseils, l\u2019\u00e9quipe de Jetcraft est l\u00e0 pour vous aider. Trouvez un repr\u00e9sentant de Jetcraft dans votre pays.\" \/>\n<meta property=\"og:url\" content=\"https:\/\/www.jetcraft.com\/fr\/contactez-nous\/\" \/>\n<meta property=\"og:site_name\" content=\"Jetcraft\" \/>\n<meta property=\"article:modified_time\" content=\"2019-07-23T19:12:35+00:00\" \/>\n<meta name=\"twitter:card\" content=\"summary_large_image\" \/>\n<script type=\"application\/ld+json\" class=\"yoast-schema-graph\">{\"@context\":\"https:\/\/schema.org\",\"@graph\":[{\"@type\":\"WebPage\",\"@id\":\"https:\/\/www.jetcraft.com\/fr\/contactez-nous\/\",\"url\":\"https:\/\/www.jetcraft.com\/fr\/contactez-nous\/\",\"name\":\"Communiquez avec notre \u00e9quipe internationale | Contactez-nous | Jetcraft\",\"isPartOf\":{\"@id\":\"https:\/\/www.jetcraft.com\/fr\/#website\"},\"datePublished\":\"2016-01-30T00:34:46+00:00\",\"dateModified\":\"2019-07-23T19:12:35+00:00\",\"description\":\"Que vous souhaitiez acheter ou vendre un a\u00e9ronef, ou simplement obtenir des conseils, l\u2019\u00e9quipe de Jetcraft est l\u00e0 pour vous aider. Trouvez un repr\u00e9sentant de Jetcraft dans votre pays.\",\"inLanguage\":\"fr-FR\",\"potentialAction\":[{\"@type\":\"ReadAction\",\"target\":[\"https:\/\/www.jetcraft.com\/fr\/contactez-nous\/\"]}]},{\"@type\":\"WebSite\",\"@id\":\"https:\/\/www.jetcraft.com\/fr\/#website\",\"url\":\"https:\/\/www.jetcraft.com\/fr\/\",\"name\":\"Jetcraft\",\"description\":\"The Original Cloud-Based Network\",\"publisher\":{\"@id\":\"https:\/\/www.jetcraft.com\/fr\/#organization\"},\"potentialAction\":[{\"@type\":\"SearchAction\",\"target\":{\"@type\":\"EntryPoint\",\"urlTemplate\":\"https:\/\/www.jetcraft.com\/fr\/?s={search_term_string}\"},\"query-input\":{\"@type\":\"PropertyValueSpecification\",\"valueRequired\":true,\"valueName\":\"search_term_string\"}}],\"inLanguage\":\"fr-FR\"},{\"@type\":\"Organization\",\"@id\":\"https:\/\/www.jetcraft.com\/fr\/#organization\",\"name\":\"Jetcraft\",\"url\":\"https:\/\/www.jetcraft.com\/fr\/\",\"logo\":{\"@type\":\"ImageObject\",\"inLanguage\":\"fr-FR\",\"@id\":\"https:\/\/www.jetcraft.com\/fr\/#\/schema\/logo\/image\/\",\"url\":\"https:\/\/www.jetcraft.com\/wp-content\/uploads\/2026\/02\/jetcraft-2022-logo.png\",\"contentUrl\":\"https:\/\/www.jetcraft.com\/wp-content\/uploads\/2026\/02\/jetcraft-2022-logo.png\",\"width\":514,\"height\":86,\"caption\":\"Jetcraft\"},\"image\":{\"@id\":\"https:\/\/www.jetcraft.com\/fr\/#\/schema\/logo\/image\/\"}}]}<\/script>\n<!-- \/ Yoast SEO plugin. -->","yoast_head_json":{"title":"Communiquez avec notre \u00e9quipe internationale | Contactez-nous | Jetcraft","description":"Que vous souhaitiez acheter ou vendre un a\u00e9ronef, ou simplement obtenir des conseils, l\u2019\u00e9quipe de Jetcraft est l\u00e0 pour vous aider. Trouvez un repr\u00e9sentant de Jetcraft dans votre pays.","robots":{"index":"index","follow":"follow","max-snippet":"max-snippet:-1","max-image-preview":"max-image-preview:large","max-video-preview":"max-video-preview:-1"},"canonical":"https:\/\/www.jetcraft.com\/fr\/contactez-nous\/","og_locale":"fr_FR","og_type":"article","og_title":"Communiquez avec notre \u00e9quipe internationale | Contactez-nous | Jetcraft","og_description":"Que vous souhaitiez acheter ou vendre un a\u00e9ronef, ou simplement obtenir des conseils, l\u2019\u00e9quipe de Jetcraft est l\u00e0 pour vous aider. Trouvez un repr\u00e9sentant de Jetcraft dans votre pays.","og_url":"https:\/\/www.jetcraft.com\/fr\/contactez-nous\/","og_site_name":"Jetcraft","article_modified_time":"2019-07-23T19:12:35+00:00","twitter_card":"summary_large_image","schema":{"@context":"https:\/\/schema.org","@graph":[{"@type":"WebPage","@id":"https:\/\/www.jetcraft.com\/fr\/contactez-nous\/","url":"https:\/\/www.jetcraft.com\/fr\/contactez-nous\/","name":"Communiquez avec notre \u00e9quipe internationale | Contactez-nous | Jetcraft","isPartOf":{"@id":"https:\/\/www.jetcraft.com\/fr\/#website"},"datePublished":"2016-01-30T00:34:46+00:00","dateModified":"2019-07-23T19:12:35+00:00","description":"Que vous souhaitiez acheter ou vendre un a\u00e9ronef, ou simplement obtenir des conseils, l\u2019\u00e9quipe de Jetcraft est l\u00e0 pour vous aider. Trouvez un repr\u00e9sentant de Jetcraft dans votre pays.","inLanguage":"fr-FR","potentialAction":[{"@type":"ReadAction","target":["https:\/\/www.jetcraft.com\/fr\/contactez-nous\/"]}]},{"@type":"WebSite","@id":"https:\/\/www.jetcraft.com\/fr\/#website","url":"https:\/\/www.jetcraft.com\/fr\/","name":"Jetcraft","description":"The Original Cloud-Based Network","publisher":{"@id":"https:\/\/www.jetcraft.com\/fr\/#organization"},"potentialAction":[{"@type":"SearchAction","target":{"@type":"EntryPoint","urlTemplate":"https:\/\/www.jetcraft.com\/fr\/?s={search_term_string}"},"query-input":{"@type":"PropertyValueSpecification","valueRequired":true,"valueName":"search_term_string"}}],"inLanguage":"fr-FR"},{"@type":"Organization","@id":"https:\/\/www.jetcraft.com\/fr\/#organization","name":"Jetcraft","url":"https:\/\/www.jetcraft.com\/fr\/","logo":{"@type":"ImageObject","inLanguage":"fr-FR","@id":"https:\/\/www.jetcraft.com\/fr\/#\/schema\/logo\/image\/","url":"https:\/\/www.jetcraft.com\/wp-content\/uploads\/2026\/02\/jetcraft-2022-logo.png","contentUrl":"https:\/\/www.jetcraft.com\/wp-content\/uploads\/2026\/02\/jetcraft-2022-logo.png","width":514,"height":86,"caption":"Jetcraft"},"image":{"@id":"https:\/\/www.jetcraft.com\/fr\/#\/schema\/logo\/image\/"}}]}},"_links":{"self":[{"href":"https:\/\/www.jetcraft.com\/fr\/wp-json\/wp\/v2\/pages\/20645","targetHints":{"allow":["GET"]}}],"collection":[{"href":"https:\/\/www.jetcraft.com\/fr\/wp-json\/wp\/v2\/pages"}],"about":[{"href":"https:\/\/www.jetcraft.com\/fr\/wp-json\/wp\/v2\/types\/page"}],"author":[{"embeddable":true,"href":"https:\/\/www.jetcraft.com\/fr\/wp-json\/wp\/v2\/users\/1"}],"replies":[{"embeddable":true,"href":"https:\/\/www.jetcraft.com\/fr\/wp-json\/wp\/v2\/comments?post=20645"}],"version-history":[{"count":0,"href":"https:\/\/www.jetcraft.com\/fr\/wp-json\/wp\/v2\/pages\/20645\/revisions"}],"wp:attachment":[{"href":"https:\/\/www.jetcraft.com\/fr\/wp-json\/wp\/v2\/media?parent=20645"}],"curies":[{"name":"wp","href":"https:\/\/api.w.org\/{rel}","templated":true}]}}