{"id":20647,"date":"2015-12-16T15:52:32","date_gmt":"2015-12-16T19:52:32","guid":{"rendered":"http:\/\/www.www.jetcraft.com\/fr\/home\/"},"modified":"2021-12-08T16:02:05","modified_gmt":"2021-12-08T20:02:05","slug":"accueil","status":"publish","type":"page","link":"https:\/\/www.jetcraft.com\/fr\/accueil\/","title":{"rendered":"Accueil"},"content":{"rendered":"","protected":false},"excerpt":{"rendered":"","protected":false},"author":1,"featured_media":0,"parent":0,"menu_order":0,"comment_status":"closed","ping_status":"closed","template":"","meta":{"_acf_changed":false,"inline_featured_image":false,"footnotes":""},"class_list":["post-20647","page","type-page","status-publish","hentry"],"acf":[],"yoast_head":"<!-- This site is optimized with the Yoast SEO plugin v27.5 - https:\/\/yoast.com\/product\/yoast-seo-wordpress\/ -->\n<title>Avion \u00e0 vendre, marketing et strat\u00e9gies d\u2019acquisition | Jetcraft<\/title>\n<meta name=\"description\" content=\"Achetez et vendez votre avion d\u2019occasion avec l\u2019aide des strat\u00e9gistes de vente de Jetcraft, qui vous guideront dans les n\u00e9gociations, les obligations en mati\u00e8re de licence et l\u2019ensemble des formalit\u00e9s.\" \/>\n<meta name=\"robots\" content=\"index, follow, max-snippet:-1, max-image-preview:large, max-video-preview:-1\" \/>\n<link rel=\"canonical\" href=\"https:\/\/www.jetcraft.com\/fr\/accueil\/\" \/>\n<meta property=\"og:locale\" content=\"fr_FR\" \/>\n<meta property=\"og:type\" content=\"article\" \/>\n<meta property=\"og:title\" content=\"Avion \u00e0 vendre, marketing et strat\u00e9gies d\u2019acquisition | Jetcraft\" \/>\n<meta property=\"og:description\" content=\"Achetez et vendez votre avion d\u2019occasion avec l\u2019aide des strat\u00e9gistes de vente de Jetcraft, qui vous guideront dans les n\u00e9gociations, les obligations en mati\u00e8re de licence et l\u2019ensemble des formalit\u00e9s.\" \/>\n<meta property=\"og:url\" content=\"https:\/\/www.jetcraft.com\/fr\/accueil\/\" \/>\n<meta property=\"og:site_name\" content=\"Jetcraft\" \/>\n<meta property=\"article:modified_time\" content=\"2021-12-08T20:02:05+00:00\" \/>\n<meta name=\"twitter:card\" content=\"summary_large_image\" \/>\n<script type=\"application\/ld+json\" class=\"yoast-schema-graph\">{\"@context\":\"https:\\\/\\\/schema.org\",\"@graph\":[{\"@type\":\"WebPage\",\"@id\":\"https:\\\/\\\/www.jetcraft.com\\\/fr\\\/accueil\\\/\",\"url\":\"https:\\\/\\\/www.jetcraft.com\\\/fr\\\/accueil\\\/\",\"name\":\"Avion \u00e0 vendre, marketing et strat\u00e9gies d\u2019acquisition | Jetcraft\",\"isPartOf\":{\"@id\":\"https:\\\/\\\/www.jetcraft.com\\\/fr\\\/#website\"},\"datePublished\":\"2015-12-16T19:52:32+00:00\",\"dateModified\":\"2021-12-08T20:02:05+00:00\",\"description\":\"Achetez et vendez votre avion d\u2019occasion avec l\u2019aide des strat\u00e9gistes de vente de Jetcraft, qui vous guideront dans les n\u00e9gociations, les obligations en mati\u00e8re de licence et l\u2019ensemble des formalit\u00e9s.\",\"inLanguage\":\"fr-FR\",\"potentialAction\":[{\"@type\":\"ReadAction\",\"target\":[\"https:\\\/\\\/www.jetcraft.com\\\/fr\\\/accueil\\\/\"]}]},{\"@type\":\"WebSite\",\"@id\":\"https:\\\/\\\/www.jetcraft.com\\\/fr\\\/#website\",\"url\":\"https:\\\/\\\/www.jetcraft.com\\\/fr\\\/\",\"name\":\"Jetcraft\",\"description\":\"The Original Cloud-Based Network\",\"publisher\":{\"@id\":\"https:\\\/\\\/www.jetcraft.com\\\/fr\\\/#organization\"},\"potentialAction\":[{\"@type\":\"SearchAction\",\"target\":{\"@type\":\"EntryPoint\",\"urlTemplate\":\"https:\\\/\\\/www.jetcraft.com\\\/fr\\\/?s={search_term_string}\"},\"query-input\":{\"@type\":\"PropertyValueSpecification\",\"valueRequired\":true,\"valueName\":\"search_term_string\"}}],\"inLanguage\":\"fr-FR\"},{\"@type\":\"Organization\",\"@id\":\"https:\\\/\\\/www.jetcraft.com\\\/fr\\\/#organization\",\"name\":\"Jetcraft\",\"url\":\"https:\\\/\\\/www.jetcraft.com\\\/fr\\\/\",\"logo\":{\"@type\":\"ImageObject\",\"inLanguage\":\"fr-FR\",\"@id\":\"https:\\\/\\\/www.jetcraft.com\\\/fr\\\/#\\\/schema\\\/logo\\\/image\\\/\",\"url\":\"https:\\\/\\\/www.jetcraft.com\\\/wp-content\\\/uploads\\\/2026\\\/02\\\/jetcraft-2022-logo.png\",\"contentUrl\":\"https:\\\/\\\/www.jetcraft.com\\\/wp-content\\\/uploads\\\/2026\\\/02\\\/jetcraft-2022-logo.png\",\"width\":514,\"height\":86,\"caption\":\"Jetcraft\"},\"image\":{\"@id\":\"https:\\\/\\\/www.jetcraft.com\\\/fr\\\/#\\\/schema\\\/logo\\\/image\\\/\"}}]}<\/script>\n<!-- \/ Yoast SEO plugin. -->","yoast_head_json":{"title":"Avion \u00e0 vendre, marketing et strat\u00e9gies d\u2019acquisition | Jetcraft","description":"Achetez et vendez votre avion d\u2019occasion avec l\u2019aide des strat\u00e9gistes de vente de Jetcraft, qui vous guideront dans les n\u00e9gociations, les obligations en mati\u00e8re de licence et l\u2019ensemble des formalit\u00e9s.","robots":{"index":"index","follow":"follow","max-snippet":"max-snippet:-1","max-image-preview":"max-image-preview:large","max-video-preview":"max-video-preview:-1"},"canonical":"https:\/\/www.jetcraft.com\/fr\/accueil\/","og_locale":"fr_FR","og_type":"article","og_title":"Avion \u00e0 vendre, marketing et strat\u00e9gies d\u2019acquisition | Jetcraft","og_description":"Achetez et vendez votre avion d\u2019occasion avec l\u2019aide des strat\u00e9gistes de vente de Jetcraft, qui vous guideront dans les n\u00e9gociations, les obligations en mati\u00e8re de licence et l\u2019ensemble des formalit\u00e9s.","og_url":"https:\/\/www.jetcraft.com\/fr\/accueil\/","og_site_name":"Jetcraft","article_modified_time":"2021-12-08T20:02:05+00:00","twitter_card":"summary_large_image","schema":{"@context":"https:\/\/schema.org","@graph":[{"@type":"WebPage","@id":"https:\/\/www.jetcraft.com\/fr\/accueil\/","url":"https:\/\/www.jetcraft.com\/fr\/accueil\/","name":"Avion \u00e0 vendre, marketing et strat\u00e9gies d\u2019acquisition | Jetcraft","isPartOf":{"@id":"https:\/\/www.jetcraft.com\/fr\/#website"},"datePublished":"2015-12-16T19:52:32+00:00","dateModified":"2021-12-08T20:02:05+00:00","description":"Achetez et vendez votre avion d\u2019occasion avec l\u2019aide des strat\u00e9gistes de vente de Jetcraft, qui vous guideront dans les n\u00e9gociations, les obligations en mati\u00e8re de licence et l\u2019ensemble des formalit\u00e9s.","inLanguage":"fr-FR","potentialAction":[{"@type":"ReadAction","target":["https:\/\/www.jetcraft.com\/fr\/accueil\/"]}]},{"@type":"WebSite","@id":"https:\/\/www.jetcraft.com\/fr\/#website","url":"https:\/\/www.jetcraft.com\/fr\/","name":"Jetcraft","description":"The Original Cloud-Based Network","publisher":{"@id":"https:\/\/www.jetcraft.com\/fr\/#organization"},"potentialAction":[{"@type":"SearchAction","target":{"@type":"EntryPoint","urlTemplate":"https:\/\/www.jetcraft.com\/fr\/?s={search_term_string}"},"query-input":{"@type":"PropertyValueSpecification","valueRequired":true,"valueName":"search_term_string"}}],"inLanguage":"fr-FR"},{"@type":"Organization","@id":"https:\/\/www.jetcraft.com\/fr\/#organization","name":"Jetcraft","url":"https:\/\/www.jetcraft.com\/fr\/","logo":{"@type":"ImageObject","inLanguage":"fr-FR","@id":"https:\/\/www.jetcraft.com\/fr\/#\/schema\/logo\/image\/","url":"https:\/\/www.jetcraft.com\/wp-content\/uploads\/2026\/02\/jetcraft-2022-logo.png","contentUrl":"https:\/\/www.jetcraft.com\/wp-content\/uploads\/2026\/02\/jetcraft-2022-logo.png","width":514,"height":86,"caption":"Jetcraft"},"image":{"@id":"https:\/\/www.jetcraft.com\/fr\/#\/schema\/logo\/image\/"}}]}},"_links":{"self":[{"href":"https:\/\/www.jetcraft.com\/fr\/wp-json\/wp\/v2\/pages\/20647","targetHints":{"allow":["GET"]}}],"collection":[{"href":"https:\/\/www.jetcraft.com\/fr\/wp-json\/wp\/v2\/pages"}],"about":[{"href":"https:\/\/www.jetcraft.com\/fr\/wp-json\/wp\/v2\/types\/page"}],"author":[{"embeddable":true,"href":"https:\/\/www.jetcraft.com\/fr\/wp-json\/wp\/v2\/users\/1"}],"replies":[{"embeddable":true,"href":"https:\/\/www.jetcraft.com\/fr\/wp-json\/wp\/v2\/comments?post=20647"}],"version-history":[{"count":0,"href":"https:\/\/www.jetcraft.com\/fr\/wp-json\/wp\/v2\/pages\/20647\/revisions"}],"wp:attachment":[{"href":"https:\/\/www.jetcraft.com\/fr\/wp-json\/wp\/v2\/media?parent=20647"}],"curies":[{"name":"wp","href":"https:\/\/api.w.org\/{rel}","templated":true}]}}