{"id":20657,"date":"2016-02-10T20:38:57","date_gmt":"2016-02-11T00:38:57","guid":{"rendered":"http:\/\/www.www.jetcraft.com\/fr\/knowledge\/app\/"},"modified":"2017-11-09T12:07:19","modified_gmt":"2017-11-09T16:07:19","slug":"appli","status":"publish","type":"page","link":"https:\/\/www.jetcraft.com\/fr\/expertise\/appli\/","title":{"rendered":"Appli Jetcraft"},"content":{"rendered":"","protected":false},"excerpt":{"rendered":"","protected":false},"author":1,"featured_media":0,"parent":20656,"menu_order":0,"comment_status":"closed","ping_status":"closed","template":"template-app.php","meta":{"_acf_changed":false,"inline_featured_image":false,"footnotes":""},"class_list":["post-20657","page","type-page","status-publish","hentry"],"acf":[],"yoast_head":"<!-- This site is optimized with the Yoast SEO plugin v27.1.1 - https:\/\/yoast.com\/product\/yoast-seo-wordpress\/ -->\n<title>L\u2019appli Jetcraft | Acc\u00e8s facile depuis un appareil mobile | Restez connect\u00e9s<\/title>\n<meta name=\"description\" content=\"L\u2019appli mobile de Jetcraft est le moyen le plus pratique pour consulter notre inventaire, \u00eatre au courant des derniers \u00e9v\u00e8nements et conna\u00eetre nos derni\u00e8res actualit\u00e9s.\" \/>\n<meta name=\"robots\" content=\"index, follow, max-snippet:-1, max-image-preview:large, max-video-preview:-1\" \/>\n<link rel=\"canonical\" href=\"https:\/\/www.jetcraft.com\/fr\/expertise\/appli\/\" \/>\n<meta property=\"og:locale\" content=\"fr_FR\" \/>\n<meta property=\"og:type\" content=\"article\" \/>\n<meta property=\"og:title\" content=\"L\u2019appli Jetcraft | Acc\u00e8s facile depuis un appareil mobile | Restez connect\u00e9s\" \/>\n<meta property=\"og:description\" content=\"L\u2019appli mobile de Jetcraft est le moyen le plus pratique pour consulter notre inventaire, \u00eatre au courant des derniers \u00e9v\u00e8nements et conna\u00eetre nos derni\u00e8res actualit\u00e9s.\" \/>\n<meta property=\"og:url\" content=\"https:\/\/www.jetcraft.com\/fr\/expertise\/appli\/\" \/>\n<meta property=\"og:site_name\" content=\"Jetcraft\" \/>\n<meta property=\"article:modified_time\" content=\"2017-11-09T16:07:19+00:00\" \/>\n<meta name=\"twitter:card\" content=\"summary_large_image\" \/>\n<script type=\"application\/ld+json\" class=\"yoast-schema-graph\">{\"@context\":\"https:\/\/schema.org\",\"@graph\":[{\"@type\":\"WebPage\",\"@id\":\"https:\/\/www.jetcraft.com\/fr\/expertise\/appli\/\",\"url\":\"https:\/\/www.jetcraft.com\/fr\/expertise\/appli\/\",\"name\":\"L\u2019appli Jetcraft | Acc\u00e8s facile depuis un appareil mobile | Restez connect\u00e9s\",\"isPartOf\":{\"@id\":\"https:\/\/www.jetcraft.com\/fr\/#website\"},\"datePublished\":\"2016-02-11T00:38:57+00:00\",\"dateModified\":\"2017-11-09T16:07:19+00:00\",\"description\":\"L\u2019appli mobile de Jetcraft est le moyen le plus pratique pour consulter notre inventaire, \u00eatre au courant des derniers \u00e9v\u00e8nements et conna\u00eetre nos derni\u00e8res actualit\u00e9s.\",\"breadcrumb\":{\"@id\":\"https:\/\/www.jetcraft.com\/fr\/expertise\/appli\/#breadcrumb\"},\"inLanguage\":\"fr-FR\",\"potentialAction\":[{\"@type\":\"ReadAction\",\"target\":[\"https:\/\/www.jetcraft.com\/fr\/expertise\/appli\/\"]}]},{\"@type\":\"BreadcrumbList\",\"@id\":\"https:\/\/www.jetcraft.com\/fr\/expertise\/appli\/#breadcrumb\",\"itemListElement\":[{\"@type\":\"ListItem\",\"position\":1,\"name\":\"Expertise\",\"item\":\"https:\/\/www.jetcraft.com\/fr\/expertise\/\"},{\"@type\":\"ListItem\",\"position\":2,\"name\":\"Appli Jetcraft\"}]},{\"@type\":\"WebSite\",\"@id\":\"https:\/\/www.jetcraft.com\/fr\/#website\",\"url\":\"https:\/\/www.jetcraft.com\/fr\/\",\"name\":\"Jetcraft\",\"description\":\"The Original Cloud-Based Network\",\"publisher\":{\"@id\":\"https:\/\/www.jetcraft.com\/fr\/#organization\"},\"potentialAction\":[{\"@type\":\"SearchAction\",\"target\":{\"@type\":\"EntryPoint\",\"urlTemplate\":\"https:\/\/www.jetcraft.com\/fr\/?s={search_term_string}\"},\"query-input\":{\"@type\":\"PropertyValueSpecification\",\"valueRequired\":true,\"valueName\":\"search_term_string\"}}],\"inLanguage\":\"fr-FR\"},{\"@type\":\"Organization\",\"@id\":\"https:\/\/www.jetcraft.com\/fr\/#organization\",\"name\":\"Jetcraft\",\"url\":\"https:\/\/www.jetcraft.com\/fr\/\",\"logo\":{\"@type\":\"ImageObject\",\"inLanguage\":\"fr-FR\",\"@id\":\"https:\/\/www.jetcraft.com\/fr\/#\/schema\/logo\/image\/\",\"url\":\"https:\/\/www.jetcraft.com\/wp-content\/uploads\/2026\/02\/jetcraft-2022-logo.png\",\"contentUrl\":\"https:\/\/www.jetcraft.com\/wp-content\/uploads\/2026\/02\/jetcraft-2022-logo.png\",\"width\":514,\"height\":86,\"caption\":\"Jetcraft\"},\"image\":{\"@id\":\"https:\/\/www.jetcraft.com\/fr\/#\/schema\/logo\/image\/\"}}]}<\/script>\n<!-- \/ Yoast SEO plugin. -->","yoast_head_json":{"title":"L\u2019appli Jetcraft | Acc\u00e8s facile depuis un appareil mobile | Restez connect\u00e9s","description":"L\u2019appli mobile de Jetcraft est le moyen le plus pratique pour consulter notre inventaire, \u00eatre au courant des derniers \u00e9v\u00e8nements et conna\u00eetre nos derni\u00e8res actualit\u00e9s.","robots":{"index":"index","follow":"follow","max-snippet":"max-snippet:-1","max-image-preview":"max-image-preview:large","max-video-preview":"max-video-preview:-1"},"canonical":"https:\/\/www.jetcraft.com\/fr\/expertise\/appli\/","og_locale":"fr_FR","og_type":"article","og_title":"L\u2019appli Jetcraft | Acc\u00e8s facile depuis un appareil mobile | Restez connect\u00e9s","og_description":"L\u2019appli mobile de Jetcraft est le moyen le plus pratique pour consulter notre inventaire, \u00eatre au courant des derniers \u00e9v\u00e8nements et conna\u00eetre nos derni\u00e8res actualit\u00e9s.","og_url":"https:\/\/www.jetcraft.com\/fr\/expertise\/appli\/","og_site_name":"Jetcraft","article_modified_time":"2017-11-09T16:07:19+00:00","twitter_card":"summary_large_image","schema":{"@context":"https:\/\/schema.org","@graph":[{"@type":"WebPage","@id":"https:\/\/www.jetcraft.com\/fr\/expertise\/appli\/","url":"https:\/\/www.jetcraft.com\/fr\/expertise\/appli\/","name":"L\u2019appli Jetcraft | Acc\u00e8s facile depuis un appareil mobile | Restez connect\u00e9s","isPartOf":{"@id":"https:\/\/www.jetcraft.com\/fr\/#website"},"datePublished":"2016-02-11T00:38:57+00:00","dateModified":"2017-11-09T16:07:19+00:00","description":"L\u2019appli mobile de Jetcraft est le moyen le plus pratique pour consulter notre inventaire, \u00eatre au courant des derniers \u00e9v\u00e8nements et conna\u00eetre nos derni\u00e8res actualit\u00e9s.","breadcrumb":{"@id":"https:\/\/www.jetcraft.com\/fr\/expertise\/appli\/#breadcrumb"},"inLanguage":"fr-FR","potentialAction":[{"@type":"ReadAction","target":["https:\/\/www.jetcraft.com\/fr\/expertise\/appli\/"]}]},{"@type":"BreadcrumbList","@id":"https:\/\/www.jetcraft.com\/fr\/expertise\/appli\/#breadcrumb","itemListElement":[{"@type":"ListItem","position":1,"name":"Expertise","item":"https:\/\/www.jetcraft.com\/fr\/expertise\/"},{"@type":"ListItem","position":2,"name":"Appli Jetcraft"}]},{"@type":"WebSite","@id":"https:\/\/www.jetcraft.com\/fr\/#website","url":"https:\/\/www.jetcraft.com\/fr\/","name":"Jetcraft","description":"The Original Cloud-Based Network","publisher":{"@id":"https:\/\/www.jetcraft.com\/fr\/#organization"},"potentialAction":[{"@type":"SearchAction","target":{"@type":"EntryPoint","urlTemplate":"https:\/\/www.jetcraft.com\/fr\/?s={search_term_string}"},"query-input":{"@type":"PropertyValueSpecification","valueRequired":true,"valueName":"search_term_string"}}],"inLanguage":"fr-FR"},{"@type":"Organization","@id":"https:\/\/www.jetcraft.com\/fr\/#organization","name":"Jetcraft","url":"https:\/\/www.jetcraft.com\/fr\/","logo":{"@type":"ImageObject","inLanguage":"fr-FR","@id":"https:\/\/www.jetcraft.com\/fr\/#\/schema\/logo\/image\/","url":"https:\/\/www.jetcraft.com\/wp-content\/uploads\/2026\/02\/jetcraft-2022-logo.png","contentUrl":"https:\/\/www.jetcraft.com\/wp-content\/uploads\/2026\/02\/jetcraft-2022-logo.png","width":514,"height":86,"caption":"Jetcraft"},"image":{"@id":"https:\/\/www.jetcraft.com\/fr\/#\/schema\/logo\/image\/"}}]}},"_links":{"self":[{"href":"https:\/\/www.jetcraft.com\/fr\/wp-json\/wp\/v2\/pages\/20657","targetHints":{"allow":["GET"]}}],"collection":[{"href":"https:\/\/www.jetcraft.com\/fr\/wp-json\/wp\/v2\/pages"}],"about":[{"href":"https:\/\/www.jetcraft.com\/fr\/wp-json\/wp\/v2\/types\/page"}],"author":[{"embeddable":true,"href":"https:\/\/www.jetcraft.com\/fr\/wp-json\/wp\/v2\/users\/1"}],"replies":[{"embeddable":true,"href":"https:\/\/www.jetcraft.com\/fr\/wp-json\/wp\/v2\/comments?post=20657"}],"version-history":[{"count":0,"href":"https:\/\/www.jetcraft.com\/fr\/wp-json\/wp\/v2\/pages\/20657\/revisions"}],"up":[{"embeddable":true,"href":"https:\/\/www.jetcraft.com\/fr\/wp-json\/wp\/v2\/pages\/20656"}],"wp:attachment":[{"href":"https:\/\/www.jetcraft.com\/fr\/wp-json\/wp\/v2\/media?parent=20657"}],"curies":[{"name":"wp","href":"https:\/\/api.w.org\/{rel}","templated":true}]}}