{"id":60228,"date":"2021-10-20T13:14:43","date_gmt":"2021-10-20T17:14:43","guid":{"rendered":"https:\/\/www.www.jetcraft.com\/?page_id=60228"},"modified":"2026-01-22T16:16:28","modified_gmt":"2026-01-22T20:16:28","slug":"avions-commerciaux","status":"publish","type":"page","link":"https:\/\/www.jetcraft.com\/fr\/inventaire\/avions-commerciaux\/","title":{"rendered":"Avions commerciaux"},"content":{"rendered":"<p>Jetcraft Commercial, la division de Jetcraft consacr\u00e9e aux a\u00e9ronefs commerciaux, offre \u00e0 ses clients les m\u00eames normes d&rsquo;excellence en mati\u00e8re d&rsquo;achat, de vente, de location et de commercialisation d&rsquo;a\u00e9ronefs qui font la r\u00e9putation de Jetcraft dans le monde entier. Gr\u00e2ce \u00e0 son r\u00e9seau incomparable et ses \u00e9quipes de vente et de marketing pr\u00e9sentes sur tous les grands march\u00e9s du monde, Jetcraft constitue un partenaire r\u00e9actif et d\u00e9vou\u00e9 au sein de l&rsquo;industrie des ventes et de la location d&rsquo;a\u00e9ronefs commerciaux, disposant d&rsquo;une capacit\u00e9 unique \u00e0 offrir la qualit\u00e9, la diversit\u00e9 et la flexibilit\u00e9 qu&rsquo;exigent les meilleures entreprises du monde.<\/p>\n","protected":false},"excerpt":{"rendered":"<p>Jetcraft Commercial, la division de Jetcraft consacr\u00e9e aux a\u00e9ronefs commerciaux, offre \u00e0 ses clients les m\u00eames normes d&rsquo;excellence en mati\u00e8re d&rsquo;achat, de vente, de location et de commercialisation d&rsquo;a\u00e9ronefs qui font la r\u00e9putation de Jetcraft dans le monde entier. Gr\u00e2ce \u00e0 son r\u00e9seau incomparable et ses \u00e9quipes de vente et de marketing pr\u00e9sentes sur tous&#8230;<\/p>\n","protected":false},"author":1,"featured_media":0,"parent":20650,"menu_order":0,"comment_status":"closed","ping_status":"closed","template":"template-inventory-commercial-copy.php","meta":{"_acf_changed":false,"inline_featured_image":false,"footnotes":""},"class_list":["post-60228","page","type-page","status-publish","hentry"],"acf":[],"yoast_head":"<!-- This site is optimized with the Yoast SEO plugin v27.1.1 - https:\/\/yoast.com\/product\/yoast-seo-wordpress\/ -->\n<title>Vente, location et marketing d\u2019avions commerciaux | Jetcraft<\/title>\n<meta name=\"description\" content=\"Vous cherchez un avion commercial ? L\u2019\u00e9quipe professionnelle de Jetcraft Commercial vous offre des services uniques pour l\u2019achat, la vente, la location ou la commercialisation d\u2019un avion de ligne.\" \/>\n<meta name=\"robots\" content=\"index, follow, max-snippet:-1, max-image-preview:large, max-video-preview:-1\" \/>\n<link rel=\"canonical\" href=\"https:\/\/www.jetcraft.com\/fr\/inventaire\/avions-commerciaux\/\" \/>\n<meta property=\"og:locale\" content=\"fr_FR\" \/>\n<meta property=\"og:type\" content=\"article\" \/>\n<meta property=\"og:title\" content=\"Vente, location et marketing d\u2019avions commerciaux | Jetcraft\" \/>\n<meta property=\"og:description\" content=\"Vous cherchez un avion commercial ? L\u2019\u00e9quipe professionnelle de Jetcraft Commercial vous offre des services uniques pour l\u2019achat, la vente, la location ou la commercialisation d\u2019un avion de ligne.\" \/>\n<meta property=\"og:url\" content=\"https:\/\/www.jetcraft.com\/fr\/inventaire\/avions-commerciaux\/\" \/>\n<meta property=\"og:site_name\" content=\"Jetcraft\" \/>\n<meta property=\"article:modified_time\" content=\"2026-01-22T20:16:28+00:00\" \/>\n<meta name=\"twitter:card\" content=\"summary_large_image\" \/>\n<meta name=\"twitter:label1\" content=\"Est. reading time\" \/>\n\t<meta name=\"twitter:data1\" content=\"1 minute\" \/>\n<script type=\"application\/ld+json\" class=\"yoast-schema-graph\">{\"@context\":\"https:\/\/schema.org\",\"@graph\":[{\"@type\":\"WebPage\",\"@id\":\"https:\/\/www.jetcraft.com\/fr\/inventaire\/avions-commerciaux\/\",\"url\":\"https:\/\/www.jetcraft.com\/fr\/inventaire\/avions-commerciaux\/\",\"name\":\"Vente, location et marketing d\u2019avions commerciaux | Jetcraft\",\"isPartOf\":{\"@id\":\"https:\/\/www.jetcraft.com\/fr\/#website\"},\"datePublished\":\"2021-10-20T17:14:43+00:00\",\"dateModified\":\"2026-01-22T20:16:28+00:00\",\"description\":\"Vous cherchez un avion commercial ? L\u2019\u00e9quipe professionnelle de Jetcraft Commercial vous offre des services uniques pour l\u2019achat, la vente, la location ou la commercialisation d\u2019un avion de ligne.\",\"breadcrumb\":{\"@id\":\"https:\/\/www.jetcraft.com\/fr\/inventaire\/avions-commerciaux\/#breadcrumb\"},\"inLanguage\":\"fr-FR\",\"potentialAction\":[{\"@type\":\"ReadAction\",\"target\":[\"https:\/\/www.jetcraft.com\/fr\/inventaire\/avions-commerciaux\/\"]}]},{\"@type\":\"BreadcrumbList\",\"@id\":\"https:\/\/www.jetcraft.com\/fr\/inventaire\/avions-commerciaux\/#breadcrumb\",\"itemListElement\":[{\"@type\":\"ListItem\",\"position\":1,\"name\":\"Inventaire\",\"item\":\"https:\/\/www.jetcraft.com\/fr\/inventaire\/\"},{\"@type\":\"ListItem\",\"position\":2,\"name\":\"Avions commerciaux\"}]},{\"@type\":\"WebSite\",\"@id\":\"https:\/\/www.jetcraft.com\/fr\/#website\",\"url\":\"https:\/\/www.jetcraft.com\/fr\/\",\"name\":\"Jetcraft\",\"description\":\"The Original Cloud-Based Network\",\"publisher\":{\"@id\":\"https:\/\/www.jetcraft.com\/fr\/#organization\"},\"potentialAction\":[{\"@type\":\"SearchAction\",\"target\":{\"@type\":\"EntryPoint\",\"urlTemplate\":\"https:\/\/www.jetcraft.com\/fr\/?s={search_term_string}\"},\"query-input\":{\"@type\":\"PropertyValueSpecification\",\"valueRequired\":true,\"valueName\":\"search_term_string\"}}],\"inLanguage\":\"fr-FR\"},{\"@type\":\"Organization\",\"@id\":\"https:\/\/www.jetcraft.com\/fr\/#organization\",\"name\":\"Jetcraft\",\"url\":\"https:\/\/www.jetcraft.com\/fr\/\",\"logo\":{\"@type\":\"ImageObject\",\"inLanguage\":\"fr-FR\",\"@id\":\"https:\/\/www.jetcraft.com\/fr\/#\/schema\/logo\/image\/\",\"url\":\"https:\/\/www.jetcraft.com\/wp-content\/uploads\/2026\/02\/jetcraft-2022-logo.png\",\"contentUrl\":\"https:\/\/www.jetcraft.com\/wp-content\/uploads\/2026\/02\/jetcraft-2022-logo.png\",\"width\":514,\"height\":86,\"caption\":\"Jetcraft\"},\"image\":{\"@id\":\"https:\/\/www.jetcraft.com\/fr\/#\/schema\/logo\/image\/\"}}]}<\/script>\n<!-- \/ Yoast SEO plugin. -->","yoast_head_json":{"title":"Vente, location et marketing d\u2019avions commerciaux | Jetcraft","description":"Vous cherchez un avion commercial ? L\u2019\u00e9quipe professionnelle de Jetcraft Commercial vous offre des services uniques pour l\u2019achat, la vente, la location ou la commercialisation d\u2019un avion de ligne.","robots":{"index":"index","follow":"follow","max-snippet":"max-snippet:-1","max-image-preview":"max-image-preview:large","max-video-preview":"max-video-preview:-1"},"canonical":"https:\/\/www.jetcraft.com\/fr\/inventaire\/avions-commerciaux\/","og_locale":"fr_FR","og_type":"article","og_title":"Vente, location et marketing d\u2019avions commerciaux | Jetcraft","og_description":"Vous cherchez un avion commercial ? L\u2019\u00e9quipe professionnelle de Jetcraft Commercial vous offre des services uniques pour l\u2019achat, la vente, la location ou la commercialisation d\u2019un avion de ligne.","og_url":"https:\/\/www.jetcraft.com\/fr\/inventaire\/avions-commerciaux\/","og_site_name":"Jetcraft","article_modified_time":"2026-01-22T20:16:28+00:00","twitter_card":"summary_large_image","twitter_misc":{"Est. reading time":"1 minute"},"schema":{"@context":"https:\/\/schema.org","@graph":[{"@type":"WebPage","@id":"https:\/\/www.jetcraft.com\/fr\/inventaire\/avions-commerciaux\/","url":"https:\/\/www.jetcraft.com\/fr\/inventaire\/avions-commerciaux\/","name":"Vente, location et marketing d\u2019avions commerciaux | Jetcraft","isPartOf":{"@id":"https:\/\/www.jetcraft.com\/fr\/#website"},"datePublished":"2021-10-20T17:14:43+00:00","dateModified":"2026-01-22T20:16:28+00:00","description":"Vous cherchez un avion commercial ? L\u2019\u00e9quipe professionnelle de Jetcraft Commercial vous offre des services uniques pour l\u2019achat, la vente, la location ou la commercialisation d\u2019un avion de ligne.","breadcrumb":{"@id":"https:\/\/www.jetcraft.com\/fr\/inventaire\/avions-commerciaux\/#breadcrumb"},"inLanguage":"fr-FR","potentialAction":[{"@type":"ReadAction","target":["https:\/\/www.jetcraft.com\/fr\/inventaire\/avions-commerciaux\/"]}]},{"@type":"BreadcrumbList","@id":"https:\/\/www.jetcraft.com\/fr\/inventaire\/avions-commerciaux\/#breadcrumb","itemListElement":[{"@type":"ListItem","position":1,"name":"Inventaire","item":"https:\/\/www.jetcraft.com\/fr\/inventaire\/"},{"@type":"ListItem","position":2,"name":"Avions commerciaux"}]},{"@type":"WebSite","@id":"https:\/\/www.jetcraft.com\/fr\/#website","url":"https:\/\/www.jetcraft.com\/fr\/","name":"Jetcraft","description":"The Original Cloud-Based Network","publisher":{"@id":"https:\/\/www.jetcraft.com\/fr\/#organization"},"potentialAction":[{"@type":"SearchAction","target":{"@type":"EntryPoint","urlTemplate":"https:\/\/www.jetcraft.com\/fr\/?s={search_term_string}"},"query-input":{"@type":"PropertyValueSpecification","valueRequired":true,"valueName":"search_term_string"}}],"inLanguage":"fr-FR"},{"@type":"Organization","@id":"https:\/\/www.jetcraft.com\/fr\/#organization","name":"Jetcraft","url":"https:\/\/www.jetcraft.com\/fr\/","logo":{"@type":"ImageObject","inLanguage":"fr-FR","@id":"https:\/\/www.jetcraft.com\/fr\/#\/schema\/logo\/image\/","url":"https:\/\/www.jetcraft.com\/wp-content\/uploads\/2026\/02\/jetcraft-2022-logo.png","contentUrl":"https:\/\/www.jetcraft.com\/wp-content\/uploads\/2026\/02\/jetcraft-2022-logo.png","width":514,"height":86,"caption":"Jetcraft"},"image":{"@id":"https:\/\/www.jetcraft.com\/fr\/#\/schema\/logo\/image\/"}}]}},"_links":{"self":[{"href":"https:\/\/www.jetcraft.com\/fr\/wp-json\/wp\/v2\/pages\/60228","targetHints":{"allow":["GET"]}}],"collection":[{"href":"https:\/\/www.jetcraft.com\/fr\/wp-json\/wp\/v2\/pages"}],"about":[{"href":"https:\/\/www.jetcraft.com\/fr\/wp-json\/wp\/v2\/types\/page"}],"author":[{"embeddable":true,"href":"https:\/\/www.jetcraft.com\/fr\/wp-json\/wp\/v2\/users\/1"}],"replies":[{"embeddable":true,"href":"https:\/\/www.jetcraft.com\/fr\/wp-json\/wp\/v2\/comments?post=60228"}],"version-history":[{"count":0,"href":"https:\/\/www.jetcraft.com\/fr\/wp-json\/wp\/v2\/pages\/60228\/revisions"}],"up":[{"embeddable":true,"href":"https:\/\/www.jetcraft.com\/fr\/wp-json\/wp\/v2\/pages\/20650"}],"wp:attachment":[{"href":"https:\/\/www.jetcraft.com\/fr\/wp-json\/wp\/v2\/media?parent=60228"}],"curies":[{"name":"wp","href":"https:\/\/api.w.org\/{rel}","templated":true}]}}