{"id":20919,"date":"2016-02-18T20:33:46","date_gmt":"2016-02-19T00:33:46","guid":{"rendered":"http:\/\/www.www.jetcraft.com\/pt\/empresa\/careers\/"},"modified":"2019-04-09T16:15:10","modified_gmt":"2019-04-09T20:15:10","slug":"carreiras","status":"publish","type":"page","link":"https:\/\/www.jetcraft.com\/pt\/empresa\/carreiras\/","title":{"rendered":"Carreiras"},"content":{"rendered":"<p>Procura um emprego que lhe proporcione o melhor da ind\u00fastria? N\u00e3o procure mais longe que a Jetcraft.<\/p>\n<p>Quando se juntar \u00e0 equipa da Jetcraft, trabalhar\u00e1 com pessoas talentosas e com ideais semelhantes que gostam de resolver problemas. Far\u00e1 contactos em todo o mundo. Estabelecer\u00e1 rela\u00e7\u00f5es duradouras que alargar\u00e3o os seus horizontes. E trabalhar\u00e1 com colegas por forma a criar uma experi\u00eancia ao cliente como nenhuma outra.<\/p>\n","protected":false},"excerpt":{"rendered":"<p>Procura um emprego que lhe proporcione o melhor da ind\u00fastria? N\u00e3o procure mais longe que a Jetcraft. Quando se juntar \u00e0 equipa da Jetcraft, trabalhar\u00e1 com pessoas talentosas e com ideais semelhantes que gostam de resolver problemas. Far\u00e1 contactos em todo o mundo. Estabelecer\u00e1 rela\u00e7\u00f5es duradouras que alargar\u00e3o os seus horizontes. E trabalhar\u00e1 com colegas&#8230;<\/p>\n","protected":false},"author":1,"featured_media":0,"parent":20916,"menu_order":0,"comment_status":"closed","ping_status":"closed","template":"template-careers.php","meta":{"_acf_changed":false,"inline_featured_image":false,"footnotes":""},"class_list":["post-20919","page","type-page","status-publish","hentry"],"acf":[],"yoast_head":"<!-- This site is optimized with the Yoast SEO plugin v27.1.1 - https:\/\/yoast.com\/product\/yoast-seo-wordpress\/ -->\n<title>Oportunidades de Carreira | Junte-se \u00e0 Equipa da Jetcraft<\/title>\n<meta name=\"description\" content=\"A Jetcraft \u00e9 uma equipa de pessoas talentosas que resolvem problemas e que est\u00e3o focadas na cria\u00e7\u00e3o de uma experi\u00eancia excepcional do cliente. Junte-se aos melhores e mais talentosos na ind\u00fastria aeron\u00e1utica.\" \/>\n<meta name=\"robots\" content=\"index, follow, max-snippet:-1, max-image-preview:large, max-video-preview:-1\" \/>\n<link rel=\"canonical\" href=\"https:\/\/www.jetcraft.com\/pt\/empresa\/carreiras\/\" \/>\n<meta property=\"og:locale\" content=\"pt_PT\" \/>\n<meta property=\"og:type\" content=\"article\" \/>\n<meta property=\"og:title\" content=\"Oportunidades de Carreira | Junte-se \u00e0 Equipa da Jetcraft\" \/>\n<meta property=\"og:description\" content=\"A Jetcraft \u00e9 uma equipa de pessoas talentosas que resolvem problemas e que est\u00e3o focadas na cria\u00e7\u00e3o de uma experi\u00eancia excepcional do cliente. Junte-se aos melhores e mais talentosos na ind\u00fastria aeron\u00e1utica.\" \/>\n<meta property=\"og:url\" content=\"https:\/\/www.jetcraft.com\/pt\/empresa\/carreiras\/\" \/>\n<meta property=\"og:site_name\" content=\"Jetcraft\" \/>\n<meta property=\"article:modified_time\" content=\"2019-04-09T20:15:10+00:00\" \/>\n<meta name=\"twitter:card\" content=\"summary_large_image\" \/>\n<script type=\"application\/ld+json\" class=\"yoast-schema-graph\">{\"@context\":\"https:\/\/schema.org\",\"@graph\":[{\"@type\":\"WebPage\",\"@id\":\"https:\/\/www.jetcraft.com\/pt\/empresa\/carreiras\/\",\"url\":\"https:\/\/www.jetcraft.com\/pt\/empresa\/carreiras\/\",\"name\":\"Oportunidades de Carreira | Junte-se \u00e0 Equipa da Jetcraft\",\"isPartOf\":{\"@id\":\"https:\/\/www.jetcraft.com\/pt\/#website\"},\"datePublished\":\"2016-02-19T00:33:46+00:00\",\"dateModified\":\"2019-04-09T20:15:10+00:00\",\"description\":\"A Jetcraft \u00e9 uma equipa de pessoas talentosas que resolvem problemas e que est\u00e3o focadas na cria\u00e7\u00e3o de uma experi\u00eancia excepcional do cliente. Junte-se aos melhores e mais talentosos na ind\u00fastria aeron\u00e1utica.\",\"breadcrumb\":{\"@id\":\"https:\/\/www.jetcraft.com\/pt\/empresa\/carreiras\/#breadcrumb\"},\"inLanguage\":\"pt-PT\",\"potentialAction\":[{\"@type\":\"ReadAction\",\"target\":[\"https:\/\/www.jetcraft.com\/pt\/empresa\/carreiras\/\"]}]},{\"@type\":\"BreadcrumbList\",\"@id\":\"https:\/\/www.jetcraft.com\/pt\/empresa\/carreiras\/#breadcrumb\",\"itemListElement\":[{\"@type\":\"ListItem\",\"position\":1,\"name\":\"Empresa\",\"item\":\"https:\/\/www.jetcraft.com\/pt\/empresa\/\"},{\"@type\":\"ListItem\",\"position\":2,\"name\":\"Carreiras\"}]},{\"@type\":\"WebSite\",\"@id\":\"https:\/\/www.jetcraft.com\/pt\/#website\",\"url\":\"https:\/\/www.jetcraft.com\/pt\/\",\"name\":\"Jetcraft\",\"description\":\"The Original Cloud-Based Network\",\"publisher\":{\"@id\":\"https:\/\/www.jetcraft.com\/pt\/#organization\"},\"potentialAction\":[{\"@type\":\"SearchAction\",\"target\":{\"@type\":\"EntryPoint\",\"urlTemplate\":\"https:\/\/www.jetcraft.com\/pt\/?s={search_term_string}\"},\"query-input\":{\"@type\":\"PropertyValueSpecification\",\"valueRequired\":true,\"valueName\":\"search_term_string\"}}],\"inLanguage\":\"pt-PT\"},{\"@type\":\"Organization\",\"@id\":\"https:\/\/www.jetcraft.com\/pt\/#organization\",\"name\":\"Jetcraft\",\"url\":\"https:\/\/www.jetcraft.com\/pt\/\",\"logo\":{\"@type\":\"ImageObject\",\"inLanguage\":\"pt-PT\",\"@id\":\"https:\/\/www.jetcraft.com\/pt\/#\/schema\/logo\/image\/\",\"url\":\"https:\/\/www.jetcraft.com\/wp-content\/uploads\/2026\/02\/jetcraft-2022-logo.png\",\"contentUrl\":\"https:\/\/www.jetcraft.com\/wp-content\/uploads\/2026\/02\/jetcraft-2022-logo.png\",\"width\":514,\"height\":86,\"caption\":\"Jetcraft\"},\"image\":{\"@id\":\"https:\/\/www.jetcraft.com\/pt\/#\/schema\/logo\/image\/\"}}]}<\/script>\n<!-- \/ Yoast SEO plugin. -->","yoast_head_json":{"title":"Oportunidades de Carreira | Junte-se \u00e0 Equipa da Jetcraft","description":"A Jetcraft \u00e9 uma equipa de pessoas talentosas que resolvem problemas e que est\u00e3o focadas na cria\u00e7\u00e3o de uma experi\u00eancia excepcional do cliente. Junte-se aos melhores e mais talentosos na ind\u00fastria aeron\u00e1utica.","robots":{"index":"index","follow":"follow","max-snippet":"max-snippet:-1","max-image-preview":"max-image-preview:large","max-video-preview":"max-video-preview:-1"},"canonical":"https:\/\/www.jetcraft.com\/pt\/empresa\/carreiras\/","og_locale":"pt_PT","og_type":"article","og_title":"Oportunidades de Carreira | Junte-se \u00e0 Equipa da Jetcraft","og_description":"A Jetcraft \u00e9 uma equipa de pessoas talentosas que resolvem problemas e que est\u00e3o focadas na cria\u00e7\u00e3o de uma experi\u00eancia excepcional do cliente. Junte-se aos melhores e mais talentosos na ind\u00fastria aeron\u00e1utica.","og_url":"https:\/\/www.jetcraft.com\/pt\/empresa\/carreiras\/","og_site_name":"Jetcraft","article_modified_time":"2019-04-09T20:15:10+00:00","twitter_card":"summary_large_image","schema":{"@context":"https:\/\/schema.org","@graph":[{"@type":"WebPage","@id":"https:\/\/www.jetcraft.com\/pt\/empresa\/carreiras\/","url":"https:\/\/www.jetcraft.com\/pt\/empresa\/carreiras\/","name":"Oportunidades de Carreira | Junte-se \u00e0 Equipa da Jetcraft","isPartOf":{"@id":"https:\/\/www.jetcraft.com\/pt\/#website"},"datePublished":"2016-02-19T00:33:46+00:00","dateModified":"2019-04-09T20:15:10+00:00","description":"A Jetcraft \u00e9 uma equipa de pessoas talentosas que resolvem problemas e que est\u00e3o focadas na cria\u00e7\u00e3o de uma experi\u00eancia excepcional do cliente. Junte-se aos melhores e mais talentosos na ind\u00fastria aeron\u00e1utica.","breadcrumb":{"@id":"https:\/\/www.jetcraft.com\/pt\/empresa\/carreiras\/#breadcrumb"},"inLanguage":"pt-PT","potentialAction":[{"@type":"ReadAction","target":["https:\/\/www.jetcraft.com\/pt\/empresa\/carreiras\/"]}]},{"@type":"BreadcrumbList","@id":"https:\/\/www.jetcraft.com\/pt\/empresa\/carreiras\/#breadcrumb","itemListElement":[{"@type":"ListItem","position":1,"name":"Empresa","item":"https:\/\/www.jetcraft.com\/pt\/empresa\/"},{"@type":"ListItem","position":2,"name":"Carreiras"}]},{"@type":"WebSite","@id":"https:\/\/www.jetcraft.com\/pt\/#website","url":"https:\/\/www.jetcraft.com\/pt\/","name":"Jetcraft","description":"The Original Cloud-Based Network","publisher":{"@id":"https:\/\/www.jetcraft.com\/pt\/#organization"},"potentialAction":[{"@type":"SearchAction","target":{"@type":"EntryPoint","urlTemplate":"https:\/\/www.jetcraft.com\/pt\/?s={search_term_string}"},"query-input":{"@type":"PropertyValueSpecification","valueRequired":true,"valueName":"search_term_string"}}],"inLanguage":"pt-PT"},{"@type":"Organization","@id":"https:\/\/www.jetcraft.com\/pt\/#organization","name":"Jetcraft","url":"https:\/\/www.jetcraft.com\/pt\/","logo":{"@type":"ImageObject","inLanguage":"pt-PT","@id":"https:\/\/www.jetcraft.com\/pt\/#\/schema\/logo\/image\/","url":"https:\/\/www.jetcraft.com\/wp-content\/uploads\/2026\/02\/jetcraft-2022-logo.png","contentUrl":"https:\/\/www.jetcraft.com\/wp-content\/uploads\/2026\/02\/jetcraft-2022-logo.png","width":514,"height":86,"caption":"Jetcraft"},"image":{"@id":"https:\/\/www.jetcraft.com\/pt\/#\/schema\/logo\/image\/"}}]}},"_links":{"self":[{"href":"https:\/\/www.jetcraft.com\/pt\/wp-json\/wp\/v2\/pages\/20919","targetHints":{"allow":["GET"]}}],"collection":[{"href":"https:\/\/www.jetcraft.com\/pt\/wp-json\/wp\/v2\/pages"}],"about":[{"href":"https:\/\/www.jetcraft.com\/pt\/wp-json\/wp\/v2\/types\/page"}],"author":[{"embeddable":true,"href":"https:\/\/www.jetcraft.com\/pt\/wp-json\/wp\/v2\/users\/1"}],"replies":[{"embeddable":true,"href":"https:\/\/www.jetcraft.com\/pt\/wp-json\/wp\/v2\/comments?post=20919"}],"version-history":[{"count":0,"href":"https:\/\/www.jetcraft.com\/pt\/wp-json\/wp\/v2\/pages\/20919\/revisions"}],"up":[{"embeddable":true,"href":"https:\/\/www.jetcraft.com\/pt\/wp-json\/wp\/v2\/pages\/20916"}],"wp:attachment":[{"href":"https:\/\/www.jetcraft.com\/pt\/wp-json\/wp\/v2\/media?parent=20919"}],"curies":[{"name":"wp","href":"https:\/\/api.w.org\/{rel}","templated":true}]}}