{"id":20922,"date":"2016-02-18T20:32:42","date_gmt":"2016-02-19T00:32:42","guid":{"rendered":"http:\/\/www.www.jetcraft.com\/pt\/empresa\/ownership\/buying-an-aircraft\/"},"modified":"2024-01-30T14:32:06","modified_gmt":"2024-01-30T18:32:06","slug":"comprar-uma-aeronave","status":"publish","type":"page","link":"https:\/\/www.jetcraft.com\/pt\/empresa\/comprar-uma-aeronave\/","title":{"rendered":"Comprar uma aeronave"},"content":{"rendered":"","protected":false},"excerpt":{"rendered":"","protected":false},"author":1,"featured_media":0,"parent":20916,"menu_order":0,"comment_status":"closed","ping_status":"closed","template":"template-ownership-buying.php","meta":{"_acf_changed":false,"inline_featured_image":false,"footnotes":""},"class_list":["post-20922","page","type-page","status-publish","hentry"],"acf":[],"yoast_head":"<!-- This site is optimized with the Yoast SEO plugin v27.1.1 - https:\/\/yoast.com\/product\/yoast-seo-wordpress\/ -->\n<title>Comprar uma Aeronave | O Que Melhor Se Adapta \u00e0s Suas Necessidades | Jetcraft<\/title>\n<meta name=\"description\" content=\"Os peritos da Jetcraft s\u00e3o especialistas em ajud\u00e1-lo a encontrar e comprar a aeronave perfeita. Saiba mais sobre o que pode esperar da nossa parte e sobre o processo de propriedade.\" \/>\n<meta name=\"robots\" content=\"index, follow, max-snippet:-1, max-image-preview:large, max-video-preview:-1\" \/>\n<link rel=\"canonical\" href=\"https:\/\/www.jetcraft.com\/pt\/empresa\/comprar-uma-aeronave\/\" \/>\n<meta property=\"og:locale\" content=\"pt_PT\" \/>\n<meta property=\"og:type\" content=\"article\" \/>\n<meta property=\"og:title\" content=\"Comprar uma Aeronave | O Que Melhor Se Adapta \u00e0s Suas Necessidades | Jetcraft\" \/>\n<meta property=\"og:description\" content=\"Os peritos da Jetcraft s\u00e3o especialistas em ajud\u00e1-lo a encontrar e comprar a aeronave perfeita. Saiba mais sobre o que pode esperar da nossa parte e sobre o processo de propriedade.\" \/>\n<meta property=\"og:url\" content=\"https:\/\/www.jetcraft.com\/pt\/empresa\/comprar-uma-aeronave\/\" \/>\n<meta property=\"og:site_name\" content=\"Jetcraft\" \/>\n<meta property=\"article:modified_time\" content=\"2024-01-30T18:32:06+00:00\" \/>\n<meta name=\"twitter:card\" content=\"summary_large_image\" \/>\n<script type=\"application\/ld+json\" class=\"yoast-schema-graph\">{\"@context\":\"https:\/\/schema.org\",\"@graph\":[{\"@type\":\"WebPage\",\"@id\":\"https:\/\/www.jetcraft.com\/pt\/empresa\/comprar-uma-aeronave\/\",\"url\":\"https:\/\/www.jetcraft.com\/pt\/empresa\/comprar-uma-aeronave\/\",\"name\":\"Comprar uma Aeronave | O Que Melhor Se Adapta \u00e0s Suas Necessidades | Jetcraft\",\"isPartOf\":{\"@id\":\"https:\/\/www.jetcraft.com\/pt\/#website\"},\"datePublished\":\"2016-02-19T00:32:42+00:00\",\"dateModified\":\"2024-01-30T18:32:06+00:00\",\"description\":\"Os peritos da Jetcraft s\u00e3o especialistas em ajud\u00e1-lo a encontrar e comprar a aeronave perfeita. Saiba mais sobre o que pode esperar da nossa parte e sobre o processo de propriedade.\",\"breadcrumb\":{\"@id\":\"https:\/\/www.jetcraft.com\/pt\/empresa\/comprar-uma-aeronave\/#breadcrumb\"},\"inLanguage\":\"pt-PT\",\"potentialAction\":[{\"@type\":\"ReadAction\",\"target\":[\"https:\/\/www.jetcraft.com\/pt\/empresa\/comprar-uma-aeronave\/\"]}]},{\"@type\":\"BreadcrumbList\",\"@id\":\"https:\/\/www.jetcraft.com\/pt\/empresa\/comprar-uma-aeronave\/#breadcrumb\",\"itemListElement\":[{\"@type\":\"ListItem\",\"position\":1,\"name\":\"Empresa\",\"item\":\"https:\/\/www.jetcraft.com\/pt\/empresa\/\"},{\"@type\":\"ListItem\",\"position\":2,\"name\":\"Comprar uma aeronave\"}]},{\"@type\":\"WebSite\",\"@id\":\"https:\/\/www.jetcraft.com\/pt\/#website\",\"url\":\"https:\/\/www.jetcraft.com\/pt\/\",\"name\":\"Jetcraft\",\"description\":\"The Original Cloud-Based Network\",\"publisher\":{\"@id\":\"https:\/\/www.jetcraft.com\/pt\/#organization\"},\"potentialAction\":[{\"@type\":\"SearchAction\",\"target\":{\"@type\":\"EntryPoint\",\"urlTemplate\":\"https:\/\/www.jetcraft.com\/pt\/?s={search_term_string}\"},\"query-input\":{\"@type\":\"PropertyValueSpecification\",\"valueRequired\":true,\"valueName\":\"search_term_string\"}}],\"inLanguage\":\"pt-PT\"},{\"@type\":\"Organization\",\"@id\":\"https:\/\/www.jetcraft.com\/pt\/#organization\",\"name\":\"Jetcraft\",\"url\":\"https:\/\/www.jetcraft.com\/pt\/\",\"logo\":{\"@type\":\"ImageObject\",\"inLanguage\":\"pt-PT\",\"@id\":\"https:\/\/www.jetcraft.com\/pt\/#\/schema\/logo\/image\/\",\"url\":\"https:\/\/www.jetcraft.com\/wp-content\/uploads\/2026\/02\/jetcraft-2022-logo.png\",\"contentUrl\":\"https:\/\/www.jetcraft.com\/wp-content\/uploads\/2026\/02\/jetcraft-2022-logo.png\",\"width\":514,\"height\":86,\"caption\":\"Jetcraft\"},\"image\":{\"@id\":\"https:\/\/www.jetcraft.com\/pt\/#\/schema\/logo\/image\/\"}}]}<\/script>\n<!-- \/ Yoast SEO plugin. -->","yoast_head_json":{"title":"Comprar uma Aeronave | O Que Melhor Se Adapta \u00e0s Suas Necessidades | Jetcraft","description":"Os peritos da Jetcraft s\u00e3o especialistas em ajud\u00e1-lo a encontrar e comprar a aeronave perfeita. Saiba mais sobre o que pode esperar da nossa parte e sobre o processo de propriedade.","robots":{"index":"index","follow":"follow","max-snippet":"max-snippet:-1","max-image-preview":"max-image-preview:large","max-video-preview":"max-video-preview:-1"},"canonical":"https:\/\/www.jetcraft.com\/pt\/empresa\/comprar-uma-aeronave\/","og_locale":"pt_PT","og_type":"article","og_title":"Comprar uma Aeronave | O Que Melhor Se Adapta \u00e0s Suas Necessidades | Jetcraft","og_description":"Os peritos da Jetcraft s\u00e3o especialistas em ajud\u00e1-lo a encontrar e comprar a aeronave perfeita. Saiba mais sobre o que pode esperar da nossa parte e sobre o processo de propriedade.","og_url":"https:\/\/www.jetcraft.com\/pt\/empresa\/comprar-uma-aeronave\/","og_site_name":"Jetcraft","article_modified_time":"2024-01-30T18:32:06+00:00","twitter_card":"summary_large_image","schema":{"@context":"https:\/\/schema.org","@graph":[{"@type":"WebPage","@id":"https:\/\/www.jetcraft.com\/pt\/empresa\/comprar-uma-aeronave\/","url":"https:\/\/www.jetcraft.com\/pt\/empresa\/comprar-uma-aeronave\/","name":"Comprar uma Aeronave | O Que Melhor Se Adapta \u00e0s Suas Necessidades | Jetcraft","isPartOf":{"@id":"https:\/\/www.jetcraft.com\/pt\/#website"},"datePublished":"2016-02-19T00:32:42+00:00","dateModified":"2024-01-30T18:32:06+00:00","description":"Os peritos da Jetcraft s\u00e3o especialistas em ajud\u00e1-lo a encontrar e comprar a aeronave perfeita. Saiba mais sobre o que pode esperar da nossa parte e sobre o processo de propriedade.","breadcrumb":{"@id":"https:\/\/www.jetcraft.com\/pt\/empresa\/comprar-uma-aeronave\/#breadcrumb"},"inLanguage":"pt-PT","potentialAction":[{"@type":"ReadAction","target":["https:\/\/www.jetcraft.com\/pt\/empresa\/comprar-uma-aeronave\/"]}]},{"@type":"BreadcrumbList","@id":"https:\/\/www.jetcraft.com\/pt\/empresa\/comprar-uma-aeronave\/#breadcrumb","itemListElement":[{"@type":"ListItem","position":1,"name":"Empresa","item":"https:\/\/www.jetcraft.com\/pt\/empresa\/"},{"@type":"ListItem","position":2,"name":"Comprar uma aeronave"}]},{"@type":"WebSite","@id":"https:\/\/www.jetcraft.com\/pt\/#website","url":"https:\/\/www.jetcraft.com\/pt\/","name":"Jetcraft","description":"The Original Cloud-Based Network","publisher":{"@id":"https:\/\/www.jetcraft.com\/pt\/#organization"},"potentialAction":[{"@type":"SearchAction","target":{"@type":"EntryPoint","urlTemplate":"https:\/\/www.jetcraft.com\/pt\/?s={search_term_string}"},"query-input":{"@type":"PropertyValueSpecification","valueRequired":true,"valueName":"search_term_string"}}],"inLanguage":"pt-PT"},{"@type":"Organization","@id":"https:\/\/www.jetcraft.com\/pt\/#organization","name":"Jetcraft","url":"https:\/\/www.jetcraft.com\/pt\/","logo":{"@type":"ImageObject","inLanguage":"pt-PT","@id":"https:\/\/www.jetcraft.com\/pt\/#\/schema\/logo\/image\/","url":"https:\/\/www.jetcraft.com\/wp-content\/uploads\/2026\/02\/jetcraft-2022-logo.png","contentUrl":"https:\/\/www.jetcraft.com\/wp-content\/uploads\/2026\/02\/jetcraft-2022-logo.png","width":514,"height":86,"caption":"Jetcraft"},"image":{"@id":"https:\/\/www.jetcraft.com\/pt\/#\/schema\/logo\/image\/"}}]}},"_links":{"self":[{"href":"https:\/\/www.jetcraft.com\/pt\/wp-json\/wp\/v2\/pages\/20922","targetHints":{"allow":["GET"]}}],"collection":[{"href":"https:\/\/www.jetcraft.com\/pt\/wp-json\/wp\/v2\/pages"}],"about":[{"href":"https:\/\/www.jetcraft.com\/pt\/wp-json\/wp\/v2\/types\/page"}],"author":[{"embeddable":true,"href":"https:\/\/www.jetcraft.com\/pt\/wp-json\/wp\/v2\/users\/1"}],"replies":[{"embeddable":true,"href":"https:\/\/www.jetcraft.com\/pt\/wp-json\/wp\/v2\/comments?post=20922"}],"version-history":[{"count":0,"href":"https:\/\/www.jetcraft.com\/pt\/wp-json\/wp\/v2\/pages\/20922\/revisions"}],"up":[{"embeddable":true,"href":"https:\/\/www.jetcraft.com\/pt\/wp-json\/wp\/v2\/pages\/20916"}],"wp:attachment":[{"href":"https:\/\/www.jetcraft.com\/pt\/wp-json\/wp\/v2\/media?parent=20922"}],"curies":[{"name":"wp","href":"https:\/\/api.w.org\/{rel}","templated":true}]}}