{"id":20928,"date":"2016-02-18T20:33:53","date_gmt":"2016-02-19T00:33:53","guid":{"rendered":"http:\/\/www.www.jetcraft.com\/pt\/empresa\/privacy\/"},"modified":"2018-06-05T12:05:11","modified_gmt":"2018-06-05T16:05:11","slug":"privacidade","status":"publish","type":"page","link":"https:\/\/www.jetcraft.com\/pt\/empresa\/privacidade\/","title":{"rendered":"Pol\u00edtica de privacidade"},"content":{"rendered":"<p><strong>O nosso compromisso para com a privacidade<\/strong><br \/>\nA sua privacidade \u00e9 importante para n\u00f3s. Para proteger melhor a sua privacidade, fornecemos este aviso a explicar as nossas pr\u00e1ticas de informa\u00e7\u00e3o online e as escolhas que pode fazer sobre a forma como as suas informa\u00e7\u00f5es s\u00e3o recolhidas e utilizadas.<\/p>\n<p><strong>As informa\u00e7\u00f5es que recolhemos<\/strong><br \/>\nEste aviso aplica-se a todas as informa\u00e7\u00f5es recolhidas ou enviadas no site da Jetcraft. Em determinadas p\u00e1ginas, pode fazer pedidos e registar-se para receber materiais. Os tipos de informa\u00e7\u00f5es pessoais recolhidas nessas p\u00e1ginas s\u00e3o o nome, o t\u00edtulo, a empresa, a morada, o endere\u00e7o de e-mail, o n\u00famero de telefone, o n\u00famero de fax e a aeronave de interesse.<\/p>\n<p><strong>A forma como utilizamos as informa\u00e7\u00f5es<\/strong><br \/>\nUtilizamos as informa\u00e7\u00f5es que faculta sobre si quando faz uma pergunta e apenas para lhe enviar as informa\u00e7\u00f5es solicitadas. N\u00e3o partilhamos estas informa\u00e7\u00f5es com terceiros.<\/p>\n<p>Utilizamos endere\u00e7os de e-mail de resposta para responder ao e-mail que recebemos. Esses endere\u00e7os s\u00e3o partilhados com os nossos fornecedores contratados de divulga\u00e7\u00e3o de e-mail, mas n\u00e3o s\u00e3o utilizados para quaisquer outros fins e n\u00e3o s\u00e3o partilhados com terceiros.<\/p>\n<p>Pode registar-se no nosso site se quiser receber actualiza\u00e7\u00f5es sobre os nossos novos produtos e servi\u00e7os. As informa\u00e7\u00f5es que envia no nosso site n\u00e3o ser\u00e3o utilizadas para este fim a menos que preencha o formul\u00e1rio de registo. As nossas comunica\u00e7\u00f5es por e-mail cont\u00eam a op\u00e7\u00e3o de cancelamento. Respeitamos qualquer pedido de cancelamento de mais comunica\u00e7\u00f5es por e-mail. A Jetcraft est\u00e1 empenhada na prote\u00e7\u00e3o das suas informa\u00e7\u00f5es pessoais em conformidade com o Regulamento Europeu Geral de Prote\u00e7\u00e3o de Dados (GDPR). Visite o endere\u00e7o <a href=\"https:\/\/www.jetcraft.com\/preferences\/\">https:\/\/www.jetcraft.com\/preferences\/<\/a> para gerir as suas prefer\u00eancias de subscri\u00e7\u00e3o ou eliminar a sua subscri\u00e7\u00e3o por completo.<\/p>\n<p>Por fim, nunca utilizamos nem partilhamos as informa\u00e7\u00f5es pessoalmente identific\u00e1veis que nos s\u00e3o fornecidas online nas formas n\u00e3o relacionadas com as descritas acima sem lhe darmos a oportunidade de cancelar ou proibir essas utiliza\u00e7\u00f5es n\u00e3o relacionadas.<\/p>\n<p><strong>O nosso compromisso para com a seguran\u00e7a dos dados<\/strong><br \/>\nPara evitar o acesso n\u00e3o autorizado, manter a exactid\u00e3o dos dados e garantir uma utiliza\u00e7\u00e3o adequada da sua informa\u00e7\u00e3o, implement\u00e1mos processos f\u00edsicos, electr\u00f3nicos e administrativos para a salvaguarda e a seguran\u00e7a da informa\u00e7\u00e3o que recolhemos online.<\/p>\n<p><strong>Pol\u00edtica sobre Cookies<\/strong><br \/>\nOs cookies s\u00e3o ficheiros de texto muito pequenos armazenados no seu computador ao visitar determinados sites. Ao utilizar este site, concorda com a nossa utiliza\u00e7\u00e3o de cookies, incluindo a instala\u00e7\u00e3o e a leitura de cookies no seu dispositivo. Pode optar por restringir ou bloquear os cookies nas defini\u00e7\u00f5es do seu programa de navega\u00e7\u00e3o em qualquer altura. Pode desactivar quaisquer cookies j\u00e1 armazenados no seu computador, mas estes podem impedir que o nosso site funcione correctamente. Ambos os cookies por n\u00f3s utilizados s\u00e3o Cookies de Funcionalidade utilizados para ajudar a identificar o seu computador para que possamos adaptar a sua experi\u00eancia de utilizador ao site. Utilizamos estes cookies para 1) registar e guardar as listas de aeronaves que visualizou para que o site possa sugerir aeronaves semelhantes e para 2) registar e guardar a aeronave que marcou como \u201cfavorita\u201d; depois referenciamos este cookie quando visitar a sua p\u00e1gina favorita.<\/p>\n<p>Entidades terceiras (como servi\u00e7os de an\u00e1lise do site ou servi\u00e7os de envio de formul\u00e1rios) poder\u00e3o utilizar Cookies de Desempenho para nos informar a forma como o site \u00e9 utilizado e ajudar-nos a melhorar o site. Poderemos receber servi\u00e7os dessas entidades incluindo anal\u00edtica do site e dados do formul\u00e1rio.<\/p>\n<p><strong>Controlo Online<\/strong><br \/>\nActualmente n\u00e3o honramos pedidos de \u201cN\u00e3o Controlar\u201d enviados de um programa de navega\u00e7\u00e3o ou de outros mecanismos de bloqueio. Utilizamos um software terceiro para controlar o comportamento do utilizador que nos informa como tornar o site mais relevante e mais f\u00e1cil de utilizar para os nossos clientes. Consulte a nossa Pol\u00edtica de Cookies acima.<\/p>\n<p><strong>Hiperliga\u00e7\u00f5es<\/strong><br \/>\nEste site poder\u00e1 conter hiperliga\u00e7\u00f5es para outros sites. Tenha em aten\u00e7\u00e3o que a Jetcraft n\u00e3o \u00e9 respons\u00e1vel pelas pr\u00e1ticas de privacidade desses sites.<\/p>\n<p><strong>O nosso compromisso para com a privacidade das crian\u00e7as<\/strong><br \/>\nEste site n\u00e3o se destina nem \u00e9 concebido para atrair crian\u00e7as com idades inferiores a 13 anos. N\u00e3o recolhemos nem guardamos dados pessoalmente identific\u00e1veis de qualquer pessoa que saibamos ter uma idade inferior a 13 anos.<\/p>\n<p><strong>Como entrar em contacto connosco<\/strong><br \/>\nSe tiver outras perguntas ou preocupa\u00e7\u00f5es sobre estas pol\u00edticas de privacidade, ligue-nos para o n\u00famero +1 919 941 8400.<\/p>\n","protected":false},"excerpt":{"rendered":"<p>O nosso compromisso para com a privacidade A sua privacidade \u00e9 importante para n\u00f3s. Para proteger melhor a sua privacidade, fornecemos este aviso a explicar as nossas pr\u00e1ticas de informa\u00e7\u00e3o online e as escolhas que pode fazer sobre a forma como as suas informa\u00e7\u00f5es s\u00e3o recolhidas e utilizadas. As informa\u00e7\u00f5es que recolhemos Este aviso aplica-se&#8230;<\/p>\n","protected":false},"author":1,"featured_media":0,"parent":20916,"menu_order":0,"comment_status":"closed","ping_status":"closed","template":"","meta":{"_acf_changed":false,"inline_featured_image":false,"footnotes":""},"class_list":["post-20928","page","type-page","status-publish","hentry"],"acf":[],"yoast_head":"<!-- This site is optimized with the Yoast SEO plugin v27.1.1 - https:\/\/yoast.com\/product\/yoast-seo-wordpress\/ -->\n<title>O Nosso Compromisso Para Com a Privacidade | Pol\u00edtica de Privacidade | Jetcraft<\/title>\n<meta name=\"description\" content=\"A Jetcraft est\u00e1 empenhada em proteger a sua privacidade. Apenas usamos as informa\u00e7\u00f5es fornecidas quando faz uma pergunta sobre uma aeronave para lhe enviarmos aquilo que solicitou.\" \/>\n<meta name=\"robots\" content=\"index, follow, max-snippet:-1, max-image-preview:large, max-video-preview:-1\" \/>\n<link rel=\"canonical\" href=\"https:\/\/www.jetcraft.com\/pt\/empresa\/privacidade\/\" \/>\n<meta property=\"og:locale\" content=\"pt_PT\" \/>\n<meta property=\"og:type\" content=\"article\" \/>\n<meta property=\"og:title\" content=\"O Nosso Compromisso Para Com a Privacidade | Pol\u00edtica de Privacidade | Jetcraft\" \/>\n<meta property=\"og:description\" content=\"A Jetcraft est\u00e1 empenhada em proteger a sua privacidade. Apenas usamos as informa\u00e7\u00f5es fornecidas quando faz uma pergunta sobre uma aeronave para lhe enviarmos aquilo que solicitou.\" \/>\n<meta property=\"og:url\" content=\"https:\/\/www.jetcraft.com\/pt\/empresa\/privacidade\/\" \/>\n<meta property=\"og:site_name\" content=\"Jetcraft\" \/>\n<meta property=\"article:modified_time\" content=\"2018-06-05T16:05:11+00:00\" \/>\n<meta name=\"twitter:card\" content=\"summary_large_image\" \/>\n<meta name=\"twitter:label1\" content=\"Est. reading time\" \/>\n\t<meta name=\"twitter:data1\" content=\"4 minutos\" \/>\n<script type=\"application\/ld+json\" class=\"yoast-schema-graph\">{\"@context\":\"https:\/\/schema.org\",\"@graph\":[{\"@type\":\"WebPage\",\"@id\":\"https:\/\/www.jetcraft.com\/pt\/empresa\/privacidade\/\",\"url\":\"https:\/\/www.jetcraft.com\/pt\/empresa\/privacidade\/\",\"name\":\"O Nosso Compromisso Para Com a Privacidade | Pol\u00edtica de Privacidade | Jetcraft\",\"isPartOf\":{\"@id\":\"https:\/\/www.jetcraft.com\/pt\/#website\"},\"datePublished\":\"2016-02-19T00:33:53+00:00\",\"dateModified\":\"2018-06-05T16:05:11+00:00\",\"description\":\"A Jetcraft est\u00e1 empenhada em proteger a sua privacidade. Apenas usamos as informa\u00e7\u00f5es fornecidas quando faz uma pergunta sobre uma aeronave para lhe enviarmos aquilo que solicitou.\",\"breadcrumb\":{\"@id\":\"https:\/\/www.jetcraft.com\/pt\/empresa\/privacidade\/#breadcrumb\"},\"inLanguage\":\"pt-PT\",\"potentialAction\":[{\"@type\":\"ReadAction\",\"target\":[\"https:\/\/www.jetcraft.com\/pt\/empresa\/privacidade\/\"]}]},{\"@type\":\"BreadcrumbList\",\"@id\":\"https:\/\/www.jetcraft.com\/pt\/empresa\/privacidade\/#breadcrumb\",\"itemListElement\":[{\"@type\":\"ListItem\",\"position\":1,\"name\":\"Empresa\",\"item\":\"https:\/\/www.jetcraft.com\/pt\/empresa\/\"},{\"@type\":\"ListItem\",\"position\":2,\"name\":\"Pol\u00edtica de privacidade\"}]},{\"@type\":\"WebSite\",\"@id\":\"https:\/\/www.jetcraft.com\/pt\/#website\",\"url\":\"https:\/\/www.jetcraft.com\/pt\/\",\"name\":\"Jetcraft\",\"description\":\"The Original Cloud-Based Network\",\"publisher\":{\"@id\":\"https:\/\/www.jetcraft.com\/pt\/#organization\"},\"potentialAction\":[{\"@type\":\"SearchAction\",\"target\":{\"@type\":\"EntryPoint\",\"urlTemplate\":\"https:\/\/www.jetcraft.com\/pt\/?s={search_term_string}\"},\"query-input\":{\"@type\":\"PropertyValueSpecification\",\"valueRequired\":true,\"valueName\":\"search_term_string\"}}],\"inLanguage\":\"pt-PT\"},{\"@type\":\"Organization\",\"@id\":\"https:\/\/www.jetcraft.com\/pt\/#organization\",\"name\":\"Jetcraft\",\"url\":\"https:\/\/www.jetcraft.com\/pt\/\",\"logo\":{\"@type\":\"ImageObject\",\"inLanguage\":\"pt-PT\",\"@id\":\"https:\/\/www.jetcraft.com\/pt\/#\/schema\/logo\/image\/\",\"url\":\"https:\/\/www.jetcraft.com\/wp-content\/uploads\/2026\/02\/jetcraft-2022-logo.png\",\"contentUrl\":\"https:\/\/www.jetcraft.com\/wp-content\/uploads\/2026\/02\/jetcraft-2022-logo.png\",\"width\":514,\"height\":86,\"caption\":\"Jetcraft\"},\"image\":{\"@id\":\"https:\/\/www.jetcraft.com\/pt\/#\/schema\/logo\/image\/\"}}]}<\/script>\n<!-- \/ Yoast SEO plugin. -->","yoast_head_json":{"title":"O Nosso Compromisso Para Com a Privacidade | Pol\u00edtica de Privacidade | Jetcraft","description":"A Jetcraft est\u00e1 empenhada em proteger a sua privacidade. Apenas usamos as informa\u00e7\u00f5es fornecidas quando faz uma pergunta sobre uma aeronave para lhe enviarmos aquilo que solicitou.","robots":{"index":"index","follow":"follow","max-snippet":"max-snippet:-1","max-image-preview":"max-image-preview:large","max-video-preview":"max-video-preview:-1"},"canonical":"https:\/\/www.jetcraft.com\/pt\/empresa\/privacidade\/","og_locale":"pt_PT","og_type":"article","og_title":"O Nosso Compromisso Para Com a Privacidade | Pol\u00edtica de Privacidade | Jetcraft","og_description":"A Jetcraft est\u00e1 empenhada em proteger a sua privacidade. Apenas usamos as informa\u00e7\u00f5es fornecidas quando faz uma pergunta sobre uma aeronave para lhe enviarmos aquilo que solicitou.","og_url":"https:\/\/www.jetcraft.com\/pt\/empresa\/privacidade\/","og_site_name":"Jetcraft","article_modified_time":"2018-06-05T16:05:11+00:00","twitter_card":"summary_large_image","twitter_misc":{"Est. reading time":"4 minutos"},"schema":{"@context":"https:\/\/schema.org","@graph":[{"@type":"WebPage","@id":"https:\/\/www.jetcraft.com\/pt\/empresa\/privacidade\/","url":"https:\/\/www.jetcraft.com\/pt\/empresa\/privacidade\/","name":"O Nosso Compromisso Para Com a Privacidade | Pol\u00edtica de Privacidade | Jetcraft","isPartOf":{"@id":"https:\/\/www.jetcraft.com\/pt\/#website"},"datePublished":"2016-02-19T00:33:53+00:00","dateModified":"2018-06-05T16:05:11+00:00","description":"A Jetcraft est\u00e1 empenhada em proteger a sua privacidade. Apenas usamos as informa\u00e7\u00f5es fornecidas quando faz uma pergunta sobre uma aeronave para lhe enviarmos aquilo que solicitou.","breadcrumb":{"@id":"https:\/\/www.jetcraft.com\/pt\/empresa\/privacidade\/#breadcrumb"},"inLanguage":"pt-PT","potentialAction":[{"@type":"ReadAction","target":["https:\/\/www.jetcraft.com\/pt\/empresa\/privacidade\/"]}]},{"@type":"BreadcrumbList","@id":"https:\/\/www.jetcraft.com\/pt\/empresa\/privacidade\/#breadcrumb","itemListElement":[{"@type":"ListItem","position":1,"name":"Empresa","item":"https:\/\/www.jetcraft.com\/pt\/empresa\/"},{"@type":"ListItem","position":2,"name":"Pol\u00edtica de privacidade"}]},{"@type":"WebSite","@id":"https:\/\/www.jetcraft.com\/pt\/#website","url":"https:\/\/www.jetcraft.com\/pt\/","name":"Jetcraft","description":"The Original Cloud-Based Network","publisher":{"@id":"https:\/\/www.jetcraft.com\/pt\/#organization"},"potentialAction":[{"@type":"SearchAction","target":{"@type":"EntryPoint","urlTemplate":"https:\/\/www.jetcraft.com\/pt\/?s={search_term_string}"},"query-input":{"@type":"PropertyValueSpecification","valueRequired":true,"valueName":"search_term_string"}}],"inLanguage":"pt-PT"},{"@type":"Organization","@id":"https:\/\/www.jetcraft.com\/pt\/#organization","name":"Jetcraft","url":"https:\/\/www.jetcraft.com\/pt\/","logo":{"@type":"ImageObject","inLanguage":"pt-PT","@id":"https:\/\/www.jetcraft.com\/pt\/#\/schema\/logo\/image\/","url":"https:\/\/www.jetcraft.com\/wp-content\/uploads\/2026\/02\/jetcraft-2022-logo.png","contentUrl":"https:\/\/www.jetcraft.com\/wp-content\/uploads\/2026\/02\/jetcraft-2022-logo.png","width":514,"height":86,"caption":"Jetcraft"},"image":{"@id":"https:\/\/www.jetcraft.com\/pt\/#\/schema\/logo\/image\/"}}]}},"_links":{"self":[{"href":"https:\/\/www.jetcraft.com\/pt\/wp-json\/wp\/v2\/pages\/20928","targetHints":{"allow":["GET"]}}],"collection":[{"href":"https:\/\/www.jetcraft.com\/pt\/wp-json\/wp\/v2\/pages"}],"about":[{"href":"https:\/\/www.jetcraft.com\/pt\/wp-json\/wp\/v2\/types\/page"}],"author":[{"embeddable":true,"href":"https:\/\/www.jetcraft.com\/pt\/wp-json\/wp\/v2\/users\/1"}],"replies":[{"embeddable":true,"href":"https:\/\/www.jetcraft.com\/pt\/wp-json\/wp\/v2\/comments?post=20928"}],"version-history":[{"count":0,"href":"https:\/\/www.jetcraft.com\/pt\/wp-json\/wp\/v2\/pages\/20928\/revisions"}],"up":[{"embeddable":true,"href":"https:\/\/www.jetcraft.com\/pt\/wp-json\/wp\/v2\/pages\/20916"}],"wp:attachment":[{"href":"https:\/\/www.jetcraft.com\/pt\/wp-json\/wp\/v2\/media?parent=20928"}],"curies":[{"name":"wp","href":"https:\/\/api.w.org\/{rel}","templated":true}]}}