{"id":20929,"date":"2016-02-18T20:34:00","date_gmt":"2016-02-19T00:34:00","guid":{"rendered":"http:\/\/www.www.jetcraft.com\/pt\/empresa\/legal\/"},"modified":"2025-05-22T15:36:37","modified_gmt":"2025-05-22T19:36:37","slug":"juridico","status":"publish","type":"page","link":"https:\/\/www.jetcraft.com\/pt\/empresa\/juridico\/","title":{"rendered":"Condi\u00e7\u00f5es Gerais de Utiliza\u00e7\u00e3o"},"content":{"rendered":"<p>Este site \u00e9 fornecido pela Jetcraft Corporation (doravante a \u201cJetcraft\u201d) e est\u00e1 sujeito \u00e0s seguintes Condi\u00e7\u00f5es Gerais de Utiliza\u00e7\u00e3o (doravante as \u201cCondi\u00e7\u00f5es Gerais de Utiliza\u00e7\u00e3o\u201d ou o \u201cAcordo\u201d). Pedimos-lhe que analise estas Condi\u00e7\u00f5es Gerais de Utiliza\u00e7\u00e3o, as quais constituem um acordo vinculativo que condiciona a sua utiliza\u00e7\u00e3o deste site. Embora possa \u201cmarcar\u201d uma parte em particular deste site, evitando assim este Acordo, a sua utiliza\u00e7\u00e3o deste site continua a vincul\u00e1-lo \u00e0s Condi\u00e7\u00f5es Gerais de Utiliza\u00e7\u00e3o. A Jetcraft reserva-se o direito de actualizar ou modificar estas Condi\u00e7\u00f5es Gerais de Utiliza\u00e7\u00e3o em qualquer altura sem aviso pr\u00e9vio. A sua utiliza\u00e7\u00e3o do site da Jetcraft no seguimento de tal altera\u00e7\u00e3o constitui o seu acordo incondicional em seguir e ficar vinculado \u00e0s Condi\u00e7\u00f5es Gerais de Utiliza\u00e7\u00e3o alteradas. Se n\u00e3o pretender estar vinculado a este Acordo ap\u00f3s ler isto, agradecemos que saia do site. Se permanecer neste site ou voltar depois, concorda em estar vinculado a este Acordo.<\/p>\n<p><strong>Direitos de autor e marcas comerciais<\/strong><br \/>\nTodo o conte\u00fado inclu\u00eddo neste site, tal como o texto, os gr\u00e1ficos, os log\u00f3tipos, os \u00edcones, as imagens e os clipes de \u00e1udio \u00e9 da propriedade da Jetcraft ou dos respectivos fornecedores de conte\u00fados e s\u00e3o protegidos pelas leis de direitos de autor dos Estados Unidos e internacionais. A compila\u00e7\u00e3o de todo o conte\u00fado deste site \u00e9 da exclusiva propriedade da Jetcraft e protegida pelas leis de direitos de autor dos Estados Unidos e internacionais. Todas as marcas registadas utilizadas ou referidas neste site s\u00e3o da propriedade dos respectivos propriet\u00e1rios. Os direitos n\u00e3o concedidos expressamente est\u00e3o reservados no presente Acordo. Jetcraft\u00ae \u00e9 uma marca comercial registada da Jetcraft Corporation.<\/p>\n<p><strong>Licen\u00e7a<\/strong><br \/>\nPor este meio, \u00e9-lhe concedida uma licen\u00e7a n\u00e3o exclusiva de utiliza\u00e7\u00e3o, apenas para fins legais, do material deste site (doravante o \u201cConte\u00fado\u201d) enquanto estiver ligado a este site. \u00c9-lhe igualmente concedida uma licen\u00e7a limitada para imprimir c\u00f3pias de qualquer Conte\u00fado publicado neste site, mas apenas para sua utiliza\u00e7\u00e3o pessoal. Excepto nos casos previstos para an\u00e1lise do material neste site, \u00e9 proibida a reprodu\u00e7\u00e3o electr\u00f3nica, adapta\u00e7\u00e3o, distribui\u00e7\u00e3o, desempenho ou apresenta\u00e7\u00e3o. S\u00e3o proibidas altera\u00e7\u00f5es a, ou elimina\u00e7\u00e3o de, avisos de direitos de autor. \u00c9 estritamente proibida a utiliza\u00e7\u00e3o de qualquer uma das nossas marcas registadas como metatags noutros sites. N\u00e3o pode apresentar este site em fotogramas nem qualquer Conte\u00fado do mesmo atrav\u00e9s de hiperliga\u00e7\u00f5es em linha sem o nosso expresso consentimento por escrito, o qual poder\u00e1 ser solicitado entrando em contacto connosco para o n\u00famero 919-941-8400. Concorda em n\u00e3o utilizar este site para carregar, publicar, enviar e-mail, transmitir ou disponibilizar seja de que forma for qualquer Conte\u00fado que viole qualquer patente, marca registada, segredo comercial, direitos de autor ou outros direitos de propriedade da Jetcraft ou de qualquer outra entidade ou indiv\u00edduo.<\/p>\n<p><strong>Hiperliga\u00e7\u00f5es<\/strong><br \/>\nEmbora seja poss\u00edvel fazer hiperliga\u00e7\u00f5es ou iniciar sess\u00e3o a partir deste site noutros sites, essa liga\u00e7\u00e3o \u00e9 feita por sua conta e risco. Ao fornecer uma hiperliga\u00e7\u00e3o a partir deste site para outros sites, a Jetcraft n\u00e3o subscreve nem assume qualquer responsabilidade pelos conte\u00fados que possam ser publicados ou pelos eventos que possam ocorrer nesses outros sites.<\/p>\n<p><strong>Limita\u00e7\u00e3o da Responsabilidade<\/strong><br \/>\nCompreende e concorda expressamente que a Jetcraft n\u00e3o se responsabilizar\u00e1 por quaisquer perdas ou danos directos, indirectos, incidentais, especiais, consequenciais, exemplares ou punitivos, incluindo, mas n\u00e3o s\u00f3, perdas ou danos por quaisquer perdas de receitas ou lucros baseadas ou relacionadas com a utiliza\u00e7\u00e3o de qualquer conte\u00fado de ou acedido atrav\u00e9s deste site ou qualquer site a ele ligado, ou qualquer c\u00f3pia, apresenta\u00e7\u00e3o, ou utiliza\u00e7\u00e3o das mesmas, ainda que a Jetcraft tenha sido aconselhada ou chamada \u00e0 aten\u00e7\u00e3o para a possibilidade de tais perdas ou danos e independentemente de se a reclama\u00e7\u00e3o se baseia numa viola\u00e7\u00e3o de contrato ou garantia, neglig\u00eancia ou outro dano, responsabilidade objectiva ou outra teoria de responsabilidade.<\/p>\n<p>Determinadas jurisdi\u00e7\u00f5es n\u00e3o permitem a exclus\u00e3o de determinadas garantias nem a limita\u00e7\u00e3o ou exclus\u00e3o de responsabilidade por danos incidentais ou consequenciais. Nesses termos, algumas das limita\u00e7\u00f5es CONTIDAS NO N\u00daMERO ANTERIOR poder\u00e3o n\u00e3o aplicar-se a si.<\/p>\n<p><strong>Exclus\u00e3o de Garantias<\/strong><br \/>\nConcorda expressamente utilizar este site por sua conta e risco. Todos os materiais e servi\u00e7os deste site s\u00e3o fornecidos \u201ctal como est\u00e3o\u201d sem garantias de qualquer tipo. O Conte\u00fado publicado neste site poder\u00e1 incluir inexactid\u00f5es ou erros tipogr\u00e1ficos. A Jetcraft n\u00e3o faz quaisquer declara\u00e7\u00f5es e, no limite do que \u00e9 permitido por lei, renuncia toda a responsabilidade, expressa ou impl\u00edcita, incluindo, mas n\u00e3o s\u00f3, garantias de comercializa\u00e7\u00e3o ou desempenho relativas a fins espec\u00edficos, relativamente \u00e0 adequabilidade das informa\u00e7\u00f5es, a exactid\u00e3o, fiabilidade, integralidade ou prontid\u00e3o do conte\u00fado, texto, gr\u00e1ficos, hiperliga\u00e7\u00f5es ou outros itens inclu\u00eddos neste site, ou os resultados obtidos do acesso e utiliza\u00e7\u00e3o deste site e\/ou o Conte\u00fado do mesmo. A Jetcraft n\u00e3o garante que este site ou quaisquer fun\u00e7\u00f5es DO MESMO sejam ininterruptas ou isentas de erros, que os defeitos sejam corrigidos, ou que este site esteja livre de v\u00edrus ou outras componentes prejudiciais.<\/p>\n<p><strong>Indemniza\u00e7\u00e3o<\/strong><br \/>\nAtrav\u00e9s da sua utiliza\u00e7\u00e3o deste site, no limite do que \u00e9 permitido por lei, concorda indemnizar e n\u00e3o prejudicar a Jetcraft e respectivas subsidi\u00e1rias, filiais, directores, agentes e colaboradores de e contra todas e quaisquer responsabilidades, despesas (incluindo honor\u00e1rios de advogados) e danos de reclama\u00e7\u00f5es resultantes da sua utiliza\u00e7\u00e3o ou m\u00e1 utiliza\u00e7\u00e3o deste site, incluindo, sem limita\u00e7\u00e3o, quaisquer reclama\u00e7\u00f5es que aleguem factos que, a serem verdadeiros, constituir\u00e3o uma viola\u00e7\u00e3o da sua parte a estas Condi\u00e7\u00f5es Gerais de Utiliza\u00e7\u00e3o.<\/p>\n<p><strong>Modifica\u00e7\u00e3o e Rescis\u00e3o<\/strong><br \/>\nConcorda que podemos modificar os termos deste Acordo ou descontinuar este site unilateralmente, sem aviso pr\u00e9vio e que o seu direito de aceder a este site \u00e9 continuamente condicionado \u00e0 sua conformidade com a actual vers\u00e3o destas Condi\u00e7\u00f5es Gerais de Utiliza\u00e7\u00e3o.<\/p>\n<p><strong>Pol\u00edtica de privacidade<\/strong><br \/>\nPara informa\u00e7\u00f5es sobre as pol\u00edticas de protec\u00e7\u00e3o de dados da Jetcraft, leia a nossa pol\u00edtica de privacidade em <a href=\"https:\/\/www.jetcraft.com\/pt\/empresa\/privacidade\/\">www.www.jetcraft.com\/empresa\/privacidade\/<\/a>.<\/p>\n<p><strong>Foro<\/strong><br \/>\nA lei do Estado da Carolina do Norte rege este Acordo e a sua utiliza\u00e7\u00e3o deste site. Ao utilizar este site, concorda que o foro exclusivo para apresenta\u00e7\u00e3o de lit\u00edgios resultantes ou relacionados com este Acordo ou a sua utiliza\u00e7\u00e3o deste site deve ser o tribunal Estatal ou Federal em Raleigh, Carolina do Norte, e concorda em renunciar a qualquer objec\u00e7\u00e3o baseada no f\u00f3rum non conveniens ou qualquer objec\u00e7\u00e3o ao local dessa ac\u00e7\u00e3o. A Jetcraft n\u00e3o faz quaisquer declara\u00e7\u00f5es em como este site (incluindo o conte\u00fado ou servi\u00e7os fornecidos no mesmo ou atrav\u00e9s do mesmo) seja apropriado para ou dispon\u00edvel em localidades fora dos Estados Unidos da Am\u00e9rica; e a utiliza\u00e7\u00e3o deste site a partir de territ\u00f3rios onde seja ilegal faz\u00ea-lo \u00e9 proibida. A utiliza\u00e7\u00e3o fora dos Estados Unidos da Am\u00e9rica \u00e9 feita por sua conta e risco e \u00e9 respons\u00e1vel pela conformidade com as leis locais.<\/p>\n<p><strong>Disposi\u00e7\u00f5es Gerais<\/strong><br \/>\nExcepto disposi\u00e7\u00e3o em contr\u00e1rio, o presente Acordo representa o acordo completo entre si e a Jetcraft relativamente a este site e substitui todas as comunica\u00e7\u00f5es ou acordos actuais ou anteriores entre si e a Jetcraft relativamente a este site. O incumprimento por parte da Jetcraft em agir com respeito a uma viola\u00e7\u00e3o a este Acordo da sua parte ou de outros n\u00e3o constitui uma ren\u00fancia e n\u00e3o deve limitar os direitos da Jetcraft relativamente a tal viola\u00e7\u00e3o ou quaisquer viola\u00e7\u00f5es posteriores. Caso alguma disposi\u00e7\u00e3o destas Condi\u00e7\u00f5es Gerais de Utiliza\u00e7\u00e3o sejam consideradas inv\u00e1lidas ou inaplic\u00e1veis, essa parte dever\u00e1 ser interpretada de forma consistente com a lei aplic\u00e1vel por forma a reflectir, tanto quanto poss\u00edvel, as inten\u00e7\u00f5es originais das partes, e as restantes partes destas Condi\u00e7\u00f5es Gerais de Utiliza\u00e7\u00e3o continuar\u00e3o em pleno vigor.<\/p>\n<p><strong>Especifica\u00e7\u00f5es das Aeronaves<\/strong><br \/>\nAs especifica\u00e7\u00f5es e\/ou descri\u00e7\u00f5es s\u00e3o fornecidas apenas como informa\u00e7\u00e3o introdut\u00f3ria e n\u00e3o constituem representa\u00e7\u00f5es nem garantias. A verifica\u00e7\u00e3o das especifica\u00e7\u00f5es continua a ser da responsabilidade exclusiva do comprador. A aeronave est\u00e1 sujeita a venda pr\u00e9via, aluguer e\/ou remo\u00e7\u00e3o do mercado sem aviso pr\u00e9vio.<\/p>\n<h1>Documentos fiscais<\/h1>\n<p><a href=\"https:\/\/www.jetcraft.com\/wp-content\/uploads\/2025\/05\/TAX-STRATEGY-Jetcraft-Global-UK-FY25-003.pdf\" target=\"_blank\" rel=\"noopener noreferrer\">Clique aqui<\/a> para ver a estrat\u00e9gia fiscal da Jetcraft Global (UK) Limited, a empresa-m\u00e3e do Jetcraft Group.<\/p>\n<p>Copyright \u00a9 2026 Jetcraft Corporation. Todos os direitos reservados.<\/p>\n","protected":false},"excerpt":{"rendered":"<p>Este site \u00e9 fornecido pela Jetcraft Corporation (doravante a \u201cJetcraft\u201d) e est\u00e1 sujeito \u00e0s seguintes Condi\u00e7\u00f5es Gerais de Utiliza\u00e7\u00e3o (doravante as \u201cCondi\u00e7\u00f5es Gerais de Utiliza\u00e7\u00e3o\u201d ou o \u201cAcordo\u201d). Pedimos-lhe que analise estas Condi\u00e7\u00f5es Gerais de Utiliza\u00e7\u00e3o, as quais constituem um acordo vinculativo que condiciona a sua utiliza\u00e7\u00e3o deste site. Embora possa \u201cmarcar\u201d uma parte em&#8230;<\/p>\n","protected":false},"author":1,"featured_media":0,"parent":20916,"menu_order":0,"comment_status":"closed","ping_status":"closed","template":"","meta":{"_acf_changed":false,"inline_featured_image":false,"footnotes":""},"class_list":["post-20929","page","type-page","status-publish","hentry"],"acf":[],"yoast_head":"<!-- This site is optimized with the Yoast SEO plugin v27.1.1 - https:\/\/yoast.com\/product\/yoast-seo-wordpress\/ -->\n<title>Condi\u00e7\u00f5es Gerais de Utiliza\u00e7\u00e3o | Jetcraft<\/title>\n<meta name=\"description\" content=\"Para mais informa\u00e7\u00f5es sobre os direitos de autor e marcas registadas, licen\u00e7as, responsabilidade ou exclus\u00f5es da Jetcraft, consulte as nossas Condi\u00e7\u00f5es Gerais de Utiliza\u00e7\u00e3o.\" \/>\n<meta name=\"robots\" content=\"index, follow, max-snippet:-1, max-image-preview:large, max-video-preview:-1\" \/>\n<link rel=\"canonical\" href=\"https:\/\/www.jetcraft.com\/pt\/empresa\/juridico\/\" \/>\n<meta property=\"og:locale\" content=\"pt_PT\" \/>\n<meta property=\"og:type\" content=\"article\" \/>\n<meta property=\"og:title\" content=\"Condi\u00e7\u00f5es Gerais de Utiliza\u00e7\u00e3o | Jetcraft\" \/>\n<meta property=\"og:description\" content=\"Para mais informa\u00e7\u00f5es sobre os direitos de autor e marcas registadas, licen\u00e7as, responsabilidade ou exclus\u00f5es da Jetcraft, consulte as nossas Condi\u00e7\u00f5es Gerais de Utiliza\u00e7\u00e3o.\" \/>\n<meta property=\"og:url\" content=\"https:\/\/www.jetcraft.com\/pt\/empresa\/juridico\/\" \/>\n<meta property=\"og:site_name\" content=\"Jetcraft\" \/>\n<meta property=\"article:modified_time\" content=\"2025-05-22T19:36:37+00:00\" \/>\n<meta name=\"twitter:card\" content=\"summary_large_image\" \/>\n<meta name=\"twitter:label1\" content=\"Est. reading time\" \/>\n\t<meta name=\"twitter:data1\" content=\"6 minutos\" \/>\n<script type=\"application\/ld+json\" class=\"yoast-schema-graph\">{\"@context\":\"https:\/\/schema.org\",\"@graph\":[{\"@type\":\"WebPage\",\"@id\":\"https:\/\/www.jetcraft.com\/pt\/empresa\/juridico\/\",\"url\":\"https:\/\/www.jetcraft.com\/pt\/empresa\/juridico\/\",\"name\":\"Condi\u00e7\u00f5es Gerais de Utiliza\u00e7\u00e3o | Jetcraft\",\"isPartOf\":{\"@id\":\"https:\/\/www.jetcraft.com\/pt\/#website\"},\"datePublished\":\"2016-02-19T00:34:00+00:00\",\"dateModified\":\"2025-05-22T19:36:37+00:00\",\"description\":\"Para mais informa\u00e7\u00f5es sobre os direitos de autor e marcas registadas, licen\u00e7as, responsabilidade ou exclus\u00f5es da Jetcraft, consulte as nossas Condi\u00e7\u00f5es Gerais de Utiliza\u00e7\u00e3o.\",\"breadcrumb\":{\"@id\":\"https:\/\/www.jetcraft.com\/pt\/empresa\/juridico\/#breadcrumb\"},\"inLanguage\":\"pt-PT\",\"potentialAction\":[{\"@type\":\"ReadAction\",\"target\":[\"https:\/\/www.jetcraft.com\/pt\/empresa\/juridico\/\"]}]},{\"@type\":\"BreadcrumbList\",\"@id\":\"https:\/\/www.jetcraft.com\/pt\/empresa\/juridico\/#breadcrumb\",\"itemListElement\":[{\"@type\":\"ListItem\",\"position\":1,\"name\":\"Empresa\",\"item\":\"https:\/\/www.jetcraft.com\/pt\/empresa\/\"},{\"@type\":\"ListItem\",\"position\":2,\"name\":\"Condi\u00e7\u00f5es Gerais de Utiliza\u00e7\u00e3o\"}]},{\"@type\":\"WebSite\",\"@id\":\"https:\/\/www.jetcraft.com\/pt\/#website\",\"url\":\"https:\/\/www.jetcraft.com\/pt\/\",\"name\":\"Jetcraft\",\"description\":\"The Original Cloud-Based Network\",\"publisher\":{\"@id\":\"https:\/\/www.jetcraft.com\/pt\/#organization\"},\"potentialAction\":[{\"@type\":\"SearchAction\",\"target\":{\"@type\":\"EntryPoint\",\"urlTemplate\":\"https:\/\/www.jetcraft.com\/pt\/?s={search_term_string}\"},\"query-input\":{\"@type\":\"PropertyValueSpecification\",\"valueRequired\":true,\"valueName\":\"search_term_string\"}}],\"inLanguage\":\"pt-PT\"},{\"@type\":\"Organization\",\"@id\":\"https:\/\/www.jetcraft.com\/pt\/#organization\",\"name\":\"Jetcraft\",\"url\":\"https:\/\/www.jetcraft.com\/pt\/\",\"logo\":{\"@type\":\"ImageObject\",\"inLanguage\":\"pt-PT\",\"@id\":\"https:\/\/www.jetcraft.com\/pt\/#\/schema\/logo\/image\/\",\"url\":\"https:\/\/www.jetcraft.com\/wp-content\/uploads\/2026\/02\/jetcraft-2022-logo.png\",\"contentUrl\":\"https:\/\/www.jetcraft.com\/wp-content\/uploads\/2026\/02\/jetcraft-2022-logo.png\",\"width\":514,\"height\":86,\"caption\":\"Jetcraft\"},\"image\":{\"@id\":\"https:\/\/www.jetcraft.com\/pt\/#\/schema\/logo\/image\/\"}}]}<\/script>\n<!-- \/ Yoast SEO plugin. -->","yoast_head_json":{"title":"Condi\u00e7\u00f5es Gerais de Utiliza\u00e7\u00e3o | Jetcraft","description":"Para mais informa\u00e7\u00f5es sobre os direitos de autor e marcas registadas, licen\u00e7as, responsabilidade ou exclus\u00f5es da Jetcraft, consulte as nossas Condi\u00e7\u00f5es Gerais de Utiliza\u00e7\u00e3o.","robots":{"index":"index","follow":"follow","max-snippet":"max-snippet:-1","max-image-preview":"max-image-preview:large","max-video-preview":"max-video-preview:-1"},"canonical":"https:\/\/www.jetcraft.com\/pt\/empresa\/juridico\/","og_locale":"pt_PT","og_type":"article","og_title":"Condi\u00e7\u00f5es Gerais de Utiliza\u00e7\u00e3o | Jetcraft","og_description":"Para mais informa\u00e7\u00f5es sobre os direitos de autor e marcas registadas, licen\u00e7as, responsabilidade ou exclus\u00f5es da Jetcraft, consulte as nossas Condi\u00e7\u00f5es Gerais de Utiliza\u00e7\u00e3o.","og_url":"https:\/\/www.jetcraft.com\/pt\/empresa\/juridico\/","og_site_name":"Jetcraft","article_modified_time":"2025-05-22T19:36:37+00:00","twitter_card":"summary_large_image","twitter_misc":{"Est. reading time":"6 minutos"},"schema":{"@context":"https:\/\/schema.org","@graph":[{"@type":"WebPage","@id":"https:\/\/www.jetcraft.com\/pt\/empresa\/juridico\/","url":"https:\/\/www.jetcraft.com\/pt\/empresa\/juridico\/","name":"Condi\u00e7\u00f5es Gerais de Utiliza\u00e7\u00e3o | Jetcraft","isPartOf":{"@id":"https:\/\/www.jetcraft.com\/pt\/#website"},"datePublished":"2016-02-19T00:34:00+00:00","dateModified":"2025-05-22T19:36:37+00:00","description":"Para mais informa\u00e7\u00f5es sobre os direitos de autor e marcas registadas, licen\u00e7as, responsabilidade ou exclus\u00f5es da Jetcraft, consulte as nossas Condi\u00e7\u00f5es Gerais de Utiliza\u00e7\u00e3o.","breadcrumb":{"@id":"https:\/\/www.jetcraft.com\/pt\/empresa\/juridico\/#breadcrumb"},"inLanguage":"pt-PT","potentialAction":[{"@type":"ReadAction","target":["https:\/\/www.jetcraft.com\/pt\/empresa\/juridico\/"]}]},{"@type":"BreadcrumbList","@id":"https:\/\/www.jetcraft.com\/pt\/empresa\/juridico\/#breadcrumb","itemListElement":[{"@type":"ListItem","position":1,"name":"Empresa","item":"https:\/\/www.jetcraft.com\/pt\/empresa\/"},{"@type":"ListItem","position":2,"name":"Condi\u00e7\u00f5es Gerais de Utiliza\u00e7\u00e3o"}]},{"@type":"WebSite","@id":"https:\/\/www.jetcraft.com\/pt\/#website","url":"https:\/\/www.jetcraft.com\/pt\/","name":"Jetcraft","description":"The Original Cloud-Based Network","publisher":{"@id":"https:\/\/www.jetcraft.com\/pt\/#organization"},"potentialAction":[{"@type":"SearchAction","target":{"@type":"EntryPoint","urlTemplate":"https:\/\/www.jetcraft.com\/pt\/?s={search_term_string}"},"query-input":{"@type":"PropertyValueSpecification","valueRequired":true,"valueName":"search_term_string"}}],"inLanguage":"pt-PT"},{"@type":"Organization","@id":"https:\/\/www.jetcraft.com\/pt\/#organization","name":"Jetcraft","url":"https:\/\/www.jetcraft.com\/pt\/","logo":{"@type":"ImageObject","inLanguage":"pt-PT","@id":"https:\/\/www.jetcraft.com\/pt\/#\/schema\/logo\/image\/","url":"https:\/\/www.jetcraft.com\/wp-content\/uploads\/2026\/02\/jetcraft-2022-logo.png","contentUrl":"https:\/\/www.jetcraft.com\/wp-content\/uploads\/2026\/02\/jetcraft-2022-logo.png","width":514,"height":86,"caption":"Jetcraft"},"image":{"@id":"https:\/\/www.jetcraft.com\/pt\/#\/schema\/logo\/image\/"}}]}},"_links":{"self":[{"href":"https:\/\/www.jetcraft.com\/pt\/wp-json\/wp\/v2\/pages\/20929","targetHints":{"allow":["GET"]}}],"collection":[{"href":"https:\/\/www.jetcraft.com\/pt\/wp-json\/wp\/v2\/pages"}],"about":[{"href":"https:\/\/www.jetcraft.com\/pt\/wp-json\/wp\/v2\/types\/page"}],"author":[{"embeddable":true,"href":"https:\/\/www.jetcraft.com\/pt\/wp-json\/wp\/v2\/users\/1"}],"replies":[{"embeddable":true,"href":"https:\/\/www.jetcraft.com\/pt\/wp-json\/wp\/v2\/comments?post=20929"}],"version-history":[{"count":0,"href":"https:\/\/www.jetcraft.com\/pt\/wp-json\/wp\/v2\/pages\/20929\/revisions"}],"up":[{"embeddable":true,"href":"https:\/\/www.jetcraft.com\/pt\/wp-json\/wp\/v2\/pages\/20916"}],"wp:attachment":[{"href":"https:\/\/www.jetcraft.com\/pt\/wp-json\/wp\/v2\/media?parent=20929"}],"curies":[{"name":"wp","href":"https:\/\/api.w.org\/{rel}","templated":true}]}}