{"id":20945,"date":"2016-02-10T20:38:57","date_gmt":"2016-02-11T00:38:57","guid":{"rendered":"http:\/\/www.www.jetcraft.com\/pt\/knowledge\/app\/"},"modified":"2017-11-09T12:06:49","modified_gmt":"2017-11-09T16:06:49","slug":"aplicacao","status":"publish","type":"page","link":"https:\/\/www.jetcraft.com\/pt\/conhecimentos\/aplicacao\/","title":{"rendered":"Aplica\u00e7\u00e3o Jetcraft"},"content":{"rendered":"","protected":false},"excerpt":{"rendered":"","protected":false},"author":1,"featured_media":0,"parent":20944,"menu_order":0,"comment_status":"closed","ping_status":"closed","template":"template-app.php","meta":{"_acf_changed":false,"inline_featured_image":false,"footnotes":""},"class_list":["post-20945","page","type-page","status-publish","hentry"],"acf":[],"yoast_head":"<!-- This site is optimized with the Yoast SEO plugin v27.1.1 - https:\/\/yoast.com\/product\/yoast-seo-wordpress\/ -->\n<title>A Aplica\u00e7\u00e3o Jetcraft | F\u00e1cil Acesso a Dispositivos M\u00f3veis | Mantenha-se Ligado<\/title>\n<meta name=\"description\" content=\"A aplica\u00e7\u00e3o m\u00f3vel da Jetcraft \u00e9 a forma mais conveniente de verificar o nosso invent\u00e1rio, obter actualiza\u00e7\u00f5es sobre eventos e saber as \u00faltimas not\u00edcias sobre n\u00f3s.\" \/>\n<meta name=\"robots\" content=\"index, follow, max-snippet:-1, max-image-preview:large, max-video-preview:-1\" \/>\n<link rel=\"canonical\" href=\"https:\/\/www.jetcraft.com\/pt\/conhecimentos\/aplicacao\/\" \/>\n<meta property=\"og:locale\" content=\"pt_PT\" \/>\n<meta property=\"og:type\" content=\"article\" \/>\n<meta property=\"og:title\" content=\"A Aplica\u00e7\u00e3o Jetcraft | F\u00e1cil Acesso a Dispositivos M\u00f3veis | Mantenha-se Ligado\" \/>\n<meta property=\"og:description\" content=\"A aplica\u00e7\u00e3o m\u00f3vel da Jetcraft \u00e9 a forma mais conveniente de verificar o nosso invent\u00e1rio, obter actualiza\u00e7\u00f5es sobre eventos e saber as \u00faltimas not\u00edcias sobre n\u00f3s.\" \/>\n<meta property=\"og:url\" content=\"https:\/\/www.jetcraft.com\/pt\/conhecimentos\/aplicacao\/\" \/>\n<meta property=\"og:site_name\" content=\"Jetcraft\" \/>\n<meta property=\"article:modified_time\" content=\"2017-11-09T16:06:49+00:00\" \/>\n<meta name=\"twitter:card\" content=\"summary_large_image\" \/>\n<script type=\"application\/ld+json\" class=\"yoast-schema-graph\">{\"@context\":\"https:\/\/schema.org\",\"@graph\":[{\"@type\":\"WebPage\",\"@id\":\"https:\/\/www.jetcraft.com\/pt\/conhecimentos\/aplicacao\/\",\"url\":\"https:\/\/www.jetcraft.com\/pt\/conhecimentos\/aplicacao\/\",\"name\":\"A Aplica\u00e7\u00e3o Jetcraft | F\u00e1cil Acesso a Dispositivos M\u00f3veis | Mantenha-se Ligado\",\"isPartOf\":{\"@id\":\"https:\/\/www.jetcraft.com\/pt\/#website\"},\"datePublished\":\"2016-02-11T00:38:57+00:00\",\"dateModified\":\"2017-11-09T16:06:49+00:00\",\"description\":\"A aplica\u00e7\u00e3o m\u00f3vel da Jetcraft \u00e9 a forma mais conveniente de verificar o nosso invent\u00e1rio, obter actualiza\u00e7\u00f5es sobre eventos e saber as \u00faltimas not\u00edcias sobre n\u00f3s.\",\"breadcrumb\":{\"@id\":\"https:\/\/www.jetcraft.com\/pt\/conhecimentos\/aplicacao\/#breadcrumb\"},\"inLanguage\":\"pt-PT\",\"potentialAction\":[{\"@type\":\"ReadAction\",\"target\":[\"https:\/\/www.jetcraft.com\/pt\/conhecimentos\/aplicacao\/\"]}]},{\"@type\":\"BreadcrumbList\",\"@id\":\"https:\/\/www.jetcraft.com\/pt\/conhecimentos\/aplicacao\/#breadcrumb\",\"itemListElement\":[{\"@type\":\"ListItem\",\"position\":1,\"name\":\"Conhecimentos\",\"item\":\"https:\/\/www.jetcraft.com\/pt\/conhecimentos\/\"},{\"@type\":\"ListItem\",\"position\":2,\"name\":\"Aplica\u00e7\u00e3o Jetcraft\"}]},{\"@type\":\"WebSite\",\"@id\":\"https:\/\/www.jetcraft.com\/pt\/#website\",\"url\":\"https:\/\/www.jetcraft.com\/pt\/\",\"name\":\"Jetcraft\",\"description\":\"The Original Cloud-Based Network\",\"publisher\":{\"@id\":\"https:\/\/www.jetcraft.com\/pt\/#organization\"},\"potentialAction\":[{\"@type\":\"SearchAction\",\"target\":{\"@type\":\"EntryPoint\",\"urlTemplate\":\"https:\/\/www.jetcraft.com\/pt\/?s={search_term_string}\"},\"query-input\":{\"@type\":\"PropertyValueSpecification\",\"valueRequired\":true,\"valueName\":\"search_term_string\"}}],\"inLanguage\":\"pt-PT\"},{\"@type\":\"Organization\",\"@id\":\"https:\/\/www.jetcraft.com\/pt\/#organization\",\"name\":\"Jetcraft\",\"url\":\"https:\/\/www.jetcraft.com\/pt\/\",\"logo\":{\"@type\":\"ImageObject\",\"inLanguage\":\"pt-PT\",\"@id\":\"https:\/\/www.jetcraft.com\/pt\/#\/schema\/logo\/image\/\",\"url\":\"https:\/\/www.jetcraft.com\/wp-content\/uploads\/2026\/02\/jetcraft-2022-logo.png\",\"contentUrl\":\"https:\/\/www.jetcraft.com\/wp-content\/uploads\/2026\/02\/jetcraft-2022-logo.png\",\"width\":514,\"height\":86,\"caption\":\"Jetcraft\"},\"image\":{\"@id\":\"https:\/\/www.jetcraft.com\/pt\/#\/schema\/logo\/image\/\"}}]}<\/script>\n<!-- \/ Yoast SEO plugin. -->","yoast_head_json":{"title":"A Aplica\u00e7\u00e3o Jetcraft | F\u00e1cil Acesso a Dispositivos M\u00f3veis | Mantenha-se Ligado","description":"A aplica\u00e7\u00e3o m\u00f3vel da Jetcraft \u00e9 a forma mais conveniente de verificar o nosso invent\u00e1rio, obter actualiza\u00e7\u00f5es sobre eventos e saber as \u00faltimas not\u00edcias sobre n\u00f3s.","robots":{"index":"index","follow":"follow","max-snippet":"max-snippet:-1","max-image-preview":"max-image-preview:large","max-video-preview":"max-video-preview:-1"},"canonical":"https:\/\/www.jetcraft.com\/pt\/conhecimentos\/aplicacao\/","og_locale":"pt_PT","og_type":"article","og_title":"A Aplica\u00e7\u00e3o Jetcraft | F\u00e1cil Acesso a Dispositivos M\u00f3veis | Mantenha-se Ligado","og_description":"A aplica\u00e7\u00e3o m\u00f3vel da Jetcraft \u00e9 a forma mais conveniente de verificar o nosso invent\u00e1rio, obter actualiza\u00e7\u00f5es sobre eventos e saber as \u00faltimas not\u00edcias sobre n\u00f3s.","og_url":"https:\/\/www.jetcraft.com\/pt\/conhecimentos\/aplicacao\/","og_site_name":"Jetcraft","article_modified_time":"2017-11-09T16:06:49+00:00","twitter_card":"summary_large_image","schema":{"@context":"https:\/\/schema.org","@graph":[{"@type":"WebPage","@id":"https:\/\/www.jetcraft.com\/pt\/conhecimentos\/aplicacao\/","url":"https:\/\/www.jetcraft.com\/pt\/conhecimentos\/aplicacao\/","name":"A Aplica\u00e7\u00e3o Jetcraft | F\u00e1cil Acesso a Dispositivos M\u00f3veis | Mantenha-se Ligado","isPartOf":{"@id":"https:\/\/www.jetcraft.com\/pt\/#website"},"datePublished":"2016-02-11T00:38:57+00:00","dateModified":"2017-11-09T16:06:49+00:00","description":"A aplica\u00e7\u00e3o m\u00f3vel da Jetcraft \u00e9 a forma mais conveniente de verificar o nosso invent\u00e1rio, obter actualiza\u00e7\u00f5es sobre eventos e saber as \u00faltimas not\u00edcias sobre n\u00f3s.","breadcrumb":{"@id":"https:\/\/www.jetcraft.com\/pt\/conhecimentos\/aplicacao\/#breadcrumb"},"inLanguage":"pt-PT","potentialAction":[{"@type":"ReadAction","target":["https:\/\/www.jetcraft.com\/pt\/conhecimentos\/aplicacao\/"]}]},{"@type":"BreadcrumbList","@id":"https:\/\/www.jetcraft.com\/pt\/conhecimentos\/aplicacao\/#breadcrumb","itemListElement":[{"@type":"ListItem","position":1,"name":"Conhecimentos","item":"https:\/\/www.jetcraft.com\/pt\/conhecimentos\/"},{"@type":"ListItem","position":2,"name":"Aplica\u00e7\u00e3o Jetcraft"}]},{"@type":"WebSite","@id":"https:\/\/www.jetcraft.com\/pt\/#website","url":"https:\/\/www.jetcraft.com\/pt\/","name":"Jetcraft","description":"The Original Cloud-Based Network","publisher":{"@id":"https:\/\/www.jetcraft.com\/pt\/#organization"},"potentialAction":[{"@type":"SearchAction","target":{"@type":"EntryPoint","urlTemplate":"https:\/\/www.jetcraft.com\/pt\/?s={search_term_string}"},"query-input":{"@type":"PropertyValueSpecification","valueRequired":true,"valueName":"search_term_string"}}],"inLanguage":"pt-PT"},{"@type":"Organization","@id":"https:\/\/www.jetcraft.com\/pt\/#organization","name":"Jetcraft","url":"https:\/\/www.jetcraft.com\/pt\/","logo":{"@type":"ImageObject","inLanguage":"pt-PT","@id":"https:\/\/www.jetcraft.com\/pt\/#\/schema\/logo\/image\/","url":"https:\/\/www.jetcraft.com\/wp-content\/uploads\/2026\/02\/jetcraft-2022-logo.png","contentUrl":"https:\/\/www.jetcraft.com\/wp-content\/uploads\/2026\/02\/jetcraft-2022-logo.png","width":514,"height":86,"caption":"Jetcraft"},"image":{"@id":"https:\/\/www.jetcraft.com\/pt\/#\/schema\/logo\/image\/"}}]}},"_links":{"self":[{"href":"https:\/\/www.jetcraft.com\/pt\/wp-json\/wp\/v2\/pages\/20945","targetHints":{"allow":["GET"]}}],"collection":[{"href":"https:\/\/www.jetcraft.com\/pt\/wp-json\/wp\/v2\/pages"}],"about":[{"href":"https:\/\/www.jetcraft.com\/pt\/wp-json\/wp\/v2\/types\/page"}],"author":[{"embeddable":true,"href":"https:\/\/www.jetcraft.com\/pt\/wp-json\/wp\/v2\/users\/1"}],"replies":[{"embeddable":true,"href":"https:\/\/www.jetcraft.com\/pt\/wp-json\/wp\/v2\/comments?post=20945"}],"version-history":[{"count":0,"href":"https:\/\/www.jetcraft.com\/pt\/wp-json\/wp\/v2\/pages\/20945\/revisions"}],"up":[{"embeddable":true,"href":"https:\/\/www.jetcraft.com\/pt\/wp-json\/wp\/v2\/pages\/20944"}],"wp:attachment":[{"href":"https:\/\/www.jetcraft.com\/pt\/wp-json\/wp\/v2\/media?parent=20945"}],"curies":[{"name":"wp","href":"https:\/\/api.w.org\/{rel}","templated":true}]}}