{"id":60229,"date":"2021-10-20T13:14:43","date_gmt":"2021-10-20T17:14:43","guid":{"rendered":"https:\/\/www.www.jetcraft.com\/?page_id=60229"},"modified":"2026-01-22T16:17:38","modified_gmt":"2026-01-22T20:17:38","slug":"aeronaves-comerciais","status":"publish","type":"page","link":"https:\/\/www.jetcraft.com\/pt\/inventario\/aeronaves-comerciais\/","title":{"rendered":"Aeronaves Comerciais"},"content":{"rendered":"<p>A Jetcraft Commercial \u00e9 a divis\u00e3o comercial de aeronaves da Jetcraft que oferece aos clientes os mesmos padr\u00f5es pelos quais somos famosos nas \u00e1reas da compra, venda, aluguer e marketing na ind\u00fastria aeron\u00e1utica. Com uma rede incompar\u00e1vel, uma equipa de vendas e executivos de marketing em cada mercado importante do mundo, a Jetcraft \u00e9 uma parceira \u00e1gil e dedicada na comunidade da venda e aluguer comerciais de aeronaves e est\u00e1 capacitada para oferecer o valor, a escolha e a flexibilidade exigidas pelas melhores empresas a n\u00edvel mundial.<\/p>\n","protected":false},"excerpt":{"rendered":"<p>A Jetcraft Commercial \u00e9 a divis\u00e3o comercial de aeronaves da Jetcraft que oferece aos clientes os mesmos padr\u00f5es pelos quais somos famosos nas \u00e1reas da compra, venda, aluguer e marketing na ind\u00fastria aeron\u00e1utica. Com uma rede incompar\u00e1vel, uma equipa de vendas e executivos de marketing em cada mercado importante do mundo, a Jetcraft \u00e9 uma&#8230;<\/p>\n","protected":false},"author":1,"featured_media":0,"parent":20936,"menu_order":0,"comment_status":"closed","ping_status":"closed","template":"template-inventory-commercial-copy.php","meta":{"_acf_changed":false,"inline_featured_image":false,"footnotes":""},"class_list":["post-60229","page","type-page","status-publish","hentry"],"acf":[],"yoast_head":"<!-- This site is optimized with the Yoast SEO plugin v27.1.1 - https:\/\/yoast.com\/product\/yoast-seo-wordpress\/ -->\n<title>Vendas, Leasing e Comercializa\u00e7\u00e3o de Aeronaves Comerciais | Jetcraft<\/title>\n<meta name=\"description\" content=\"Procura uma aeronave comercial? A equipa comercial dedicada da Jetcraft oferece servi\u00e7os \u00fanicos para a compra, venda, leasing ou comercializa\u00e7\u00e3o de um avi\u00e3o.\" \/>\n<meta name=\"robots\" content=\"index, follow, max-snippet:-1, max-image-preview:large, max-video-preview:-1\" \/>\n<link rel=\"canonical\" href=\"https:\/\/www.jetcraft.com\/pt\/inventario\/aeronaves-comerciais\/\" \/>\n<meta property=\"og:locale\" content=\"pt_PT\" \/>\n<meta property=\"og:type\" content=\"article\" \/>\n<meta property=\"og:title\" content=\"Vendas, Leasing e Comercializa\u00e7\u00e3o de Aeronaves Comerciais | Jetcraft\" \/>\n<meta property=\"og:description\" content=\"Procura uma aeronave comercial? A equipa comercial dedicada da Jetcraft oferece servi\u00e7os \u00fanicos para a compra, venda, leasing ou comercializa\u00e7\u00e3o de um avi\u00e3o.\" \/>\n<meta property=\"og:url\" content=\"https:\/\/www.jetcraft.com\/pt\/inventario\/aeronaves-comerciais\/\" \/>\n<meta property=\"og:site_name\" content=\"Jetcraft\" \/>\n<meta property=\"article:modified_time\" content=\"2026-01-22T20:17:38+00:00\" \/>\n<meta name=\"twitter:card\" content=\"summary_large_image\" \/>\n<meta name=\"twitter:label1\" content=\"Est. reading time\" \/>\n\t<meta name=\"twitter:data1\" content=\"1 minuto\" \/>\n<script type=\"application\/ld+json\" class=\"yoast-schema-graph\">{\"@context\":\"https:\/\/schema.org\",\"@graph\":[{\"@type\":\"WebPage\",\"@id\":\"https:\/\/www.jetcraft.com\/pt\/inventario\/aeronaves-comerciais\/\",\"url\":\"https:\/\/www.jetcraft.com\/pt\/inventario\/aeronaves-comerciais\/\",\"name\":\"Vendas, Leasing e Comercializa\u00e7\u00e3o de Aeronaves Comerciais | Jetcraft\",\"isPartOf\":{\"@id\":\"https:\/\/www.jetcraft.com\/pt\/#website\"},\"datePublished\":\"2021-10-20T17:14:43+00:00\",\"dateModified\":\"2026-01-22T20:17:38+00:00\",\"description\":\"Procura uma aeronave comercial? A equipa comercial dedicada da Jetcraft oferece servi\u00e7os \u00fanicos para a compra, venda, leasing ou comercializa\u00e7\u00e3o de um avi\u00e3o.\",\"breadcrumb\":{\"@id\":\"https:\/\/www.jetcraft.com\/pt\/inventario\/aeronaves-comerciais\/#breadcrumb\"},\"inLanguage\":\"pt-PT\",\"potentialAction\":[{\"@type\":\"ReadAction\",\"target\":[\"https:\/\/www.jetcraft.com\/pt\/inventario\/aeronaves-comerciais\/\"]}]},{\"@type\":\"BreadcrumbList\",\"@id\":\"https:\/\/www.jetcraft.com\/pt\/inventario\/aeronaves-comerciais\/#breadcrumb\",\"itemListElement\":[{\"@type\":\"ListItem\",\"position\":1,\"name\":\"Invent\u00e1rio\",\"item\":\"https:\/\/www.jetcraft.com\/pt\/inventario\/\"},{\"@type\":\"ListItem\",\"position\":2,\"name\":\"Aeronaves Comerciais\"}]},{\"@type\":\"WebSite\",\"@id\":\"https:\/\/www.jetcraft.com\/pt\/#website\",\"url\":\"https:\/\/www.jetcraft.com\/pt\/\",\"name\":\"Jetcraft\",\"description\":\"The Original Cloud-Based Network\",\"publisher\":{\"@id\":\"https:\/\/www.jetcraft.com\/pt\/#organization\"},\"potentialAction\":[{\"@type\":\"SearchAction\",\"target\":{\"@type\":\"EntryPoint\",\"urlTemplate\":\"https:\/\/www.jetcraft.com\/pt\/?s={search_term_string}\"},\"query-input\":{\"@type\":\"PropertyValueSpecification\",\"valueRequired\":true,\"valueName\":\"search_term_string\"}}],\"inLanguage\":\"pt-PT\"},{\"@type\":\"Organization\",\"@id\":\"https:\/\/www.jetcraft.com\/pt\/#organization\",\"name\":\"Jetcraft\",\"url\":\"https:\/\/www.jetcraft.com\/pt\/\",\"logo\":{\"@type\":\"ImageObject\",\"inLanguage\":\"pt-PT\",\"@id\":\"https:\/\/www.jetcraft.com\/pt\/#\/schema\/logo\/image\/\",\"url\":\"https:\/\/www.jetcraft.com\/wp-content\/uploads\/2026\/02\/jetcraft-2022-logo.png\",\"contentUrl\":\"https:\/\/www.jetcraft.com\/wp-content\/uploads\/2026\/02\/jetcraft-2022-logo.png\",\"width\":514,\"height\":86,\"caption\":\"Jetcraft\"},\"image\":{\"@id\":\"https:\/\/www.jetcraft.com\/pt\/#\/schema\/logo\/image\/\"}}]}<\/script>\n<!-- \/ Yoast SEO plugin. -->","yoast_head_json":{"title":"Vendas, Leasing e Comercializa\u00e7\u00e3o de Aeronaves Comerciais | Jetcraft","description":"Procura uma aeronave comercial? A equipa comercial dedicada da Jetcraft oferece servi\u00e7os \u00fanicos para a compra, venda, leasing ou comercializa\u00e7\u00e3o de um avi\u00e3o.","robots":{"index":"index","follow":"follow","max-snippet":"max-snippet:-1","max-image-preview":"max-image-preview:large","max-video-preview":"max-video-preview:-1"},"canonical":"https:\/\/www.jetcraft.com\/pt\/inventario\/aeronaves-comerciais\/","og_locale":"pt_PT","og_type":"article","og_title":"Vendas, Leasing e Comercializa\u00e7\u00e3o de Aeronaves Comerciais | Jetcraft","og_description":"Procura uma aeronave comercial? A equipa comercial dedicada da Jetcraft oferece servi\u00e7os \u00fanicos para a compra, venda, leasing ou comercializa\u00e7\u00e3o de um avi\u00e3o.","og_url":"https:\/\/www.jetcraft.com\/pt\/inventario\/aeronaves-comerciais\/","og_site_name":"Jetcraft","article_modified_time":"2026-01-22T20:17:38+00:00","twitter_card":"summary_large_image","twitter_misc":{"Est. reading time":"1 minuto"},"schema":{"@context":"https:\/\/schema.org","@graph":[{"@type":"WebPage","@id":"https:\/\/www.jetcraft.com\/pt\/inventario\/aeronaves-comerciais\/","url":"https:\/\/www.jetcraft.com\/pt\/inventario\/aeronaves-comerciais\/","name":"Vendas, Leasing e Comercializa\u00e7\u00e3o de Aeronaves Comerciais | Jetcraft","isPartOf":{"@id":"https:\/\/www.jetcraft.com\/pt\/#website"},"datePublished":"2021-10-20T17:14:43+00:00","dateModified":"2026-01-22T20:17:38+00:00","description":"Procura uma aeronave comercial? A equipa comercial dedicada da Jetcraft oferece servi\u00e7os \u00fanicos para a compra, venda, leasing ou comercializa\u00e7\u00e3o de um avi\u00e3o.","breadcrumb":{"@id":"https:\/\/www.jetcraft.com\/pt\/inventario\/aeronaves-comerciais\/#breadcrumb"},"inLanguage":"pt-PT","potentialAction":[{"@type":"ReadAction","target":["https:\/\/www.jetcraft.com\/pt\/inventario\/aeronaves-comerciais\/"]}]},{"@type":"BreadcrumbList","@id":"https:\/\/www.jetcraft.com\/pt\/inventario\/aeronaves-comerciais\/#breadcrumb","itemListElement":[{"@type":"ListItem","position":1,"name":"Invent\u00e1rio","item":"https:\/\/www.jetcraft.com\/pt\/inventario\/"},{"@type":"ListItem","position":2,"name":"Aeronaves Comerciais"}]},{"@type":"WebSite","@id":"https:\/\/www.jetcraft.com\/pt\/#website","url":"https:\/\/www.jetcraft.com\/pt\/","name":"Jetcraft","description":"The Original Cloud-Based Network","publisher":{"@id":"https:\/\/www.jetcraft.com\/pt\/#organization"},"potentialAction":[{"@type":"SearchAction","target":{"@type":"EntryPoint","urlTemplate":"https:\/\/www.jetcraft.com\/pt\/?s={search_term_string}"},"query-input":{"@type":"PropertyValueSpecification","valueRequired":true,"valueName":"search_term_string"}}],"inLanguage":"pt-PT"},{"@type":"Organization","@id":"https:\/\/www.jetcraft.com\/pt\/#organization","name":"Jetcraft","url":"https:\/\/www.jetcraft.com\/pt\/","logo":{"@type":"ImageObject","inLanguage":"pt-PT","@id":"https:\/\/www.jetcraft.com\/pt\/#\/schema\/logo\/image\/","url":"https:\/\/www.jetcraft.com\/wp-content\/uploads\/2026\/02\/jetcraft-2022-logo.png","contentUrl":"https:\/\/www.jetcraft.com\/wp-content\/uploads\/2026\/02\/jetcraft-2022-logo.png","width":514,"height":86,"caption":"Jetcraft"},"image":{"@id":"https:\/\/www.jetcraft.com\/pt\/#\/schema\/logo\/image\/"}}]}},"_links":{"self":[{"href":"https:\/\/www.jetcraft.com\/pt\/wp-json\/wp\/v2\/pages\/60229","targetHints":{"allow":["GET"]}}],"collection":[{"href":"https:\/\/www.jetcraft.com\/pt\/wp-json\/wp\/v2\/pages"}],"about":[{"href":"https:\/\/www.jetcraft.com\/pt\/wp-json\/wp\/v2\/types\/page"}],"author":[{"embeddable":true,"href":"https:\/\/www.jetcraft.com\/pt\/wp-json\/wp\/v2\/users\/1"}],"replies":[{"embeddable":true,"href":"https:\/\/www.jetcraft.com\/pt\/wp-json\/wp\/v2\/comments?post=60229"}],"version-history":[{"count":0,"href":"https:\/\/www.jetcraft.com\/pt\/wp-json\/wp\/v2\/pages\/60229\/revisions"}],"up":[{"embeddable":true,"href":"https:\/\/www.jetcraft.com\/pt\/wp-json\/wp\/v2\/pages\/20936"}],"wp:attachment":[{"href":"https:\/\/www.jetcraft.com\/pt\/wp-json\/wp\/v2\/media?parent=60229"}],"curies":[{"name":"wp","href":"https:\/\/api.w.org\/{rel}","templated":true}]}}