{"id":97954,"date":"2024-05-22T17:24:20","date_gmt":"2024-05-22T21:24:20","guid":{"rendered":"https:\/\/www.jetcraft.com\/?page_id=97954"},"modified":"2024-05-29T15:43:01","modified_gmt":"2024-05-29T19:43:01","slug":"pagina-de-destino-previsao","status":"publish","type":"page","link":"https:\/\/www.jetcraft.com\/pt\/pagina-de-destino-previsao\/","title":{"rendered":"P\u00e1gina de destino Previs\u00e3o 2024"},"content":{"rendered":"","protected":false},"excerpt":{"rendered":"","protected":false},"author":1,"featured_media":0,"parent":0,"menu_order":0,"comment_status":"closed","ping_status":"closed","template":"page-forecast-landing-2023-pardot.php","meta":{"_acf_changed":false,"inline_featured_image":false,"footnotes":""},"class_list":["post-97954","page","type-page","status-publish","hentry"],"acf":[],"yoast_head":"<!-- This site is optimized with the Yoast SEO plugin v27.1.1 - https:\/\/yoast.com\/product\/yoast-seo-wordpress\/ -->\n<title>P\u00e1gina de destino Previs\u00e3o 2024 | Jetcraft<\/title>\n<meta name=\"description\" content=\"Agora dispon\u00edvel, a nossa avalia\u00e7\u00e3o anual do mercado de jatos executivos usados oferece uma an\u00e1lise completa do n\u00famero de transa\u00e7\u00f5es nos pr\u00f3ximos cinco anos e do valor associado, bem como dos comportamentos do comprador que ter\u00e3o impacto.\" \/>\n<meta name=\"robots\" content=\"index, follow, max-snippet:-1, max-image-preview:large, max-video-preview:-1\" \/>\n<link rel=\"canonical\" href=\"https:\/\/www.jetcraft.com\/pt\/pagina-de-destino-previsao\/\" \/>\n<meta property=\"og:locale\" content=\"pt_PT\" \/>\n<meta property=\"og:type\" content=\"article\" \/>\n<meta property=\"og:title\" content=\"P\u00e1gina de destino Previs\u00e3o 2024 | Jetcraft\" \/>\n<meta property=\"og:description\" content=\"Agora dispon\u00edvel, a nossa avalia\u00e7\u00e3o anual do mercado de jatos executivos usados oferece uma an\u00e1lise completa do n\u00famero de transa\u00e7\u00f5es nos pr\u00f3ximos cinco anos e do valor associado, bem como dos comportamentos do comprador que ter\u00e3o impacto.\" \/>\n<meta property=\"og:url\" content=\"https:\/\/www.jetcraft.com\/pt\/pagina-de-destino-previsao\/\" \/>\n<meta property=\"og:site_name\" content=\"Jetcraft\" \/>\n<meta property=\"article:modified_time\" content=\"2024-05-29T19:43:01+00:00\" \/>\n<meta name=\"twitter:card\" content=\"summary_large_image\" \/>\n<script type=\"application\/ld+json\" class=\"yoast-schema-graph\">{\"@context\":\"https:\/\/schema.org\",\"@graph\":[{\"@type\":\"WebPage\",\"@id\":\"https:\/\/www.jetcraft.com\/pt\/pagina-de-destino-previsao\/\",\"url\":\"https:\/\/www.jetcraft.com\/pt\/pagina-de-destino-previsao\/\",\"name\":\"P\u00e1gina de destino Previs\u00e3o 2024 | Jetcraft\",\"isPartOf\":{\"@id\":\"https:\/\/www.jetcraft.com\/pt\/#website\"},\"datePublished\":\"2024-05-22T21:24:20+00:00\",\"dateModified\":\"2024-05-29T19:43:01+00:00\",\"description\":\"Agora dispon\u00edvel, a nossa avalia\u00e7\u00e3o anual do mercado de jatos executivos usados oferece uma an\u00e1lise completa do n\u00famero de transa\u00e7\u00f5es nos pr\u00f3ximos cinco anos e do valor associado, bem como dos comportamentos do comprador que ter\u00e3o impacto.\",\"inLanguage\":\"pt-PT\",\"potentialAction\":[{\"@type\":\"ReadAction\",\"target\":[\"https:\/\/www.jetcraft.com\/pt\/pagina-de-destino-previsao\/\"]}]},{\"@type\":\"WebSite\",\"@id\":\"https:\/\/www.jetcraft.com\/pt\/#website\",\"url\":\"https:\/\/www.jetcraft.com\/pt\/\",\"name\":\"Jetcraft\",\"description\":\"The Original Cloud-Based Network\",\"publisher\":{\"@id\":\"https:\/\/www.jetcraft.com\/pt\/#organization\"},\"potentialAction\":[{\"@type\":\"SearchAction\",\"target\":{\"@type\":\"EntryPoint\",\"urlTemplate\":\"https:\/\/www.jetcraft.com\/pt\/?s={search_term_string}\"},\"query-input\":{\"@type\":\"PropertyValueSpecification\",\"valueRequired\":true,\"valueName\":\"search_term_string\"}}],\"inLanguage\":\"pt-PT\"},{\"@type\":\"Organization\",\"@id\":\"https:\/\/www.jetcraft.com\/pt\/#organization\",\"name\":\"Jetcraft\",\"url\":\"https:\/\/www.jetcraft.com\/pt\/\",\"logo\":{\"@type\":\"ImageObject\",\"inLanguage\":\"pt-PT\",\"@id\":\"https:\/\/www.jetcraft.com\/pt\/#\/schema\/logo\/image\/\",\"url\":\"https:\/\/www.jetcraft.com\/wp-content\/uploads\/2026\/02\/jetcraft-2022-logo.png\",\"contentUrl\":\"https:\/\/www.jetcraft.com\/wp-content\/uploads\/2026\/02\/jetcraft-2022-logo.png\",\"width\":514,\"height\":86,\"caption\":\"Jetcraft\"},\"image\":{\"@id\":\"https:\/\/www.jetcraft.com\/pt\/#\/schema\/logo\/image\/\"}}]}<\/script>\n<!-- \/ Yoast SEO plugin. -->","yoast_head_json":{"title":"P\u00e1gina de destino Previs\u00e3o 2024 | Jetcraft","description":"Agora dispon\u00edvel, a nossa avalia\u00e7\u00e3o anual do mercado de jatos executivos usados oferece uma an\u00e1lise completa do n\u00famero de transa\u00e7\u00f5es nos pr\u00f3ximos cinco anos e do valor associado, bem como dos comportamentos do comprador que ter\u00e3o impacto.","robots":{"index":"index","follow":"follow","max-snippet":"max-snippet:-1","max-image-preview":"max-image-preview:large","max-video-preview":"max-video-preview:-1"},"canonical":"https:\/\/www.jetcraft.com\/pt\/pagina-de-destino-previsao\/","og_locale":"pt_PT","og_type":"article","og_title":"P\u00e1gina de destino Previs\u00e3o 2024 | Jetcraft","og_description":"Agora dispon\u00edvel, a nossa avalia\u00e7\u00e3o anual do mercado de jatos executivos usados oferece uma an\u00e1lise completa do n\u00famero de transa\u00e7\u00f5es nos pr\u00f3ximos cinco anos e do valor associado, bem como dos comportamentos do comprador que ter\u00e3o impacto.","og_url":"https:\/\/www.jetcraft.com\/pt\/pagina-de-destino-previsao\/","og_site_name":"Jetcraft","article_modified_time":"2024-05-29T19:43:01+00:00","twitter_card":"summary_large_image","schema":{"@context":"https:\/\/schema.org","@graph":[{"@type":"WebPage","@id":"https:\/\/www.jetcraft.com\/pt\/pagina-de-destino-previsao\/","url":"https:\/\/www.jetcraft.com\/pt\/pagina-de-destino-previsao\/","name":"P\u00e1gina de destino Previs\u00e3o 2024 | Jetcraft","isPartOf":{"@id":"https:\/\/www.jetcraft.com\/pt\/#website"},"datePublished":"2024-05-22T21:24:20+00:00","dateModified":"2024-05-29T19:43:01+00:00","description":"Agora dispon\u00edvel, a nossa avalia\u00e7\u00e3o anual do mercado de jatos executivos usados oferece uma an\u00e1lise completa do n\u00famero de transa\u00e7\u00f5es nos pr\u00f3ximos cinco anos e do valor associado, bem como dos comportamentos do comprador que ter\u00e3o impacto.","inLanguage":"pt-PT","potentialAction":[{"@type":"ReadAction","target":["https:\/\/www.jetcraft.com\/pt\/pagina-de-destino-previsao\/"]}]},{"@type":"WebSite","@id":"https:\/\/www.jetcraft.com\/pt\/#website","url":"https:\/\/www.jetcraft.com\/pt\/","name":"Jetcraft","description":"The Original Cloud-Based Network","publisher":{"@id":"https:\/\/www.jetcraft.com\/pt\/#organization"},"potentialAction":[{"@type":"SearchAction","target":{"@type":"EntryPoint","urlTemplate":"https:\/\/www.jetcraft.com\/pt\/?s={search_term_string}"},"query-input":{"@type":"PropertyValueSpecification","valueRequired":true,"valueName":"search_term_string"}}],"inLanguage":"pt-PT"},{"@type":"Organization","@id":"https:\/\/www.jetcraft.com\/pt\/#organization","name":"Jetcraft","url":"https:\/\/www.jetcraft.com\/pt\/","logo":{"@type":"ImageObject","inLanguage":"pt-PT","@id":"https:\/\/www.jetcraft.com\/pt\/#\/schema\/logo\/image\/","url":"https:\/\/www.jetcraft.com\/wp-content\/uploads\/2026\/02\/jetcraft-2022-logo.png","contentUrl":"https:\/\/www.jetcraft.com\/wp-content\/uploads\/2026\/02\/jetcraft-2022-logo.png","width":514,"height":86,"caption":"Jetcraft"},"image":{"@id":"https:\/\/www.jetcraft.com\/pt\/#\/schema\/logo\/image\/"}}]}},"_links":{"self":[{"href":"https:\/\/www.jetcraft.com\/pt\/wp-json\/wp\/v2\/pages\/97954","targetHints":{"allow":["GET"]}}],"collection":[{"href":"https:\/\/www.jetcraft.com\/pt\/wp-json\/wp\/v2\/pages"}],"about":[{"href":"https:\/\/www.jetcraft.com\/pt\/wp-json\/wp\/v2\/types\/page"}],"author":[{"embeddable":true,"href":"https:\/\/www.jetcraft.com\/pt\/wp-json\/wp\/v2\/users\/1"}],"replies":[{"embeddable":true,"href":"https:\/\/www.jetcraft.com\/pt\/wp-json\/wp\/v2\/comments?post=97954"}],"version-history":[{"count":0,"href":"https:\/\/www.jetcraft.com\/pt\/wp-json\/wp\/v2\/pages\/97954\/revisions"}],"wp:attachment":[{"href":"https:\/\/www.jetcraft.com\/pt\/wp-json\/wp\/v2\/media?parent=97954"}],"curies":[{"name":"wp","href":"https:\/\/api.w.org\/{rel}","templated":true}]}}